{"id":34229,"date":"2018-12-23T11:03:06","date_gmt":"2018-12-23T10:03:06","guid":{"rendered":"http:\/\/provence-online.fr\/product\/cade-wacholder-pulver\/"},"modified":"2026-04-06T12:27:14","modified_gmt":"2026-04-06T10:27:14","slug":"cade-wacholder-pulver","status":"publish","type":"product","link":"http:\/\/provence-online.fr\/de\/product\/cade-wacholder-pulver\/","title":{"rendered":"Cade Wacholder-Pulver"},"content":{"rendered":"<p><strong>Cade Wacholder-Pulver f\u00fcr R\u00e4ucherlampen<\/strong><\/p>\n<p>Cade Wacholder-Pulver mit Verschiedene D\u00fcfte,<br \/>\nMetalldose mit 90 g<\/p>\n<ul>\n<li><span style=\"color: #262626;\"><span style=\"font-family: Arial;\">Cade Wacholder-Pulver ist Handgefertigt in Frankreich, Provence.<br \/>\n<\/span><\/span><\/li>\n<li>Parf\u00fcmiert Ihr Zuhause.<\/li>\n<li>Verstr\u00f6mt einen frischen Duft<\/li>\n<li>Reinigt die Luft<\/li>\n<li>Die antiseptische Wirkung zerst\u00f6rt unangenehme Ger\u00fcche<\/li>\n<li>Wehrt s\u00e4mtliche fliegenden Insekten ab<\/li>\n<\/ul>\n<p>Es ist wichtig, das cade Wacholder-pulver in einem f\u00fcr die Anwendung geeigneten Brenner zu verbrennen. Verschiedene Brenner, wie z. B. unsere Brenner, eignen sich daf\u00fcr hervorragend. Siehe auf unserer Website.<\/p>\n<p>Der Cade Wacholder-Pulver (Juniperus Oxycedrus) ist eine Wacholderart, die in den W\u00e4ldern des Mittelmeerraums w\u00e4chst. Seine Essenz enth\u00e4lt aromatische Bestandteile, die seit jeher daf\u00fcr bekannt sind, Insekten fernzuhalten. Das \u00d6l eignet sich auch zur Behandlung bestimmter Krankheiten. <\/p>\n<p>Mit diesem Wacholder-pulver Insektenstiche vermeiden. Bremsen abwehren. Entspannen Sie sich auf dem Balkon oder der Terrasse, ohne von M\u00fccken und anderen Insekten bel\u00e4stigt zu werden.<br \/>\nWacholder-pulver reinigt auch die Atmosph\u00e4re und vertreibt schlechte Ger\u00fcche.<br \/>\nWenn das Wacholder-pulver langsam im Brenner verbrennt, verbreitet dieses Wacholder-pulver einen 100% nat\u00fcrlichen Weihrauch und gibt einen leichten, wei\u00dfen, reinigenden Rauch ab. Es reinigt und parf\u00fcmiert die Raumluft und vertreibt gleichzeitig Insekten durch R\u00e4uchern.<\/p>\n<p>Finden Sie die <a href=\"https:\/\/provence-online.fr\/de\/krauter-lavendel-cade\/\" title=\"Kr\u00e4uter, Lavendel, Cade\">cade brenner<\/a> auf der Website.<\/p>\n","protected":false},"excerpt":{"rendered":"<p>Cade Wacholder-Pulver in Metalldose mit 90 g verpacktem Wacholderholz-Waldkiefern-Pulver.<\/p>\n<ul>\n<li>Cade Wacholder-Pulver ist Handgefertigt in Frankreich, Provence.<\/li>\n<li>Parf\u00fcmiert Ihr Zuhause. Verstr\u00f6mt einen frischen Duft. Reinigt die Luft. Wehrt s\u00e4mtliche fliegenden Insekten ab<\/li>\n<\/ul>\n","protected":false},"featured_media":44491,"template":"","meta":{"om_disable_all_campaigns":false,"_monsterinsights_skip_tracking":false,"_monsterinsights_sitenote_active":false,"_monsterinsights_sitenote_note":"","_monsterinsights_sitenote_category":0,"site-sidebar-layout":"default","site-content-layout":"default","ast-site-content-layout":"default","site-content-style":"default","site-sidebar-style":"default","ast-global-header-display":"","ast-banner-title-visibility":"","ast-main-header-display":"","ast-hfb-above-header-display":"","ast-hfb-below-header-display":"","ast-hfb-mobile-header-display":"","site-post-title":"","ast-breadcrumbs-content":"","ast-featured-img":"","footer-sml-layout":"","ast-disable-related-posts":"","theme-transparent-header-meta":"default","adv-header-id-meta":"","stick-header-meta":"","header-above-stick-meta":"","header-main-stick-meta":"","header-below-stick-meta":"","astra-migrate-meta-layouts":"set","ast-page-background-enabled":"default","ast-page-background-meta":{"desktop":{"background-color":"","background-image":"","background-repeat":"repeat","background-position":"center center","background-size":"auto","background-attachment":"scroll","background-type":"","background-media":"","overlay-type":"","overlay-color":"","overlay-opacity":"","overlay-gradient":""},"tablet":{"background-color":"","background-image":"","background-repeat":"repeat","background-position":"center center","background-size":"auto","background-attachment":"scroll","background-type":"","background-media":"","overlay-type":"","overlay-color":"","overlay-opacity":"","overlay-gradient":""},"mobile":{"background-color":"","background-image":"","background-repeat":"repeat","background-position":"center center","background-size":"auto","background-attachment":"scroll","background-type":"","background-media":"","overlay-type":"","overlay-color":"","overlay-opacity":"","overlay-gradient":""}},"ast-content-background-meta":{"desktop":{"background-color":"var(--ast-global-color-5)","background-image":"","background-repeat":"repeat","background-position":"center center","background-size":"auto","background-attachment":"scroll","background-type":"","background-media":"","overlay-type":"","overlay-color":"","overlay-opacity":"","overlay-gradient":""},"tablet":{"background-color":"var(--ast-global-color-5)","background-image":"","background-repeat":"repeat","background-position":"center center","background-size":"auto","background-attachment":"scroll","background-type":"","background-media":"","overlay-type":"","overlay-color":"","overlay-opacity":"","overlay-gradient":""},"mobile":{"background-color":"var(--ast-global-color-5)","background-image":"","background-repeat":"repeat","background-position":"center center","background-size":"auto","background-attachment":"scroll","background-type":"","background-media":"","overlay-type":"","overlay-color":"","overlay-opacity":"","overlay-gradient":""}}},"product_brand":[],"product_cat":[74],"product_tag":[612,3119,2870,2863,3116,3118,102,3114,529,3122,2867,530,609,3123,1053,1072,372,2866,1044,2871,3117,1045,2368,2869,2868,379,3115,101,2864,3124,3120,488,483,543,3121,1083],"class_list":{"0":"post-34229","1":"product","2":"type-product","3":"status-publish","4":"has-post-thumbnail","6":"product_cat-kraeuter-cade-lavendel","7":"product_tag-atherisches-ol","8":"product_tag-brenner-de","9":"product_tag-burner-de","10":"product_tag-cadalith-de","11":"product_tag-cade-span","12":"product_tag-cade-wacholderholz-kiesel","13":"product_tag-cade-wacholder-pulver","14":"product_tag-cadeholz-de","15":"product_tag-desinfektion-begasung","16":"product_tag-dufte-de","17":"product_tag-eisala-de","18":"product_tag-gegen-motten","19":"product_tag-holz","20":"product_tag-holzpulver-de","21":"product_tag-insektenabwehrmittel","22":"product_tag-juniperus-oxycedrus-de","23":"product_tag-keramik","24":"product_tag-merlin-de","25":"product_tag-moskitoschutz","26":"product_tag-moth-de","27":"product_tag-motten-de","28":"product_tag-muckenabwehrmittel","29":"product_tag-natural-de","30":"product_tag-pebbles-de","31":"product_tag-powder-de","32":"product_tag-provence-de","33":"product_tag-rauchen","34":"product_tag-raucher-lampe","35":"product_tag-repellent-de","36":"product_tag-repellent-de-2","37":"product_tag-wacholder-de","38":"product_tag-wacholderholz-cade-wacholder","39":"product_tag-weihrauch","40":"product_tag-weihrauch-cade","41":"product_tag-weihrauchbrenner-de-2","42":"product_tag-weihrauchbrenner-de","43":"desktop-align-left","44":"tablet-align-left","45":"mobile-align-left","47":"first","48":"instock","49":"shipping-taxable","50":"purchasable","51":"product-type-variable","52":"has-default-attributes"},"barcode":null,"atum_controlled":true,"out_stock_date":null,"out_stock_threshold":null,"inheritable":true,"stock_on_hold":1,"sold_today":0,"sales_last_days":0,"reserved_stock":null,"customer_returns":null,"warehouse_damage":null,"lost_in_post":null,"other_logs":null,"out_stock_days":0,"lost_sales":0,"update_date":"2026-04-12T00:10:48","atum_locations":[],"atum_stock_status":"instock","restock_status":false,"low_stock_amount":"","sales_update_date":"2026-04-12T00:10:48","calc_backorders":null,"aioseo_notices":[],"_links":{"self":[{"href":"http:\/\/provence-online.fr\/de\/wp-json\/wp\/v2\/product\/34229","targetHints":{"allow":["GET"]}}],"collection":[{"href":"http:\/\/provence-online.fr\/de\/wp-json\/wp\/v2\/product"}],"about":[{"href":"http:\/\/provence-online.fr\/de\/wp-json\/wp\/v2\/types\/product"}],"version-history":[{"count":11,"href":"http:\/\/provence-online.fr\/de\/wp-json\/wp\/v2\/product\/34229\/revisions"}],"predecessor-version":[{"id":52376,"href":"http:\/\/provence-online.fr\/de\/wp-json\/wp\/v2\/product\/34229\/revisions\/52376"}],"wp:featuredmedia":[{"embeddable":true,"href":"http:\/\/provence-online.fr\/de\/wp-json\/wp\/v2\/media\/44491"}],"wp:attachment":[{"href":"http:\/\/provence-online.fr\/de\/wp-json\/wp\/v2\/media?parent=34229"}],"wp:term":[{"taxonomy":"product_brand","embeddable":true,"href":"http:\/\/provence-online.fr\/de\/wp-json\/wp\/v2\/product_brand?post=34229"},{"taxonomy":"product_cat","embeddable":true,"href":"http:\/\/provence-online.fr\/de\/wp-json\/wp\/v2\/product_cat?post=34229"},{"taxonomy":"product_tag","embeddable":true,"href":"http:\/\/provence-online.fr\/de\/wp-json\/wp\/v2\/product_tag?post=34229"}],"curies":[{"name":"wp","href":"https:\/\/api.w.org\/{rel}","templated":true}]}}