{"id":34248,"date":"2018-12-23T10:02:16","date_gmt":"2018-12-23T09:02:16","guid":{"rendered":"http:\/\/provence-online.fr\/product\/raucher-lampe-keramik\/"},"modified":"2024-07-04T16:32:08","modified_gmt":"2024-07-04T14:32:08","slug":"raucher-lampe-cade-rot","status":"publish","type":"product","link":"http:\/\/provence-online.fr\/de\/product\/raucher-lampe-cade-rot\/","title":{"rendered":"R\u00e4ucher-Lampe, Cade, Rot"},"content":{"rendered":"<p>R\u00e4ucher-Lampe Hergestellt in der Provence<br \/>\nGr\u00f6\u00dfen:<br \/>\n&#8211; Mini \u00d8 7 cm, H: 5.5 cm<br \/>\n&#8211; Normal \u00d8 12 cm, H: 8.5 cm<br \/>\nVerschiedene Farben<br \/>\nNUR bei Provence Online Shopping erh\u00e4ltlich. Jedes Modell ist einzigartig.<br \/>\nGebrauchsanweisung siehe oben.<br \/>\nDie &#8222;Mini&#8220; R\u00e4ucher-Lampe ist ideal f\u00fcrs B\u00fcro oder f\u00fcr die Reise.<\/p>\n<p>W\u00e4hrend es langsam in der Lampe brennt, gibt das wilde Wacholder-Holzpulver 100% nat\u00fcrlichen Weihrauch, einen leichten, reinigenden wei\u00dfen Rauch ab. Der, w\u00e4hrend er die Raumluft reinigt und parf\u00fcmiert, gleichzeitig Insekten vertreibt.<\/p>\n<p>Verschiedene D\u00fcfte von <a href=\"https:\/\/provence-online.fr\/de\/product\/cade-wacholder-pulver\/\" title=\"Cade Wacholder-Pulver\">Wacholderpulver<\/a>, Brenner, Cadalithen &#8211; Kieselsteine und Sp\u00e4ne aus Cade, Cade-Seife sind auf der <a href=\"https:\/\/provence-online.fr\/de\/krauter-lavendel-cade\/\" title=\"Kr\u00e4uter, Lavendel, Cade\">Website<\/a> erh\u00e4ltlich.  <\/p>\n","protected":false},"excerpt":{"rendered":"<p>R\u00e4ucher-Lampe Hergestellt in der Provence<br \/>\nGr\u00f6\u00dfen:<br \/>\n&#8211; Mini \u00d8 7 cm, H: 5.5 cm<br \/>\n&#8211; Normal \u00d8 12 cm, H: 8.5 cm<br \/>\nVerschiedene Farben<br \/>\nNUR bei Provence Online Shopping erh\u00e4ltlich. Jedes Modell ist einzigartig.<br \/>\nGebrauchsanweisung siehe oben. Die &#8222;Mini&#8220; R\u00e4ucher-Lampe ist ideal f\u00fcrs B\u00fcro oder f\u00fcr die Reise.<\/p>\n","protected":false},"featured_media":34256,"template":"","meta":{"om_disable_all_campaigns":false,"_monsterinsights_skip_tracking":false,"_monsterinsights_sitenote_active":false,"_monsterinsights_sitenote_note":"","_monsterinsights_sitenote_category":0,"site-sidebar-layout":"default","site-content-layout":"default","ast-site-content-layout":"default","site-content-style":"default","site-sidebar-style":"default","ast-global-header-display":"","ast-banner-title-visibility":"","ast-main-header-display":"","ast-hfb-above-header-display":"","ast-hfb-below-header-display":"","ast-hfb-mobile-header-display":"","site-post-title":"","ast-breadcrumbs-content":"","ast-featured-img":"","footer-sml-layout":"","ast-disable-related-posts":"","theme-transparent-header-meta":"default","adv-header-id-meta":"","stick-header-meta":"","header-above-stick-meta":"","header-main-stick-meta":"","header-below-stick-meta":"","astra-migrate-meta-layouts":"set","ast-page-background-enabled":"default","ast-page-background-meta":{"desktop":{"background-color":"","background-image":"","background-repeat":"repeat","background-position":"center center","background-size":"auto","background-attachment":"scroll","background-type":"","background-media":"","overlay-type":"","overlay-color":"","overlay-opacity":"","overlay-gradient":""},"tablet":{"background-color":"","background-image":"","background-repeat":"repeat","background-position":"center center","background-size":"auto","background-attachment":"scroll","background-type":"","background-media":"","overlay-type":"","overlay-color":"","overlay-opacity":"","overlay-gradient":""},"mobile":{"background-color":"","background-image":"","background-repeat":"repeat","background-position":"center center","background-size":"auto","background-attachment":"scroll","background-type":"","background-media":"","overlay-type":"","overlay-color":"","overlay-opacity":"","overlay-gradient":""}},"ast-content-background-meta":{"desktop":{"background-color":"var(--ast-global-color-5)","background-image":"","background-repeat":"repeat","background-position":"center center","background-size":"auto","background-attachment":"scroll","background-type":"","background-media":"","overlay-type":"","overlay-color":"","overlay-opacity":"","overlay-gradient":""},"tablet":{"background-color":"var(--ast-global-color-5)","background-image":"","background-repeat":"repeat","background-position":"center center","background-size":"auto","background-attachment":"scroll","background-type":"","background-media":"","overlay-type":"","overlay-color":"","overlay-opacity":"","overlay-gradient":""},"mobile":{"background-color":"var(--ast-global-color-5)","background-image":"","background-repeat":"repeat","background-position":"center center","background-size":"auto","background-attachment":"scroll","background-type":"","background-media":"","overlay-type":"","overlay-color":"","overlay-opacity":"","overlay-gradient":""}}},"product_brand":[],"product_cat":[74],"product_tag":[612,3119,2870,2863,3116,3118,102,3114,378,2691,529,3122,2867,530,609,3123,1053,1072,372,2866,1044,2871,3117,1045,2368,2869,2868,379,3115,101,3124,2864,3120,488,483,543,3121,1083],"class_list":{"0":"post-34248","1":"product","2":"type-product","3":"status-publish","4":"has-post-thumbnail","6":"product_cat-kraeuter-cade-lavendel","7":"product_tag-atherisches-ol","8":"product_tag-brenner-de","9":"product_tag-burner-de","10":"product_tag-cadalith-de","11":"product_tag-cade-span","12":"product_tag-cade-wacholderholz-kiesel","13":"product_tag-cade-wacholder-pulver","14":"product_tag-cadeholz-de","15":"product_tag-deco-de","16":"product_tag-decoration-de","17":"product_tag-desinfektion-begasung","18":"product_tag-dufte-de","19":"product_tag-eisala-de","20":"product_tag-gegen-motten","21":"product_tag-holz","22":"product_tag-holzpulver-de","23":"product_tag-insektenabwehrmittel","24":"product_tag-juniperus-oxycedrus-de","25":"product_tag-keramik","26":"product_tag-merlin-de","27":"product_tag-moskitoschutz","28":"product_tag-moth-de","29":"product_tag-motten-de","30":"product_tag-muckenabwehrmittel","31":"product_tag-natural-de","32":"product_tag-pebbles-de","33":"product_tag-powder-de","34":"product_tag-provence-de","35":"product_tag-rauchen","36":"product_tag-raucher-lampe","37":"product_tag-repellent-de-2","38":"product_tag-repellent-de","39":"product_tag-wacholder-de","40":"product_tag-wacholderholz-cade-wacholder","41":"product_tag-weihrauch","42":"product_tag-weihrauch-cade","43":"product_tag-weihrauchbrenner-de-2","44":"product_tag-weihrauchbrenner-de","45":"desktop-align-left","46":"tablet-align-left","47":"mobile-align-left","49":"first","50":"instock","51":"shipping-taxable","52":"purchasable","53":"product-type-variable","54":"has-default-attributes"},"barcode":null,"atum_controlled":true,"out_stock_date":null,"out_stock_threshold":null,"inheritable":true,"stock_on_hold":0,"sold_today":0,"sales_last_days":0,"reserved_stock":null,"customer_returns":null,"warehouse_damage":null,"lost_in_post":null,"other_logs":null,"out_stock_days":0,"lost_sales":0,"update_date":"2026-04-12T00:10:43","atum_locations":[],"atum_stock_status":"instock","restock_status":false,"low_stock_amount":0,"sales_update_date":"2026-04-12T00:10:43","calc_backorders":null,"aioseo_notices":[],"_links":{"self":[{"href":"http:\/\/provence-online.fr\/de\/wp-json\/wp\/v2\/product\/34248","targetHints":{"allow":["GET"]}}],"collection":[{"href":"http:\/\/provence-online.fr\/de\/wp-json\/wp\/v2\/product"}],"about":[{"href":"http:\/\/provence-online.fr\/de\/wp-json\/wp\/v2\/types\/product"}],"version-history":[{"count":7,"href":"http:\/\/provence-online.fr\/de\/wp-json\/wp\/v2\/product\/34248\/revisions"}],"predecessor-version":[{"id":51761,"href":"http:\/\/provence-online.fr\/de\/wp-json\/wp\/v2\/product\/34248\/revisions\/51761"}],"wp:featuredmedia":[{"embeddable":true,"href":"http:\/\/provence-online.fr\/de\/wp-json\/wp\/v2\/media\/34256"}],"wp:attachment":[{"href":"http:\/\/provence-online.fr\/de\/wp-json\/wp\/v2\/media?parent=34248"}],"wp:term":[{"taxonomy":"product_brand","embeddable":true,"href":"http:\/\/provence-online.fr\/de\/wp-json\/wp\/v2\/product_brand?post=34248"},{"taxonomy":"product_cat","embeddable":true,"href":"http:\/\/provence-online.fr\/de\/wp-json\/wp\/v2\/product_cat?post=34248"},{"taxonomy":"product_tag","embeddable":true,"href":"http:\/\/provence-online.fr\/de\/wp-json\/wp\/v2\/product_tag?post=34248"}],"curies":[{"name":"wp","href":"https:\/\/api.w.org\/{rel}","templated":true}]}}