{"id":34738,"date":"2019-01-04T17:19:30","date_gmt":"2019-01-04T16:19:30","guid":{"rendered":"http:\/\/provence-online.fr\/product\/santon-8-9-cm-hirtin-mit-lamm\/"},"modified":"2023-12-01T20:48:55","modified_gmt":"2023-12-01T19:48:55","slug":"santon-8-9-cm-hirtin-mit-lamm","status":"publish","type":"product","link":"http:\/\/provence-online.fr\/de\/product\/santon-8-9-cm-hirtin-mit-lamm\/","title":{"rendered":"Santon 8 \/ 9 cm: Hirtin mit Lamm"},"content":{"rendered":"<p>Hirtin mit Lamm<\/p>\n<p>Die Sch\u00e4ferin und ihre Schafe werden in der Weihnachtskrippe zusammen mit anderen Schafen und Ziegen wie in der Provence aufgestellt. Vergessen Sie in dieser Szene nicht den Hund und warum nicht auch den Hirten.<br \/>\nHirten sind in der Provence Teil der Hirtenarbeit.<\/p>\n<p>Erwachsene Santons sind etwa 8 bis 9 cm gro\u00df, und alle Tiere und Accessoires haben die gleiche Gr\u00f6\u00dfe.<br \/>\nSie sind wie wir, manche gr\u00f6\u00dfer, andere kleiner, manche dicker, andere d\u00fcnner!<br \/>\nSie sind daher mit anderen Sammlungen von Krippenfiguren mit einer Gr\u00f6\u00dfe von 8 \/ 9 cm kompatibel.<\/p>\n<p>Alle unsere Krippenfiguren und Krippenzubeh\u00f6r, die auf unserer Website verkauft werden, werden auf traditionelle Weise aus Ton hergestellt und in unseren Werkst\u00e4tten in der Provence von Hand bemalt.<\/p>\n<p>Finden Sie unsere Kollektionen an Krippenfiguren und Krippenzubeh\u00f6r aus der Provence <a href=\"https:\/\/provence-online.fr\/de\/santon-4-5cm\/\" title=\"Santon 4\/5 cm\">4 cm bis 5 cm<\/a>, <a href=\"https:\/\/provence-online.fr\/de\/santon-7-cm\/\" title=\"Santon 7 cm\">7 cm<\/a> und <a href=\"https:\/\/provence-online.fr\/de\/santon-8-9-cm-2\/\" title=\"Santon 8\/9 cm\">8 cm bis 9 cm<\/a> auf unserer Website.<\/p>\n","protected":false},"excerpt":{"rendered":"<p>Santon 8 \/ 9 cm: Hirtin mit Lamm, Krippenfigur F\u00fcr die Weihnachtskrippe.<\/p>\n","protected":false},"featured_media":37172,"template":"","meta":{"om_disable_all_campaigns":false,"_monsterinsights_skip_tracking":false,"_monsterinsights_sitenote_active":false,"_monsterinsights_sitenote_note":"","_monsterinsights_sitenote_category":0,"site-sidebar-layout":"default","site-content-layout":"default","ast-site-content-layout":"default","site-content-style":"default","site-sidebar-style":"default","ast-global-header-display":"","ast-banner-title-visibility":"","ast-main-header-display":"","ast-hfb-above-header-display":"","ast-hfb-below-header-display":"","ast-hfb-mobile-header-display":"","site-post-title":"","ast-breadcrumbs-content":"","ast-featured-img":"","footer-sml-layout":"","ast-disable-related-posts":"","theme-transparent-header-meta":"default","adv-header-id-meta":"","stick-header-meta":"","header-above-stick-meta":"","header-main-stick-meta":"","header-below-stick-meta":"","astra-migrate-meta-layouts":"set","ast-page-background-enabled":"default","ast-page-background-meta":{"desktop":{"background-color":"","background-image":"","background-repeat":"repeat","background-position":"center center","background-size":"auto","background-attachment":"scroll","background-type":"","background-media":"","overlay-type":"","overlay-color":"","overlay-opacity":"","overlay-gradient":""},"tablet":{"background-color":"","background-image":"","background-repeat":"repeat","background-position":"center center","background-size":"auto","background-attachment":"scroll","background-type":"","background-media":"","overlay-type":"","overlay-color":"","overlay-opacity":"","overlay-gradient":""},"mobile":{"background-color":"","background-image":"","background-repeat":"repeat","background-position":"center center","background-size":"auto","background-attachment":"scroll","background-type":"","background-media":"","overlay-type":"","overlay-color":"","overlay-opacity":"","overlay-gradient":""}},"ast-content-background-meta":{"desktop":{"background-color":"var(--ast-global-color-5)","background-image":"","background-repeat":"repeat","background-position":"center center","background-size":"auto","background-attachment":"scroll","background-type":"","background-media":"","overlay-type":"","overlay-color":"","overlay-opacity":"","overlay-gradient":""},"tablet":{"background-color":"var(--ast-global-color-5)","background-image":"","background-repeat":"repeat","background-position":"center center","background-size":"auto","background-attachment":"scroll","background-type":"","background-media":"","overlay-type":"","overlay-color":"","overlay-opacity":"","overlay-gradient":""},"mobile":{"background-color":"var(--ast-global-color-5)","background-image":"","background-repeat":"repeat","background-position":"center center","background-size":"auto","background-attachment":"scroll","background-type":"","background-media":"","overlay-type":"","overlay-color":"","overlay-opacity":"","overlay-gradient":""}}},"product_brand":[],"product_cat":[76],"product_tag":[802,803,804,806,807,2043,2730,2760,2764,2731,837,2038,857,772,991,756,2039,2761,2047,956,2044,2041,759,1125,1390,1585,3031,2048,1434,996,987,992,2733,379,755,1288,1014,2734,962,760,2762,448,2046,757,2037,1306,1553,1307,1146],"class_list":{"0":"post-34738","1":"product","2":"type-product","3":"status-publish","4":"has-post-thumbnail","6":"product_cat-santon-8-9-cm-de","7":"product_tag-4-cm-de","8":"product_tag-5-cm-de","9":"product_tag-7-cm-de","10":"product_tag-8-cm-de","11":"product_tag-9-cm-de","12":"product_tag-balthazard-de","13":"product_tag-borie-de","14":"product_tag-brunnen-de","15":"product_tag-brunnen-de-2","16":"product_tag-capitele-de","17":"product_tag-figur","18":"product_tag-figuren","19":"product_tag-franzosisch-santon","20":"product_tag-franzosische-santons","21":"product_tag-gaspard-de","22":"product_tag-geburt","23":"product_tag-heiligen-konige","24":"product_tag-kabanon","25":"product_tag-kleine-krippenfigur-de","26":"product_tag-kleiner-heiliger","27":"product_tag-konig-de","28":"product_tag-konige","29":"product_tag-krippe","30":"product_tag-krippenfigur","31":"product_tag-krippenfiguren-set","32":"product_tag-krippenkollektion","33":"product_tag-krippenzubehor","34":"product_tag-kunsthandwerker","35":"product_tag-lamm","36":"product_tag-magier","37":"product_tag-magierkonig","38":"product_tag-melchior-de","39":"product_tag-pastorale-de","40":"product_tag-provence-de","41":"product_tag-santon-de","42":"product_tag-santon-krippenfigur-schafer","43":"product_tag-santon-tier-de","44":"product_tag-santon-zubehor-de","45":"product_tag-schaferin","46":"product_tag-szene","47":"product_tag-taubenschlag-de","48":"product_tag-tier","49":"product_tag-tradition-de","50":"product_tag-weihnacht","51":"product_tag-weihnachten","52":"product_tag-weihnachtskrippe-de-2","53":"product_tag-weihnachtskrippe-de-3","54":"product_tag-weihnachtsszene","55":"product_tag-zubehor-de","56":"desktop-align-left","57":"tablet-align-left","58":"mobile-align-left","60":"first","61":"instock","62":"shipping-taxable","63":"purchasable","64":"product-type-simple"},"barcode":null,"atum_controlled":true,"out_stock_date":null,"out_stock_threshold":null,"inheritable":false,"stock_on_hold":0,"sold_today":0,"sales_last_days":0,"reserved_stock":null,"customer_returns":null,"warehouse_damage":null,"lost_in_post":null,"other_logs":null,"out_stock_days":0,"lost_sales":0,"update_date":"2026-04-06T00:05:55","atum_locations":[],"atum_stock_status":"instock","restock_status":false,"low_stock_amount":0,"sales_update_date":"2026-04-06T00:05:55","calc_backorders":null,"aioseo_notices":[],"_links":{"self":[{"href":"http:\/\/provence-online.fr\/de\/wp-json\/wp\/v2\/product\/34738","targetHints":{"allow":["GET"]}}],"collection":[{"href":"http:\/\/provence-online.fr\/de\/wp-json\/wp\/v2\/product"}],"about":[{"href":"http:\/\/provence-online.fr\/de\/wp-json\/wp\/v2\/types\/product"}],"version-history":[{"count":4,"href":"http:\/\/provence-online.fr\/de\/wp-json\/wp\/v2\/product\/34738\/revisions"}],"predecessor-version":[{"id":51055,"href":"http:\/\/provence-online.fr\/de\/wp-json\/wp\/v2\/product\/34738\/revisions\/51055"}],"wp:featuredmedia":[{"embeddable":true,"href":"http:\/\/provence-online.fr\/de\/wp-json\/wp\/v2\/media\/37172"}],"wp:attachment":[{"href":"http:\/\/provence-online.fr\/de\/wp-json\/wp\/v2\/media?parent=34738"}],"wp:term":[{"taxonomy":"product_brand","embeddable":true,"href":"http:\/\/provence-online.fr\/de\/wp-json\/wp\/v2\/product_brand?post=34738"},{"taxonomy":"product_cat","embeddable":true,"href":"http:\/\/provence-online.fr\/de\/wp-json\/wp\/v2\/product_cat?post=34738"},{"taxonomy":"product_tag","embeddable":true,"href":"http:\/\/provence-online.fr\/de\/wp-json\/wp\/v2\/product_tag?post=34738"}],"curies":[{"name":"wp","href":"https:\/\/api.w.org\/{rel}","templated":true}]}}