{"id":37328,"date":"2019-03-08T12:33:03","date_gmt":"2019-03-08T11:33:03","guid":{"rendered":"http:\/\/provence-online.fr\/product\/santon-8-9-cm-tanzer-farandole-left\/"},"modified":"2024-11-21T19:41:22","modified_gmt":"2024-11-21T18:41:22","slug":"santon-8-9-cm-tanzer-farandole-links","status":"publish","type":"product","link":"http:\/\/provence-online.fr\/de\/product\/santon-8-9-cm-tanzer-farandole-links\/","title":{"rendered":"Santon 8 \/ 9 cm T\u00e4nzer Farandole, links"},"content":{"rendered":"<p><strong>T\u00e4nzer Farandole<\/strong><\/p>\n<p>In der Provence ist der Farandole ein alter, traditioneller Tanz.<br \/>\nIn ganz S\u00fcdfrankreich wird traditionell die Farandole getanzt.<br \/>\nDie Farandole wird in der Provence vom Galoubet (Fl\u00f6te) und von Tamburinen begleitet.<br \/>\nAlle tanzenden Santons fassen sich an den H\u00e4nden, um eine offene Kette zu bilden, und markieren jeden Takt mit H\u00fcpfern.<br \/>\nDer Anf\u00fchrer oder die Anf\u00fchrerin dieser Farandole f\u00fchrt die Kette, indem er oder sie eine Schlangenform zeichnet. Seine Aufgabe ist es, die Farandole zu artikulieren.<\/p>\n<p>Santon de Provence, der in unserer Werkstatt nach alter Tradition handgefertigt wird.<\/p>\n","protected":false},"excerpt":{"rendered":"<p>Santon 8 \/ 9 cm T\u00e4nzer Farandole, links T\u00e4nzer Farandole<\/p>\n","protected":false},"featured_media":36995,"template":"","meta":{"om_disable_all_campaigns":false,"_monsterinsights_skip_tracking":false,"_monsterinsights_sitenote_active":false,"_monsterinsights_sitenote_note":"","_monsterinsights_sitenote_category":0,"site-sidebar-layout":"default","site-content-layout":"default","ast-site-content-layout":"default","site-content-style":"default","site-sidebar-style":"default","ast-global-header-display":"","ast-banner-title-visibility":"","ast-main-header-display":"","ast-hfb-above-header-display":"","ast-hfb-below-header-display":"","ast-hfb-mobile-header-display":"","site-post-title":"","ast-breadcrumbs-content":"","ast-featured-img":"","footer-sml-layout":"","ast-disable-related-posts":"","theme-transparent-header-meta":"default","adv-header-id-meta":"","stick-header-meta":"","header-above-stick-meta":"","header-main-stick-meta":"","header-below-stick-meta":"","astra-migrate-meta-layouts":"default","ast-page-background-enabled":"default","ast-page-background-meta":{"desktop":{"background-color":"","background-image":"","background-repeat":"repeat","background-position":"center center","background-size":"auto","background-attachment":"scroll","background-type":"","background-media":"","overlay-type":"","overlay-color":"","overlay-opacity":"","overlay-gradient":""},"tablet":{"background-color":"","background-image":"","background-repeat":"repeat","background-position":"center center","background-size":"auto","background-attachment":"scroll","background-type":"","background-media":"","overlay-type":"","overlay-color":"","overlay-opacity":"","overlay-gradient":""},"mobile":{"background-color":"","background-image":"","background-repeat":"repeat","background-position":"center center","background-size":"auto","background-attachment":"scroll","background-type":"","background-media":"","overlay-type":"","overlay-color":"","overlay-opacity":"","overlay-gradient":""}},"ast-content-background-meta":{"desktop":{"background-color":"var(--ast-global-color-5)","background-image":"","background-repeat":"repeat","background-position":"center center","background-size":"auto","background-attachment":"scroll","background-type":"","background-media":"","overlay-type":"","overlay-color":"","overlay-opacity":"","overlay-gradient":""},"tablet":{"background-color":"var(--ast-global-color-5)","background-image":"","background-repeat":"repeat","background-position":"center center","background-size":"auto","background-attachment":"scroll","background-type":"","background-media":"","overlay-type":"","overlay-color":"","overlay-opacity":"","overlay-gradient":""},"mobile":{"background-color":"var(--ast-global-color-5)","background-image":"","background-repeat":"repeat","background-position":"center center","background-size":"auto","background-attachment":"scroll","background-type":"","background-media":"","overlay-type":"","overlay-color":"","overlay-opacity":"","overlay-gradient":""}}},"product_brand":[],"product_cat":[76],"product_tag":[802,803,804,806,807,2043,2730,2760,2764,2731,3453,1356,3454,837,2038,857,991,756,2039,2761,2047,956,2044,2041,759,1125,1390,1585,3031,2048,996,987,992,2733,379,755,2561,1014,2734,760,1355,2762,448,2046,757,2037,800,1306,1553,771,1307,763,1146],"class_list":{"0":"post-37328","1":"product","2":"type-product","3":"status-publish","4":"has-post-thumbnail","6":"product_cat-santon-8-9-cm-de","7":"product_tag-4-cm-de","8":"product_tag-5-cm-de","9":"product_tag-7-cm-de","10":"product_tag-8-cm-de","11":"product_tag-9-cm-de","12":"product_tag-balthazard-de","13":"product_tag-borie-de","14":"product_tag-brunnen-de","15":"product_tag-brunnen-de-2","16":"product_tag-capitele-de","17":"product_tag-der-farandole-tanzer","18":"product_tag-farandole-de","19":"product_tag-farandole-tanzer","20":"product_tag-figur","21":"product_tag-figuren","22":"product_tag-franzosisch-santon","23":"product_tag-gaspard-de","24":"product_tag-geburt","25":"product_tag-heiligen-konige","26":"product_tag-kabanon","27":"product_tag-kleine-krippenfigur-de","28":"product_tag-kleiner-heiliger","29":"product_tag-konig-de","30":"product_tag-konige","31":"product_tag-krippe","32":"product_tag-krippenfigur","33":"product_tag-krippenfiguren-set","34":"product_tag-krippenkollektion","35":"product_tag-krippenzubehor","36":"product_tag-kunsthandwerker","37":"product_tag-magier","38":"product_tag-magierkonig","39":"product_tag-melchior-de","40":"product_tag-pastorale-de","41":"product_tag-provence-de","42":"product_tag-santon-de","43":"product_tag-santon-figure-de","44":"product_tag-santon-tier-de","45":"product_tag-santon-zubehor-de","46":"product_tag-szene","47":"product_tag-tanzer-tanzerin","48":"product_tag-taubenschlag-de","49":"product_tag-tier","50":"product_tag-tradition-de","51":"product_tag-weihnacht","52":"product_tag-weihnachten","53":"product_tag-weihnachtsfiguren","54":"product_tag-weihnachtskrippe-de-2","55":"product_tag-weihnachtskrippe-de-3","56":"product_tag-weihnachtssantons","57":"product_tag-weihnachtsszene","58":"product_tag-weinchtsumzug","59":"product_tag-zubehor-de","60":"desktop-align-left","61":"tablet-align-left","62":"mobile-align-left","64":"first","65":"instock","66":"shipping-taxable","67":"purchasable","68":"product-type-simple"},"barcode":null,"atum_controlled":true,"out_stock_date":null,"out_stock_threshold":null,"inheritable":false,"stock_on_hold":0,"sold_today":0,"sales_last_days":0,"reserved_stock":null,"customer_returns":null,"warehouse_damage":null,"lost_in_post":null,"other_logs":null,"out_stock_days":0,"lost_sales":0,"update_date":"2026-04-06T00:06:01","atum_locations":[],"atum_stock_status":"instock","restock_status":false,"low_stock_amount":"","sales_update_date":"2026-04-06T00:06:00","calc_backorders":null,"aioseo_notices":[],"_links":{"self":[{"href":"http:\/\/provence-online.fr\/de\/wp-json\/wp\/v2\/product\/37328","targetHints":{"allow":["GET"]}}],"collection":[{"href":"http:\/\/provence-online.fr\/de\/wp-json\/wp\/v2\/product"}],"about":[{"href":"http:\/\/provence-online.fr\/de\/wp-json\/wp\/v2\/types\/product"}],"version-history":[{"count":4,"href":"http:\/\/provence-online.fr\/de\/wp-json\/wp\/v2\/product\/37328\/revisions"}],"predecessor-version":[{"id":50799,"href":"http:\/\/provence-online.fr\/de\/wp-json\/wp\/v2\/product\/37328\/revisions\/50799"}],"wp:featuredmedia":[{"embeddable":true,"href":"http:\/\/provence-online.fr\/de\/wp-json\/wp\/v2\/media\/36995"}],"wp:attachment":[{"href":"http:\/\/provence-online.fr\/de\/wp-json\/wp\/v2\/media?parent=37328"}],"wp:term":[{"taxonomy":"product_brand","embeddable":true,"href":"http:\/\/provence-online.fr\/de\/wp-json\/wp\/v2\/product_brand?post=37328"},{"taxonomy":"product_cat","embeddable":true,"href":"http:\/\/provence-online.fr\/de\/wp-json\/wp\/v2\/product_cat?post=37328"},{"taxonomy":"product_tag","embeddable":true,"href":"http:\/\/provence-online.fr\/de\/wp-json\/wp\/v2\/product_tag?post=37328"}],"curies":[{"name":"wp","href":"https:\/\/api.w.org\/{rel}","templated":true}]}}