{"id":37415,"date":"2019-03-07T17:53:16","date_gmt":"2019-03-07T16:53:16","guid":{"rendered":"http:\/\/provence-online.fr\/product\/santon-8-9-cm-tiere-esel-mit-reisigbundeln\/"},"modified":"2024-11-21T20:01:56","modified_gmt":"2024-11-21T19:01:56","slug":"santon-8-9-cm-tiere-esel-mit-reisigbundeln","status":"publish","type":"product","link":"http:\/\/provence-online.fr\/de\/product\/santon-8-9-cm-tiere-esel-mit-reisigbundeln\/","title":{"rendered":"Santon 8 \/ 9 cm Tiere: Esel mit Reisigb\u00fcndeln"},"content":{"rendered":"<p><strong>Esel mit Reisigb\u00fcndeln<\/strong><\/p>\n<p>Der Santon Esel mit B\u00fcndeln tr\u00e4gt das Brennholz f\u00fcr den kalten und manchmal feuchten Winter in der Provence.<\/p>\n<p>Erwachsene Santons sind etwa 8 bis 9 cm gro\u00df, und alle Tiere und Accessoires sind auf die Gr\u00f6\u00dfe der Santons abgestimmt.<br \/>\nSie sind wie wir, manche gr\u00f6\u00dfer, andere kleiner, manche dicker, andere d\u00fcnner!<br \/>\nDaher passen sie auch zu anderen Sammlungen von Santons dieser Gr\u00f6\u00dfe.<\/p>\n<p>Alle unsere auf unserer Website verkauften Santons und Krippenzubeh\u00f6r werden in unseren Werkst\u00e4tten in der Provence auf traditionelle Weise aus Ton handgefertigt, gebrannt und handbemalt.<\/p>\n<p>Finden Sie unsere Kollektionen von Krippenfiguren und Krippenzubeh\u00f6r aus der Provence in den Gr\u00f6\u00dfen <a href=\"https:\/\/provence-online.fr\/de\/santon-4-5cm\/\" title=\"Santon 4\/5 cm\">4 cm bis 5 cm<\/a>, <a href=\"https:\/\/provence-online.fr\/de\/santon-7-cm\/\" title=\"Santon 7 cm\">7 cm<\/a> und <a href=\"https:\/\/provence-online.fr\/de\/santon-8-9-cm-2\/\" title=\"Santon 8\/9 cm\">8 cm bis 9 cm<\/a> auf unserer Online-Verkaufsseite.<\/p>\n","protected":false},"excerpt":{"rendered":"<p>Santon Esel mit Reisigb\u00fcndeln.<\/p>\n","protected":false},"featured_media":36929,"template":"","meta":{"om_disable_all_campaigns":false,"_monsterinsights_skip_tracking":false,"_monsterinsights_sitenote_active":false,"_monsterinsights_sitenote_note":"","_monsterinsights_sitenote_category":0,"site-sidebar-layout":"default","site-content-layout":"default","ast-site-content-layout":"default","site-content-style":"default","site-sidebar-style":"default","ast-global-header-display":"","ast-banner-title-visibility":"","ast-main-header-display":"","ast-hfb-above-header-display":"","ast-hfb-below-header-display":"","ast-hfb-mobile-header-display":"","site-post-title":"","ast-breadcrumbs-content":"","ast-featured-img":"","footer-sml-layout":"","ast-disable-related-posts":"","theme-transparent-header-meta":"default","adv-header-id-meta":"","stick-header-meta":"","header-above-stick-meta":"","header-main-stick-meta":"","header-below-stick-meta":"","astra-migrate-meta-layouts":"set","ast-page-background-enabled":"default","ast-page-background-meta":{"desktop":{"background-color":"","background-image":"","background-repeat":"repeat","background-position":"center center","background-size":"auto","background-attachment":"scroll","background-type":"","background-media":"","overlay-type":"","overlay-color":"","overlay-opacity":"","overlay-gradient":""},"tablet":{"background-color":"","background-image":"","background-repeat":"repeat","background-position":"center center","background-size":"auto","background-attachment":"scroll","background-type":"","background-media":"","overlay-type":"","overlay-color":"","overlay-opacity":"","overlay-gradient":""},"mobile":{"background-color":"","background-image":"","background-repeat":"repeat","background-position":"center center","background-size":"auto","background-attachment":"scroll","background-type":"","background-media":"","overlay-type":"","overlay-color":"","overlay-opacity":"","overlay-gradient":""}},"ast-content-background-meta":{"desktop":{"background-color":"var(--ast-global-color-5)","background-image":"","background-repeat":"repeat","background-position":"center center","background-size":"auto","background-attachment":"scroll","background-type":"","background-media":"","overlay-type":"","overlay-color":"","overlay-opacity":"","overlay-gradient":""},"tablet":{"background-color":"var(--ast-global-color-5)","background-image":"","background-repeat":"repeat","background-position":"center center","background-size":"auto","background-attachment":"scroll","background-type":"","background-media":"","overlay-type":"","overlay-color":"","overlay-opacity":"","overlay-gradient":""},"mobile":{"background-color":"var(--ast-global-color-5)","background-image":"","background-repeat":"repeat","background-position":"center center","background-size":"auto","background-attachment":"scroll","background-type":"","background-media":"","overlay-type":"","overlay-color":"","overlay-opacity":"","overlay-gradient":""}}},"product_brand":[],"product_cat":[76,108],"product_tag":[802,803,804,806,807,2043,2730,2760,2764,2731,1017,3458,837,2038,1402,857,991,756,2039,2761,2047,990,956,2044,2041,759,1125,764,1390,1585,3031,2048,996,987,992,1020,2733,379,755,866,1014,2734,760,2762,448,2046,757,2037,1553,1306,1307,1146],"class_list":{"0":"post-37415","1":"product","2":"type-product","3":"status-publish","4":"has-post-thumbnail","6":"product_cat-santon-8-9-cm-de","7":"product_cat-tiere","8":"product_tag-4-cm-de","9":"product_tag-5-cm-de","10":"product_tag-7-cm-de","11":"product_tag-8-cm-de","12":"product_tag-9-cm-de","13":"product_tag-balthazard-de","14":"product_tag-borie-de","15":"product_tag-brunnen-de","16":"product_tag-brunnen-de-2","17":"product_tag-capitele-de","18":"product_tag-esel","19":"product_tag-esel-mit-reisigbundeln","20":"product_tag-figur","21":"product_tag-figuren","22":"product_tag-figuren-fur-die-weihnachtskrippe-de","23":"product_tag-franzosisch-santon","24":"product_tag-gaspard-de","25":"product_tag-geburt","26":"product_tag-heiligen-konige","27":"product_tag-kabanon","28":"product_tag-kleine-krippenfigur-de","29":"product_tag-kleine-krippenfigur","30":"product_tag-kleiner-heiliger","31":"product_tag-konig-de","32":"product_tag-konige","33":"product_tag-krippe","34":"product_tag-krippenfigur","35":"product_tag-krippenfiguren","36":"product_tag-krippenfiguren-set","37":"product_tag-krippenkollektion","38":"product_tag-krippenzubehor","39":"product_tag-kunsthandwerker","40":"product_tag-magier","41":"product_tag-magierkonig","42":"product_tag-melchior-de","43":"product_tag-moule-de","44":"product_tag-pastorale-de","45":"product_tag-provence-de","46":"product_tag-santon-de","47":"product_tag-santon-esel","48":"product_tag-santon-tier-de","49":"product_tag-santon-zubehor-de","50":"product_tag-szene","51":"product_tag-taubenschlag-de","52":"product_tag-tier","53":"product_tag-tradition-de","54":"product_tag-weihnacht","55":"product_tag-weihnachten","56":"product_tag-weihnachtskrippe-de-3","57":"product_tag-weihnachtskrippe-de-2","58":"product_tag-weihnachtsszene","59":"product_tag-zubehor-de","60":"desktop-align-left","61":"tablet-align-left","62":"mobile-align-left","64":"first","65":"instock","66":"shipping-taxable","67":"purchasable","68":"product-type-simple"},"barcode":null,"atum_controlled":true,"out_stock_date":null,"out_stock_threshold":null,"inheritable":false,"stock_on_hold":0,"sold_today":0,"sales_last_days":0,"reserved_stock":null,"customer_returns":null,"warehouse_damage":null,"lost_in_post":null,"other_logs":null,"out_stock_days":0,"lost_sales":0,"update_date":"2026-04-08T00:07:33","atum_locations":[],"atum_stock_status":"instock","restock_status":false,"low_stock_amount":"","sales_update_date":"2026-04-08T00:07:33","calc_backorders":null,"aioseo_notices":[],"_links":{"self":[{"href":"http:\/\/provence-online.fr\/de\/wp-json\/wp\/v2\/product\/37415","targetHints":{"allow":["GET"]}}],"collection":[{"href":"http:\/\/provence-online.fr\/de\/wp-json\/wp\/v2\/product"}],"about":[{"href":"http:\/\/provence-online.fr\/de\/wp-json\/wp\/v2\/types\/product"}],"version-history":[{"count":3,"href":"http:\/\/provence-online.fr\/de\/wp-json\/wp\/v2\/product\/37415\/revisions"}],"predecessor-version":[{"id":51716,"href":"http:\/\/provence-online.fr\/de\/wp-json\/wp\/v2\/product\/37415\/revisions\/51716"}],"wp:featuredmedia":[{"embeddable":true,"href":"http:\/\/provence-online.fr\/de\/wp-json\/wp\/v2\/media\/36929"}],"wp:attachment":[{"href":"http:\/\/provence-online.fr\/de\/wp-json\/wp\/v2\/media?parent=37415"}],"wp:term":[{"taxonomy":"product_brand","embeddable":true,"href":"http:\/\/provence-online.fr\/de\/wp-json\/wp\/v2\/product_brand?post=37415"},{"taxonomy":"product_cat","embeddable":true,"href":"http:\/\/provence-online.fr\/de\/wp-json\/wp\/v2\/product_cat?post=37415"},{"taxonomy":"product_tag","embeddable":true,"href":"http:\/\/provence-online.fr\/de\/wp-json\/wp\/v2\/product_tag?post=37415"}],"curies":[{"name":"wp","href":"https:\/\/api.w.org\/{rel}","templated":true}]}}