{"id":41471,"date":"2021-05-10T11:53:09","date_gmt":"2021-05-10T09:53:09","guid":{"rendered":"http:\/\/provence-online.fr\/product\/raucher-lampe-keramik-cade-weiss\/"},"modified":"2024-10-26T12:04:43","modified_gmt":"2024-10-26T10:04:43","slug":"raucher-lampe-keramik-cade-weiss","status":"publish","type":"product","link":"http:\/\/provence-online.fr\/de\/product\/raucher-lampe-keramik-cade-weiss\/","title":{"rendered":"R\u00e4ucher-Lampe, Weiss"},"content":{"rendered":"<div class=\"elementor-element elementor-element-32ed48b elementor-widget elementor-widget-woocommerce-product-content\" data-id=\"32ed48b\" data-element_type=\"widget\" data-widget_type=\"woocommerce-product-content.default\">\n<div class=\"elementor-widget-container\">\nR\u00e4ucher-Lampe, Weihrauchbrenner<\/p>\n<p>Hergestellt in der Provence<br \/>\nGr\u00f6\u00dfen:<br \/>\n\u2013 Mini \u00d8 7 cm, H: 5.5 cm<br \/>\n\u2013 Normal \u00d8 12 cm, H: 8.5 cm<br \/>\nVerschiedene Farben<br \/>\nNUR bei Provence Online Shopping erh\u00e4ltlich. Jedes Modell ist einzigartig.<br \/>\nGebrauchsanweisung siehe oben. Die \u201eMini\u201c R\u00e4ucher-Lampe ist ideal f\u00fcrs B\u00fcro oder f\u00fcr die Reise.<\/p>\n<p>W\u00e4hrend es langsam in der Lampe brennt, gibt das wilde Wacholder-Holzpulver 100% nat\u00fcrlichen Weihrauch, einen leichten, reinigenden wei\u00dfen Rauch ab. Der, w\u00e4hrend er die Raumluft reinigt und parf\u00fcmiert, gleichzeitig Insekten vertreibt.<\/p>\n<p>Finden Sie unsere verschiedenen <a href=\"https:\/\/provence-online.fr\/de\/krauter-lavendel-cade\/\" title=\"Kr\u00e4uter, Lavendel, Cade\">Brenner und cade produkte<\/a> auf unserer <a href=\"https:\/\/provence-online.fr\/de\/\" title=\"Shop\">Website<\/a>.<\/p>\n<\/div>\n<\/div>\n","protected":false},"excerpt":{"rendered":"<p>R\u00e4ucher-Lampe Keramik.<\/p>\n","protected":false},"featured_media":34251,"template":"","meta":{"om_disable_all_campaigns":false,"_monsterinsights_skip_tracking":false,"_monsterinsights_sitenote_active":false,"_monsterinsights_sitenote_note":"","_monsterinsights_sitenote_category":0,"site-sidebar-layout":"default","site-content-layout":"default","ast-site-content-layout":"default","site-content-style":"default","site-sidebar-style":"default","ast-global-header-display":"","ast-banner-title-visibility":"","ast-main-header-display":"","ast-hfb-above-header-display":"","ast-hfb-below-header-display":"","ast-hfb-mobile-header-display":"","site-post-title":"","ast-breadcrumbs-content":"","ast-featured-img":"","footer-sml-layout":"","ast-disable-related-posts":"","theme-transparent-header-meta":"default","adv-header-id-meta":"","stick-header-meta":"","header-above-stick-meta":"","header-main-stick-meta":"","header-below-stick-meta":"","astra-migrate-meta-layouts":"set","ast-page-background-enabled":"default","ast-page-background-meta":{"desktop":{"background-color":"","background-image":"","background-repeat":"repeat","background-position":"center center","background-size":"auto","background-attachment":"scroll","background-type":"","background-media":"","overlay-type":"","overlay-color":"","overlay-opacity":"","overlay-gradient":""},"tablet":{"background-color":"","background-image":"","background-repeat":"repeat","background-position":"center center","background-size":"auto","background-attachment":"scroll","background-type":"","background-media":"","overlay-type":"","overlay-color":"","overlay-opacity":"","overlay-gradient":""},"mobile":{"background-color":"","background-image":"","background-repeat":"repeat","background-position":"center center","background-size":"auto","background-attachment":"scroll","background-type":"","background-media":"","overlay-type":"","overlay-color":"","overlay-opacity":"","overlay-gradient":""}},"ast-content-background-meta":{"desktop":{"background-color":"var(--ast-global-color-5)","background-image":"","background-repeat":"repeat","background-position":"center center","background-size":"auto","background-attachment":"scroll","background-type":"","background-media":"","overlay-type":"","overlay-color":"","overlay-opacity":"","overlay-gradient":""},"tablet":{"background-color":"var(--ast-global-color-5)","background-image":"","background-repeat":"repeat","background-position":"center center","background-size":"auto","background-attachment":"scroll","background-type":"","background-media":"","overlay-type":"","overlay-color":"","overlay-opacity":"","overlay-gradient":""},"mobile":{"background-color":"var(--ast-global-color-5)","background-image":"","background-repeat":"repeat","background-position":"center center","background-size":"auto","background-attachment":"scroll","background-type":"","background-media":"","overlay-type":"","overlay-color":"","overlay-opacity":"","overlay-gradient":""}}},"product_brand":[],"product_cat":[74],"product_tag":[612,3119,2870,2863,1086,3116,3118,3114,529,3122,2867,530,609,3123,1053,1072,372,1084,2866,1044,2871,3117,1045,2368,2869,2868,379,3115,101,3124,2864,3120,488,1054,1069,483,543,1083,3121],"class_list":{"0":"post-41471","1":"product","2":"type-product","3":"status-publish","4":"has-post-thumbnail","6":"product_cat-kraeuter-cade-lavendel","7":"product_tag-atherisches-ol","8":"product_tag-brenner-de","9":"product_tag-burner-de","10":"product_tag-cadalith-de","11":"product_tag-cade-brenner-set","12":"product_tag-cade-span","13":"product_tag-cade-wacholderholz-kiesel","14":"product_tag-cadeholz-de","15":"product_tag-desinfektion-begasung","16":"product_tag-dufte-de","17":"product_tag-eisala-de","18":"product_tag-gegen-motten","19":"product_tag-holz","20":"product_tag-holzpulver-de","21":"product_tag-insektenabwehrmittel","22":"product_tag-juniperus-oxycedrus-de","23":"product_tag-keramik","24":"product_tag-keramikbrenner","25":"product_tag-merlin-de","26":"product_tag-moskitoschutz","27":"product_tag-moth-de","28":"product_tag-motten-de","29":"product_tag-muckenabwehrmittel","30":"product_tag-natural-de","31":"product_tag-pebbles-de","32":"product_tag-powder-de","33":"product_tag-provence-de","34":"product_tag-rauchen","35":"product_tag-raucher-lampe","36":"product_tag-repellent-de-2","37":"product_tag-repellent-de","38":"product_tag-wacholder-de","39":"product_tag-wacholderholz-cade-wacholder","40":"product_tag-weihrauch-de","41":"product_tag-weihrauch-de-2","42":"product_tag-weihrauch","43":"product_tag-weihrauch-cade","44":"product_tag-weihrauchbrenner-de","45":"product_tag-weihrauchbrenner-de-2","46":"desktop-align-left","47":"tablet-align-left","48":"mobile-align-left","50":"first","51":"instock","52":"shipping-taxable","53":"purchasable","54":"product-type-variable"},"barcode":null,"atum_controlled":true,"out_stock_date":"2021-05-10 11:53:09","out_stock_threshold":null,"inheritable":true,"stock_on_hold":0,"sold_today":0,"sales_last_days":0,"reserved_stock":null,"customer_returns":null,"warehouse_damage":null,"lost_in_post":null,"other_logs":null,"out_stock_days":1797,"lost_sales":0,"update_date":"2026-04-12T00:08:11","atum_locations":[],"atum_stock_status":"instock","restock_status":false,"low_stock_amount":"","sales_update_date":"2026-04-12T00:08:11","calc_backorders":null,"aioseo_notices":[],"_links":{"self":[{"href":"http:\/\/provence-online.fr\/de\/wp-json\/wp\/v2\/product\/41471","targetHints":{"allow":["GET"]}}],"collection":[{"href":"http:\/\/provence-online.fr\/de\/wp-json\/wp\/v2\/product"}],"about":[{"href":"http:\/\/provence-online.fr\/de\/wp-json\/wp\/v2\/types\/product"}],"version-history":[{"count":5,"href":"http:\/\/provence-online.fr\/de\/wp-json\/wp\/v2\/product\/41471\/revisions"}],"predecessor-version":[{"id":51119,"href":"http:\/\/provence-online.fr\/de\/wp-json\/wp\/v2\/product\/41471\/revisions\/51119"}],"wp:featuredmedia":[{"embeddable":true,"href":"http:\/\/provence-online.fr\/de\/wp-json\/wp\/v2\/media\/34251"}],"wp:attachment":[{"href":"http:\/\/provence-online.fr\/de\/wp-json\/wp\/v2\/media?parent=41471"}],"wp:term":[{"taxonomy":"product_brand","embeddable":true,"href":"http:\/\/provence-online.fr\/de\/wp-json\/wp\/v2\/product_brand?post=41471"},{"taxonomy":"product_cat","embeddable":true,"href":"http:\/\/provence-online.fr\/de\/wp-json\/wp\/v2\/product_cat?post=41471"},{"taxonomy":"product_tag","embeddable":true,"href":"http:\/\/provence-online.fr\/de\/wp-json\/wp\/v2\/product_tag?post=41471"}],"curies":[{"name":"wp","href":"https:\/\/api.w.org\/{rel}","templated":true}]}}