{"id":44199,"date":"2022-03-06T20:26:11","date_gmt":"2022-03-06T19:26:11","guid":{"rendered":"https:\/\/provence-online.fr\/?post_type=product&#038;p=44199"},"modified":"2024-12-17T11:53:02","modified_gmt":"2024-12-17T10:53:02","slug":"stoffkorb-valdrome-bleu","status":"publish","type":"product","link":"http:\/\/provence-online.fr\/de\/product\/stoffkorb-valdrome-bleu\/","title":{"rendered":"Stoffkorb  Valdr\u00f4me (bleu)"},"content":{"rendered":"<p>Stoffkorb Valdr\u00f4me f\u00fcr Badezimmerutensilien, den Tisch oder andere Aufbewahrungsm\u00f6glichkeiten.<\/p>\n<p>Dieser Stoffaufbewahrungskorb ist ein unverzichtbares Accessoire im ganzen Haus, vom Wohnzimmer \u00fcber das B\u00fcro bis hin zur K\u00fcche und zum Badezimmer. Es erm\u00f6glicht Ihnen, Ihre kleinen Gegenst\u00e4nde auf sehr praktische und \u00e4sthetische Weise zu sortieren und zu lagern.<\/p>\n<p>Gr\u00f6\u00dfe: 17 x 22 x 6 cm, 17cm ge\u00f6ffnet<br \/>\n100% Baumwolle<br \/>\nReversibel<br \/>\nWaschmaschinen geeignet<\/p>\n<p>Zus\u00e4tzliches Zubeh\u00f6r, <a href=\"https:\/\/provence-online.fr\/de\/product\/tischsets-valdrome\/\" title=\"Tischset Valdr\u00f4me, Blau\">Tischset<\/a>, <a href=\"https:\/\/provence-online.fr\/de\/product\/topfhandschuhe-valdrome-gant-bleu\/\" title=\"Topfhandschuhe Valdr\u00f4me (gant bleu)\">Topfhandschuh<\/a><\/p>\n<p>Unsere franz\u00f6sische <a href=\"https:\/\/provence-online.fr\/de\/textile\/\" title=\"Textile\">Tischw\u00e4sche<\/a> finden Sie auf der Website.<br \/>\nFranz\u00f6sische Herstellung in der Provence<\/p>\n","protected":false},"excerpt":{"rendered":"<p>Stoffkorb Valdr\u00f4me f\u00fcr Badezimmerutensilien, den Tisch oder andere Aufbewahrungsm\u00f6glichkeiten. &#8220; Valdr\u00f4me&#8220;<\/p>\n","protected":false},"featured_media":44203,"template":"","meta":{"om_disable_all_campaigns":false,"_monsterinsights_skip_tracking":false,"_monsterinsights_sitenote_active":false,"_monsterinsights_sitenote_note":"","_monsterinsights_sitenote_category":0,"site-sidebar-layout":"default","site-content-layout":"default","ast-site-content-layout":"default","site-content-style":"default","site-sidebar-style":"default","ast-global-header-display":"","ast-banner-title-visibility":"","ast-main-header-display":"","ast-hfb-above-header-display":"","ast-hfb-below-header-display":"","ast-hfb-mobile-header-display":"","site-post-title":"","ast-breadcrumbs-content":"","ast-featured-img":"","footer-sml-layout":"","ast-disable-related-posts":"","theme-transparent-header-meta":"default","adv-header-id-meta":"","stick-header-meta":"","header-above-stick-meta":"","header-main-stick-meta":"","header-below-stick-meta":"","astra-migrate-meta-layouts":"default","ast-page-background-enabled":"default","ast-page-background-meta":{"desktop":{"background-color":"","background-image":"","background-repeat":"repeat","background-position":"center center","background-size":"auto","background-attachment":"scroll","background-type":"","background-media":"","overlay-type":"","overlay-color":"","overlay-opacity":"","overlay-gradient":""},"tablet":{"background-color":"","background-image":"","background-repeat":"repeat","background-position":"center center","background-size":"auto","background-attachment":"scroll","background-type":"","background-media":"","overlay-type":"","overlay-color":"","overlay-opacity":"","overlay-gradient":""},"mobile":{"background-color":"","background-image":"","background-repeat":"repeat","background-position":"center center","background-size":"auto","background-attachment":"scroll","background-type":"","background-media":"","overlay-type":"","overlay-color":"","overlay-opacity":"","overlay-gradient":""}},"ast-content-background-meta":{"desktop":{"background-color":"var(--ast-global-color-5)","background-image":"","background-repeat":"repeat","background-position":"center center","background-size":"auto","background-attachment":"scroll","background-type":"","background-media":"","overlay-type":"","overlay-color":"","overlay-opacity":"","overlay-gradient":""},"tablet":{"background-color":"var(--ast-global-color-5)","background-image":"","background-repeat":"repeat","background-position":"center center","background-size":"auto","background-attachment":"scroll","background-type":"","background-media":"","overlay-type":"","overlay-color":"","overlay-opacity":"","overlay-gradient":""},"mobile":{"background-color":"var(--ast-global-color-5)","background-image":"","background-repeat":"repeat","background-position":"center center","background-size":"auto","background-attachment":"scroll","background-type":"","background-media":"","overlay-type":"","overlay-color":"","overlay-opacity":"","overlay-gradient":""}}},"product_brand":[],"product_cat":[135],"product_tag":[473,697,2255,378,458,699,2286,2287,691,2211,695,689,474,507,694,708,703,704,476,709,693,706,705,379,701,698,707,702,472,690,475,700,557,1961,692,713,555,2288,2285,696,2289,471],"class_list":{"0":"post-44199","1":"product","2":"type-product","3":"status-publish","4":"has-post-thumbnail","6":"product_cat-textile-de","7":"product_tag-aufbewahrungskorb","8":"product_tag-baumwolle","9":"product_tag-beschichtetem-baumwollgewebe-de","10":"product_tag-deco-de","11":"product_tag-dekoration","12":"product_tag-frankreich","13":"product_tag-franzosisch","14":"product_tag-franzosische-herstellung","15":"product_tag-geschirrtuch","16":"product_tag-hergestellt-in-frankreich","17":"product_tag-kochtopf","18":"product_tag-korb-de","19":"product_tag-korb","20":"product_tag-kuche","21":"product_tag-kuchenhandschuh-topfhandschuhe","22":"product_tag-lagerung","23":"product_tag-lavendel","24":"product_tag-lavendel-de","25":"product_tag-leinen","26":"product_tag-naharbeit","27":"product_tag-ofen","28":"product_tag-olive-de","29":"product_tag-olivenbaum","30":"product_tag-provence-de","31":"product_tag-schurze","32":"product_tag-serg-stoff","33":"product_tag-stoff","34":"product_tag-stoffkorb-de","35":"product_tag-stoffkorb","36":"product_tag-tee","37":"product_tag-textile-de","38":"product_tag-textilien","39":"product_tag-tisch","40":"product_tag-tischset-de","41":"product_tag-tischset","42":"product_tag-tischsets","43":"product_tag-tischtuch","44":"product_tag-tischwasche","45":"product_tag-topflappen-de","46":"product_tag-topflappen","47":"product_tag-tortenbeutel-de","48":"product_tag-valdrome-de","49":"desktop-align-left","50":"tablet-align-left","51":"mobile-align-left","53":"first","54":"outofstock","55":"shipping-taxable","56":"purchasable","57":"product-type-simple"},"barcode":null,"atum_controlled":true,"out_stock_date":"2024-12-17 11:53:02","out_stock_threshold":null,"inheritable":false,"stock_on_hold":0,"sold_today":0,"sales_last_days":0,"reserved_stock":null,"customer_returns":null,"warehouse_damage":null,"lost_in_post":null,"other_logs":null,"out_stock_days":476,"lost_sales":0,"update_date":"2026-04-08T00:07:06","atum_locations":[],"atum_stock_status":"outofstock","restock_status":false,"low_stock_amount":"","sales_update_date":"2026-04-08T00:07:06","calc_backorders":null,"aioseo_notices":[],"_links":{"self":[{"href":"http:\/\/provence-online.fr\/de\/wp-json\/wp\/v2\/product\/44199","targetHints":{"allow":["GET"]}}],"collection":[{"href":"http:\/\/provence-online.fr\/de\/wp-json\/wp\/v2\/product"}],"about":[{"href":"http:\/\/provence-online.fr\/de\/wp-json\/wp\/v2\/types\/product"}],"version-history":[{"count":5,"href":"http:\/\/provence-online.fr\/de\/wp-json\/wp\/v2\/product\/44199\/revisions"}],"predecessor-version":[{"id":49347,"href":"http:\/\/provence-online.fr\/de\/wp-json\/wp\/v2\/product\/44199\/revisions\/49347"}],"wp:featuredmedia":[{"embeddable":true,"href":"http:\/\/provence-online.fr\/de\/wp-json\/wp\/v2\/media\/44203"}],"wp:attachment":[{"href":"http:\/\/provence-online.fr\/de\/wp-json\/wp\/v2\/media?parent=44199"}],"wp:term":[{"taxonomy":"product_brand","embeddable":true,"href":"http:\/\/provence-online.fr\/de\/wp-json\/wp\/v2\/product_brand?post=44199"},{"taxonomy":"product_cat","embeddable":true,"href":"http:\/\/provence-online.fr\/de\/wp-json\/wp\/v2\/product_cat?post=44199"},{"taxonomy":"product_tag","embeddable":true,"href":"http:\/\/provence-online.fr\/de\/wp-json\/wp\/v2\/product_tag?post=44199"}],"curies":[{"name":"wp","href":"https:\/\/api.w.org\/{rel}","templated":true}]}}