{"id":49212,"date":"2023-06-26T16:44:48","date_gmt":"2023-06-26T15:09:09","guid":{"rendered":"https:\/\/provence-online.fr\/?post_type=product&#038;p=49212"},"modified":"2024-12-19T20:00:11","modified_gmt":"2024-12-19T19:00:11","slug":"tischset-esterel-rot","status":"publish","type":"product","link":"http:\/\/provence-online.fr\/de\/product\/tischset-esterel-rot\/","title":{"rendered":"Tischset Esterel rot"},"content":{"rendered":"<p>Tischset Esterel in Rot mit Motiven aus der Provence.<br \/>\nDieses gesteppte Tischset ist eine franz\u00f6sische Tischw\u00e4sche, mit der Sie einen sehr sch\u00f6nen Tisch decken k\u00f6nnen.<\/p>\n<p>Ma\u00dfe: 44 x 34 cm<\/p>\n<p>Als Erg\u00e4nzung die <a href=\"https:\/\/provence-online.fr\/de\/textile\/\" title=\"Textile\">Accessoires<\/a>, <a href=\"https:\/\/provence-online.fr\/de\/product\/topfhandschuhe-esterel\/\" title=\"Topfhandschuhe \u201cEsterel\u201d\">Handschuh<\/a>, <a href=\"https:\/\/provence-online.fr\/de\/product\/topflappen-esterel\/\" title=\"Topflappen \u201cEsterel\u201d\">Topflappen<\/a>, <a href=\"https:\/\/provence-online.fr\/de\/product\/stoffkorb-provenzalisch-esterel\/\" title=\"Stoffkorb Provenzalisch Esterel\">Korb<\/a>.<\/p>\n<p>100% Baumwolle mit Polyester-Innenseite f\u00fcr die Steppdecke.<br \/>\nMaschinenw\u00e4sche bei 40\u00b0 mit sanftem Schleudern.<br \/>\nTrocknen im W\u00e4schetrockner nicht empfohlen.<br \/>\nKein Weichsp\u00fcler, wenig Waschmittel.<br \/>\nB\u00fcgeln wird empfohlen.<\/p>\n<p>Franz\u00f6sische Herstellung, Provence.<\/p>\n","protected":false},"excerpt":{"rendered":"<p>Tischset Esterel rot.<\/p>\n","protected":false},"featured_media":49200,"template":"","meta":{"om_disable_all_campaigns":false,"_monsterinsights_skip_tracking":false,"_monsterinsights_sitenote_active":false,"_monsterinsights_sitenote_note":"","_monsterinsights_sitenote_category":0,"site-sidebar-layout":"default","site-content-layout":"default","ast-site-content-layout":"default","site-content-style":"default","site-sidebar-style":"default","ast-global-header-display":"","ast-banner-title-visibility":"","ast-main-header-display":"","ast-hfb-above-header-display":"","ast-hfb-below-header-display":"","ast-hfb-mobile-header-display":"","site-post-title":"","ast-breadcrumbs-content":"","ast-featured-img":"","footer-sml-layout":"","ast-disable-related-posts":"","theme-transparent-header-meta":"default","adv-header-id-meta":"","stick-header-meta":"","header-above-stick-meta":"","header-main-stick-meta":"","header-below-stick-meta":"","astra-migrate-meta-layouts":"default","ast-page-background-enabled":"default","ast-page-background-meta":{"desktop":{"background-color":"","background-image":"","background-repeat":"repeat","background-position":"center center","background-size":"auto","background-attachment":"scroll","background-type":"","background-media":"","overlay-type":"","overlay-color":"","overlay-opacity":"","overlay-gradient":""},"tablet":{"background-color":"","background-image":"","background-repeat":"repeat","background-position":"center center","background-size":"auto","background-attachment":"scroll","background-type":"","background-media":"","overlay-type":"","overlay-color":"","overlay-opacity":"","overlay-gradient":""},"mobile":{"background-color":"","background-image":"","background-repeat":"repeat","background-position":"center center","background-size":"auto","background-attachment":"scroll","background-type":"","background-media":"","overlay-type":"","overlay-color":"","overlay-opacity":"","overlay-gradient":""}},"ast-content-background-meta":{"desktop":{"background-color":"var(--ast-global-color-5)","background-image":"","background-repeat":"repeat","background-position":"center center","background-size":"auto","background-attachment":"scroll","background-type":"","background-media":"","overlay-type":"","overlay-color":"","overlay-opacity":"","overlay-gradient":""},"tablet":{"background-color":"var(--ast-global-color-5)","background-image":"","background-repeat":"repeat","background-position":"center center","background-size":"auto","background-attachment":"scroll","background-type":"","background-media":"","overlay-type":"","overlay-color":"","overlay-opacity":"","overlay-gradient":""},"mobile":{"background-color":"var(--ast-global-color-5)","background-image":"","background-repeat":"repeat","background-position":"center center","background-size":"auto","background-attachment":"scroll","background-type":"","background-media":"","overlay-type":"","overlay-color":"","overlay-opacity":"","overlay-gradient":""}}},"product_brand":[],"product_cat":[135],"product_tag":[2681,2664,2682,2676,378,2691,2688,2678,2671,2674,2675,2213,2686,2665,2685,2692,706,2687,2670,2673,379,2683,2212,2669,2690,2689,2668,2663,2672,2666,475,2680,1969,2684,2667,2677,471],"class_list":{"0":"post-49212","1":"product","2":"type-product","3":"status-publish","4":"has-post-thumbnail","6":"product_cat-textile-de","7":"product_tag-apron-de","8":"product_tag-baskets-de","9":"product_tag-cloth-basket-de","10":"product_tag-cotton-de","11":"product_tag-deco-de","12":"product_tag-decoration-de","13":"product_tag-fabric-de","14":"product_tag-france-de","15":"product_tag-gloves-de","16":"product_tag-holder-de","17":"product_tag-kitchen-de","18":"product_tag-lensoleillade-de","19":"product_tag-lavender-de","20":"product_tag-linen-de","21":"product_tag-luggage-de","22":"product_tag-made-in-france-de","23":"product_tag-olive-de","24":"product_tag-oliviers-de","25":"product_tag-oven-de","26":"product_tag-pot-de","27":"product_tag-provence-de","28":"product_tag-purse-de","29":"product_tag-rot","30":"product_tag-set-de","31":"product_tag-sewing-de","32":"product_tag-storage-de","33":"product_tag-table-de","34":"product_tag-table-set-de","35":"product_tag-tablecloth-de","36":"product_tag-tea-de","37":"product_tag-textile-de","38":"product_tag-textiles-de","39":"product_tag-tischset-de-2","40":"product_tag-toiletry-bag-de","41":"product_tag-towels-de","42":"product_tag-twill-de","43":"product_tag-valdrome-de","44":"desktop-align-left","45":"tablet-align-left","46":"mobile-align-left","48":"first","49":"instock","50":"shipping-taxable","51":"purchasable","52":"product-type-simple"},"barcode":null,"atum_controlled":true,"out_stock_date":null,"out_stock_threshold":null,"inheritable":false,"stock_on_hold":0,"sold_today":0,"sales_last_days":0,"reserved_stock":null,"customer_returns":null,"warehouse_damage":null,"lost_in_post":null,"other_logs":null,"out_stock_days":0,"lost_sales":0,"update_date":"2026-04-08T00:05:32","atum_locations":[],"atum_stock_status":"instock","restock_status":false,"low_stock_amount":"","sales_update_date":"2026-04-08T00:05:32","calc_backorders":null,"aioseo_notices":[],"_links":{"self":[{"href":"http:\/\/provence-online.fr\/de\/wp-json\/wp\/v2\/product\/49212","targetHints":{"allow":["GET"]}}],"collection":[{"href":"http:\/\/provence-online.fr\/de\/wp-json\/wp\/v2\/product"}],"about":[{"href":"http:\/\/provence-online.fr\/de\/wp-json\/wp\/v2\/types\/product"}],"version-history":[{"count":1,"href":"http:\/\/provence-online.fr\/de\/wp-json\/wp\/v2\/product\/49212\/revisions"}],"predecessor-version":[{"id":49213,"href":"http:\/\/provence-online.fr\/de\/wp-json\/wp\/v2\/product\/49212\/revisions\/49213"}],"wp:featuredmedia":[{"embeddable":true,"href":"http:\/\/provence-online.fr\/de\/wp-json\/wp\/v2\/media\/49200"}],"wp:attachment":[{"href":"http:\/\/provence-online.fr\/de\/wp-json\/wp\/v2\/media?parent=49212"}],"wp:term":[{"taxonomy":"product_brand","embeddable":true,"href":"http:\/\/provence-online.fr\/de\/wp-json\/wp\/v2\/product_brand?post=49212"},{"taxonomy":"product_cat","embeddable":true,"href":"http:\/\/provence-online.fr\/de\/wp-json\/wp\/v2\/product_cat?post=49212"},{"taxonomy":"product_tag","embeddable":true,"href":"http:\/\/provence-online.fr\/de\/wp-json\/wp\/v2\/product_tag?post=49212"}],"curies":[{"name":"wp","href":"https:\/\/api.w.org\/{rel}","templated":true}]}}