{"id":49335,"date":"2023-07-07T15:25:19","date_gmt":"2023-07-07T13:35:08","guid":{"rendered":"https:\/\/provence-online.fr\/?post_type=product&#038;p=49335"},"modified":"2024-02-07T00:01:05","modified_gmt":"2024-02-06T23:01:05","slug":"tortenbeutel-johannisbeere","status":"publish","type":"product","link":"http:\/\/provence-online.fr\/de\/product\/tortenbeutel-johannisbeere\/","title":{"rendered":"Tortenbeutel &#8211; Johannisbeere"},"content":{"rendered":"<p>Tortenbeutel Johannisbeere aus beschichteter Baumwolle.<\/p>\n<p>Nehmen Sie Ihre k\u00f6stlichen s\u00fc\u00dfen oder salzigen Torten \u00fcberall mit hin, dank dieser Tortentasche. Sehr pflegeleicht. <\/p>\n<p>Gr\u00f6\u00dfe: 36 x 36 cm<\/p>\n<p>Das beschichtete Baumwollgewebe macht die Pflege sehr einfach und bequem. Flecken lassen sich einfach mit einem Schwamm und warmem Wasser entfernen.<br \/>\nGelegentlich bei 30 Grad in der Waschmaschine ohne Weichsp\u00fcler und Schleudergang waschen.<br \/>\nB\u00fcgeln Sie den Stoff auf der R\u00fcckseite, um die Eigenschaften der Beschichtung zu erhalten.<\/p>\n<p>Zus\u00e4tzliches Zubeh\u00f6r, <a href=\"https:\/\/provence-online.fr\/de\/product\/tischset-groseille\/\" title=\"Tischset \u2013 Groseille\">Tischset<\/a>, <a href=\"https:\/\/provence-online.fr\/de\/product\/schuerze-johannisbeer\/\" title=\"Sch\u00fcrze \u2013 Johannisbeer\">Sch\u00fcrze<\/a><\/p>\n<p>Unsere franz\u00f6sische <a href=\"https:\/\/provence-online.fr\/de\/textile\/\" title=\"Textile\">Tischw\u00e4sche<\/a> finden Sie auf der Website.<br \/>\nFranz\u00f6sische Herstellung in der Provence<\/p>\n","protected":false},"excerpt":{"rendered":"<p>Tortenbeutel aus beschichteter Baumwolle.<\/p>\n","protected":false},"featured_media":49330,"template":"","meta":{"om_disable_all_campaigns":false,"_monsterinsights_skip_tracking":false,"_monsterinsights_sitenote_active":false,"_monsterinsights_sitenote_note":"","_monsterinsights_sitenote_category":0,"site-sidebar-layout":"default","site-content-layout":"default","ast-site-content-layout":"default","site-content-style":"default","site-sidebar-style":"default","ast-global-header-display":"","ast-banner-title-visibility":"","ast-main-header-display":"","ast-hfb-above-header-display":"","ast-hfb-below-header-display":"","ast-hfb-mobile-header-display":"","site-post-title":"","ast-breadcrumbs-content":"","ast-featured-img":"","footer-sml-layout":"","ast-disable-related-posts":"","theme-transparent-header-meta":"default","adv-header-id-meta":"","stick-header-meta":"","header-above-stick-meta":"","header-main-stick-meta":"","header-below-stick-meta":"","astra-migrate-meta-layouts":"default","ast-page-background-enabled":"default","ast-page-background-meta":{"desktop":{"background-color":"","background-image":"","background-repeat":"repeat","background-position":"center center","background-size":"auto","background-attachment":"scroll","background-type":"","background-media":"","overlay-type":"","overlay-color":"","overlay-opacity":"","overlay-gradient":""},"tablet":{"background-color":"","background-image":"","background-repeat":"repeat","background-position":"center center","background-size":"auto","background-attachment":"scroll","background-type":"","background-media":"","overlay-type":"","overlay-color":"","overlay-opacity":"","overlay-gradient":""},"mobile":{"background-color":"","background-image":"","background-repeat":"repeat","background-position":"center center","background-size":"auto","background-attachment":"scroll","background-type":"","background-media":"","overlay-type":"","overlay-color":"","overlay-opacity":"","overlay-gradient":""}},"ast-content-background-meta":{"desktop":{"background-color":"var(--ast-global-color-5)","background-image":"","background-repeat":"repeat","background-position":"center center","background-size":"auto","background-attachment":"scroll","background-type":"","background-media":"","overlay-type":"","overlay-color":"","overlay-opacity":"","overlay-gradient":""},"tablet":{"background-color":"var(--ast-global-color-5)","background-image":"","background-repeat":"repeat","background-position":"center center","background-size":"auto","background-attachment":"scroll","background-type":"","background-media":"","overlay-type":"","overlay-color":"","overlay-opacity":"","overlay-gradient":""},"mobile":{"background-color":"var(--ast-global-color-5)","background-image":"","background-repeat":"repeat","background-position":"center center","background-size":"auto","background-attachment":"scroll","background-type":"","background-media":"","overlay-type":"","overlay-color":"","overlay-opacity":"","overlay-gradient":""}}},"product_brand":[],"product_cat":[135],"product_tag":[2681,2664,2682,2661,2676,378,2691,2688,2678,2693,2694,2671,2674,2675,2686,2665,2692,706,2687,2670,2696,2673,2679,379,2683,2669,2690,2689,2668,2695,2663,2672,2292,2666,475,2680,1969,2290,2291,2293,2667,2677,471],"class_list":{"0":"post-49335","1":"product","2":"type-product","3":"status-publish","4":"has-post-thumbnail","6":"product_cat-textile-de","7":"product_tag-apron-de","8":"product_tag-baskets-de","9":"product_tag-cloth-basket-de","10":"product_tag-coated-cotton-de","11":"product_tag-cotton-de","12":"product_tag-deco-de","13":"product_tag-decoration-de","14":"product_tag-fabric-de","15":"product_tag-france-de","16":"product_tag-french-de","17":"product_tag-french-manufacturing-de","18":"product_tag-gloves-de","19":"product_tag-holder-de","20":"product_tag-kitchen-de","21":"product_tag-lavender-de","22":"product_tag-linen-de","23":"product_tag-made-in-france-de","24":"product_tag-olive-de","25":"product_tag-oliviers-de","26":"product_tag-oven-de","27":"product_tag-pie-bag-de","28":"product_tag-pot-de","29":"product_tag-potholder-de","30":"product_tag-provence-de","31":"product_tag-purse-de","32":"product_tag-set-de","33":"product_tag-sewing-de","34":"product_tag-storage-de","35":"product_tag-table-de","36":"product_tag-table-linen-de","37":"product_tag-table-set-de","38":"product_tag-tablecloth-de","39":"product_tag-tasche","40":"product_tag-tea-de","41":"product_tag-textile-de","42":"product_tag-textiles-de","43":"product_tag-tischset-de-2","44":"product_tag-torte","45":"product_tag-torte-de","46":"product_tag-torten-tasche","47":"product_tag-towels-de","48":"product_tag-twill-de","49":"product_tag-valdrome-de","50":"desktop-align-left","51":"tablet-align-left","52":"mobile-align-left","54":"first","55":"instock","56":"shipping-taxable","57":"purchasable","58":"product-type-simple"},"barcode":null,"atum_controlled":true,"out_stock_date":null,"out_stock_threshold":null,"inheritable":false,"stock_on_hold":0,"sold_today":0,"sales_last_days":0,"reserved_stock":null,"customer_returns":null,"warehouse_damage":null,"lost_in_post":null,"other_logs":null,"out_stock_days":0,"lost_sales":0,"update_date":"2026-04-08T00:07:14","atum_locations":[],"atum_stock_status":"instock","restock_status":false,"low_stock_amount":"","sales_update_date":"2026-04-08T00:07:14","calc_backorders":null,"aioseo_notices":[],"_links":{"self":[{"href":"http:\/\/provence-online.fr\/de\/wp-json\/wp\/v2\/product\/49335","targetHints":{"allow":["GET"]}}],"collection":[{"href":"http:\/\/provence-online.fr\/de\/wp-json\/wp\/v2\/product"}],"about":[{"href":"http:\/\/provence-online.fr\/de\/wp-json\/wp\/v2\/types\/product"}],"version-history":[{"count":3,"href":"http:\/\/provence-online.fr\/de\/wp-json\/wp\/v2\/product\/49335\/revisions"}],"predecessor-version":[{"id":49338,"href":"http:\/\/provence-online.fr\/de\/wp-json\/wp\/v2\/product\/49335\/revisions\/49338"}],"wp:featuredmedia":[{"embeddable":true,"href":"http:\/\/provence-online.fr\/de\/wp-json\/wp\/v2\/media\/49330"}],"wp:attachment":[{"href":"http:\/\/provence-online.fr\/de\/wp-json\/wp\/v2\/media?parent=49335"}],"wp:term":[{"taxonomy":"product_brand","embeddable":true,"href":"http:\/\/provence-online.fr\/de\/wp-json\/wp\/v2\/product_brand?post=49335"},{"taxonomy":"product_cat","embeddable":true,"href":"http:\/\/provence-online.fr\/de\/wp-json\/wp\/v2\/product_cat?post=49335"},{"taxonomy":"product_tag","embeddable":true,"href":"http:\/\/provence-online.fr\/de\/wp-json\/wp\/v2\/product_tag?post=49335"}],"curies":[{"name":"wp","href":"https:\/\/api.w.org\/{rel}","templated":true}]}}