{"id":50035,"date":"2023-10-20T18:52:22","date_gmt":"2023-10-21T09:27:02","guid":{"rendered":"https:\/\/provence-online.fr\/?post_type=product&#038;p=50035"},"modified":"2024-10-26T14:34:06","modified_gmt":"2024-10-26T12:34:06","slug":"santon-zubehoer-brunnen-halbmond","status":"publish","type":"product","link":"http:\/\/provence-online.fr\/de\/product\/santon-zubehoer-brunnen-halbmond\/","title":{"rendered":"Santon Zubeh\u00f6r Brunnen Halbmond"},"content":{"rendered":"<p><strong>Brunnen Halbmond.<\/strong><\/p>\n<p>In der Provence gibt es in allen St\u00e4dten und D\u00f6rfern mehrere solcher unterschiedlicher Art.<br \/>\nHier ist unser typisch provenzalischer Halbmondbrunnen f\u00fcr Santons in den Gr\u00f6\u00dfen 7 cm, 8 cm und 9 cm geeignet.<\/p>\n<p>Hergestellt aus Ton.<br \/>\nUngef\u00e4hre Ma\u00dfe: 5 x 5,5 cm, H\u00f6he 6 cm.<\/p>\n<p>Alle unsere Krippenfiguren und Krippenzubeh\u00f6r werden in unseren Werkst\u00e4tten in der Provence nach alter Tradition handgefertigt und handbemalt.<br \/>\nSie finden unsere Kollektionen von Santons und Krippenzubeh\u00f6r <a href=\"https:\/\/provence-online.fr\/de\/santon-4-5cm\/\" title=\"Santon 4\/5 cm\">4 cm bis 5 cm<\/a>, <a href=\"https:\/\/provence-online.fr\/de\/santon-7-cm\/\" title=\"Santon 7 cm\">7 cm<\/a> und <a href=\"https:\/\/provence-online.fr\/de\/santon-8-9-cm-2\/\" title=\"Santon 8\/9 cm\">8 cm bis 9 c<\/a>m auf unserer Website.<\/p>\n","protected":false},"excerpt":{"rendered":"<p>Zubeh\u00f6r Brunnen Halbmond.<\/p>\n","protected":false},"featured_media":50023,"template":"","meta":{"om_disable_all_campaigns":false,"_monsterinsights_skip_tracking":false,"_monsterinsights_sitenote_active":false,"_monsterinsights_sitenote_note":"","_monsterinsights_sitenote_category":0,"site-sidebar-layout":"default","site-content-layout":"default","ast-site-content-layout":"default","site-content-style":"default","site-sidebar-style":"default","ast-global-header-display":"","ast-banner-title-visibility":"","ast-main-header-display":"","ast-hfb-above-header-display":"","ast-hfb-below-header-display":"","ast-hfb-mobile-header-display":"","site-post-title":"","ast-breadcrumbs-content":"","ast-featured-img":"","footer-sml-layout":"","ast-disable-related-posts":"","theme-transparent-header-meta":"default","adv-header-id-meta":"","stick-header-meta":"","header-above-stick-meta":"","header-main-stick-meta":"","header-below-stick-meta":"","astra-migrate-meta-layouts":"set","ast-page-background-enabled":"default","ast-page-background-meta":{"desktop":{"background-color":"","background-image":"","background-repeat":"repeat","background-position":"center center","background-size":"auto","background-attachment":"scroll","background-type":"","background-media":"","overlay-type":"","overlay-color":"","overlay-opacity":"","overlay-gradient":""},"tablet":{"background-color":"","background-image":"","background-repeat":"repeat","background-position":"center center","background-size":"auto","background-attachment":"scroll","background-type":"","background-media":"","overlay-type":"","overlay-color":"","overlay-opacity":"","overlay-gradient":""},"mobile":{"background-color":"","background-image":"","background-repeat":"repeat","background-position":"center center","background-size":"auto","background-attachment":"scroll","background-type":"","background-media":"","overlay-type":"","overlay-color":"","overlay-opacity":"","overlay-gradient":""}},"ast-content-background-meta":{"desktop":{"background-color":"var(--ast-global-color-5)","background-image":"","background-repeat":"repeat","background-position":"center center","background-size":"auto","background-attachment":"scroll","background-type":"","background-media":"","overlay-type":"","overlay-color":"","overlay-opacity":"","overlay-gradient":""},"tablet":{"background-color":"var(--ast-global-color-5)","background-image":"","background-repeat":"repeat","background-position":"center center","background-size":"auto","background-attachment":"scroll","background-type":"","background-media":"","overlay-type":"","overlay-color":"","overlay-opacity":"","overlay-gradient":""},"mobile":{"background-color":"var(--ast-global-color-5)","background-image":"","background-repeat":"repeat","background-position":"center center","background-size":"auto","background-attachment":"scroll","background-type":"","background-media":"","overlay-type":"","overlay-color":"","overlay-opacity":"","overlay-gradient":""}}},"product_brand":[],"product_cat":[110,76,107,111],"product_tag":[802,803,804,806,807,2043,2730,2760,2764,2731,837,2038,857,991,756,2763,2039,2761,2047,956,2044,2041,2051,759,2052,1125,1390,1585,2048,996,987,992,2733,379,755,1014,2734,760,2762,448,2046,757,2037,1553,1306,1307,1146],"class_list":{"0":"post-50035","1":"product","2":"type-product","3":"status-publish","4":"has-post-thumbnail","6":"product_cat-krippenfiguren-7-cm","7":"product_cat-santon-8-9-cm-de","8":"product_cat-zubehor","9":"product_cat-zubehor-de","10":"product_tag-4-cm-de","11":"product_tag-5-cm-de","12":"product_tag-7-cm-de","13":"product_tag-8-cm-de","14":"product_tag-9-cm-de","15":"product_tag-balthazard-de","16":"product_tag-borie-de","17":"product_tag-brunnen-de","18":"product_tag-brunnen-de-2","19":"product_tag-capitele-de","20":"product_tag-figur","21":"product_tag-figuren","22":"product_tag-franzosisch-santon","23":"product_tag-gaspard-de","24":"product_tag-geburt","25":"product_tag-halbmond-brunnen","26":"product_tag-heiligen-konige","27":"product_tag-kabanon","28":"product_tag-kleine-krippenfigur-de","29":"product_tag-kleiner-heiliger","30":"product_tag-konig-de","31":"product_tag-konige","32":"product_tag-krippe-de-2","33":"product_tag-krippe","34":"product_tag-krippe-de-3","35":"product_tag-krippenfigur","36":"product_tag-krippenfiguren-set","37":"product_tag-krippenkollektion","38":"product_tag-kunsthandwerker","39":"product_tag-magier","40":"product_tag-magierkonig","41":"product_tag-melchior-de","42":"product_tag-pastorale-de","43":"product_tag-provence-de","44":"product_tag-santon-de","45":"product_tag-santon-tier-de","46":"product_tag-santon-zubehor-de","47":"product_tag-szene","48":"product_tag-taubenschlag-de","49":"product_tag-tier","50":"product_tag-tradition-de","51":"product_tag-weihnacht","52":"product_tag-weihnachten","53":"product_tag-weihnachtskrippe-de-3","54":"product_tag-weihnachtskrippe-de-2","55":"product_tag-weihnachtsszene","56":"product_tag-zubehor-de","57":"desktop-align-left","58":"tablet-align-left","59":"mobile-align-left","61":"first","62":"instock","63":"shipping-taxable","64":"purchasable","65":"product-type-simple"},"barcode":null,"atum_controlled":true,"out_stock_date":null,"out_stock_threshold":null,"inheritable":false,"stock_on_hold":0,"sold_today":0,"sales_last_days":0,"reserved_stock":null,"customer_returns":null,"warehouse_damage":null,"lost_in_post":null,"other_logs":null,"out_stock_days":0,"lost_sales":0,"update_date":"2026-04-06T00:06:40","atum_locations":[],"atum_stock_status":"instock","restock_status":false,"low_stock_amount":"","sales_update_date":"2026-04-06T00:06:40","calc_backorders":null,"aioseo_notices":[],"_links":{"self":[{"href":"http:\/\/provence-online.fr\/de\/wp-json\/wp\/v2\/product\/50035","targetHints":{"allow":["GET"]}}],"collection":[{"href":"http:\/\/provence-online.fr\/de\/wp-json\/wp\/v2\/product"}],"about":[{"href":"http:\/\/provence-online.fr\/de\/wp-json\/wp\/v2\/types\/product"}],"version-history":[{"count":2,"href":"http:\/\/provence-online.fr\/de\/wp-json\/wp\/v2\/product\/50035\/revisions"}],"predecessor-version":[{"id":50039,"href":"http:\/\/provence-online.fr\/de\/wp-json\/wp\/v2\/product\/50035\/revisions\/50039"}],"wp:featuredmedia":[{"embeddable":true,"href":"http:\/\/provence-online.fr\/de\/wp-json\/wp\/v2\/media\/50023"}],"wp:attachment":[{"href":"http:\/\/provence-online.fr\/de\/wp-json\/wp\/v2\/media?parent=50035"}],"wp:term":[{"taxonomy":"product_brand","embeddable":true,"href":"http:\/\/provence-online.fr\/de\/wp-json\/wp\/v2\/product_brand?post=50035"},{"taxonomy":"product_cat","embeddable":true,"href":"http:\/\/provence-online.fr\/de\/wp-json\/wp\/v2\/product_cat?post=50035"},{"taxonomy":"product_tag","embeddable":true,"href":"http:\/\/provence-online.fr\/de\/wp-json\/wp\/v2\/product_tag?post=50035"}],"curies":[{"name":"wp","href":"https:\/\/api.w.org\/{rel}","templated":true}]}}