{"id":50550,"date":"2023-11-09T17:27:51","date_gmt":"2023-11-09T16:49:24","guid":{"rendered":"https:\/\/provence-online.fr\/?post_type=product&#038;p=50550"},"modified":"2023-11-09T18:40:17","modified_gmt":"2023-11-09T17:40:17","slug":"santon-tiere-kaetzchen","status":"publish","type":"product","link":"http:\/\/provence-online.fr\/de\/product\/santon-tiere-kaetzchen\/","title":{"rendered":"Santon Tiere K\u00e4tzchen"},"content":{"rendered":"<p><strong>K\u00e4tzchen<\/strong><\/p>\n<p>Ist diese kleine Katze nicht s\u00fc\u00df?<br \/>\nSie l\u00e4sst sich leicht in Ihrer Krippe aufstellen und wird Gro\u00df und Klein erfreuen.<\/p>\n<p>Die erwachsenen Figuren sind etwa 8 bis 9 cm gro\u00df, und alle Tiere und Accessoires passen von der Gr\u00f6\u00dfe her zusammen.<br \/>\nSie sind wie wir, manche gr\u00f6\u00dfer, andere kleiner, manche dicker, andere d\u00fcnner!<br \/>\nSie sind daher mit anderen Sammlungen von 8 \/ 9 cm gro\u00dfen Krippenfiguren kompatibel.<\/p>\n<p>Alle unsere Krippenfiguren werden in unseren Werkst\u00e4tten in der Provence auf traditionelle Weise von Hand hergestellt.<br \/>\nFinden Sie unsere Kollektionen von Santons und Accessoires aus der Provence <a href=\"https:\/\/provence-online.fr\/de\/santon-4-5cm\/\" title=\"Santon 4\/5 cm\">4 cm bis 5 cm<\/a>, <a href=\"https:\/\/provence-online.fr\/de\/santon-7-cm\/\" title=\"Santon 7 cm\">7 cm<\/a> und <a href=\"https:\/\/provence-online.fr\/de\/santon-8-9-cm-2\/\" title=\"Santon 8\/9 cm\">8 cm bis 9 cm<\/a> auf unserer Website.<\/p>\n<p>Santon Tiere K\u00e4tzchen f\u00fcr die Weihnachtskrippe.<\/p>\n","protected":false},"excerpt":{"rendered":"<p>Santon Tiere K\u00e4tzchen.<\/p>\n","protected":false},"featured_media":50538,"template":"","meta":{"om_disable_all_campaigns":false,"_monsterinsights_skip_tracking":false,"_monsterinsights_sitenote_active":false,"_monsterinsights_sitenote_note":"","_monsterinsights_sitenote_category":0,"site-sidebar-layout":"default","site-content-layout":"default","ast-site-content-layout":"default","site-content-style":"default","site-sidebar-style":"default","ast-global-header-display":"","ast-banner-title-visibility":"","ast-main-header-display":"","ast-hfb-above-header-display":"","ast-hfb-below-header-display":"","ast-hfb-mobile-header-display":"","site-post-title":"","ast-breadcrumbs-content":"","ast-featured-img":"","footer-sml-layout":"","ast-disable-related-posts":"","theme-transparent-header-meta":"default","adv-header-id-meta":"","stick-header-meta":"","header-above-stick-meta":"","header-main-stick-meta":"","header-below-stick-meta":"","astra-migrate-meta-layouts":"default","ast-page-background-enabled":"default","ast-page-background-meta":{"desktop":{"background-color":"","background-image":"","background-repeat":"repeat","background-position":"center center","background-size":"auto","background-attachment":"scroll","background-type":"","background-media":"","overlay-type":"","overlay-color":"","overlay-opacity":"","overlay-gradient":""},"tablet":{"background-color":"","background-image":"","background-repeat":"repeat","background-position":"center center","background-size":"auto","background-attachment":"scroll","background-type":"","background-media":"","overlay-type":"","overlay-color":"","overlay-opacity":"","overlay-gradient":""},"mobile":{"background-color":"","background-image":"","background-repeat":"repeat","background-position":"center center","background-size":"auto","background-attachment":"scroll","background-type":"","background-media":"","overlay-type":"","overlay-color":"","overlay-opacity":"","overlay-gradient":""}},"ast-content-background-meta":{"desktop":{"background-color":"var(--ast-global-color-5)","background-image":"","background-repeat":"repeat","background-position":"center center","background-size":"auto","background-attachment":"scroll","background-type":"","background-media":"","overlay-type":"","overlay-color":"","overlay-opacity":"","overlay-gradient":""},"tablet":{"background-color":"var(--ast-global-color-5)","background-image":"","background-repeat":"repeat","background-position":"center center","background-size":"auto","background-attachment":"scroll","background-type":"","background-media":"","overlay-type":"","overlay-color":"","overlay-opacity":"","overlay-gradient":""},"mobile":{"background-color":"var(--ast-global-color-5)","background-image":"","background-repeat":"repeat","background-position":"center center","background-size":"auto","background-attachment":"scroll","background-type":"","background-media":"","overlay-type":"","overlay-color":"","overlay-opacity":"","overlay-gradient":""}}},"product_brand":[],"product_cat":[110,76,112,108],"product_tag":[802,803,804,806,807,2043,2730,2764,2760,2731,837,2038,857,991,756,2039,2761,1331,2047,956,2044,2041,2051,759,2052,1125,1390,1585,2048,996,987,992,2733,379,755,2918,1014,2734,760,2762,448,2046,757,2037,1553,1306,1307,1146],"class_list":{"0":"post-50550","1":"product","2":"type-product","3":"status-publish","4":"has-post-thumbnail","6":"product_cat-krippenfiguren-7-cm","7":"product_cat-santon-8-9-cm-de","8":"product_cat-tiere-de","9":"product_cat-tiere","10":"product_tag-4-cm-de","11":"product_tag-5-cm-de","12":"product_tag-7-cm-de","13":"product_tag-8-cm-de","14":"product_tag-9-cm-de","15":"product_tag-balthazard-de","16":"product_tag-borie-de","17":"product_tag-brunnen-de-2","18":"product_tag-brunnen-de","19":"product_tag-capitele-de","20":"product_tag-figur","21":"product_tag-figuren","22":"product_tag-franzosisch-santon","23":"product_tag-gaspard-de","24":"product_tag-geburt","25":"product_tag-heiligen-konige","26":"product_tag-kabanon","27":"product_tag-katzchen","28":"product_tag-kleine-krippenfigur-de","29":"product_tag-kleiner-heiliger","30":"product_tag-konig-de","31":"product_tag-konige","32":"product_tag-krippe-de-2","33":"product_tag-krippe","34":"product_tag-krippe-de-3","35":"product_tag-krippenfigur","36":"product_tag-krippenfiguren-set","37":"product_tag-krippenkollektion","38":"product_tag-kunsthandwerker","39":"product_tag-magier","40":"product_tag-magierkonig","41":"product_tag-melchior-de","42":"product_tag-pastorale-de","43":"product_tag-provence-de","44":"product_tag-santon-de","45":"product_tag-santon-katzchen","46":"product_tag-santon-tier-de","47":"product_tag-santon-zubehor-de","48":"product_tag-szene","49":"product_tag-taubenschlag-de","50":"product_tag-tier","51":"product_tag-tradition-de","52":"product_tag-weihnacht","53":"product_tag-weihnachten","54":"product_tag-weihnachtskrippe-de-3","55":"product_tag-weihnachtskrippe-de-2","56":"product_tag-weihnachtsszene","57":"product_tag-zubehor-de","58":"desktop-align-left","59":"tablet-align-left","60":"mobile-align-left","62":"first","63":"outofstock","64":"shipping-taxable","65":"purchasable","66":"product-type-simple"},"barcode":null,"atum_controlled":true,"out_stock_date":"2025-11-26 17:00:22","out_stock_threshold":null,"inheritable":false,"stock_on_hold":0,"sold_today":0,"sales_last_days":0,"reserved_stock":null,"customer_returns":null,"warehouse_damage":null,"lost_in_post":null,"other_logs":null,"out_stock_days":130,"lost_sales":0,"update_date":"2026-04-06T00:06:32","atum_locations":[],"atum_stock_status":"outofstock","restock_status":false,"low_stock_amount":"","sales_update_date":"2026-04-06T00:06:32","calc_backorders":null,"aioseo_notices":[],"_links":{"self":[{"href":"http:\/\/provence-online.fr\/de\/wp-json\/wp\/v2\/product\/50550","targetHints":{"allow":["GET"]}}],"collection":[{"href":"http:\/\/provence-online.fr\/de\/wp-json\/wp\/v2\/product"}],"about":[{"href":"http:\/\/provence-online.fr\/de\/wp-json\/wp\/v2\/types\/product"}],"version-history":[{"count":1,"href":"http:\/\/provence-online.fr\/de\/wp-json\/wp\/v2\/product\/50550\/revisions"}],"predecessor-version":[{"id":50551,"href":"http:\/\/provence-online.fr\/de\/wp-json\/wp\/v2\/product\/50550\/revisions\/50551"}],"wp:featuredmedia":[{"embeddable":true,"href":"http:\/\/provence-online.fr\/de\/wp-json\/wp\/v2\/media\/50538"}],"wp:attachment":[{"href":"http:\/\/provence-online.fr\/de\/wp-json\/wp\/v2\/media?parent=50550"}],"wp:term":[{"taxonomy":"product_brand","embeddable":true,"href":"http:\/\/provence-online.fr\/de\/wp-json\/wp\/v2\/product_brand?post=50550"},{"taxonomy":"product_cat","embeddable":true,"href":"http:\/\/provence-online.fr\/de\/wp-json\/wp\/v2\/product_cat?post=50550"},{"taxonomy":"product_tag","embeddable":true,"href":"http:\/\/provence-online.fr\/de\/wp-json\/wp\/v2\/product_tag?post=50550"}],"curies":[{"name":"wp","href":"https:\/\/api.w.org\/{rel}","templated":true}]}}