{"id":36387,"date":"2019-02-11T11:23:34","date_gmt":"2019-02-11T10:23:34","guid":{"rendered":"http:\/\/provence-online.fr\/agb\/"},"modified":"2023-03-15T13:06:48","modified_gmt":"2023-03-15T12:06:48","slug":"agb","status":"publish","type":"page","link":"https:\/\/provence-online.fr\/de\/agb\/","title":{"rendered":"AGB"},"content":{"rendered":"\t\t<div data-elementor-type=\"wp-post\" data-elementor-id=\"36387\" class=\"elementor elementor-36387 elementor-3\" data-elementor-post-type=\"page\">\n\t\t\t\t\t\t<section class=\"elementor-section elementor-top-section elementor-element elementor-element-c737c0b elementor-section-content-top elementor-section-height-min-height elementor-section-boxed elementor-section-height-default elementor-section-items-middle\" data-id=\"c737c0b\" data-element_type=\"section\" data-e-type=\"section\" data-settings=\"{&quot;background_background&quot;:&quot;classic&quot;}\">\n\t\t\t\t\t\t<div class=\"elementor-container elementor-column-gap-no\">\n\t\t\t\t\t<div class=\"elementor-column elementor-col-100 elementor-top-column elementor-element elementor-element-ce3a943\" data-id=\"ce3a943\" data-element_type=\"column\" data-e-type=\"column\">\n\t\t\t<div class=\"elementor-widget-wrap elementor-element-populated\">\n\t\t\t\t\t\t<div class=\"elementor-element elementor-element-63ba299 elementor-widget elementor-widget-shortcode\" data-id=\"63ba299\" data-element_type=\"widget\" data-e-type=\"widget\" data-widget_type=\"shortcode.default\">\n\t\t\t\t<div class=\"elementor-widget-container\">\n\t\t\t\t\t\t\t<div class=\"elementor-shortcode\"><div class=\"aws-container\" data-url=\"\/de\/?wc-ajax=aws_action\" data-siteurl=\"https:\/\/provence-online.fr\/de\/\" data-lang=\"de\" data-show-loader=\"true\" data-show-more=\"false\" data-show-page=\"false\" data-ajax-search=\"true\" data-show-clear=\"true\" data-mobile-screen=\"false\" data-use-analytics=\"false\" data-min-chars=\"1\" data-buttons-order=\"1\" data-timeout=\"300\" data-is-mobile=\"false\" data-page-id=\"0\" data-tax=\"\" ><form class=\"aws-search-form\" action=\"https:\/\/provence-online.fr\/de\/\" method=\"get\" role=\"search\" ><div class=\"aws-wrapper\"><label class=\"aws-search-label\" for=\"69db86349057d\">Suchen<\/label><input type=\"search\" name=\"s\" id=\"69db86349057d\" value=\"\" class=\"aws-search-field\" placeholder=\"Suchen\" autocomplete=\"off\" \/><input type=\"hidden\" name=\"post_type\" value=\"product\"><input type=\"hidden\" name=\"type_aws\" value=\"true\"><input type=\"hidden\" name=\"lang\" value=\"de\"><div class=\"aws-search-clear\"><span>\u00d7<\/span><\/div><div class=\"aws-loader\"><\/div><\/div><\/form><\/div>\n<\/div>\n\t\t\t\t\t\t<\/div>\n\t\t\t\t<\/div>\n\t\t\t\t<div class=\"elementor-element elementor-element-31fa198 elementor-invisible elementor-widget elementor-widget-heading\" data-id=\"31fa198\" data-element_type=\"widget\" data-e-type=\"widget\" data-settings=\"{&quot;_animation&quot;:&quot;fadeInDown&quot;,&quot;_animation_delay&quot;:100}\" data-widget_type=\"heading.default\">\n\t\t\t\t<div class=\"elementor-widget-container\">\n\t\t\t\t\t<h2 class=\"elementor-heading-title elementor-size-large\">ALLGEMEINE GESCH\u00c4FTSBEDINGUNGEN<\/h2>\t\t\t\t<\/div>\n\t\t\t\t<\/div>\n\t\t\t\t<div class=\"elementor-element elementor-element-9c596f3 elementor-widget elementor-widget-heading\" data-id=\"9c596f3\" data-element_type=\"widget\" data-e-type=\"widget\" data-widget_type=\"heading.default\">\n\t\t\t\t<div class=\"elementor-widget-container\">\n\t\t\t\t\t<h1 class=\"elementor-heading-title elementor-size-xl\">Provence Online Shopping<\/h1>\t\t\t\t<\/div>\n\t\t\t\t<\/div>\n\t\t\t\t<div class=\"elementor-element elementor-element-616c5cc elementor-nav-menu__align-center elementor-nav-menu--dropdown-mobile elementor-nav-menu__text-align-aside elementor-nav-menu--toggle elementor-nav-menu--burger elementor-widget elementor-widget-nav-menu\" data-id=\"616c5cc\" data-element_type=\"widget\" data-e-type=\"widget\" data-settings=\"{&quot;layout&quot;:&quot;horizontal&quot;,&quot;submenu_icon&quot;:{&quot;value&quot;:&quot;&lt;i class=\\&quot;fas fa-caret-down\\&quot; aria-hidden=\\&quot;true\\&quot;&gt;&lt;\\\/i&gt;&quot;,&quot;library&quot;:&quot;fa-solid&quot;},&quot;toggle&quot;:&quot;burger&quot;}\" data-widget_type=\"nav-menu.default\">\n\t\t\t\t<div class=\"elementor-widget-container\">\n\t\t\t\t\t\t\t\t<nav aria-label=\"Men\u00fc\" class=\"elementor-nav-menu--main elementor-nav-menu__container elementor-nav-menu--layout-horizontal e--pointer-none\">\n\t\t\t\t<ul id=\"menu-1-616c5cc\" class=\"elementor-nav-menu\"><li class=\"menu-item menu-item-type-custom menu-item-object-custom menu-item-32237\"><a href=\"https:\/\/provence-online.fr\/de\/\" class=\"elementor-item menu-link\">Home<\/a><\/li>\n<li class=\"menu-item menu-item-type-custom menu-item-object-custom menu-item-has-children menu-item-32238\"><a aria-expanded=\"false\" class=\"elementor-item menu-link\">Produkte<\/a>\n<ul class=\"sub-menu elementor-nav-menu--dropdown\">\n\t<li class=\"menu-item menu-item-type-post_type menu-item-object-page menu-item-48105\"><a href=\"https:\/\/provence-online.fr\/de\/krauter-lavendel-cade\/\" class=\"elementor-sub-item menu-link\">Kr\u00e4uter, Lavendel, Cade<\/a><\/li>\n\t<li class=\"menu-item menu-item-type-post_type menu-item-object-page menu-item-43384\"><a href=\"https:\/\/provence-online.fr\/de\/seife-und-parfums\/\" class=\"elementor-sub-item menu-link\">Seife und Parf\u00fcms<\/a><\/li>\n\t<li class=\"menu-item menu-item-type-post_type menu-item-object-page menu-item-36483\"><a href=\"https:\/\/provence-online.fr\/de\/kuche\/\" class=\"elementor-sub-item menu-link\">K\u00fcchen Gegenst\u00e4nde &#038; Keramik<\/a><\/li>\n\t<li class=\"menu-item menu-item-type-post_type menu-item-object-page menu-item-33340\"><a href=\"https:\/\/provence-online.fr\/de\/schmuck\/\" class=\"elementor-sub-item menu-link\">Schmuck<\/a><\/li>\n\t<li class=\"menu-item menu-item-type-post_type menu-item-object-page menu-item-38076\"><a href=\"https:\/\/provence-online.fr\/de\/santon-4-5cm\/\" class=\"elementor-sub-item menu-link\">Krippenfiguren (Santons) 4\/5 cm<\/a><\/li>\n\t<li class=\"menu-item menu-item-type-post_type menu-item-object-page menu-item-48107\"><a href=\"https:\/\/provence-online.fr\/de\/santon-7-cm\/\" class=\"elementor-sub-item menu-link\">Santon 7 cm<\/a><\/li>\n\t<li class=\"menu-item menu-item-type-post_type menu-item-object-page menu-item-48106\"><a href=\"https:\/\/provence-online.fr\/de\/santon-8-9-cm-2\/\" class=\"elementor-sub-item menu-link\">Santon 8\/9 cm<\/a><\/li>\n\t<li class=\"menu-item menu-item-type-post_type menu-item-object-page menu-item-33339\"><a href=\"https:\/\/provence-online.fr\/de\/deco\/\" class=\"elementor-sub-item menu-link\">Dekoration<\/a><\/li>\n\t<li class=\"menu-item menu-item-type-post_type menu-item-object-page menu-item-33338\"><a href=\"https:\/\/provence-online.fr\/de\/gift\/\" class=\"elementor-sub-item menu-link\">Geschenkpackungen &#038; Honig der Provence<\/a><\/li>\n\t<li class=\"menu-item menu-item-type-post_type menu-item-object-page menu-item-33337\"><a href=\"https:\/\/provence-online.fr\/de\/textile\/\" class=\"elementor-sub-item menu-link\">Provenzalische Textilien, Tischdecken, Stofftaschen<\/a><\/li>\n<\/ul>\n<\/li>\n<li class=\"menu-item menu-item-type-post_type menu-item-object-page menu-item-48104\"><a href=\"https:\/\/provence-online.fr\/de\/warenkorb\/\" class=\"elementor-item menu-link\">Warenkorb<\/a><\/li>\n<li class=\"menu-item menu-item-type-post_type menu-item-object-page menu-item-48375\"><a href=\"https:\/\/provence-online.fr\/de\/kontakt\/\" class=\"elementor-item menu-link\">Kontact<\/a><\/li>\n<li class=\"menu-item wpml-ls-slot-70 wpml-ls-item wpml-ls-item-de wpml-ls-current-language wpml-ls-menu-item wpml-ls-last-item menu-item-type-wpml_ls_menu_item menu-item-object-wpml_ls_menu_item menu-item-has-children menu-item-wpml-ls-70-de\"><a aria-expanded=\"false\" href=\"http:\/\/provence-online.fr\/de\/\" aria-current=\"page\" aria-expanded=\"false\" aria-controls=\"wpml-ls-submenu-wpml-ls-70-de\" class=\"elementor-item menu-link\"><img decoding=\"async\"\n            class=\"wpml-ls-flag\"\n            src=\"https:\/\/provence-online.fr\/wp-content\/plugins\/sitepress-multilingual-cms\/res\/flags\/de.png\"\n            alt=\"\"\n            loading=\"lazy\"\n            \n            \n    \/><span class=\"wpml-ls-native\" lang=\"de\">Deutsch<\/span><\/a>\n<ul class=\"sub-menu elementor-nav-menu--dropdown\">\n\t<li class=\"menu-item wpml-ls-slot-70 wpml-ls-item wpml-ls-item-fr wpml-ls-menu-item wpml-ls-first-item menu-item-type-wpml_ls_menu_item menu-item-object-wpml_ls_menu_item menu-item-wpml-ls-70-fr\"><a href=\"http:\/\/provence-online.fr\/\" title=\"Wechseln zu Fran\u00e7ais\" aria-label=\"Wechseln zu Fran\u00e7ais\" class=\"elementor-sub-item menu-link\"><img decoding=\"async\"\n            class=\"wpml-ls-flag\"\n            src=\"https:\/\/provence-online.fr\/wp-content\/plugins\/sitepress-multilingual-cms\/res\/flags\/fr.png\"\n            alt=\"\"\n            loading=\"lazy\"\n            \n            \n    \/><span class=\"wpml-ls-native\" lang=\"fr\">Fran\u00e7ais<\/span><\/a><\/li>\n\t<li class=\"menu-item wpml-ls-slot-70 wpml-ls-item wpml-ls-item-en wpml-ls-menu-item menu-item-type-wpml_ls_menu_item menu-item-object-wpml_ls_menu_item menu-item-wpml-ls-70-en\"><a href=\"http:\/\/provence-online.fr\/en\/\" title=\"Wechseln zu English\" aria-label=\"Wechseln zu English\" class=\"elementor-sub-item menu-link\"><img decoding=\"async\"\n            class=\"wpml-ls-flag\"\n            src=\"https:\/\/provence-online.fr\/wp-content\/plugins\/sitepress-multilingual-cms\/res\/flags\/en.png\"\n            alt=\"\"\n            loading=\"lazy\"\n            \n            \n    \/><span class=\"wpml-ls-native\" lang=\"en\">English<\/span><\/a><\/li>\n<\/ul>\n<\/li>\n<\/ul>\t\t\t<\/nav>\n\t\t\t\t\t<div class=\"elementor-menu-toggle\" role=\"button\" tabindex=\"0\" aria-label=\"Men\u00fc Umschalter\" aria-expanded=\"false\">\n\t\t\t<i aria-hidden=\"true\" role=\"presentation\" class=\"elementor-menu-toggle__icon--open eicon-menu-bar\"><\/i><i aria-hidden=\"true\" role=\"presentation\" class=\"elementor-menu-toggle__icon--close eicon-close\"><\/i>\t\t<\/div>\n\t\t\t\t\t<nav class=\"elementor-nav-menu--dropdown elementor-nav-menu__container\" aria-hidden=\"true\">\n\t\t\t\t<ul id=\"menu-2-616c5cc\" class=\"elementor-nav-menu\"><li class=\"menu-item menu-item-type-custom menu-item-object-custom menu-item-32237\"><a href=\"https:\/\/provence-online.fr\/de\/\" class=\"elementor-item menu-link\" tabindex=\"-1\">Home<\/a><\/li>\n<li class=\"menu-item menu-item-type-custom menu-item-object-custom menu-item-has-children menu-item-32238\"><a aria-expanded=\"false\" class=\"elementor-item menu-link\" tabindex=\"-1\">Produkte<\/a>\n<ul class=\"sub-menu elementor-nav-menu--dropdown\">\n\t<li class=\"menu-item menu-item-type-post_type menu-item-object-page menu-item-48105\"><a href=\"https:\/\/provence-online.fr\/de\/krauter-lavendel-cade\/\" class=\"elementor-sub-item menu-link\" tabindex=\"-1\">Kr\u00e4uter, Lavendel, Cade<\/a><\/li>\n\t<li class=\"menu-item menu-item-type-post_type menu-item-object-page menu-item-43384\"><a href=\"https:\/\/provence-online.fr\/de\/seife-und-parfums\/\" class=\"elementor-sub-item menu-link\" tabindex=\"-1\">Seife und Parf\u00fcms<\/a><\/li>\n\t<li class=\"menu-item menu-item-type-post_type menu-item-object-page menu-item-36483\"><a href=\"https:\/\/provence-online.fr\/de\/kuche\/\" class=\"elementor-sub-item menu-link\" tabindex=\"-1\">K\u00fcchen Gegenst\u00e4nde &#038; Keramik<\/a><\/li>\n\t<li class=\"menu-item menu-item-type-post_type menu-item-object-page menu-item-33340\"><a href=\"https:\/\/provence-online.fr\/de\/schmuck\/\" class=\"elementor-sub-item menu-link\" tabindex=\"-1\">Schmuck<\/a><\/li>\n\t<li class=\"menu-item menu-item-type-post_type menu-item-object-page menu-item-38076\"><a href=\"https:\/\/provence-online.fr\/de\/santon-4-5cm\/\" class=\"elementor-sub-item menu-link\" tabindex=\"-1\">Krippenfiguren (Santons) 4\/5 cm<\/a><\/li>\n\t<li class=\"menu-item menu-item-type-post_type menu-item-object-page menu-item-48107\"><a href=\"https:\/\/provence-online.fr\/de\/santon-7-cm\/\" class=\"elementor-sub-item menu-link\" tabindex=\"-1\">Santon 7 cm<\/a><\/li>\n\t<li class=\"menu-item menu-item-type-post_type menu-item-object-page menu-item-48106\"><a href=\"https:\/\/provence-online.fr\/de\/santon-8-9-cm-2\/\" class=\"elementor-sub-item menu-link\" tabindex=\"-1\">Santon 8\/9 cm<\/a><\/li>\n\t<li class=\"menu-item menu-item-type-post_type menu-item-object-page menu-item-33339\"><a href=\"https:\/\/provence-online.fr\/de\/deco\/\" class=\"elementor-sub-item menu-link\" tabindex=\"-1\">Dekoration<\/a><\/li>\n\t<li class=\"menu-item menu-item-type-post_type menu-item-object-page menu-item-33338\"><a href=\"https:\/\/provence-online.fr\/de\/gift\/\" class=\"elementor-sub-item menu-link\" tabindex=\"-1\">Geschenkpackungen &#038; Honig der Provence<\/a><\/li>\n\t<li class=\"menu-item menu-item-type-post_type menu-item-object-page menu-item-33337\"><a href=\"https:\/\/provence-online.fr\/de\/textile\/\" class=\"elementor-sub-item menu-link\" tabindex=\"-1\">Provenzalische Textilien, Tischdecken, Stofftaschen<\/a><\/li>\n<\/ul>\n<\/li>\n<li class=\"menu-item menu-item-type-post_type menu-item-object-page menu-item-48104\"><a href=\"https:\/\/provence-online.fr\/de\/warenkorb\/\" class=\"elementor-item menu-link\" tabindex=\"-1\">Warenkorb<\/a><\/li>\n<li class=\"menu-item menu-item-type-post_type menu-item-object-page menu-item-48375\"><a href=\"https:\/\/provence-online.fr\/de\/kontakt\/\" class=\"elementor-item menu-link\" tabindex=\"-1\">Kontact<\/a><\/li>\n<li class=\"menu-item wpml-ls-slot-70 wpml-ls-item wpml-ls-item-de wpml-ls-current-language wpml-ls-menu-item wpml-ls-last-item menu-item-type-wpml_ls_menu_item menu-item-object-wpml_ls_menu_item menu-item-has-children menu-item-wpml-ls-70-de\"><a aria-expanded=\"false\" href=\"http:\/\/provence-online.fr\/de\/\" aria-current=\"page\" aria-expanded=\"false\" aria-controls=\"wpml-ls-submenu-wpml-ls-70-de\" class=\"elementor-item menu-link\" tabindex=\"-1\"><img decoding=\"async\"\n            class=\"wpml-ls-flag\"\n            src=\"https:\/\/provence-online.fr\/wp-content\/plugins\/sitepress-multilingual-cms\/res\/flags\/de.png\"\n            alt=\"\"\n            loading=\"lazy\"\n            \n            \n    \/><span class=\"wpml-ls-native\" lang=\"de\">Deutsch<\/span><\/a>\n<ul class=\"sub-menu elementor-nav-menu--dropdown\">\n\t<li class=\"menu-item wpml-ls-slot-70 wpml-ls-item wpml-ls-item-fr wpml-ls-menu-item wpml-ls-first-item menu-item-type-wpml_ls_menu_item menu-item-object-wpml_ls_menu_item menu-item-wpml-ls-70-fr\"><a href=\"http:\/\/provence-online.fr\/\" title=\"Wechseln zu Fran\u00e7ais\" aria-label=\"Wechseln zu Fran\u00e7ais\" class=\"elementor-sub-item menu-link\" tabindex=\"-1\"><img decoding=\"async\"\n            class=\"wpml-ls-flag\"\n            src=\"https:\/\/provence-online.fr\/wp-content\/plugins\/sitepress-multilingual-cms\/res\/flags\/fr.png\"\n            alt=\"\"\n            loading=\"lazy\"\n            \n            \n    \/><span class=\"wpml-ls-native\" lang=\"fr\">Fran\u00e7ais<\/span><\/a><\/li>\n\t<li class=\"menu-item wpml-ls-slot-70 wpml-ls-item wpml-ls-item-en wpml-ls-menu-item menu-item-type-wpml_ls_menu_item menu-item-object-wpml_ls_menu_item menu-item-wpml-ls-70-en\"><a href=\"http:\/\/provence-online.fr\/en\/\" title=\"Wechseln zu English\" aria-label=\"Wechseln zu English\" class=\"elementor-sub-item menu-link\" tabindex=\"-1\"><img decoding=\"async\"\n            class=\"wpml-ls-flag\"\n            src=\"https:\/\/provence-online.fr\/wp-content\/plugins\/sitepress-multilingual-cms\/res\/flags\/en.png\"\n            alt=\"\"\n            loading=\"lazy\"\n            \n            \n    \/><span class=\"wpml-ls-native\" lang=\"en\">English<\/span><\/a><\/li>\n<\/ul>\n<\/li>\n<\/ul>\t\t\t<\/nav>\n\t\t\t\t\t\t<\/div>\n\t\t\t\t<\/div>\n\t\t\t\t\t<\/div>\n\t\t<\/div>\n\t\t\t\t\t<\/div>\n\t\t<\/section>\n\t\t\t\t<section class=\"elementor-section elementor-top-section elementor-element elementor-element-732c62ee elementor-section-boxed elementor-section-height-default elementor-section-height-default\" data-id=\"732c62ee\" data-element_type=\"section\" data-e-type=\"section\" data-settings=\"{&quot;background_background&quot;:&quot;classic&quot;}\">\n\t\t\t\t\t\t<div class=\"elementor-container elementor-column-gap-default\">\n\t\t\t\t\t<div class=\"elementor-column elementor-col-100 elementor-top-column elementor-element elementor-element-723e0cf2\" data-id=\"723e0cf2\" data-element_type=\"column\" data-e-type=\"column\">\n\t\t\t<div class=\"elementor-widget-wrap elementor-element-populated\">\n\t\t\t\t\t\t<div class=\"elementor-element elementor-element-61aca87 elementor-widget elementor-widget-text-editor\" data-id=\"61aca87\" data-element_type=\"widget\" data-e-type=\"widget\" data-widget_type=\"text-editor.default\">\n\t\t\t\t<div class=\"elementor-widget-container\">\n\t\t\t\t\t\t\t\t\t<h3 class=\"western\">AGB &#8211; Allgemeine Gesch\u00e4ftsbedingungen<\/h3><h4 class=\"western\">Wer ist Provence Online Shopping<\/h4><p>Unsere Webseiten ist: https:\/\/provence-online.fr.<\/p><p>Wir befinden uns im Herzen der Provence in 83780 Flayosc nahe Draguignan, Departement VAR, S\u00fcdfrankreich, ungef\u00e4hr 45 km n\u00f6rdlich von St Tropez.<br \/>Wir betreiben unser Gesch\u00e4ft seit 2002 und verkaufen im Internet seit 2004.<br \/>Wir liefern in alle Welt.<\/p><p>Catherine Arnardi, Provence Online Shopping,\u00a0 Chemin des Clos, 83780 Flayosc, Var, France.<br \/>RCS: 442840252 (Draguignan).<\/p><p><em>Warum die schwarze Katze? <\/em> Viele Bekannte in Frankreich nennen Catherine &#8222;Cath&#8220; und ihre Boutique nannte sie deshalb in 2002 Cath Boutique. Die Franzosen sprechen Cath als Cat aus wie im Englischen cat (Katze). Darum die schwarze Katze vor der Sonne der Provence. Und nat\u00fcrlich mag Cath auch Katzen sehr gerne.<\/p><h4 class=\"western\">Welche pers\u00f6hnliche Daten werden von Ihnen verwendet bzw. aufbewahrt<\/h4><p>Wir benutzen Ihre Daten nur um Ihre Bestellung auszuf\u00fchren. Wir speichern keine Daten von Ihnen!\u00a0 Wir speichern keine Kreditkartendaten. Wir benutzen PayPal when sie mit Kreditkarte bezahlen und haben damit noch nictmal Kenntnis von Ihrer Kreditkartennummer!<\/p><h4 class=\"western\">Cookies<\/h4><p>Diese sind f\u00fcr Ihre Bequemlichkeit, damit Sie nicht nochmals Ihre Angaben bei Ihrer n\u00e4chsten Bestellung machen m\u00fcssen. These cookies will last for one year.<\/p><h4 class=\"western\">Mit wem teilen wir Ihre Daten<\/h4><p>MIT NIEMAND!<\/p><h4 class=\"western\">Portogeb\u00fchren<\/h4><p>Portogeb\u00fchren werden an der Kasse &#8211; vor der Bezahlung &#8211; berechnet und sin abh\u00e4ngig vom Bestimmungsland und vom Gewicht.<br \/>Sollte wegen des Gewichts und\/oder dem Lieferland eine Zusatzgeb\u00fchr f\u00e4llig werden informieren wir Sie bevor Ihre Bestellung ausgef\u00fchrt wird.<br \/>Wir bem\u00fchen uns immer die g\u00fcnstigste Liefermethode f\u00fcr Sie zu finden.<br \/>Lieferung erfolgt erst nach Erhalt des Gesamtbetrages f\u00fcr die Bestellung.<\/p><p>.<\/p>\t\t\t\t\t\t\t\t<\/div>\n\t\t\t\t<\/div>\n\t\t\t\t\t<\/div>\n\t\t<\/div>\n\t\t\t\t\t<\/div>\n\t\t<\/section>\n\t\t\t\t<\/div>\n\t\t","protected":false},"excerpt":{"rendered":"<p>ALLGEMEINE GESCH\u00c4FTSBEDINGUNGEN Provence Online Shopping AGB &#8211; Allgemeine Gesch\u00e4ftsbedingungen Wer ist Provence Online Shopping Unsere Webseiten ist: https:\/\/provence-online.fr. Wir befinden uns im Herzen der Provence in 83780 Flayosc nahe Draguignan, Departement VAR, S\u00fcdfrankreich, ungef\u00e4hr 45 km n\u00f6rdlich von St Tropez.Wir betreiben unser Gesch\u00e4ft seit 2002 und verkaufen im Internet seit 2004.Wir liefern in alle Welt. [&hellip;]<\/p>\n","protected":false},"author":1,"featured_media":0,"parent":0,"menu_order":0,"comment_status":"closed","ping_status":"closed","template":"","meta":{"om_disable_all_campaigns":false,"_monsterinsights_skip_tracking":false,"_monsterinsights_sitenote_active":false,"_monsterinsights_sitenote_note":"","_monsterinsights_sitenote_category":0,"site-sidebar-layout":"default","site-content-layout":"plain-container","ast-site-content-layout":"default","site-content-style":"default","site-sidebar-style":"default","ast-global-header-display":"","ast-banner-title-visibility":"","ast-main-header-display":"disabled","ast-hfb-above-header-display":"","ast-hfb-below-header-display":"","ast-hfb-mobile-header-display":"","site-post-title":"disabled","ast-breadcrumbs-content":"","ast-featured-img":"disabled","footer-sml-layout":"","ast-disable-related-posts":"","theme-transparent-header-meta":"enabled","adv-header-id-meta":"","stick-header-meta":"","header-above-stick-meta":"","header-main-stick-meta":"","header-below-stick-meta":"","astra-migrate-meta-layouts":"default","ast-page-background-enabled":"default","ast-page-background-meta":{"desktop":{"background-color":"","background-image":"","background-repeat":"repeat","background-position":"center center","background-size":"auto","background-attachment":"scroll","background-type":"","background-media":"","overlay-type":"","overlay-color":"","overlay-opacity":"","overlay-gradient":""},"tablet":{"background-color":"","background-image":"","background-repeat":"repeat","background-position":"center center","background-size":"auto","background-attachment":"scroll","background-type":"","background-media":"","overlay-type":"","overlay-color":"","overlay-opacity":"","overlay-gradient":""},"mobile":{"background-color":"","background-image":"","background-repeat":"repeat","background-position":"center center","background-size":"auto","background-attachment":"scroll","background-type":"","background-media":"","overlay-type":"","overlay-color":"","overlay-opacity":"","overlay-gradient":""}},"ast-content-background-meta":{"desktop":{"background-color":"var(--ast-global-color-5)","background-image":"","background-repeat":"repeat","background-position":"center center","background-size":"auto","background-attachment":"scroll","background-type":"","background-media":"","overlay-type":"","overlay-color":"","overlay-opacity":"","overlay-gradient":""},"tablet":{"background-color":"var(--ast-global-color-5)","background-image":"","background-repeat":"repeat","background-position":"center center","background-size":"auto","background-attachment":"scroll","background-type":"","background-media":"","overlay-type":"","overlay-color":"","overlay-opacity":"","overlay-gradient":""},"mobile":{"background-color":"var(--ast-global-color-5)","background-image":"","background-repeat":"repeat","background-position":"center center","background-size":"auto","background-attachment":"scroll","background-type":"","background-media":"","overlay-type":"","overlay-color":"","overlay-opacity":"","overlay-gradient":""}},"footnotes":""},"class_list":["post-36387","page","type-page","status-publish","hentry"],"aioseo_notices":[],"_links":{"self":[{"href":"https:\/\/provence-online.fr\/de\/wp-json\/wp\/v2\/pages\/36387","targetHints":{"allow":["GET"]}}],"collection":[{"href":"https:\/\/provence-online.fr\/de\/wp-json\/wp\/v2\/pages"}],"about":[{"href":"https:\/\/provence-online.fr\/de\/wp-json\/wp\/v2\/types\/page"}],"author":[{"embeddable":true,"href":"https:\/\/provence-online.fr\/de\/wp-json\/wp\/v2\/users\/1"}],"replies":[{"embeddable":true,"href":"https:\/\/provence-online.fr\/de\/wp-json\/wp\/v2\/comments?post=36387"}],"version-history":[{"count":57,"href":"https:\/\/provence-online.fr\/de\/wp-json\/wp\/v2\/pages\/36387\/revisions"}],"predecessor-version":[{"id":48280,"href":"https:\/\/provence-online.fr\/de\/wp-json\/wp\/v2\/pages\/36387\/revisions\/48280"}],"wp:attachment":[{"href":"https:\/\/provence-online.fr\/de\/wp-json\/wp\/v2\/media?parent=36387"}],"curies":[{"name":"wp","href":"https:\/\/api.w.org\/{rel}","templated":true}]}}