{"id":34093,"date":"2019-01-18T17:14:14","date_gmt":"2019-01-18T16:14:14","guid":{"rendered":"http:\/\/provence-online.fr\/product\/atherisches-ol-cadeol-wacholderol-bio-10-ml\/"},"modified":"2023-10-04T14:32:27","modified_gmt":"2023-10-04T12:32:27","slug":"wacholderoel-bio","status":"publish","type":"product","link":"https:\/\/provence-online.fr\/de\/product\/wacholderoel-bio\/","title":{"rendered":"Wacholder\u00f6l, cade, Bio"},"content":{"rendered":"<p>Wacholder\u00f6l, cade<br \/>\n\u00c4therisches \u00d6l Cade\u00f6l, Juniperus oxycedrus<\/p>\n<p>10ml<br \/>\nDuft: Cade &#8211; Wacholder<\/p>\n<p>Finden Sie unsere anderen <a href=\"https:\/\/provence-online.fr\/de\/krauter-lavendel-cade\/\" title=\"Kr\u00e4uter, Lavendel, Cade\">Produkte von Cade<\/a> auf der Website<\/p>\n<p>In brauner Glasflasche mit Tropfer<br \/>\nF\u00fcr die Haut: antibakteriell, antiseptisch und heilend, hilft gegen Akne, Ekzemen und Schuppenflechte.<br \/>\nF\u00fcr die Kopfhaut: Hilfe gegen Juckreiz, beseitigt trockene und fettige Schuppen, bek\u00e4mpft Kopfl\u00e4use.<br \/>\nNicht unverd\u00fcnnt anwenden.<br \/>\nNicht w\u00e4hrend der Schwangerschaft und bei Kindern unter f\u00fcnf Jahren anwenden.<\/p>\n<p>Gegen Motten, Lebensmittel- und Kleidermotten:<br \/>\nGeben Sie einen oder zwei Tropfen \u00e4therisches \u00d6l auf Ihren <a href=\"https:\/\/provence-online.fr\/de\/product\/keramikrolle-fuer-aetherische-oele\/\" title=\"Keramikrolle f\u00fcr \u00e4therische \u00d6le\">Keramikkiesel<\/a>, damit er Ihnen den Duft des Cadets verleiht (Keramikkiesel auf der Website erh\u00e4ltlich).<br \/>\nDie wei\u00dfe Keramik bewahrt die Qualit\u00e4ten und Eigenschaften Ihres \u00e4therischen \u00d6ls.<br \/>\nVermeiden Sie Mischungen, verwenden Sie immer denselben Kieselstein f\u00fcr dasselbe \u00e4therische \u00d6l.<\/p>\n<p>Dieser Kieselstein wird Ihnen \u00fcberall hin folgen und kann \u00fcberall abgestellt werden: Nachttisch, B\u00fcro, Auto, K\u00fcche, Garderobe, Gep\u00e4ck, etc. um nach Ihren Bed\u00fcrfnissen und W\u00fcnschen zu parf\u00fcmieren.<\/p>\n","protected":false},"excerpt":{"rendered":"<p>Wacholder\u00f6l (Juniperus oxycedrus) cade 10ml<br \/>\nDuft: Cade &#8211; Wacholder<br \/>\nIn brauner Glasflasche mit Tropfer<\/p>\n","protected":false},"featured_media":32808,"template":"","meta":{"om_disable_all_campaigns":false,"_monsterinsights_skip_tracking":false,"_monsterinsights_sitenote_active":false,"_monsterinsights_sitenote_note":"","_monsterinsights_sitenote_category":0,"site-sidebar-layout":"default","site-content-layout":"default","ast-site-content-layout":"default","site-content-style":"default","site-sidebar-style":"default","ast-global-header-display":"","ast-banner-title-visibility":"","ast-main-header-display":"","ast-hfb-above-header-display":"","ast-hfb-below-header-display":"","ast-hfb-mobile-header-display":"","site-post-title":"","ast-breadcrumbs-content":"","ast-featured-img":"","footer-sml-layout":"","ast-disable-related-posts":"","theme-transparent-header-meta":"default","adv-header-id-meta":"","stick-header-meta":"","header-above-stick-meta":"","header-main-stick-meta":"","header-below-stick-meta":"","astra-migrate-meta-layouts":"default","ast-page-background-enabled":"default","ast-page-background-meta":{"desktop":{"background-color":"","background-image":"","background-repeat":"repeat","background-position":"center center","background-size":"auto","background-attachment":"scroll","background-type":"","background-media":"","overlay-type":"","overlay-color":"","overlay-opacity":"","overlay-gradient":""},"tablet":{"background-color":"","background-image":"","background-repeat":"repeat","background-position":"center center","background-size":"auto","background-attachment":"scroll","background-type":"","background-media":"","overlay-type":"","overlay-color":"","overlay-opacity":"","overlay-gradient":""},"mobile":{"background-color":"","background-image":"","background-repeat":"repeat","background-position":"center center","background-size":"auto","background-attachment":"scroll","background-type":"","background-media":"","overlay-type":"","overlay-color":"","overlay-opacity":"","overlay-gradient":""}},"ast-content-background-meta":{"desktop":{"background-color":"var(--ast-global-color-5)","background-image":"","background-repeat":"repeat","background-position":"center center","background-size":"auto","background-attachment":"scroll","background-type":"","background-media":"","overlay-type":"","overlay-color":"","overlay-opacity":"","overlay-gradient":""},"tablet":{"background-color":"var(--ast-global-color-5)","background-image":"","background-repeat":"repeat","background-position":"center center","background-size":"auto","background-attachment":"scroll","background-type":"","background-media":"","overlay-type":"","overlay-color":"","overlay-opacity":"","overlay-gradient":""},"mobile":{"background-color":"var(--ast-global-color-5)","background-image":"","background-repeat":"repeat","background-position":"center center","background-size":"auto","background-attachment":"scroll","background-type":"","background-media":"","overlay-type":"","overlay-color":"","overlay-opacity":"","overlay-gradient":""}}},"product_brand":[],"product_cat":[74],"product_tag":[95,612,530,1072,379,101,488,543],"class_list":{"0":"post-34093","1":"product","2":"type-product","3":"status-publish","4":"has-post-thumbnail","6":"product_cat-kraeuter-cade-lavendel","7":"product_tag-100-pflanzenole","8":"product_tag-atherisches-ol","9":"product_tag-gegen-motten","10":"product_tag-juniperus-oxycedrus-de","11":"product_tag-provence-de","12":"product_tag-raucher-lampe","13":"product_tag-wacholderholz-cade-wacholder","14":"product_tag-weihrauch-cade","15":"desktop-align-left","16":"tablet-align-left","17":"mobile-align-left","19":"first","20":"instock","21":"shipping-taxable","22":"purchasable","23":"product-type-simple"},"barcode":null,"atum_controlled":true,"out_stock_date":null,"out_stock_threshold":null,"inheritable":false,"stock_on_hold":0,"sold_today":0,"sales_last_days":0,"reserved_stock":0,"customer_returns":0,"warehouse_damage":0,"lost_in_post":0,"other_logs":0,"out_stock_days":0,"lost_sales":0,"update_date":"2026-04-19T00:12:30","atum_locations":[],"atum_stock_status":"instock","restock_status":false,"low_stock_amount":0,"sales_update_date":"2026-04-19T00:12:30","calc_backorders":null,"aioseo_notices":[],"_links":{"self":[{"href":"https:\/\/provence-online.fr\/de\/wp-json\/wp\/v2\/product\/34093","targetHints":{"allow":["GET"]}}],"collection":[{"href":"https:\/\/provence-online.fr\/de\/wp-json\/wp\/v2\/product"}],"about":[{"href":"https:\/\/provence-online.fr\/de\/wp-json\/wp\/v2\/types\/product"}],"version-history":[{"count":8,"href":"https:\/\/provence-online.fr\/de\/wp-json\/wp\/v2\/product\/34093\/revisions"}],"predecessor-version":[{"id":49779,"href":"https:\/\/provence-online.fr\/de\/wp-json\/wp\/v2\/product\/34093\/revisions\/49779"}],"wp:featuredmedia":[{"embeddable":true,"href":"https:\/\/provence-online.fr\/de\/wp-json\/wp\/v2\/media\/32808"}],"wp:attachment":[{"href":"https:\/\/provence-online.fr\/de\/wp-json\/wp\/v2\/media?parent=34093"}],"wp:term":[{"taxonomy":"product_brand","embeddable":true,"href":"https:\/\/provence-online.fr\/de\/wp-json\/wp\/v2\/product_brand?post=34093"},{"taxonomy":"product_cat","embeddable":true,"href":"https:\/\/provence-online.fr\/de\/wp-json\/wp\/v2\/product_cat?post=34093"},{"taxonomy":"product_tag","embeddable":true,"href":"https:\/\/provence-online.fr\/de\/wp-json\/wp\/v2\/product_tag?post=34093"}],"curies":[{"name":"wp","href":"https:\/\/api.w.org\/{rel}","templated":true}]}}