{"id":34096,"date":"2019-01-18T17:00:35","date_gmt":"2019-01-18T16:00:35","guid":{"rendered":"http:\/\/provence-online.fr\/product\/lavendelol-20ml\/"},"modified":"2025-06-29T10:58:17","modified_gmt":"2025-06-29T08:58:17","slug":"lavendelol-10ml","status":"publish","type":"product","link":"https:\/\/provence-online.fr\/de\/product\/lavendelol-10ml\/","title":{"rendered":"Lavendel\u00f6l 10ml"},"content":{"rendered":"<p><strong>Lavendel\u00f6l<\/strong><\/p>\n<p>Lavendel\u00f6l in brauner Glasflasche mit Tropfer<br \/>\nEs gibt viele verschiedene Lavendelsorten. Die \u00e4lteste und begehrteste ist das sogenannte &#8222;Feine Lavendel&#8220; (Lavandula angustifolia) welches nur geringe Mengen von dem exellenten Lavendel \u00d6l produziert und in den kargen H\u00f6hen (\u00fcber 800m) der Provence w\u00e4chst. Der &#8222;Feine Lavendel&#8220; ist eine kleine Pflanze die nur eine Bl\u00fcte an jedem Stamm tr\u00e4gt. Circa 130kg Bl\u00fcten ben\u00f6tigt man zur Gewinnung eines Liters reinen Lavendel\u00f6ls. <\/p>\n","protected":false},"excerpt":{"rendered":"<p>Lavendel\u00f6l, In brauner Glasflasche mit Tropfer<br \/>\nEs gibt viele verschiedene Lavendelsorten. Die \u00e4lteste und begehrteste ist das sogenannte &#8222;Feine Lavendel&#8220; (Lavandula angustifolia) welches nur geringe Mengen von dem exellenten Lavendel \u00d6l produziert und in den kargen H\u00f6hen (\u00fcber 800m) der Provence w\u00e4chst. Der &#8222;Feine Lavendel&#8220; ist eine kleine Pflanze die nur eine Bl\u00fcte an jedem Stamm tr\u00e4gt. Circa 130kg Bl\u00fcten ben\u00f6tigt man zur Gewinnung eines Liters reinen Lavendel\u00f6ls. <\/p>\n","protected":false},"featured_media":32793,"template":"","meta":{"om_disable_all_campaigns":false,"_monsterinsights_skip_tracking":false,"_monsterinsights_sitenote_active":false,"_monsterinsights_sitenote_note":"","_monsterinsights_sitenote_category":0,"site-sidebar-layout":"default","site-content-layout":"default","ast-site-content-layout":"default","site-content-style":"default","site-sidebar-style":"default","ast-global-header-display":"","ast-banner-title-visibility":"","ast-main-header-display":"","ast-hfb-above-header-display":"","ast-hfb-below-header-display":"","ast-hfb-mobile-header-display":"","site-post-title":"","ast-breadcrumbs-content":"","ast-featured-img":"","footer-sml-layout":"","ast-disable-related-posts":"","theme-transparent-header-meta":"default","adv-header-id-meta":"","stick-header-meta":"","header-above-stick-meta":"","header-main-stick-meta":"","header-below-stick-meta":"","astra-migrate-meta-layouts":"set","ast-page-background-enabled":"default","ast-page-background-meta":{"desktop":{"background-color":"","background-image":"","background-repeat":"repeat","background-position":"center center","background-size":"auto","background-attachment":"scroll","background-type":"","background-media":"","overlay-type":"","overlay-color":"","overlay-opacity":"","overlay-gradient":""},"tablet":{"background-color":"","background-image":"","background-repeat":"repeat","background-position":"center center","background-size":"auto","background-attachment":"scroll","background-type":"","background-media":"","overlay-type":"","overlay-color":"","overlay-opacity":"","overlay-gradient":""},"mobile":{"background-color":"","background-image":"","background-repeat":"repeat","background-position":"center center","background-size":"auto","background-attachment":"scroll","background-type":"","background-media":"","overlay-type":"","overlay-color":"","overlay-opacity":"","overlay-gradient":""}},"ast-content-background-meta":{"desktop":{"background-color":"var(--ast-global-color-5)","background-image":"","background-repeat":"repeat","background-position":"center center","background-size":"auto","background-attachment":"scroll","background-type":"","background-media":"","overlay-type":"","overlay-color":"","overlay-opacity":"","overlay-gradient":""},"tablet":{"background-color":"var(--ast-global-color-5)","background-image":"","background-repeat":"repeat","background-position":"center center","background-size":"auto","background-attachment":"scroll","background-type":"","background-media":"","overlay-type":"","overlay-color":"","overlay-opacity":"","overlay-gradient":""},"mobile":{"background-color":"var(--ast-global-color-5)","background-image":"","background-repeat":"repeat","background-position":"center center","background-size":"auto","background-attachment":"scroll","background-type":"","background-media":"","overlay-type":"","overlay-color":"","overlay-opacity":"","overlay-gradient":""}}},"product_brand":[],"product_cat":[74],"product_tag":[612,2686],"class_list":{"0":"post-34096","1":"product","2":"type-product","3":"status-publish","4":"has-post-thumbnail","6":"product_cat-kraeuter-cade-lavendel","7":"product_tag-atherisches-ol","8":"product_tag-lavender-de","9":"desktop-align-left","10":"tablet-align-left","11":"mobile-align-left","13":"first","14":"outofstock","15":"shipping-taxable","16":"purchasable","17":"product-type-simple"},"barcode":null,"atum_controlled":true,"out_stock_date":"2025-07-14 22:25:10","out_stock_threshold":null,"inheritable":false,"stock_on_hold":0,"sold_today":0,"sales_last_days":0,"reserved_stock":0,"customer_returns":0,"warehouse_damage":0,"lost_in_post":0,"other_logs":0,"out_stock_days":265,"lost_sales":0,"update_date":"2026-04-06T00:04:38","atum_locations":[],"atum_stock_status":"outofstock","restock_status":false,"low_stock_amount":0,"sales_update_date":"2026-04-06T00:04:38","calc_backorders":null,"aioseo_notices":[],"_links":{"self":[{"href":"https:\/\/provence-online.fr\/de\/wp-json\/wp\/v2\/product\/34096","targetHints":{"allow":["GET"]}}],"collection":[{"href":"https:\/\/provence-online.fr\/de\/wp-json\/wp\/v2\/product"}],"about":[{"href":"https:\/\/provence-online.fr\/de\/wp-json\/wp\/v2\/types\/product"}],"version-history":[{"count":4,"href":"https:\/\/provence-online.fr\/de\/wp-json\/wp\/v2\/product\/34096\/revisions"}],"predecessor-version":[{"id":52384,"href":"https:\/\/provence-online.fr\/de\/wp-json\/wp\/v2\/product\/34096\/revisions\/52384"}],"wp:featuredmedia":[{"embeddable":true,"href":"https:\/\/provence-online.fr\/de\/wp-json\/wp\/v2\/media\/32793"}],"wp:attachment":[{"href":"https:\/\/provence-online.fr\/de\/wp-json\/wp\/v2\/media?parent=34096"}],"wp:term":[{"taxonomy":"product_brand","embeddable":true,"href":"https:\/\/provence-online.fr\/de\/wp-json\/wp\/v2\/product_brand?post=34096"},{"taxonomy":"product_cat","embeddable":true,"href":"https:\/\/provence-online.fr\/de\/wp-json\/wp\/v2\/product_cat?post=34096"},{"taxonomy":"product_tag","embeddable":true,"href":"https:\/\/provence-online.fr\/de\/wp-json\/wp\/v2\/product_tag?post=34096"}],"curies":[{"name":"wp","href":"https:\/\/api.w.org\/{rel}","templated":true}]}}