{"id":34108,"date":"2019-01-18T16:40:51","date_gmt":"2019-01-18T15:40:51","guid":{"rendered":"http:\/\/provence-online.fr\/product\/lavandinol-20-ml\/"},"modified":"2025-06-29T11:12:36","modified_gmt":"2025-06-29T09:12:36","slug":"lavandinol-20-ml","status":"publish","type":"product","link":"https:\/\/provence-online.fr\/de\/product\/lavandinol-20-ml\/","title":{"rendered":"Lavandin\u00f6l 20 ml"},"content":{"rendered":"<p>Lavandin\u00f6l 20 ml<\/p>\n<p>Der Lavandin (lavandula hybrida) ist eine Kreuzung aus dem &#8222;Feinen Lavendel&#8220; (lavandula angustifolia) und dem weitverbreiteten Speik-Lavandel (lavandula latifolia), den man in vielen G\u00e4rten findet und der fast \u00fcberall in kleiner Buschform mit vielen Bl\u00fcte an jedem Stamm w\u00e4chst. Dies ist der Lavendel den man in unseren Lavendels\u00e4ckchen findet.<br \/>\nMan braucht 40kg Bl\u00fcten f\u00fcr einen Liter Lavandin\u00f6l.<\/p>\n<p>Flasche mit Pipette im Gla\u00dffl\u00e4schchen<\/p>\n","protected":false},"excerpt":{"rendered":"<p>Lavandin\u00f6l. Der Lavandin (lavandula hybrida) ist eine Kreuzung aus dem &#8222;Feinen Lavendel&#8220; (lavandula angustifolia) und dem weitverbreiteten Speik-Lavandel (lavandula latifolia), den man in vielen G\u00e4rten findet und der fast \u00fcberall in kleiner Buschform mit vielen Bl\u00fcte an jedem Stamm w\u00e4chst.<\/p>\n","protected":false},"featured_media":32778,"template":"","meta":{"om_disable_all_campaigns":false,"_monsterinsights_skip_tracking":false,"_monsterinsights_sitenote_active":false,"_monsterinsights_sitenote_note":"","_monsterinsights_sitenote_category":0,"site-sidebar-layout":"default","site-content-layout":"default","ast-site-content-layout":"default","site-content-style":"default","site-sidebar-style":"default","ast-global-header-display":"","ast-banner-title-visibility":"","ast-main-header-display":"","ast-hfb-above-header-display":"","ast-hfb-below-header-display":"","ast-hfb-mobile-header-display":"","site-post-title":"","ast-breadcrumbs-content":"","ast-featured-img":"","footer-sml-layout":"","ast-disable-related-posts":"","theme-transparent-header-meta":"default","adv-header-id-meta":"","stick-header-meta":"","header-above-stick-meta":"","header-main-stick-meta":"","header-below-stick-meta":"","astra-migrate-meta-layouts":"set","ast-page-background-enabled":"default","ast-page-background-meta":{"desktop":{"background-color":"","background-image":"","background-repeat":"repeat","background-position":"center center","background-size":"auto","background-attachment":"scroll","background-type":"","background-media":"","overlay-type":"","overlay-color":"","overlay-opacity":"","overlay-gradient":""},"tablet":{"background-color":"","background-image":"","background-repeat":"repeat","background-position":"center center","background-size":"auto","background-attachment":"scroll","background-type":"","background-media":"","overlay-type":"","overlay-color":"","overlay-opacity":"","overlay-gradient":""},"mobile":{"background-color":"","background-image":"","background-repeat":"repeat","background-position":"center center","background-size":"auto","background-attachment":"scroll","background-type":"","background-media":"","overlay-type":"","overlay-color":"","overlay-opacity":"","overlay-gradient":""}},"ast-content-background-meta":{"desktop":{"background-color":"var(--ast-global-color-5)","background-image":"","background-repeat":"repeat","background-position":"center center","background-size":"auto","background-attachment":"scroll","background-type":"","background-media":"","overlay-type":"","overlay-color":"","overlay-opacity":"","overlay-gradient":""},"tablet":{"background-color":"var(--ast-global-color-5)","background-image":"","background-repeat":"repeat","background-position":"center center","background-size":"auto","background-attachment":"scroll","background-type":"","background-media":"","overlay-type":"","overlay-color":"","overlay-opacity":"","overlay-gradient":""},"mobile":{"background-color":"var(--ast-global-color-5)","background-image":"","background-repeat":"repeat","background-position":"center center","background-size":"auto","background-attachment":"scroll","background-type":"","background-media":"","overlay-type":"","overlay-color":"","overlay-opacity":"","overlay-gradient":""}}},"product_brand":[],"product_cat":[74],"product_tag":[612,3509,3508],"class_list":{"0":"post-34108","1":"product","2":"type-product","3":"status-publish","4":"has-post-thumbnail","6":"product_cat-kraeuter-cade-lavendel","7":"product_tag-atherisches-ol","8":"product_tag-lavandin-de","9":"product_tag-lavandinol","10":"desktop-align-left","11":"tablet-align-left","12":"mobile-align-left","14":"first","15":"instock","16":"shipping-taxable","17":"purchasable","18":"product-type-simple"},"barcode":null,"atum_controlled":true,"out_stock_date":null,"out_stock_threshold":null,"inheritable":false,"stock_on_hold":0,"sold_today":0,"sales_last_days":0,"reserved_stock":0,"customer_returns":0,"warehouse_damage":0,"lost_in_post":0,"other_logs":0,"out_stock_days":0,"lost_sales":0,"update_date":"2026-04-13T00:08:10","atum_locations":[],"atum_stock_status":"instock","restock_status":false,"low_stock_amount":0,"sales_update_date":"2026-04-13T00:08:10","calc_backorders":null,"aioseo_notices":[],"_links":{"self":[{"href":"https:\/\/provence-online.fr\/de\/wp-json\/wp\/v2\/product\/34108","targetHints":{"allow":["GET"]}}],"collection":[{"href":"https:\/\/provence-online.fr\/de\/wp-json\/wp\/v2\/product"}],"about":[{"href":"https:\/\/provence-online.fr\/de\/wp-json\/wp\/v2\/types\/product"}],"version-history":[{"count":4,"href":"https:\/\/provence-online.fr\/de\/wp-json\/wp\/v2\/product\/34108\/revisions"}],"predecessor-version":[{"id":52387,"href":"https:\/\/provence-online.fr\/de\/wp-json\/wp\/v2\/product\/34108\/revisions\/52387"}],"wp:featuredmedia":[{"embeddable":true,"href":"https:\/\/provence-online.fr\/de\/wp-json\/wp\/v2\/media\/32778"}],"wp:attachment":[{"href":"https:\/\/provence-online.fr\/de\/wp-json\/wp\/v2\/media?parent=34108"}],"wp:term":[{"taxonomy":"product_brand","embeddable":true,"href":"https:\/\/provence-online.fr\/de\/wp-json\/wp\/v2\/product_brand?post=34108"},{"taxonomy":"product_cat","embeddable":true,"href":"https:\/\/provence-online.fr\/de\/wp-json\/wp\/v2\/product_cat?post=34108"},{"taxonomy":"product_tag","embeddable":true,"href":"https:\/\/provence-online.fr\/de\/wp-json\/wp\/v2\/product_tag?post=34108"}],"curies":[{"name":"wp","href":"https:\/\/api.w.org\/{rel}","templated":true}]}}