{"id":34150,"date":"2019-01-18T11:31:25","date_gmt":"2019-01-18T10:31:25","guid":{"rendered":"http:\/\/provence-online.fr\/product\/beutel-organza-mit-lavendel-lavandinbluten\/"},"modified":"2025-02-25T18:50:50","modified_gmt":"2025-02-25T17:50:50","slug":"saeckchen-mit-lavendelblumen-organza","status":"publish","type":"product","link":"https:\/\/provence-online.fr\/de\/product\/saeckchen-mit-lavendelblumen-organza\/","title":{"rendered":"S\u00e4ckchen mit Lavendelblumen, &#8218;organza&#8216;"},"content":{"rendered":"<p><strong>Lavendelblumen<\/strong><\/p>\n<p>Dieses h\u00fcbsche Orgenza-S\u00e4ckchen, das mit Lavendel und Lavandinbl\u00fcten gef\u00fcllt ist, wird Ihr Haus, Ihr Auto, Ihre Schr\u00e4nke und vieles mehr mit seinem zarten Duft parf\u00fcmieren.<br \/>\nEs empfiehlt sich, das S\u00e4ckchen ab und zu zu zerdr\u00fccken, damit sich der Duft wieder ausbreitet<\/p>\n<p>.Gr\u00f6\u00dfe: 12 x 9 cm,<br \/>\nca. 15 g<\/p>\n<p>Echter Lavendel aus der Provence, von Hand gepfl\u00fcckt.<\/p>\n<p>Finden Sie alle unsere <a href=\"https:\/\/provence-online.fr\/de\/sitemap\/\" title=\"Sitemap\">Produkte<\/a> sowie<br \/>\ndas <a href=\"https:\/\/provence-online.fr\/de\/seife-und-parfums\/\" title=\"Seife und Parf\u00fcms\">Eau de Toilette oder die Lavendelseife<\/a> auf der Website.<\/p>\n","protected":false},"excerpt":{"rendered":"<p>S\u00e4ckchen mit Lavendelblumen, praktisch zum aufh\u00e4ngen<br \/>\nGr\u00f6sse: 10 x 8.5 cm, 15 g<br \/>\nVerschiedene Farben<\/p>\n","protected":false},"featured_media":32700,"template":"","meta":{"om_disable_all_campaigns":false,"_monsterinsights_skip_tracking":false,"_monsterinsights_sitenote_active":false,"_monsterinsights_sitenote_note":"","_monsterinsights_sitenote_category":0,"site-sidebar-layout":"default","site-content-layout":"default","ast-site-content-layout":"default","site-content-style":"default","site-sidebar-style":"default","ast-global-header-display":"","ast-banner-title-visibility":"","ast-main-header-display":"","ast-hfb-above-header-display":"","ast-hfb-below-header-display":"","ast-hfb-mobile-header-display":"","site-post-title":"","ast-breadcrumbs-content":"","ast-featured-img":"","footer-sml-layout":"","ast-disable-related-posts":"","theme-transparent-header-meta":"default","adv-header-id-meta":"","stick-header-meta":"","header-above-stick-meta":"","header-main-stick-meta":"","header-below-stick-meta":"","astra-migrate-meta-layouts":"set","ast-page-background-enabled":"default","ast-page-background-meta":{"desktop":{"background-color":"","background-image":"","background-repeat":"repeat","background-position":"center center","background-size":"auto","background-attachment":"scroll","background-type":"","background-media":"","overlay-type":"","overlay-color":"","overlay-opacity":"","overlay-gradient":""},"tablet":{"background-color":"","background-image":"","background-repeat":"repeat","background-position":"center center","background-size":"auto","background-attachment":"scroll","background-type":"","background-media":"","overlay-type":"","overlay-color":"","overlay-opacity":"","overlay-gradient":""},"mobile":{"background-color":"","background-image":"","background-repeat":"repeat","background-position":"center center","background-size":"auto","background-attachment":"scroll","background-type":"","background-media":"","overlay-type":"","overlay-color":"","overlay-opacity":"","overlay-gradient":""}},"ast-content-background-meta":{"desktop":{"background-color":"var(--ast-global-color-5)","background-image":"","background-repeat":"repeat","background-position":"center center","background-size":"auto","background-attachment":"scroll","background-type":"","background-media":"","overlay-type":"","overlay-color":"","overlay-opacity":"","overlay-gradient":""},"tablet":{"background-color":"var(--ast-global-color-5)","background-image":"","background-repeat":"repeat","background-position":"center center","background-size":"auto","background-attachment":"scroll","background-type":"","background-media":"","overlay-type":"","overlay-color":"","overlay-opacity":"","overlay-gradient":""},"mobile":{"background-color":"var(--ast-global-color-5)","background-image":"","background-repeat":"repeat","background-position":"center center","background-size":"auto","background-attachment":"scroll","background-type":"","background-media":"","overlay-type":"","overlay-color":"","overlay-opacity":"","overlay-gradient":""}}},"product_brand":[],"product_cat":[74],"product_tag":[1463,1464,1462,2686,379],"class_list":{"0":"post-34150","1":"product","2":"type-product","3":"status-publish","4":"has-post-thumbnail","6":"product_cat-kraeuter-cade-lavendel","7":"product_tag-beutel-lavendel-beutel-lavandinbluten","8":"product_tag-beutel-lavendel-beutel-lavandinbluten-de","9":"product_tag-lavandinbluten","10":"product_tag-lavender-de","11":"product_tag-provence-de","12":"desktop-align-left","13":"tablet-align-left","14":"mobile-align-left","16":"first","17":"instock","18":"shipping-taxable","19":"purchasable","20":"product-type-simple"},"barcode":null,"atum_controlled":true,"out_stock_date":null,"out_stock_threshold":null,"inheritable":false,"stock_on_hold":4,"sold_today":0,"sales_last_days":0,"reserved_stock":0,"customer_returns":0,"warehouse_damage":0,"lost_in_post":0,"other_logs":0,"out_stock_days":0,"lost_sales":0,"update_date":"2026-04-09T00:07:44","atum_locations":[],"atum_stock_status":"instock","restock_status":false,"low_stock_amount":0,"sales_update_date":"2026-04-09T00:07:44","calc_backorders":null,"aioseo_notices":[],"_links":{"self":[{"href":"https:\/\/provence-online.fr\/de\/wp-json\/wp\/v2\/product\/34150","targetHints":{"allow":["GET"]}}],"collection":[{"href":"https:\/\/provence-online.fr\/de\/wp-json\/wp\/v2\/product"}],"about":[{"href":"https:\/\/provence-online.fr\/de\/wp-json\/wp\/v2\/types\/product"}],"version-history":[{"count":5,"href":"https:\/\/provence-online.fr\/de\/wp-json\/wp\/v2\/product\/34150\/revisions"}],"predecessor-version":[{"id":52321,"href":"https:\/\/provence-online.fr\/de\/wp-json\/wp\/v2\/product\/34150\/revisions\/52321"}],"wp:featuredmedia":[{"embeddable":true,"href":"https:\/\/provence-online.fr\/de\/wp-json\/wp\/v2\/media\/32700"}],"wp:attachment":[{"href":"https:\/\/provence-online.fr\/de\/wp-json\/wp\/v2\/media?parent=34150"}],"wp:term":[{"taxonomy":"product_brand","embeddable":true,"href":"https:\/\/provence-online.fr\/de\/wp-json\/wp\/v2\/product_brand?post=34150"},{"taxonomy":"product_cat","embeddable":true,"href":"https:\/\/provence-online.fr\/de\/wp-json\/wp\/v2\/product_cat?post=34150"},{"taxonomy":"product_tag","embeddable":true,"href":"https:\/\/provence-online.fr\/de\/wp-json\/wp\/v2\/product_tag?post=34150"}],"curies":[{"name":"wp","href":"https:\/\/api.w.org\/{rel}","templated":true}]}}