{"id":34177,"date":"2019-01-17T11:23:23","date_gmt":"2019-01-17T10:23:23","guid":{"rendered":"http:\/\/provence-online.fr\/product\/kissenparfum-von-escapade\/"},"modified":"2024-04-07T12:06:55","modified_gmt":"2024-04-07T10:06:55","slug":"kissenparfum-von-escapade","status":"publish","type":"product","link":"https:\/\/provence-online.fr\/de\/product\/kissenparfum-von-escapade\/","title":{"rendered":"Kissenparf\u00fcm von Escapade"},"content":{"rendered":"<p>Kissenparf\u00fcm <\/p>\n<p>Umh\u00fcllen sie ihre n\u00e4chte mit dem delikaten Parf\u00fcmen kreiert von den &#8222;Nasen&#8220; von Grasse.<br \/>\nZerst\u00e4uber ohne Treibgas,<br \/>\n50 ml<\/p>\n<p><strong>Nuits Sensuelles:<\/strong> Die Sinnlichkeit des Ylang umh\u00fcllt Sie mit sanfter Verf\u00fchrung.<br \/>\n<strong>Nuits Tropicales:<\/strong> Die reichen Duftnoten der Vanille bieten blumige Tr\u00e4ume an.<\/p>\n<p>Finden Sie unsere <a href=\"https:\/\/provence-online.fr\/de\/krauter-lavendel-cade\/\" title=\"Kr\u00e4uter, Lavendel, Cade\">D\u00fcfte<\/a> auf der Website.<br \/>\n Franz\u00f6sische Herstellung, in der Provence<\/p>\n","protected":false},"excerpt":{"rendered":"<p>Kissenparf\u00fcm.<\/p>\n","protected":false},"featured_media":32648,"template":"","meta":{"om_disable_all_campaigns":false,"_monsterinsights_skip_tracking":false,"_monsterinsights_sitenote_active":false,"_monsterinsights_sitenote_note":"","_monsterinsights_sitenote_category":0,"site-sidebar-layout":"default","site-content-layout":"default","ast-site-content-layout":"default","site-content-style":"default","site-sidebar-style":"default","ast-global-header-display":"","ast-banner-title-visibility":"","ast-main-header-display":"","ast-hfb-above-header-display":"","ast-hfb-below-header-display":"","ast-hfb-mobile-header-display":"","site-post-title":"","ast-breadcrumbs-content":"","ast-featured-img":"","footer-sml-layout":"","ast-disable-related-posts":"","theme-transparent-header-meta":"default","adv-header-id-meta":"","stick-header-meta":"","header-above-stick-meta":"","header-main-stick-meta":"","header-below-stick-meta":"","astra-migrate-meta-layouts":"set","ast-page-background-enabled":"default","ast-page-background-meta":{"desktop":{"background-color":"","background-image":"","background-repeat":"repeat","background-position":"center center","background-size":"auto","background-attachment":"scroll","background-type":"","background-media":"","overlay-type":"","overlay-color":"","overlay-opacity":"","overlay-gradient":""},"tablet":{"background-color":"","background-image":"","background-repeat":"repeat","background-position":"center center","background-size":"auto","background-attachment":"scroll","background-type":"","background-media":"","overlay-type":"","overlay-color":"","overlay-opacity":"","overlay-gradient":""},"mobile":{"background-color":"","background-image":"","background-repeat":"repeat","background-position":"center center","background-size":"auto","background-attachment":"scroll","background-type":"","background-media":"","overlay-type":"","overlay-color":"","overlay-opacity":"","overlay-gradient":""}},"ast-content-background-meta":{"desktop":{"background-color":"var(--ast-global-color-5)","background-image":"","background-repeat":"repeat","background-position":"center center","background-size":"auto","background-attachment":"scroll","background-type":"","background-media":"","overlay-type":"","overlay-color":"","overlay-opacity":"","overlay-gradient":""},"tablet":{"background-color":"var(--ast-global-color-5)","background-image":"","background-repeat":"repeat","background-position":"center center","background-size":"auto","background-attachment":"scroll","background-type":"","background-media":"","overlay-type":"","overlay-color":"","overlay-opacity":"","overlay-gradient":""},"mobile":{"background-color":"var(--ast-global-color-5)","background-image":"","background-repeat":"repeat","background-position":"center center","background-size":"auto","background-attachment":"scroll","background-type":"","background-media":"","overlay-type":"","overlay-color":"","overlay-opacity":"","overlay-gradient":""}}},"product_brand":[],"product_cat":[74],"product_tag":[],"class_list":{"0":"post-34177","1":"product","2":"type-product","3":"status-publish","4":"has-post-thumbnail","6":"product_cat-kraeuter-cade-lavendel","7":"desktop-align-left","8":"tablet-align-left","9":"mobile-align-left","11":"first","12":"instock","13":"shipping-taxable","14":"purchasable","15":"product-type-variable","16":"has-default-attributes"},"barcode":null,"atum_controlled":true,"out_stock_date":"2019-02-04 09:33:37","out_stock_threshold":null,"inheritable":true,"stock_on_hold":0,"sold_today":0,"sales_last_days":0,"reserved_stock":null,"customer_returns":null,"warehouse_damage":null,"lost_in_post":null,"other_logs":null,"out_stock_days":2626,"lost_sales":0,"update_date":"2026-04-15T00:11:56","atum_locations":[],"atum_stock_status":"instock","restock_status":false,"low_stock_amount":"","sales_update_date":"2026-04-15T00:11:56","calc_backorders":null,"aioseo_notices":[],"_links":{"self":[{"href":"https:\/\/provence-online.fr\/de\/wp-json\/wp\/v2\/product\/34177","targetHints":{"allow":["GET"]}}],"collection":[{"href":"https:\/\/provence-online.fr\/de\/wp-json\/wp\/v2\/product"}],"about":[{"href":"https:\/\/provence-online.fr\/de\/wp-json\/wp\/v2\/types\/product"}],"version-history":[{"count":4,"href":"https:\/\/provence-online.fr\/de\/wp-json\/wp\/v2\/product\/34177\/revisions"}],"predecessor-version":[{"id":51737,"href":"https:\/\/provence-online.fr\/de\/wp-json\/wp\/v2\/product\/34177\/revisions\/51737"}],"wp:featuredmedia":[{"embeddable":true,"href":"https:\/\/provence-online.fr\/de\/wp-json\/wp\/v2\/media\/32648"}],"wp:attachment":[{"href":"https:\/\/provence-online.fr\/de\/wp-json\/wp\/v2\/media?parent=34177"}],"wp:term":[{"taxonomy":"product_brand","embeddable":true,"href":"https:\/\/provence-online.fr\/de\/wp-json\/wp\/v2\/product_brand?post=34177"},{"taxonomy":"product_cat","embeddable":true,"href":"https:\/\/provence-online.fr\/de\/wp-json\/wp\/v2\/product_cat?post=34177"},{"taxonomy":"product_tag","embeddable":true,"href":"https:\/\/provence-online.fr\/de\/wp-json\/wp\/v2\/product_tag?post=34177"}],"curies":[{"name":"wp","href":"https:\/\/api.w.org\/{rel}","templated":true}]}}