{"id":34187,"date":"2019-01-08T19:32:43","date_gmt":"2019-01-08T18:32:43","guid":{"rendered":"http:\/\/provence-online.fr\/product\/bouquet-parfumstabchen-100-ml\/"},"modified":"2024-11-30T17:10:38","modified_gmt":"2024-11-30T16:10:38","slug":"raumduft-bouquet-parfuemstaebchen","status":"publish","type":"product","link":"https:\/\/provence-online.fr\/de\/product\/raumduft-bouquet-parfuemstaebchen\/","title":{"rendered":"Raumduft, Bouquet Parf\u00fcmst\u00e4bchen"},"content":{"rendered":"<p>Raumduft von <strong>Escapade<\/strong><br \/>\nGlassfl\u00e4schchen 100ml<\/p>\n<p>mit 7 St\u00e4bchen pflanzlicher Herkunft<br \/>\n<strong>Lavendel:<\/strong> Enf\u00fchrt Sie in die Lavendelfelder auf den Hochebenen der Provence.<br \/>\n<strong>Gr\u00fcner Tee:<\/strong> Ein delikater und frischer Duft basierend auf den komplexen D\u00fcften des Gr\u00fcnen Tees.<br \/>\nEscapade erstrebt h\u00f6ste Anspr\u00fcche f\u00fcr die Qualit\u00e4t seiner perf\u00fcmierten Bouquets.<\/p>\n","protected":false},"excerpt":{"rendered":"<p>Raumduft von <strong>Escapade<\/strong><br \/>\nGlassfl\u00e4schchen 100ml<br \/>\nmit 7 St\u00e4bchen pflanzlicher Herkunft<br \/>\n<strong>Lavendel:<\/strong> Enf\u00fchrt Sie in die Lavendelfelder auf den Hochebenen der Provence.<br \/>\n<strong>Gr\u00fcner Tee:<\/strong> Ein delikater und frischer Duft basierend auf den komplexen D\u00fcften des Gr\u00fcnen Tees.<br \/>\nEscapade erstrebt h\u00f6ste Anspr\u00fcche f\u00fcr die Qualit\u00e4t seiner perf\u00fcmierten Bouquets.<\/p>\n","protected":false},"featured_media":34188,"template":"","meta":{"om_disable_all_campaigns":false,"_monsterinsights_skip_tracking":false,"_monsterinsights_sitenote_active":false,"_monsterinsights_sitenote_note":"","_monsterinsights_sitenote_category":0,"site-sidebar-layout":"default","site-content-layout":"default","ast-site-content-layout":"default","site-content-style":"default","site-sidebar-style":"default","ast-global-header-display":"","ast-banner-title-visibility":"","ast-main-header-display":"","ast-hfb-above-header-display":"","ast-hfb-below-header-display":"","ast-hfb-mobile-header-display":"","site-post-title":"","ast-breadcrumbs-content":"","ast-featured-img":"","footer-sml-layout":"","ast-disable-related-posts":"","theme-transparent-header-meta":"default","adv-header-id-meta":"","stick-header-meta":"","header-above-stick-meta":"","header-main-stick-meta":"","header-below-stick-meta":"","astra-migrate-meta-layouts":"default","ast-page-background-enabled":"default","ast-page-background-meta":{"desktop":{"background-color":"","background-image":"","background-repeat":"repeat","background-position":"center center","background-size":"auto","background-attachment":"scroll","background-type":"","background-media":"","overlay-type":"","overlay-color":"","overlay-opacity":"","overlay-gradient":""},"tablet":{"background-color":"","background-image":"","background-repeat":"repeat","background-position":"center center","background-size":"auto","background-attachment":"scroll","background-type":"","background-media":"","overlay-type":"","overlay-color":"","overlay-opacity":"","overlay-gradient":""},"mobile":{"background-color":"","background-image":"","background-repeat":"repeat","background-position":"center center","background-size":"auto","background-attachment":"scroll","background-type":"","background-media":"","overlay-type":"","overlay-color":"","overlay-opacity":"","overlay-gradient":""}},"ast-content-background-meta":{"desktop":{"background-color":"var(--ast-global-color-5)","background-image":"","background-repeat":"repeat","background-position":"center center","background-size":"auto","background-attachment":"scroll","background-type":"","background-media":"","overlay-type":"","overlay-color":"","overlay-opacity":"","overlay-gradient":""},"tablet":{"background-color":"var(--ast-global-color-5)","background-image":"","background-repeat":"repeat","background-position":"center center","background-size":"auto","background-attachment":"scroll","background-type":"","background-media":"","overlay-type":"","overlay-color":"","overlay-opacity":"","overlay-gradient":""},"mobile":{"background-color":"var(--ast-global-color-5)","background-image":"","background-repeat":"repeat","background-position":"center center","background-size":"auto","background-attachment":"scroll","background-type":"","background-media":"","overlay-type":"","overlay-color":"","overlay-opacity":"","overlay-gradient":""}}},"product_brand":[],"product_cat":[124,74],"product_tag":[3482,3483,3484],"class_list":{"0":"post-34187","1":"product","2":"type-product","3":"status-publish","4":"has-post-thumbnail","6":"product_cat-geschenk","7":"product_cat-kraeuter-cade-lavendel","8":"product_tag-raumduft-bouquet-parfumstabchen","9":"product_tag-raumduft-bouquet-parfumstabchen-de","10":"product_tag-raumduft-bouquet-parfumstabchen-de-2","11":"desktop-align-left","12":"tablet-align-left","13":"mobile-align-left","15":"first","16":"instock","17":"shipping-taxable","18":"purchasable","19":"product-type-variable"},"barcode":null,"atum_controlled":true,"out_stock_date":"2019-02-04 09:33:40","out_stock_threshold":null,"inheritable":true,"stock_on_hold":0,"sold_today":0,"sales_last_days":0,"reserved_stock":null,"customer_returns":null,"warehouse_damage":null,"lost_in_post":null,"other_logs":null,"out_stock_days":2629,"lost_sales":0,"update_date":"2026-04-18T00:12:59","atum_locations":[],"atum_stock_status":"instock","restock_status":false,"low_stock_amount":"","sales_update_date":"2026-04-18T00:12:59","calc_backorders":null,"aioseo_notices":[],"_links":{"self":[{"href":"https:\/\/provence-online.fr\/de\/wp-json\/wp\/v2\/product\/34187","targetHints":{"allow":["GET"]}}],"collection":[{"href":"https:\/\/provence-online.fr\/de\/wp-json\/wp\/v2\/product"}],"about":[{"href":"https:\/\/provence-online.fr\/de\/wp-json\/wp\/v2\/types\/product"}],"version-history":[{"count":3,"href":"https:\/\/provence-online.fr\/de\/wp-json\/wp\/v2\/product\/34187\/revisions"}],"predecessor-version":[{"id":46960,"href":"https:\/\/provence-online.fr\/de\/wp-json\/wp\/v2\/product\/34187\/revisions\/46960"}],"wp:featuredmedia":[{"embeddable":true,"href":"https:\/\/provence-online.fr\/de\/wp-json\/wp\/v2\/media\/34188"}],"wp:attachment":[{"href":"https:\/\/provence-online.fr\/de\/wp-json\/wp\/v2\/media?parent=34187"}],"wp:term":[{"taxonomy":"product_brand","embeddable":true,"href":"https:\/\/provence-online.fr\/de\/wp-json\/wp\/v2\/product_brand?post=34187"},{"taxonomy":"product_cat","embeddable":true,"href":"https:\/\/provence-online.fr\/de\/wp-json\/wp\/v2\/product_cat?post=34187"},{"taxonomy":"product_tag","embeddable":true,"href":"https:\/\/provence-online.fr\/de\/wp-json\/wp\/v2\/product_tag?post=34187"}],"curies":[{"name":"wp","href":"https:\/\/api.w.org\/{rel}","templated":true}]}}