{"id":34747,"date":"2019-01-04T17:14:47","date_gmt":"2019-01-04T16:14:47","guid":{"rendered":"http:\/\/provence-online.fr\/product\/santon-8-9-cm-gartner\/"},"modified":"2024-02-22T15:41:12","modified_gmt":"2024-02-22T14:41:12","slug":"santon-8-9-cm-gartner","status":"publish","type":"product","link":"https:\/\/provence-online.fr\/de\/product\/santon-8-9-cm-gartner\/","title":{"rendered":"Santon 8 \/ 9 cm G\u00e4rtner"},"content":{"rendered":"<p>Der G\u00e4rtner-Santon ist in seinem Gem\u00fcsegarten besch\u00e4ftigt, in der einen Hand h\u00e4lt er eine Gie\u00dfkanne, in der anderen eine Schaufel. Manchmal wird er vom Santon begleitet, der K\u00fcrbisse pfl\u00fcckt, und nicht weit davon entfernt k\u00f6nnen Sie auch die Figur der Vogelscheuche aufstellen.<br \/>\nWas halten Sie von diesen Figuren?<\/p>\n<p>The adult santons measure around 8 to 9 cm and all the animals and accessories are the same size.<\/p>\n<p>Our santons are just like us, some bigger, some smaller, some fatter, some thinner!<br \/>\nThey are therefore compatible with other collections of santons.<\/p>\n<p>All our santons and crib accessories sold on our website are handmade in our workshops in Provence, in the traditional way, in clay and hand-painted.<\/p>\n<p>Find our collections of santons and accessories from Provence <a href=\"https:\/\/provence-online.fr\/de\/santon-4-5cm\/\" title=\"Santon 4\/5 cm\">4 cm to 5 cm<\/a>, <a href=\"https:\/\/provence-online.fr\/de\/santon-7-cm\/\" title=\"Santon 7 cm\">7 cm<\/a> and <a href=\"https:\/\/provence-online.fr\/de\/santon-8-9-cm-2\/\" title=\"Santon 8\/9 cm\">8 cm to 9 cm<\/a> on our website..<\/p>\n","protected":false},"excerpt":{"rendered":"<p>Santon Figur 8 &#038; 9 cm: G\u00e4rtner F\u00fcr die Weihnachtskrippe.<\/p>\n","protected":false},"featured_media":37178,"template":"","meta":{"om_disable_all_campaigns":false,"_monsterinsights_skip_tracking":false,"_monsterinsights_sitenote_active":false,"_monsterinsights_sitenote_note":"","_monsterinsights_sitenote_category":0,"site-sidebar-layout":"default","site-content-layout":"default","ast-site-content-layout":"default","site-content-style":"default","site-sidebar-style":"default","ast-global-header-display":"","ast-banner-title-visibility":"","ast-main-header-display":"","ast-hfb-above-header-display":"","ast-hfb-below-header-display":"","ast-hfb-mobile-header-display":"","site-post-title":"","ast-breadcrumbs-content":"","ast-featured-img":"","footer-sml-layout":"","ast-disable-related-posts":"","theme-transparent-header-meta":"default","adv-header-id-meta":"","stick-header-meta":"","header-above-stick-meta":"","header-main-stick-meta":"","header-below-stick-meta":"","astra-migrate-meta-layouts":"set","ast-page-background-enabled":"default","ast-page-background-meta":{"desktop":{"background-color":"","background-image":"","background-repeat":"repeat","background-position":"center center","background-size":"auto","background-attachment":"scroll","background-type":"","background-media":"","overlay-type":"","overlay-color":"","overlay-opacity":"","overlay-gradient":""},"tablet":{"background-color":"","background-image":"","background-repeat":"repeat","background-position":"center center","background-size":"auto","background-attachment":"scroll","background-type":"","background-media":"","overlay-type":"","overlay-color":"","overlay-opacity":"","overlay-gradient":""},"mobile":{"background-color":"","background-image":"","background-repeat":"repeat","background-position":"center center","background-size":"auto","background-attachment":"scroll","background-type":"","background-media":"","overlay-type":"","overlay-color":"","overlay-opacity":"","overlay-gradient":""}},"ast-content-background-meta":{"desktop":{"background-color":"var(--ast-global-color-5)","background-image":"","background-repeat":"repeat","background-position":"center center","background-size":"auto","background-attachment":"scroll","background-type":"","background-media":"","overlay-type":"","overlay-color":"","overlay-opacity":"","overlay-gradient":""},"tablet":{"background-color":"var(--ast-global-color-5)","background-image":"","background-repeat":"repeat","background-position":"center center","background-size":"auto","background-attachment":"scroll","background-type":"","background-media":"","overlay-type":"","overlay-color":"","overlay-opacity":"","overlay-gradient":""},"mobile":{"background-color":"var(--ast-global-color-5)","background-image":"","background-repeat":"repeat","background-position":"center center","background-size":"auto","background-attachment":"scroll","background-type":"","background-media":"","overlay-type":"","overlay-color":"","overlay-opacity":"","overlay-gradient":""}}},"product_brand":[],"product_cat":[76],"product_tag":[802,803,804,806,807,2043,2730,2764,2760,2731,837,2038,857,1438,991,756,2039,2761,2047,947,956,2044,2041,759,1264,1125,1403,764,1390,1585,3031,2048,996,987,992,2733,379,755,1014,2734,760,2762,448,2046,757,2037,1306,1553,1307,1146],"class_list":{"0":"post-34747","1":"product","2":"type-product","3":"status-publish","4":"has-post-thumbnail","6":"product_cat-santon-8-9-cm-de","7":"product_tag-4-cm-de","8":"product_tag-5-cm-de","9":"product_tag-7-cm-de","10":"product_tag-8-cm-de","11":"product_tag-9-cm-de","12":"product_tag-balthazard-de","13":"product_tag-borie-de","14":"product_tag-brunnen-de-2","15":"product_tag-brunnen-de","16":"product_tag-capitele-de","17":"product_tag-figur","18":"product_tag-figuren","19":"product_tag-franzosisch-santon","20":"product_tag-gartner","21":"product_tag-gaspard-de","22":"product_tag-geburt","23":"product_tag-heiligen-konige","24":"product_tag-kabanon","25":"product_tag-kleine-krippenfigur-de","26":"product_tag-kleine-santons","27":"product_tag-kleiner-heiliger","28":"product_tag-konig-de","29":"product_tag-konige","30":"product_tag-krippe","31":"product_tag-krippenfigur-de-3","32":"product_tag-krippenfigur","33":"product_tag-krippenfiguren-de-3","34":"product_tag-krippenfiguren","35":"product_tag-krippenfiguren-set","36":"product_tag-krippenkollektion","37":"product_tag-krippenzubehor","38":"product_tag-kunsthandwerker","39":"product_tag-magier","40":"product_tag-magierkonig","41":"product_tag-melchior-de","42":"product_tag-pastorale-de","43":"product_tag-provence-de","44":"product_tag-santon-de","45":"product_tag-santon-tier-de","46":"product_tag-santon-zubehor-de","47":"product_tag-szene","48":"product_tag-taubenschlag-de","49":"product_tag-tier","50":"product_tag-tradition-de","51":"product_tag-weihnacht","52":"product_tag-weihnachten","53":"product_tag-weihnachtskrippe-de-2","54":"product_tag-weihnachtskrippe-de-3","55":"product_tag-weihnachtsszene","56":"product_tag-zubehor-de","57":"desktop-align-left","58":"tablet-align-left","59":"mobile-align-left","61":"first","62":"instock","63":"shipping-taxable","64":"purchasable","65":"product-type-simple"},"barcode":null,"atum_controlled":true,"out_stock_date":null,"out_stock_threshold":null,"inheritable":false,"stock_on_hold":0,"sold_today":0,"sales_last_days":0,"reserved_stock":null,"customer_returns":null,"warehouse_damage":null,"lost_in_post":null,"other_logs":null,"out_stock_days":0,"lost_sales":0,"update_date":"2026-04-18T00:14:26","atum_locations":[],"atum_stock_status":"instock","restock_status":false,"low_stock_amount":0,"sales_update_date":"2026-04-18T00:14:26","calc_backorders":null,"aioseo_notices":[],"_links":{"self":[{"href":"https:\/\/provence-online.fr\/de\/wp-json\/wp\/v2\/product\/34747","targetHints":{"allow":["GET"]}}],"collection":[{"href":"https:\/\/provence-online.fr\/de\/wp-json\/wp\/v2\/product"}],"about":[{"href":"https:\/\/provence-online.fr\/de\/wp-json\/wp\/v2\/types\/product"}],"version-history":[{"count":4,"href":"https:\/\/provence-online.fr\/de\/wp-json\/wp\/v2\/product\/34747\/revisions"}],"predecessor-version":[{"id":51072,"href":"https:\/\/provence-online.fr\/de\/wp-json\/wp\/v2\/product\/34747\/revisions\/51072"}],"wp:featuredmedia":[{"embeddable":true,"href":"https:\/\/provence-online.fr\/de\/wp-json\/wp\/v2\/media\/37178"}],"wp:attachment":[{"href":"https:\/\/provence-online.fr\/de\/wp-json\/wp\/v2\/media?parent=34747"}],"wp:term":[{"taxonomy":"product_brand","embeddable":true,"href":"https:\/\/provence-online.fr\/de\/wp-json\/wp\/v2\/product_brand?post=34747"},{"taxonomy":"product_cat","embeddable":true,"href":"https:\/\/provence-online.fr\/de\/wp-json\/wp\/v2\/product_cat?post=34747"},{"taxonomy":"product_tag","embeddable":true,"href":"https:\/\/provence-online.fr\/de\/wp-json\/wp\/v2\/product_tag?post=34747"}],"curies":[{"name":"wp","href":"https:\/\/api.w.org\/{rel}","templated":true}]}}