{"id":34754,"date":"2019-01-04T17:10:18","date_gmt":"2019-01-04T16:10:18","guid":{"rendered":"http:\/\/provence-online.fr\/product\/santon-8-9-cm-weihnachtsman\/"},"modified":"2023-12-02T16:56:01","modified_gmt":"2023-12-02T15:56:01","slug":"santon-8-9-cm-weihnachtsman","status":"publish","type":"product","link":"https:\/\/provence-online.fr\/de\/product\/santon-8-9-cm-weihnachtsman\/","title":{"rendered":"Santon 8 \/ 9 cm Weihnachtsman"},"content":{"rendered":"<p><strong>Santon Weihnachtsman<\/strong><\/p>\n<p>Alle Kinder warten mit gro\u00dfer Ungeduld auf den Weihnachtsmann.<br \/>\nSie auch?<br \/>\nDer Weihnachtsmann ist seit kurzem in der Krippe zu sehen.<\/p>\n<p>Erwachsene Santons sind etwa 8 bis 9 cm gro\u00df, und alle Tiere und Accessoires haben die gleiche Gr\u00f6\u00dfe.<br \/>\nSie sind wie wir, manche gr\u00f6\u00dfer, andere kleiner, manche dicker, andere d\u00fcnner!<br \/>\nSie sind daher mit anderen Sammlungen von Krippenfiguren mit einer Gr\u00f6\u00dfe von 8 \/ 9 cm kompatibel.<\/p>\n<p>Alle unsere Krippenfiguren und Krippenzubeh\u00f6r, die auf unserer Website verkauft werden, werden auf traditionelle Weise aus Ton hergestellt und in unseren Werkst\u00e4tten in der Provence von Hand bemalt.<\/p>\n<p>Finden Sie unsere Kollektionen von Krippenfiguren <a href=\"https:\/\/provence-online.fr\/de\/santon-4-5cm\/\" title=\"Santon 4\/5 cm\">4 cm bis 5 cm<\/a>, <a href=\"https:\/\/provence-online.fr\/de\/santon-7-cm\/\" title=\"Santon 7 cm\">7 cm<\/a> und <a href=\"https:\/\/provence-online.fr\/de\/santon-8-9-cm-2\/\" title=\"Santon 8\/9 cm\">8 cm bis 9 cm<\/a> auf der Website.<\/p>\n","protected":false},"excerpt":{"rendered":"<p>Santon 8 \/ 9 cm: Weihnachtsman F\u00fcr die Weihnachtskrippe, kripenfiguen.<\/p>\n","protected":false},"featured_media":37184,"template":"","meta":{"om_disable_all_campaigns":false,"_monsterinsights_skip_tracking":false,"_monsterinsights_sitenote_active":false,"_monsterinsights_sitenote_note":"","_monsterinsights_sitenote_category":0,"site-sidebar-layout":"default","site-content-layout":"default","ast-site-content-layout":"default","site-content-style":"default","site-sidebar-style":"default","ast-global-header-display":"","ast-banner-title-visibility":"","ast-main-header-display":"","ast-hfb-above-header-display":"","ast-hfb-below-header-display":"","ast-hfb-mobile-header-display":"","site-post-title":"","ast-breadcrumbs-content":"","ast-featured-img":"","footer-sml-layout":"","ast-disable-related-posts":"","theme-transparent-header-meta":"default","adv-header-id-meta":"","stick-header-meta":"","header-above-stick-meta":"","header-main-stick-meta":"","header-below-stick-meta":"","astra-migrate-meta-layouts":"set","ast-page-background-enabled":"default","ast-page-background-meta":{"desktop":{"background-color":"","background-image":"","background-repeat":"repeat","background-position":"center center","background-size":"auto","background-attachment":"scroll","background-type":"","background-media":"","overlay-type":"","overlay-color":"","overlay-opacity":"","overlay-gradient":""},"tablet":{"background-color":"","background-image":"","background-repeat":"repeat","background-position":"center center","background-size":"auto","background-attachment":"scroll","background-type":"","background-media":"","overlay-type":"","overlay-color":"","overlay-opacity":"","overlay-gradient":""},"mobile":{"background-color":"","background-image":"","background-repeat":"repeat","background-position":"center center","background-size":"auto","background-attachment":"scroll","background-type":"","background-media":"","overlay-type":"","overlay-color":"","overlay-opacity":"","overlay-gradient":""}},"ast-content-background-meta":{"desktop":{"background-color":"var(--ast-global-color-5)","background-image":"","background-repeat":"repeat","background-position":"center center","background-size":"auto","background-attachment":"scroll","background-type":"","background-media":"","overlay-type":"","overlay-color":"","overlay-opacity":"","overlay-gradient":""},"tablet":{"background-color":"var(--ast-global-color-5)","background-image":"","background-repeat":"repeat","background-position":"center center","background-size":"auto","background-attachment":"scroll","background-type":"","background-media":"","overlay-type":"","overlay-color":"","overlay-opacity":"","overlay-gradient":""},"mobile":{"background-color":"var(--ast-global-color-5)","background-image":"","background-repeat":"repeat","background-position":"center center","background-size":"auto","background-attachment":"scroll","background-type":"","background-media":"","overlay-type":"","overlay-color":"","overlay-opacity":"","overlay-gradient":""}}},"product_brand":[],"product_cat":[76],"product_tag":[2040,802,803,804,806,807,2043,837,2038,857,991,756,2039,2047,956,2044,2041,759,2051,2052,1125,1390,1585,2048,996,987,992,379,2184,755,2532,2533,946,1014,760,448,2036,774,2046,757,2037,801,1553,1306,1448,1307,1146],"class_list":{"0":"post-34754","1":"product","2":"type-product","3":"status-publish","4":"has-post-thumbnail","6":"product_cat-santon-8-9-cm-de","7":"product_tag-3-de","8":"product_tag-4-cm-de","9":"product_tag-5-cm-de","10":"product_tag-7-cm-de","11":"product_tag-8-cm-de","12":"product_tag-9-cm-de","13":"product_tag-balthazard-de","14":"product_tag-figur","15":"product_tag-figuren","16":"product_tag-franzosisch-santon","17":"product_tag-gaspard-de","18":"product_tag-geburt","19":"product_tag-heiligen-konige","20":"product_tag-kleine-krippenfigur-de","21":"product_tag-kleiner-heiliger","22":"product_tag-konig-de","23":"product_tag-konige","24":"product_tag-krippe","25":"product_tag-krippe-de-2","26":"product_tag-krippe-de-3","27":"product_tag-krippenfigur","28":"product_tag-krippenfiguren-set","29":"product_tag-krippenkollektion","30":"product_tag-kunsthandwerker","31":"product_tag-magier","32":"product_tag-magierkonig","33":"product_tag-melchior-de","34":"product_tag-provence-de","35":"product_tag-santa-claus","36":"product_tag-santon-de","37":"product_tag-santon-8-cm-de","38":"product_tag-santon-9-cm-de","39":"product_tag-santon-provence-de","40":"product_tag-santon-tier-de","41":"product_tag-szene","42":"product_tag-tier","43":"product_tag-ton","44":"product_tag-tonfigur","45":"product_tag-tradition-de","46":"product_tag-weihnacht","47":"product_tag-weihnachten","48":"product_tag-weihnachtsdekoration","49":"product_tag-weihnachtskrippe-de-3","50":"product_tag-weihnachtskrippe-de-2","51":"product_tag-weihnachtsman","52":"product_tag-weihnachtsszene","53":"product_tag-zubehor-de","54":"desktop-align-left","55":"tablet-align-left","56":"mobile-align-left","58":"first","59":"instock","60":"shipping-taxable","61":"purchasable","62":"product-type-simple"},"barcode":null,"atum_controlled":true,"out_stock_date":null,"out_stock_threshold":null,"inheritable":false,"stock_on_hold":0,"sold_today":0,"sales_last_days":0,"reserved_stock":null,"customer_returns":null,"warehouse_damage":null,"lost_in_post":null,"other_logs":null,"out_stock_days":0,"lost_sales":0,"update_date":"2026-04-10T00:07:51","atum_locations":[],"atum_stock_status":"instock","restock_status":false,"low_stock_amount":0,"sales_update_date":"2026-04-10T00:07:51","calc_backorders":null,"aioseo_notices":[],"_links":{"self":[{"href":"https:\/\/provence-online.fr\/de\/wp-json\/wp\/v2\/product\/34754","targetHints":{"allow":["GET"]}}],"collection":[{"href":"https:\/\/provence-online.fr\/de\/wp-json\/wp\/v2\/product"}],"about":[{"href":"https:\/\/provence-online.fr\/de\/wp-json\/wp\/v2\/types\/product"}],"version-history":[{"count":5,"href":"https:\/\/provence-online.fr\/de\/wp-json\/wp\/v2\/product\/34754\/revisions"}],"predecessor-version":[{"id":51075,"href":"https:\/\/provence-online.fr\/de\/wp-json\/wp\/v2\/product\/34754\/revisions\/51075"}],"wp:featuredmedia":[{"embeddable":true,"href":"https:\/\/provence-online.fr\/de\/wp-json\/wp\/v2\/media\/37184"}],"wp:attachment":[{"href":"https:\/\/provence-online.fr\/de\/wp-json\/wp\/v2\/media?parent=34754"}],"wp:term":[{"taxonomy":"product_brand","embeddable":true,"href":"https:\/\/provence-online.fr\/de\/wp-json\/wp\/v2\/product_brand?post=34754"},{"taxonomy":"product_cat","embeddable":true,"href":"https:\/\/provence-online.fr\/de\/wp-json\/wp\/v2\/product_cat?post=34754"},{"taxonomy":"product_tag","embeddable":true,"href":"https:\/\/provence-online.fr\/de\/wp-json\/wp\/v2\/product_tag?post=34754"}],"curies":[{"name":"wp","href":"https:\/\/api.w.org\/{rel}","templated":true}]}}