{"id":34780,"date":"2019-01-04T17:00:48","date_gmt":"2019-01-04T16:00:48","guid":{"rendered":"http:\/\/provence-online.fr\/product\/santon-8-9-cm-weisser-konig\/"},"modified":"2023-12-09T15:43:48","modified_gmt":"2023-12-09T14:43:48","slug":"santon-8-9-cm-weisser-konig","status":"publish","type":"product","link":"https:\/\/provence-online.fr\/de\/product\/santon-8-9-cm-weisser-konig\/","title":{"rendered":"Santon 8 \/ 9 cm: Wei\u00dfer K\u00f6nig"},"content":{"rendered":"<p>Der wei\u00dfe K\u00f6nigssanton ist Melchior.<br \/>\nEr geh\u00f6rt zu den drei Weisen aus dem Morgenland.<br \/>\nDie Weisen waren persische Gelehrte, die von einem Stern zu dem neugeborenen Jesus gef\u00fchrt wurden. Gaspard, Melchior und Balthasar repr\u00e4sentieren alle V\u00f6lker der Erde. <\/p>\n<p>F\u00fcr die Weihnachtskrippe<br \/>\nUnsere Santons werden in unseren Werkst\u00e4tten in der Provence nach alter Tradition von Hand gefertigt und bemalt.<\/p>\n","protected":false},"excerpt":{"rendered":"<p>Santon 8 \/ 9 cm: wei\u00dfe K\u00f6nigssanton f\u00fcr die Weihnachtskrippe<\/p>\n","protected":false},"featured_media":37196,"template":"","meta":{"om_disable_all_campaigns":false,"_monsterinsights_skip_tracking":false,"_monsterinsights_sitenote_active":false,"_monsterinsights_sitenote_note":"","_monsterinsights_sitenote_category":0,"site-sidebar-layout":"default","site-content-layout":"default","ast-site-content-layout":"default","site-content-style":"default","site-sidebar-style":"default","ast-global-header-display":"","ast-banner-title-visibility":"","ast-main-header-display":"","ast-hfb-above-header-display":"","ast-hfb-below-header-display":"","ast-hfb-mobile-header-display":"","site-post-title":"","ast-breadcrumbs-content":"","ast-featured-img":"","footer-sml-layout":"","ast-disable-related-posts":"","theme-transparent-header-meta":"default","adv-header-id-meta":"","stick-header-meta":"","header-above-stick-meta":"","header-main-stick-meta":"","header-below-stick-meta":"","astra-migrate-meta-layouts":"default","ast-page-background-enabled":"default","ast-page-background-meta":{"desktop":{"background-color":"","background-image":"","background-repeat":"repeat","background-position":"center center","background-size":"auto","background-attachment":"scroll","background-type":"","background-media":"","overlay-type":"","overlay-color":"","overlay-opacity":"","overlay-gradient":""},"tablet":{"background-color":"","background-image":"","background-repeat":"repeat","background-position":"center center","background-size":"auto","background-attachment":"scroll","background-type":"","background-media":"","overlay-type":"","overlay-color":"","overlay-opacity":"","overlay-gradient":""},"mobile":{"background-color":"","background-image":"","background-repeat":"repeat","background-position":"center center","background-size":"auto","background-attachment":"scroll","background-type":"","background-media":"","overlay-type":"","overlay-color":"","overlay-opacity":"","overlay-gradient":""}},"ast-content-background-meta":{"desktop":{"background-color":"var(--ast-global-color-5)","background-image":"","background-repeat":"repeat","background-position":"center center","background-size":"auto","background-attachment":"scroll","background-type":"","background-media":"","overlay-type":"","overlay-color":"","overlay-opacity":"","overlay-gradient":""},"tablet":{"background-color":"var(--ast-global-color-5)","background-image":"","background-repeat":"repeat","background-position":"center center","background-size":"auto","background-attachment":"scroll","background-type":"","background-media":"","overlay-type":"","overlay-color":"","overlay-opacity":"","overlay-gradient":""},"mobile":{"background-color":"var(--ast-global-color-5)","background-image":"","background-repeat":"repeat","background-position":"center center","background-size":"auto","background-attachment":"scroll","background-type":"","background-media":"","overlay-type":"","overlay-color":"","overlay-opacity":"","overlay-gradient":""}}},"product_brand":[],"product_cat":[109,76],"product_tag":[1001,802,803,806,807,993,1402,991,756,1452,1124,990,759,996,987,989,992,755,800,1307],"class_list":{"0":"post-34780","1":"product","2":"type-product","3":"status-publish","4":"has-post-thumbnail","6":"product_cat-krippe","7":"product_cat-santon-8-9-cm-de","8":"product_tag-3-konig-de","9":"product_tag-4-cm-de","10":"product_tag-5-cm-de","11":"product_tag-8-cm-de","12":"product_tag-9-cm-de","13":"product_tag-balthasar","14":"product_tag-figuren-fur-die-weihnachtskrippe-de","15":"product_tag-gaspard-de","16":"product_tag-geburt","17":"product_tag-heilige-drei-konige","18":"product_tag-kleine-heilige","19":"product_tag-kleine-krippenfigur","20":"product_tag-krippe","21":"product_tag-magier","22":"product_tag-magierkonig","23":"product_tag-magierkonig-de-2","24":"product_tag-melchior-de","25":"product_tag-santon-de","26":"product_tag-weihnachtsfiguren","27":"product_tag-weihnachtsszene","28":"desktop-align-left","29":"tablet-align-left","30":"mobile-align-left","32":"first","33":"instock","34":"shipping-taxable","35":"purchasable","36":"product-type-simple"},"barcode":null,"atum_controlled":true,"out_stock_date":null,"out_stock_threshold":null,"inheritable":false,"stock_on_hold":0,"sold_today":0,"sales_last_days":0,"reserved_stock":null,"customer_returns":null,"warehouse_damage":null,"lost_in_post":null,"other_logs":null,"out_stock_days":0,"lost_sales":0,"update_date":"2026-05-11T00:23:56","atum_locations":[],"atum_stock_status":"instock","restock_status":false,"low_stock_amount":0,"sales_update_date":"2026-05-11T00:23:56","calc_backorders":null,"aioseo_notices":[],"_links":{"self":[{"href":"https:\/\/provence-online.fr\/de\/wp-json\/wp\/v2\/product\/34780","targetHints":{"allow":["GET"]}}],"collection":[{"href":"https:\/\/provence-online.fr\/de\/wp-json\/wp\/v2\/product"}],"about":[{"href":"https:\/\/provence-online.fr\/de\/wp-json\/wp\/v2\/types\/product"}],"version-history":[{"count":3,"href":"https:\/\/provence-online.fr\/de\/wp-json\/wp\/v2\/product\/34780\/revisions"}],"predecessor-version":[{"id":46044,"href":"https:\/\/provence-online.fr\/de\/wp-json\/wp\/v2\/product\/34780\/revisions\/46044"}],"wp:featuredmedia":[{"embeddable":true,"href":"https:\/\/provence-online.fr\/de\/wp-json\/wp\/v2\/media\/37196"}],"wp:attachment":[{"href":"https:\/\/provence-online.fr\/de\/wp-json\/wp\/v2\/media?parent=34780"}],"wp:term":[{"taxonomy":"product_brand","embeddable":true,"href":"https:\/\/provence-online.fr\/de\/wp-json\/wp\/v2\/product_brand?post=34780"},{"taxonomy":"product_cat","embeddable":true,"href":"https:\/\/provence-online.fr\/de\/wp-json\/wp\/v2\/product_cat?post=34780"},{"taxonomy":"product_tag","embeddable":true,"href":"https:\/\/provence-online.fr\/de\/wp-json\/wp\/v2\/product_tag?post=34780"}],"curies":[{"name":"wp","href":"https:\/\/api.w.org\/{rel}","templated":true}]}}