{"id":34785,"date":"2019-01-04T16:57:28","date_gmt":"2019-01-04T15:57:28","guid":{"rendered":"http:\/\/provence-online.fr\/product\/santon-8-9-cm-engel\/"},"modified":"2024-12-02T14:42:11","modified_gmt":"2024-12-02T13:42:11","slug":"santon-figur-8-9-cm-engel","status":"publish","type":"product","link":"https:\/\/provence-online.fr\/de\/product\/santon-figur-8-9-cm-engel\/","title":{"rendered":"Santon Figur 8 \/ 9 cm Engel"},"content":{"rendered":"<p><strong>Santon Engel<\/strong><br \/>\nHandbemalte Krippenfigur aus Ton, die in der Provence hergestellt wurde.<\/p>\n<p>In der Provence wie in allen Krippen ist der Engel anwesend, denn er symbolisiert die Verk\u00fcndigung der frohen Botschaft. Es sind die Engel, die Hirten vor der Geburt Jesus warnen.<\/p>\n<p>Alle hier verkauften Santons de Provence werden traditionell in der Provence von einem lokalen Handwerker aus Ton hergestellt, gebrannt und anschlie\u00dfend von Hand bemalt.<br \/>\nDie erwachsenen Santons sind etwa 8\/9 cm gro\u00df und alle Tiere und Accessoires haben die gleiche Gr\u00f6\u00dfe.<br \/>\nSie sind wie wir, einige gr\u00f6\u00dfer, andere kleiner, einige dicker, andere d\u00fcnner!<br \/>\nSie sind daher mit anderen Sammlungen von 8\/9 cm gro\u00dfen Krippenfiguren kompatibel.<\/p>\n<p>Sie finden unsere Kollektionen von Krippenfiguren und Krippenzubeh\u00f6r <a href=\"https:\/\/provence-online.fr\/de\/santon-4-5cm\/\" title=\"Santon 4\/5 cm\">4 cm bis 5 cm<\/a>, <a href=\"https:\/\/provence-online.fr\/de\/santon-7-cm\/\" title=\"Santon 7 cm\">7 cm<\/a> und <a href=\"https:\/\/provence-online.fr\/de\/santon-8-9-cm-2\/\" title=\"Santon 8\/9 cm\">8 cm bis 9 cm<\/a> auf unserer Website.<\/p>\n","protected":false},"excerpt":{"rendered":"<p>Santon Figur 8 \/ 9 cm Engel, F\u00fcr die Weihnachtskrippe, Krippenfiguren.<\/p>\n","protected":false},"featured_media":49024,"template":"","meta":{"om_disable_all_campaigns":false,"_monsterinsights_skip_tracking":false,"_monsterinsights_sitenote_active":false,"_monsterinsights_sitenote_note":"","_monsterinsights_sitenote_category":0,"site-sidebar-layout":"default","site-content-layout":"default","ast-site-content-layout":"default","site-content-style":"default","site-sidebar-style":"default","ast-global-header-display":"","ast-banner-title-visibility":"","ast-main-header-display":"","ast-hfb-above-header-display":"","ast-hfb-below-header-display":"","ast-hfb-mobile-header-display":"","site-post-title":"","ast-breadcrumbs-content":"","ast-featured-img":"","footer-sml-layout":"","ast-disable-related-posts":"","theme-transparent-header-meta":"default","adv-header-id-meta":"","stick-header-meta":"","header-above-stick-meta":"","header-main-stick-meta":"","header-below-stick-meta":"","astra-migrate-meta-layouts":"set","ast-page-background-enabled":"default","ast-page-background-meta":{"desktop":{"background-color":"","background-image":"","background-repeat":"repeat","background-position":"center center","background-size":"auto","background-attachment":"scroll","background-type":"","background-media":"","overlay-type":"","overlay-color":"","overlay-opacity":"","overlay-gradient":""},"tablet":{"background-color":"","background-image":"","background-repeat":"repeat","background-position":"center center","background-size":"auto","background-attachment":"scroll","background-type":"","background-media":"","overlay-type":"","overlay-color":"","overlay-opacity":"","overlay-gradient":""},"mobile":{"background-color":"","background-image":"","background-repeat":"repeat","background-position":"center center","background-size":"auto","background-attachment":"scroll","background-type":"","background-media":"","overlay-type":"","overlay-color":"","overlay-opacity":"","overlay-gradient":""}},"ast-content-background-meta":{"desktop":{"background-color":"var(--ast-global-color-5)","background-image":"","background-repeat":"repeat","background-position":"center center","background-size":"auto","background-attachment":"scroll","background-type":"","background-media":"","overlay-type":"","overlay-color":"","overlay-opacity":"","overlay-gradient":""},"tablet":{"background-color":"var(--ast-global-color-5)","background-image":"","background-repeat":"repeat","background-position":"center center","background-size":"auto","background-attachment":"scroll","background-type":"","background-media":"","overlay-type":"","overlay-color":"","overlay-opacity":"","overlay-gradient":""},"mobile":{"background-color":"var(--ast-global-color-5)","background-image":"","background-repeat":"repeat","background-position":"center center","background-size":"auto","background-attachment":"scroll","background-type":"","background-media":"","overlay-type":"","overlay-color":"","overlay-opacity":"","overlay-gradient":""}}},"product_brand":[],"product_cat":[109,76],"product_tag":[2040,765,802,766,803,767,804,768,806,769,807,2043,770,1007,1517,837,2038,1402,857,991,756,2039,2047,990,956,2044,2041,2051,2052,759,1125,1403,764,1390,1585,2048,996,987,992,1119,379,755,946,1116,760,1115,448,2036,2046,2049,757,2037,1553,1306,1307,1146],"class_list":{"0":"post-34785","1":"product","2":"type-product","3":"status-publish","4":"has-post-thumbnail","6":"product_cat-krippe","7":"product_cat-santon-8-9-cm-de","8":"product_tag-3-de","9":"product_tag-4-de","10":"product_tag-4-cm-de","11":"product_tag-5-de","12":"product_tag-5-cm-de","13":"product_tag-7-de","14":"product_tag-7-cm-de","15":"product_tag-8-de","16":"product_tag-8-cm-de","17":"product_tag-9-de","18":"product_tag-9-cm-de","19":"product_tag-balthazard-de","20":"product_tag-cm-de","21":"product_tag-engel","22":"product_tag-engel-de","23":"product_tag-figur","24":"product_tag-figuren","25":"product_tag-figuren-fur-die-weihnachtskrippe-de","26":"product_tag-franzosisch-santon","27":"product_tag-gaspard-de","28":"product_tag-geburt","29":"product_tag-heiligen-konige","30":"product_tag-kleine-krippenfigur-de","31":"product_tag-kleine-krippenfigur","32":"product_tag-kleiner-heiliger","33":"product_tag-konig-de","34":"product_tag-konige","35":"product_tag-krippe-de-2","36":"product_tag-krippe-de-3","37":"product_tag-krippe","38":"product_tag-krippenfigur","39":"product_tag-krippenfiguren-de-3","40":"product_tag-krippenfiguren","41":"product_tag-krippenfiguren-set","42":"product_tag-krippenkollektion","43":"product_tag-kunsthandwerker","44":"product_tag-magier","45":"product_tag-magierkonig","46":"product_tag-melchior-de","47":"product_tag-musiker","48":"product_tag-provence-de","49":"product_tag-santon-de","50":"product_tag-santon-provence-de","51":"product_tag-spieler","52":"product_tag-szene","53":"product_tag-tamburin","54":"product_tag-tier","55":"product_tag-ton","56":"product_tag-tradition-de","57":"product_tag-trommlerin","58":"product_tag-weihnacht","59":"product_tag-weihnachten","60":"product_tag-weihnachtskrippe-de-3","61":"product_tag-weihnachtskrippe-de-2","62":"product_tag-weihnachtsszene","63":"product_tag-zubehor-de","64":"desktop-align-left","65":"tablet-align-left","66":"mobile-align-left","68":"first","69":"instock","70":"shipping-taxable","71":"purchasable","72":"product-type-simple"},"barcode":null,"atum_controlled":true,"out_stock_date":null,"out_stock_threshold":null,"inheritable":false,"stock_on_hold":0,"sold_today":0,"sales_last_days":0,"reserved_stock":null,"customer_returns":null,"warehouse_damage":null,"lost_in_post":null,"other_logs":null,"out_stock_days":0,"lost_sales":0,"update_date":"2026-04-18T00:14:10","atum_locations":[],"atum_stock_status":"instock","restock_status":false,"low_stock_amount":0,"sales_update_date":"2026-04-18T00:14:10","calc_backorders":null,"aioseo_notices":[],"_links":{"self":[{"href":"https:\/\/provence-online.fr\/de\/wp-json\/wp\/v2\/product\/34785","targetHints":{"allow":["GET"]}}],"collection":[{"href":"https:\/\/provence-online.fr\/de\/wp-json\/wp\/v2\/product"}],"about":[{"href":"https:\/\/provence-online.fr\/de\/wp-json\/wp\/v2\/types\/product"}],"version-history":[{"count":6,"href":"https:\/\/provence-online.fr\/de\/wp-json\/wp\/v2\/product\/34785\/revisions"}],"predecessor-version":[{"id":51860,"href":"https:\/\/provence-online.fr\/de\/wp-json\/wp\/v2\/product\/34785\/revisions\/51860"}],"wp:featuredmedia":[{"embeddable":true,"href":"https:\/\/provence-online.fr\/de\/wp-json\/wp\/v2\/media\/49024"}],"wp:attachment":[{"href":"https:\/\/provence-online.fr\/de\/wp-json\/wp\/v2\/media?parent=34785"}],"wp:term":[{"taxonomy":"product_brand","embeddable":true,"href":"https:\/\/provence-online.fr\/de\/wp-json\/wp\/v2\/product_brand?post=34785"},{"taxonomy":"product_cat","embeddable":true,"href":"https:\/\/provence-online.fr\/de\/wp-json\/wp\/v2\/product_cat?post=34785"},{"taxonomy":"product_tag","embeddable":true,"href":"https:\/\/provence-online.fr\/de\/wp-json\/wp\/v2\/product_tag?post=34785"}],"curies":[{"name":"wp","href":"https:\/\/api.w.org\/{rel}","templated":true}]}}