{"id":34790,"date":"2019-01-04T16:55:31","date_gmt":"2019-01-04T15:55:31","guid":{"rendered":"http:\/\/provence-online.fr\/product\/santon-8-9-cm-jungfrau-maria\/"},"modified":"2024-11-20T19:37:10","modified_gmt":"2024-11-20T18:37:10","slug":"santon-8-9-cm-jungfrau-maria","status":"publish","type":"product","link":"https:\/\/provence-online.fr\/de\/product\/santon-8-9-cm-jungfrau-maria\/","title":{"rendered":"Santon 8 \/ 9 cm Jungfrau Maria"},"content":{"rendered":"<p><strong>Jungfrau Maria<\/strong><\/p>\n<p>Maria nimmt in der Weihnachtskrippe einen besonderen Platz ein. Die Jungfrau ist die Mutter des Jesuskindes.<br \/>\nDie Krippenfigur Maria geh\u00f6rt zu den f\u00fcnf Krippenfiguren der Geburtsszene.<br \/>\nIn der Provence ist es das ganze Dorf, das um die Geburt herum dargestellt wird.<br \/>\nDie katholische und die orthodoxe Kirche r\u00e4umen Maria einen wichtigen Platz ein und nennen sie Maria von Nazareth, Heilige Jungfrau etc.<\/p>\n<p>Erwachsene Santons sind etwa 8 bis 9 cm gro\u00df, und alle Tiere und Accessoires passen von der Gr\u00f6\u00dfe her zusammen.<br \/>\nSie sind wie wir, manche gr\u00f6\u00dfer, andere kleiner, manche dicker, andere d\u00fcnner!<br \/>\nSie sind daher mit anderen Sammlungen von 8 \/ 9 cm gro\u00dfen Krippenfiguren kompatibel.<\/p>\n<p>Alle unsere Krippenfiguren werden in unseren Werkst\u00e4tten in der Provence auf traditionelle Weise von Hand hergestellt.<br \/>\nFinden Sie unsere Kollektionen von Krippenfiguren und Accessoires aus der Provence <a href=\"https:\/\/provence-online.fr\/de\/santon-4-5cm\/\" title=\"Santon 4\/5 cm\">4 cm bis 5 cm<\/a>, <a href=\"https:\/\/provence-online.fr\/de\/santon-7-cm\/\" title=\"Santon 7 cm\">7 cm<\/a> und <a href=\"https:\/\/provence-online.fr\/de\/santon-8-9-cm-2\/\" title=\"Santon 8\/9 cm\">8 cm bis 9 cm<\/a> auf unserer Website.<\/p>\n<p>F\u00fcr die Weihnachtskrippe<\/p>\n","protected":false},"excerpt":{"rendered":"<p>Santon 8 \/ 9 cm: Jungfrau Maria F\u00fcr die Weihnachtskrippe, Krippenfiguren, Weihnachtsumzug.<\/p>\n","protected":false},"featured_media":34791,"template":"","meta":{"om_disable_all_campaigns":false,"_monsterinsights_skip_tracking":false,"_monsterinsights_sitenote_active":false,"_monsterinsights_sitenote_note":"","_monsterinsights_sitenote_category":0,"site-sidebar-layout":"default","site-content-layout":"default","ast-site-content-layout":"default","site-content-style":"default","site-sidebar-style":"default","ast-global-header-display":"","ast-banner-title-visibility":"","ast-main-header-display":"","ast-hfb-above-header-display":"","ast-hfb-below-header-display":"","ast-hfb-mobile-header-display":"","site-post-title":"","ast-breadcrumbs-content":"","ast-featured-img":"","footer-sml-layout":"","ast-disable-related-posts":"","theme-transparent-header-meta":"default","adv-header-id-meta":"","stick-header-meta":"","header-above-stick-meta":"","header-main-stick-meta":"","header-below-stick-meta":"","astra-migrate-meta-layouts":"default","ast-page-background-enabled":"default","ast-page-background-meta":{"desktop":{"background-color":"","background-image":"","background-repeat":"repeat","background-position":"center center","background-size":"auto","background-attachment":"scroll","background-type":"","background-media":"","overlay-type":"","overlay-color":"","overlay-opacity":"","overlay-gradient":""},"tablet":{"background-color":"","background-image":"","background-repeat":"repeat","background-position":"center center","background-size":"auto","background-attachment":"scroll","background-type":"","background-media":"","overlay-type":"","overlay-color":"","overlay-opacity":"","overlay-gradient":""},"mobile":{"background-color":"","background-image":"","background-repeat":"repeat","background-position":"center center","background-size":"auto","background-attachment":"scroll","background-type":"","background-media":"","overlay-type":"","overlay-color":"","overlay-opacity":"","overlay-gradient":""}},"ast-content-background-meta":{"desktop":{"background-color":"var(--ast-global-color-5)","background-image":"","background-repeat":"repeat","background-position":"center center","background-size":"auto","background-attachment":"scroll","background-type":"","background-media":"","overlay-type":"","overlay-color":"","overlay-opacity":"","overlay-gradient":""},"tablet":{"background-color":"var(--ast-global-color-5)","background-image":"","background-repeat":"repeat","background-position":"center center","background-size":"auto","background-attachment":"scroll","background-type":"","background-media":"","overlay-type":"","overlay-color":"","overlay-opacity":"","overlay-gradient":""},"mobile":{"background-color":"var(--ast-global-color-5)","background-image":"","background-repeat":"repeat","background-position":"center center","background-size":"auto","background-attachment":"scroll","background-type":"","background-media":"","overlay-type":"","overlay-color":"","overlay-opacity":"","overlay-gradient":""}}},"product_brand":[],"product_cat":[109,76],"product_tag":[802,803,804,806,807,2043,2730,2760,2764,2731,837,2038,857,991,756,2039,1520,2761,2047,990,947,956,2044,2041,2051,2052,759,1125,764,1390,1585,2048,996,987,2188,992,2733,379,755,1014,2734,760,2762,448,2046,757,2037,1553,1306,1307,1146],"class_list":{"0":"post-34790","1":"product","2":"type-product","3":"status-publish","4":"has-post-thumbnail","6":"product_cat-krippe","7":"product_cat-santon-8-9-cm-de","8":"product_tag-4-cm-de","9":"product_tag-5-cm-de","10":"product_tag-7-cm-de","11":"product_tag-8-cm-de","12":"product_tag-9-cm-de","13":"product_tag-balthazard-de","14":"product_tag-borie-de","15":"product_tag-brunnen-de","16":"product_tag-brunnen-de-2","17":"product_tag-capitele-de","18":"product_tag-figur","19":"product_tag-figuren","20":"product_tag-franzosisch-santon","21":"product_tag-gaspard-de","22":"product_tag-geburt","23":"product_tag-heiligen-konige","24":"product_tag-jungfrau","25":"product_tag-kabanon","26":"product_tag-kleine-krippenfigur-de","27":"product_tag-kleine-krippenfigur","28":"product_tag-kleine-santons","29":"product_tag-kleiner-heiliger","30":"product_tag-konig-de","31":"product_tag-konige","32":"product_tag-krippe-de-2","33":"product_tag-krippe-de-3","34":"product_tag-krippe","35":"product_tag-krippenfigur","36":"product_tag-krippenfiguren","37":"product_tag-krippenfiguren-set","38":"product_tag-krippenkollektion","39":"product_tag-kunsthandwerker","40":"product_tag-magier","41":"product_tag-magierkonig","42":"product_tag-maria-de","43":"product_tag-melchior-de","44":"product_tag-pastorale-de","45":"product_tag-provence-de","46":"product_tag-santon-de","47":"product_tag-santon-tier-de","48":"product_tag-santon-zubehor-de","49":"product_tag-szene","50":"product_tag-taubenschlag-de","51":"product_tag-tier","52":"product_tag-tradition-de","53":"product_tag-weihnacht","54":"product_tag-weihnachten","55":"product_tag-weihnachtskrippe-de-3","56":"product_tag-weihnachtskrippe-de-2","57":"product_tag-weihnachtsszene","58":"product_tag-zubehor-de","59":"desktop-align-left","60":"tablet-align-left","61":"mobile-align-left","63":"first","64":"instock","65":"shipping-taxable","66":"purchasable","67":"product-type-simple"},"barcode":null,"atum_controlled":true,"out_stock_date":null,"out_stock_threshold":null,"inheritable":false,"stock_on_hold":0,"sold_today":0,"sales_last_days":0,"reserved_stock":null,"customer_returns":null,"warehouse_damage":null,"lost_in_post":null,"other_logs":null,"out_stock_days":0,"lost_sales":0,"update_date":"2026-04-17T00:14:14","atum_locations":[],"atum_stock_status":"instock","restock_status":false,"low_stock_amount":0,"sales_update_date":"2026-04-17T00:14:14","calc_backorders":null,"aioseo_notices":[],"_links":{"self":[{"href":"https:\/\/provence-online.fr\/de\/wp-json\/wp\/v2\/product\/34790","targetHints":{"allow":["GET"]}}],"collection":[{"href":"https:\/\/provence-online.fr\/de\/wp-json\/wp\/v2\/product"}],"about":[{"href":"https:\/\/provence-online.fr\/de\/wp-json\/wp\/v2\/types\/product"}],"version-history":[{"count":4,"href":"https:\/\/provence-online.fr\/de\/wp-json\/wp\/v2\/product\/34790\/revisions"}],"predecessor-version":[{"id":52090,"href":"https:\/\/provence-online.fr\/de\/wp-json\/wp\/v2\/product\/34790\/revisions\/52090"}],"wp:featuredmedia":[{"embeddable":true,"href":"https:\/\/provence-online.fr\/de\/wp-json\/wp\/v2\/media\/34791"}],"wp:attachment":[{"href":"https:\/\/provence-online.fr\/de\/wp-json\/wp\/v2\/media?parent=34790"}],"wp:term":[{"taxonomy":"product_brand","embeddable":true,"href":"https:\/\/provence-online.fr\/de\/wp-json\/wp\/v2\/product_brand?post=34790"},{"taxonomy":"product_cat","embeddable":true,"href":"https:\/\/provence-online.fr\/de\/wp-json\/wp\/v2\/product_cat?post=34790"},{"taxonomy":"product_tag","embeddable":true,"href":"https:\/\/provence-online.fr\/de\/wp-json\/wp\/v2\/product_tag?post=34790"}],"curies":[{"name":"wp","href":"https:\/\/api.w.org\/{rel}","templated":true}]}}