{"id":34802,"date":"2019-01-04T17:42:03","date_gmt":"2019-01-04T16:42:03","guid":{"rendered":"http:\/\/provence-online.fr\/product\/santon-8-9-cm-tiere-schwarzes-huhn\/"},"modified":"2023-12-01T17:29:18","modified_gmt":"2023-12-01T16:29:18","slug":"santon-8-9-cm-tiere-schwarzes-huhn","status":"publish","type":"product","link":"https:\/\/provence-online.fr\/de\/product\/santon-8-9-cm-tiere-schwarzes-huhn\/","title":{"rendered":"Santon Tiere Schwarzes Huhn"},"content":{"rendered":"<p><strong>Huhn<\/strong><br \/>\nDie Santon-Henne geh\u00f6rt zu den Tieren in der Krippe. Die wei\u00dfe Henne, die schwarze Henne oder der Hahn bilden den H\u00fchnerhof in Ihrer Krippe.<br \/>\nEs gibt auch den Santon Henne mit K\u00fcken und andere, die Sie auf der Website entdecken k\u00f6nnen.<\/p>\n<p>Alle unsere Krippenfiguren und Krippenzubeh\u00f6r, die auf unserer Website verkauft werden, werden auf traditionelle Weise aus Ton hergestellt und in unseren Werkst\u00e4tten in der Provence von Hand bemalt.<\/p>\n<p>Finden Sie unsere Kollektionen an Krippenfiguren und Krippenzubeh\u00f6r aus der Provence <a href=\"https:\/\/provence-online.fr\/de\/santon-4-5cm\/\" title=\"Santon 4\/5 cm\">4 cm bis 5 cm<\/a>, <a href=\"https:\/\/provence-online.fr\/de\/santon-7-cm\/\" title=\"Santon 7 cm\">7 cm<\/a> und <a href=\"https:\/\/provence-online.fr\/de\/santon-8-9-cm-2\/\" title=\"Santon 8\/9 cm\">8 cm bis 9 cm<\/a> auf unserer Website.<\/p>\n","protected":false},"excerpt":{"rendered":"<p>Santon Tiere Schwarzes Huhn F\u00fcr die Weihnachtskrippe.<\/p>\n","protected":false},"featured_media":34803,"template":"","meta":{"om_disable_all_campaigns":false,"_monsterinsights_skip_tracking":false,"_monsterinsights_sitenote_active":false,"_monsterinsights_sitenote_note":"","_monsterinsights_sitenote_category":0,"site-sidebar-layout":"default","site-content-layout":"default","ast-site-content-layout":"default","site-content-style":"default","site-sidebar-style":"default","ast-global-header-display":"","ast-banner-title-visibility":"","ast-main-header-display":"","ast-hfb-above-header-display":"","ast-hfb-below-header-display":"","ast-hfb-mobile-header-display":"","site-post-title":"","ast-breadcrumbs-content":"","ast-featured-img":"","footer-sml-layout":"","ast-disable-related-posts":"","theme-transparent-header-meta":"default","adv-header-id-meta":"","stick-header-meta":"","header-above-stick-meta":"","header-main-stick-meta":"","header-below-stick-meta":"","astra-migrate-meta-layouts":"set","ast-page-background-enabled":"default","ast-page-background-meta":{"desktop":{"background-color":"","background-image":"","background-repeat":"repeat","background-position":"center center","background-size":"auto","background-attachment":"scroll","background-type":"","background-media":"","overlay-type":"","overlay-color":"","overlay-opacity":"","overlay-gradient":""},"tablet":{"background-color":"","background-image":"","background-repeat":"repeat","background-position":"center center","background-size":"auto","background-attachment":"scroll","background-type":"","background-media":"","overlay-type":"","overlay-color":"","overlay-opacity":"","overlay-gradient":""},"mobile":{"background-color":"","background-image":"","background-repeat":"repeat","background-position":"center center","background-size":"auto","background-attachment":"scroll","background-type":"","background-media":"","overlay-type":"","overlay-color":"","overlay-opacity":"","overlay-gradient":""}},"ast-content-background-meta":{"desktop":{"background-color":"var(--ast-global-color-5)","background-image":"","background-repeat":"repeat","background-position":"center center","background-size":"auto","background-attachment":"scroll","background-type":"","background-media":"","overlay-type":"","overlay-color":"","overlay-opacity":"","overlay-gradient":""},"tablet":{"background-color":"var(--ast-global-color-5)","background-image":"","background-repeat":"repeat","background-position":"center center","background-size":"auto","background-attachment":"scroll","background-type":"","background-media":"","overlay-type":"","overlay-color":"","overlay-opacity":"","overlay-gradient":""},"mobile":{"background-color":"var(--ast-global-color-5)","background-image":"","background-repeat":"repeat","background-position":"center center","background-size":"auto","background-attachment":"scroll","background-type":"","background-media":"","overlay-type":"","overlay-color":"","overlay-opacity":"","overlay-gradient":""}}},"product_brand":[],"product_cat":[110,76,108,112],"product_tag":[802,803,804,806,807,2043,2730,2764,2760,2731,837,2038,857,991,756,431,1562,2039,561,584,2761,2047,990,956,911,2044,2041,759,1125,1390,1585,761,3031,2048,996,987,992,2733,379,755,1560,1014,2734,760,2762,448,2046,757,2037,1553,1306,1561,1307,1146],"class_list":{"0":"post-34802","1":"product","2":"type-product","3":"status-publish","4":"has-post-thumbnail","6":"product_cat-krippenfiguren-7-cm","7":"product_cat-santon-8-9-cm-de","8":"product_cat-tiere","9":"product_cat-tiere-de","10":"product_tag-4-cm-de","11":"product_tag-5-cm-de","12":"product_tag-7-cm-de","13":"product_tag-8-cm-de","14":"product_tag-9-cm-de","15":"product_tag-balthazard-de","16":"product_tag-borie-de","17":"product_tag-brunnen-de-2","18":"product_tag-brunnen-de","19":"product_tag-capitele-de","20":"product_tag-figur","21":"product_tag-figuren","22":"product_tag-franzosisch-santon","23":"product_tag-gaspard-de","24":"product_tag-geburt","25":"product_tag-hahn","26":"product_tag-hahn-de","27":"product_tag-heiligen-konige","28":"product_tag-henne","29":"product_tag-huhn","30":"product_tag-kabanon","31":"product_tag-kleine-krippenfigur-de","32":"product_tag-kleine-krippenfigur","33":"product_tag-kleiner-heiliger","34":"product_tag-kleines-santon","35":"product_tag-konig-de","36":"product_tag-konige","37":"product_tag-krippe","38":"product_tag-krippenfigur","39":"product_tag-krippenfiguren-set","40":"product_tag-krippenkollektion","41":"product_tag-krippentiere","42":"product_tag-krippenzubehor","43":"product_tag-kunsthandwerker","44":"product_tag-magier","45":"product_tag-magierkonig","46":"product_tag-melchior-de","47":"product_tag-pastorale-de","48":"product_tag-provence-de","49":"product_tag-santon-de","50":"product_tag-santon-henne-santon-huhn","51":"product_tag-santon-tier-de","52":"product_tag-santon-zubehor-de","53":"product_tag-szene","54":"product_tag-taubenschlag-de","55":"product_tag-tier","56":"product_tag-tradition-de","57":"product_tag-weihnacht","58":"product_tag-weihnachten","59":"product_tag-weihnachtskrippe-de-3","60":"product_tag-weihnachtskrippe-de-2","61":"product_tag-weihnachtskrippenfigur","62":"product_tag-weihnachtsszene","63":"product_tag-zubehor-de","64":"desktop-align-left","65":"tablet-align-left","66":"mobile-align-left","68":"first","69":"instock","70":"shipping-taxable","71":"purchasable","72":"product-type-simple"},"barcode":null,"atum_controlled":true,"out_stock_date":null,"out_stock_threshold":null,"inheritable":false,"stock_on_hold":0,"sold_today":0,"sales_last_days":0,"reserved_stock":null,"customer_returns":null,"warehouse_damage":null,"lost_in_post":null,"other_logs":null,"out_stock_days":0,"lost_sales":0,"update_date":"2026-04-14T00:09:26","atum_locations":[],"atum_stock_status":"instock","restock_status":false,"low_stock_amount":0,"sales_update_date":"2026-04-14T00:09:26","calc_backorders":null,"aioseo_notices":[],"_links":{"self":[{"href":"https:\/\/provence-online.fr\/de\/wp-json\/wp\/v2\/product\/34802","targetHints":{"allow":["GET"]}}],"collection":[{"href":"https:\/\/provence-online.fr\/de\/wp-json\/wp\/v2\/product"}],"about":[{"href":"https:\/\/provence-online.fr\/de\/wp-json\/wp\/v2\/types\/product"}],"version-history":[{"count":3,"href":"https:\/\/provence-online.fr\/de\/wp-json\/wp\/v2\/product\/34802\/revisions"}],"predecessor-version":[{"id":51005,"href":"https:\/\/provence-online.fr\/de\/wp-json\/wp\/v2\/product\/34802\/revisions\/51005"}],"wp:featuredmedia":[{"embeddable":true,"href":"https:\/\/provence-online.fr\/de\/wp-json\/wp\/v2\/media\/34803"}],"wp:attachment":[{"href":"https:\/\/provence-online.fr\/de\/wp-json\/wp\/v2\/media?parent=34802"}],"wp:term":[{"taxonomy":"product_brand","embeddable":true,"href":"https:\/\/provence-online.fr\/de\/wp-json\/wp\/v2\/product_brand?post=34802"},{"taxonomy":"product_cat","embeddable":true,"href":"https:\/\/provence-online.fr\/de\/wp-json\/wp\/v2\/product_cat?post=34802"},{"taxonomy":"product_tag","embeddable":true,"href":"https:\/\/provence-online.fr\/de\/wp-json\/wp\/v2\/product_tag?post=34802"}],"curies":[{"name":"wp","href":"https:\/\/api.w.org\/{rel}","templated":true}]}}