{"id":34806,"date":"2019-01-04T17:39:21","date_gmt":"2019-01-04T16:39:21","guid":{"rendered":"http:\/\/provence-online.fr\/product\/santon-8-9-cm-tiere-weises-huhn\/"},"modified":"2023-11-04T18:37:30","modified_gmt":"2023-11-04T17:37:30","slug":"santon-8-9-cm-tiere-weises-huhn","status":"publish","type":"product","link":"https:\/\/provence-online.fr\/de\/product\/santon-8-9-cm-tiere-weises-huhn\/","title":{"rendered":"Santon 8 \/ 9 cm Tiere Wei\u00dfes Huhn"},"content":{"rendered":"<p>Huhn<\/p>\n<p>Die Santon-Henne geh\u00f6rt zu den Tieren in der Krippe. Die wei\u00dfe Henne, die schwarze Henne oder der Hahn bilden den H\u00fchnerhof in Ihrer Krippe.<br \/>\nEs gibt auch den Santon Henne mit K\u00fcken und andere, die Sie auf der Website entdecken k\u00f6nnen.<\/p>\n<p>F\u00fcr die Weihnachtskrippe<br \/>\nUnsere Santons werden in unseren Werkst\u00e4tten in der Provence nach alter Tradition handgefertigt und handbemalt.<\/p>\n<p>Finden Sie unsere Kollektionen von Santons und Accessoires aus der Provence <a href=\"https:\/\/provence-online.fr\/de\/santon-4-5cm\/\" title=\"Santon 4\/5 cm\">4 cm bis 5 cm<\/a>, <a href=\"https:\/\/provence-online.fr\/de\/santon-7-cm\/\" title=\"Santon 7 cm\">7 cm<\/a> und <a href=\"https:\/\/provence-online.fr\/de\/santon-8-9-cm-2\/\" title=\"Santon 8\/9 cm\">8 cm bis 9 cm<\/a> auf unserer Website.<\/p>\n","protected":false},"excerpt":{"rendered":"<p>Santon 8 \/ 9 cm Tiere: Wei\u00dfes Huhn F\u00fcr die Weihnachtskrippe, krippenfigur.<\/p>\n","protected":false},"featured_media":50417,"template":"","meta":{"om_disable_all_campaigns":false,"_monsterinsights_skip_tracking":false,"_monsterinsights_sitenote_active":false,"_monsterinsights_sitenote_note":"","_monsterinsights_sitenote_category":0,"site-sidebar-layout":"default","site-content-layout":"default","ast-site-content-layout":"default","site-content-style":"default","site-sidebar-style":"default","ast-global-header-display":"","ast-banner-title-visibility":"","ast-main-header-display":"","ast-hfb-above-header-display":"","ast-hfb-below-header-display":"","ast-hfb-mobile-header-display":"","site-post-title":"","ast-breadcrumbs-content":"","ast-featured-img":"","footer-sml-layout":"","ast-disable-related-posts":"","theme-transparent-header-meta":"default","adv-header-id-meta":"","stick-header-meta":"","header-above-stick-meta":"","header-main-stick-meta":"","header-below-stick-meta":"","astra-migrate-meta-layouts":"default","ast-page-background-enabled":"default","ast-page-background-meta":{"desktop":{"background-color":"","background-image":"","background-repeat":"repeat","background-position":"center center","background-size":"auto","background-attachment":"scroll","background-type":"","background-media":"","overlay-type":"","overlay-color":"","overlay-opacity":"","overlay-gradient":""},"tablet":{"background-color":"","background-image":"","background-repeat":"repeat","background-position":"center center","background-size":"auto","background-attachment":"scroll","background-type":"","background-media":"","overlay-type":"","overlay-color":"","overlay-opacity":"","overlay-gradient":""},"mobile":{"background-color":"","background-image":"","background-repeat":"repeat","background-position":"center center","background-size":"auto","background-attachment":"scroll","background-type":"","background-media":"","overlay-type":"","overlay-color":"","overlay-opacity":"","overlay-gradient":""}},"ast-content-background-meta":{"desktop":{"background-color":"var(--ast-global-color-5)","background-image":"","background-repeat":"repeat","background-position":"center center","background-size":"auto","background-attachment":"scroll","background-type":"","background-media":"","overlay-type":"","overlay-color":"","overlay-opacity":"","overlay-gradient":""},"tablet":{"background-color":"var(--ast-global-color-5)","background-image":"","background-repeat":"repeat","background-position":"center center","background-size":"auto","background-attachment":"scroll","background-type":"","background-media":"","overlay-type":"","overlay-color":"","overlay-opacity":"","overlay-gradient":""},"mobile":{"background-color":"var(--ast-global-color-5)","background-image":"","background-repeat":"repeat","background-position":"center center","background-size":"auto","background-attachment":"scroll","background-type":"","background-media":"","overlay-type":"","overlay-color":"","overlay-opacity":"","overlay-gradient":""}}},"product_brand":[],"product_cat":[110,76,112,108],"product_tag":[802,803,804,806,807,2043,2730,2760,2764,2731,837,2038,857,991,756,2039,584,2761,2047,990,956,911,2044,2041,2051,759,2052,1125,1390,1585,761,2048,996,987,992,2733,379,755,1560,1014,2734,760,2762,448,2046,757,2037,1306,1553,1561,1307,1146],"class_list":{"0":"post-34806","1":"product","2":"type-product","3":"status-publish","4":"has-post-thumbnail","6":"product_cat-krippenfiguren-7-cm","7":"product_cat-santon-8-9-cm-de","8":"product_cat-tiere-de","9":"product_cat-tiere","10":"product_tag-4-cm-de","11":"product_tag-5-cm-de","12":"product_tag-7-cm-de","13":"product_tag-8-cm-de","14":"product_tag-9-cm-de","15":"product_tag-balthazard-de","16":"product_tag-borie-de","17":"product_tag-brunnen-de","18":"product_tag-brunnen-de-2","19":"product_tag-capitele-de","20":"product_tag-figur","21":"product_tag-figuren","22":"product_tag-franzosisch-santon","23":"product_tag-gaspard-de","24":"product_tag-geburt","25":"product_tag-heiligen-konige","26":"product_tag-huhn","27":"product_tag-kabanon","28":"product_tag-kleine-krippenfigur-de","29":"product_tag-kleine-krippenfigur","30":"product_tag-kleiner-heiliger","31":"product_tag-kleines-santon","32":"product_tag-konig-de","33":"product_tag-konige","34":"product_tag-krippe-de-2","35":"product_tag-krippe","36":"product_tag-krippe-de-3","37":"product_tag-krippenfigur","38":"product_tag-krippenfiguren-set","39":"product_tag-krippenkollektion","40":"product_tag-krippentiere","41":"product_tag-kunsthandwerker","42":"product_tag-magier","43":"product_tag-magierkonig","44":"product_tag-melchior-de","45":"product_tag-pastorale-de","46":"product_tag-provence-de","47":"product_tag-santon-de","48":"product_tag-santon-henne-santon-huhn","49":"product_tag-santon-tier-de","50":"product_tag-santon-zubehor-de","51":"product_tag-szene","52":"product_tag-taubenschlag-de","53":"product_tag-tier","54":"product_tag-tradition-de","55":"product_tag-weihnacht","56":"product_tag-weihnachten","57":"product_tag-weihnachtskrippe-de-2","58":"product_tag-weihnachtskrippe-de-3","59":"product_tag-weihnachtskrippenfigur","60":"product_tag-weihnachtsszene","61":"product_tag-zubehor-de","62":"desktop-align-left","63":"tablet-align-left","64":"mobile-align-left","66":"first","67":"instock","68":"shipping-taxable","69":"purchasable","70":"product-type-simple"},"barcode":null,"atum_controlled":true,"out_stock_date":null,"out_stock_threshold":null,"inheritable":false,"stock_on_hold":0,"sold_today":0,"sales_last_days":0,"reserved_stock":null,"customer_returns":null,"warehouse_damage":null,"lost_in_post":null,"other_logs":null,"out_stock_days":0,"lost_sales":0,"update_date":"2026-04-27T00:18:42","atum_locations":[],"atum_stock_status":"instock","restock_status":false,"low_stock_amount":0,"sales_update_date":"2026-04-27T00:18:42","calc_backorders":null,"aioseo_notices":[],"_links":{"self":[{"href":"https:\/\/provence-online.fr\/de\/wp-json\/wp\/v2\/product\/34806","targetHints":{"allow":["GET"]}}],"collection":[{"href":"https:\/\/provence-online.fr\/de\/wp-json\/wp\/v2\/product"}],"about":[{"href":"https:\/\/provence-online.fr\/de\/wp-json\/wp\/v2\/types\/product"}],"version-history":[{"count":4,"href":"https:\/\/provence-online.fr\/de\/wp-json\/wp\/v2\/product\/34806\/revisions"}],"predecessor-version":[{"id":50433,"href":"https:\/\/provence-online.fr\/de\/wp-json\/wp\/v2\/product\/34806\/revisions\/50433"}],"wp:featuredmedia":[{"embeddable":true,"href":"https:\/\/provence-online.fr\/de\/wp-json\/wp\/v2\/media\/50417"}],"wp:attachment":[{"href":"https:\/\/provence-online.fr\/de\/wp-json\/wp\/v2\/media?parent=34806"}],"wp:term":[{"taxonomy":"product_brand","embeddable":true,"href":"https:\/\/provence-online.fr\/de\/wp-json\/wp\/v2\/product_brand?post=34806"},{"taxonomy":"product_cat","embeddable":true,"href":"https:\/\/provence-online.fr\/de\/wp-json\/wp\/v2\/product_cat?post=34806"},{"taxonomy":"product_tag","embeddable":true,"href":"https:\/\/provence-online.fr\/de\/wp-json\/wp\/v2\/product_tag?post=34806"}],"curies":[{"name":"wp","href":"https:\/\/api.w.org\/{rel}","templated":true}]}}