{"id":34824,"date":"2019-01-04T17:30:47","date_gmt":"2019-01-04T16:30:47","guid":{"rendered":"http:\/\/provence-online.fr\/product\/santon-8-9-cm-tiere-hahn-mit-3-huhnern\/"},"modified":"2023-12-01T18:48:32","modified_gmt":"2023-12-01T17:48:32","slug":"santon-tiere-hahn-mit-3-huehnern","status":"publish","type":"product","link":"https:\/\/provence-online.fr\/de\/product\/santon-tiere-hahn-mit-3-huehnern\/","title":{"rendered":"Santon Tiere: Hahn mit 3 H\u00fchnern"},"content":{"rendered":"<p><strong>Hahn mit 3 H\u00fchnern<\/strong><\/p>\n<p>Ein Santon Hahn mit drei Santon Hennen, um eine Szene aus dem provenzalischen Leben zu beleben.<br \/>\nDer Hahn geh\u00f6rt zu den Tieren der Krippe. Der Santon &#8222;Wei\u00dfe Henne&#8220;, der Santon &#8222;Schwarze Henne&#8220; oder der Santon &#8222;Hahn&#8220; bilden den H\u00fchnerhof Ihrer Krippe.<\/p>\n<p>F\u00fcr die Weihnachtskrippe<br \/>\nUnsere Santons werden in unseren Werkst\u00e4tten in der Provence nach alter Tradition handgefertigt und handbemalt.<\/p>\n","protected":false},"excerpt":{"rendered":"<p>Santon Hahn mit 3 H\u00fchnern F\u00fcr die Weihnachtskrippe, Krippenfiguren.<\/p>\n","protected":false},"featured_media":34825,"template":"","meta":{"om_disable_all_campaigns":false,"_monsterinsights_skip_tracking":false,"_monsterinsights_sitenote_active":false,"_monsterinsights_sitenote_note":"","_monsterinsights_sitenote_category":0,"site-sidebar-layout":"default","site-content-layout":"default","ast-site-content-layout":"default","site-content-style":"default","site-sidebar-style":"default","ast-global-header-display":"","ast-banner-title-visibility":"","ast-main-header-display":"","ast-hfb-above-header-display":"","ast-hfb-below-header-display":"","ast-hfb-mobile-header-display":"","site-post-title":"","ast-breadcrumbs-content":"","ast-featured-img":"","footer-sml-layout":"","ast-disable-related-posts":"","theme-transparent-header-meta":"default","adv-header-id-meta":"","stick-header-meta":"","header-above-stick-meta":"","header-main-stick-meta":"","header-below-stick-meta":"","astra-migrate-meta-layouts":"set","ast-page-background-enabled":"default","ast-page-background-meta":{"desktop":{"background-color":"","background-image":"","background-repeat":"repeat","background-position":"center center","background-size":"auto","background-attachment":"scroll","background-type":"","background-media":"","overlay-type":"","overlay-color":"","overlay-opacity":"","overlay-gradient":""},"tablet":{"background-color":"","background-image":"","background-repeat":"repeat","background-position":"center center","background-size":"auto","background-attachment":"scroll","background-type":"","background-media":"","overlay-type":"","overlay-color":"","overlay-opacity":"","overlay-gradient":""},"mobile":{"background-color":"","background-image":"","background-repeat":"repeat","background-position":"center center","background-size":"auto","background-attachment":"scroll","background-type":"","background-media":"","overlay-type":"","overlay-color":"","overlay-opacity":"","overlay-gradient":""}},"ast-content-background-meta":{"desktop":{"background-color":"var(--ast-global-color-5)","background-image":"","background-repeat":"repeat","background-position":"center center","background-size":"auto","background-attachment":"scroll","background-type":"","background-media":"","overlay-type":"","overlay-color":"","overlay-opacity":"","overlay-gradient":""},"tablet":{"background-color":"var(--ast-global-color-5)","background-image":"","background-repeat":"repeat","background-position":"center center","background-size":"auto","background-attachment":"scroll","background-type":"","background-media":"","overlay-type":"","overlay-color":"","overlay-opacity":"","overlay-gradient":""},"mobile":{"background-color":"var(--ast-global-color-5)","background-image":"","background-repeat":"repeat","background-position":"center center","background-size":"auto","background-attachment":"scroll","background-type":"","background-media":"","overlay-type":"","overlay-color":"","overlay-opacity":"","overlay-gradient":""}}},"product_brand":[],"product_cat":[110,76,108,112],"product_tag":[802,803,804,806,807,2043,2730,2760,2764,2731,837,2038,857,991,756,431,1562,2039,2761,2047,956,911,2044,2041,759,1125,1390,1585,1571,761,3031,2048,996,987,992,2733,379,755,1569,1570,1014,2734,1002,760,2762,448,2046,757,2037,1553,1306,1307,1146],"class_list":{"0":"post-34824","1":"product","2":"type-product","3":"status-publish","4":"has-post-thumbnail","6":"product_cat-krippenfiguren-7-cm","7":"product_cat-santon-8-9-cm-de","8":"product_cat-tiere","9":"product_cat-tiere-de","10":"product_tag-4-cm-de","11":"product_tag-5-cm-de","12":"product_tag-7-cm-de","13":"product_tag-8-cm-de","14":"product_tag-9-cm-de","15":"product_tag-balthazard-de","16":"product_tag-borie-de","17":"product_tag-brunnen-de","18":"product_tag-brunnen-de-2","19":"product_tag-capitele-de","20":"product_tag-figur","21":"product_tag-figuren","22":"product_tag-franzosisch-santon","23":"product_tag-gaspard-de","24":"product_tag-geburt","25":"product_tag-hahn","26":"product_tag-hahn-de","27":"product_tag-heiligen-konige","28":"product_tag-kabanon","29":"product_tag-kleine-krippenfigur-de","30":"product_tag-kleiner-heiliger","31":"product_tag-kleines-santon","32":"product_tag-konig-de","33":"product_tag-konige","34":"product_tag-krippe","35":"product_tag-krippenfigur","36":"product_tag-krippenfiguren-set","37":"product_tag-krippenkollektion","38":"product_tag-krippentier","39":"product_tag-krippentiere","40":"product_tag-krippenzubehor","41":"product_tag-kunsthandwerker","42":"product_tag-magier","43":"product_tag-magierkonig","44":"product_tag-melchior-de","45":"product_tag-pastorale-de","46":"product_tag-provence-de","47":"product_tag-santon-de","48":"product_tag-santon-cock-de","49":"product_tag-santon-hahn","50":"product_tag-santon-tier-de","51":"product_tag-santon-zubehor-de","52":"product_tag-santons-de","53":"product_tag-szene","54":"product_tag-taubenschlag-de","55":"product_tag-tier","56":"product_tag-tradition-de","57":"product_tag-weihnacht","58":"product_tag-weihnachten","59":"product_tag-weihnachtskrippe-de-3","60":"product_tag-weihnachtskrippe-de-2","61":"product_tag-weihnachtsszene","62":"product_tag-zubehor-de","63":"desktop-align-left","64":"tablet-align-left","65":"mobile-align-left","67":"first","68":"outofstock","69":"shipping-taxable","70":"purchasable","71":"product-type-simple"},"barcode":null,"atum_controlled":true,"out_stock_date":"2025-12-14 16:04:50","out_stock_threshold":null,"inheritable":false,"stock_on_hold":0,"sold_today":0,"sales_last_days":0,"reserved_stock":null,"customer_returns":null,"warehouse_damage":null,"lost_in_post":null,"other_logs":null,"out_stock_days":123,"lost_sales":0,"update_date":"2026-04-17T00:14:14","atum_locations":[],"atum_stock_status":"outofstock","restock_status":false,"low_stock_amount":0,"sales_update_date":"2026-04-17T00:14:14","calc_backorders":null,"aioseo_notices":[],"_links":{"self":[{"href":"https:\/\/provence-online.fr\/de\/wp-json\/wp\/v2\/product\/34824","targetHints":{"allow":["GET"]}}],"collection":[{"href":"https:\/\/provence-online.fr\/de\/wp-json\/wp\/v2\/product"}],"about":[{"href":"https:\/\/provence-online.fr\/de\/wp-json\/wp\/v2\/types\/product"}],"version-history":[{"count":3,"href":"https:\/\/provence-online.fr\/de\/wp-json\/wp\/v2\/product\/34824\/revisions"}],"predecessor-version":[{"id":51036,"href":"https:\/\/provence-online.fr\/de\/wp-json\/wp\/v2\/product\/34824\/revisions\/51036"}],"wp:featuredmedia":[{"embeddable":true,"href":"https:\/\/provence-online.fr\/de\/wp-json\/wp\/v2\/media\/34825"}],"wp:attachment":[{"href":"https:\/\/provence-online.fr\/de\/wp-json\/wp\/v2\/media?parent=34824"}],"wp:term":[{"taxonomy":"product_brand","embeddable":true,"href":"https:\/\/provence-online.fr\/de\/wp-json\/wp\/v2\/product_brand?post=34824"},{"taxonomy":"product_cat","embeddable":true,"href":"https:\/\/provence-online.fr\/de\/wp-json\/wp\/v2\/product_cat?post=34824"},{"taxonomy":"product_tag","embeddable":true,"href":"https:\/\/provence-online.fr\/de\/wp-json\/wp\/v2\/product_tag?post=34824"}],"curies":[{"name":"wp","href":"https:\/\/api.w.org\/{rel}","templated":true}]}}