{"id":35292,"date":"2019-01-03T17:04:18","date_gmt":"2019-01-03T16:04:18","guid":{"rendered":"http:\/\/provence-online.fr\/product\/santon-7-cm-jesus\/"},"modified":"2024-11-21T12:14:33","modified_gmt":"2024-11-21T11:14:33","slug":"santon-7-cm-christkind-jesus","status":"publish","type":"product","link":"https:\/\/provence-online.fr\/de\/product\/santon-7-cm-christkind-jesus\/","title":{"rendered":"Santon 7 cm Christkind, Jesus"},"content":{"rendered":"<p><strong>Christkind (Jesus)<\/strong><\/p>\n<p>Die ganze Krippe ist um die Jesusfigur herum aufgebaut. Einigen Traditionen zufolge sollte er erst in der Nacht vom 24. auf den 25. Dezember zwischen Josef und Maria aufgestellt werden.<br \/>\nDas Jesuskind wird wie in allen Weihnachtskrippen in der Mitte der Geburtsszene platziert, zusammen mit seiner Mutter, der Jungfrau Maria, seinem Vater Joseph und im Hintergrund dem Esel und dem Ochsen, die es mit ihrem Atem w\u00e4rmen.<\/p>\n<p>Erwachsene Krippenfiguren sind etwa 7 cm gro\u00df und alle Tiere und Accessoires sind in ihrer Gr\u00f6\u00dfe kompatibel.<br \/>\nSie sind wie wir, manche gr\u00f6\u00dfer, andere kleiner, manche dicker, andere d\u00fcnner!<br \/>\nSie sind also mit anderen Sammlungen von 7-cm-Santons kompatibel.<\/p>\n<p>Alle unsere Krippenfiguren werden in unseren Werkst\u00e4tten in der Provence auf traditionelle Weise von Hand hergestellt.<br \/>\nFinden Sie unsere Kollektionen von Krippenfiguren und Accessoires aus der Provence <a href=\"https:\/\/provence-online.fr\/de\/santon-4-5cm\/\" title=\"Santon 4\/5 cm\">4 cm bis 5 cm<\/a>, <a href=\"https:\/\/provence-online.fr\/de\/santon-7-cm\/\" title=\"Santon 7 cm\">7 cm<\/a> und <a href=\"https:\/\/provence-online.fr\/de\/santon-8-9-cm-2\/\" title=\"Santon 8\/9 cm\">8 cm bis 9 cm<\/a> auf unserer Website.<\/p>\n","protected":false},"excerpt":{"rendered":"<p>Christkind, Krippenfigur.<\/p>\n","protected":false},"featured_media":52121,"template":"","meta":{"om_disable_all_campaigns":false,"_monsterinsights_skip_tracking":false,"_monsterinsights_sitenote_active":false,"_monsterinsights_sitenote_note":"","_monsterinsights_sitenote_category":0,"site-sidebar-layout":"default","site-content-layout":"default","ast-site-content-layout":"default","site-content-style":"default","site-sidebar-style":"default","ast-global-header-display":"","ast-banner-title-visibility":"","ast-main-header-display":"","ast-hfb-above-header-display":"","ast-hfb-below-header-display":"","ast-hfb-mobile-header-display":"","site-post-title":"","ast-breadcrumbs-content":"","ast-featured-img":"","footer-sml-layout":"","ast-disable-related-posts":"","theme-transparent-header-meta":"default","adv-header-id-meta":"","stick-header-meta":"","header-above-stick-meta":"","header-main-stick-meta":"","header-below-stick-meta":"","astra-migrate-meta-layouts":"set","ast-page-background-enabled":"default","ast-page-background-meta":{"desktop":{"background-color":"","background-image":"","background-repeat":"repeat","background-position":"center center","background-size":"auto","background-attachment":"scroll","background-type":"","background-media":"","overlay-type":"","overlay-color":"","overlay-opacity":"","overlay-gradient":""},"tablet":{"background-color":"","background-image":"","background-repeat":"repeat","background-position":"center center","background-size":"auto","background-attachment":"scroll","background-type":"","background-media":"","overlay-type":"","overlay-color":"","overlay-opacity":"","overlay-gradient":""},"mobile":{"background-color":"","background-image":"","background-repeat":"repeat","background-position":"center center","background-size":"auto","background-attachment":"scroll","background-type":"","background-media":"","overlay-type":"","overlay-color":"","overlay-opacity":"","overlay-gradient":""}},"ast-content-background-meta":{"desktop":{"background-color":"var(--ast-global-color-5)","background-image":"","background-repeat":"repeat","background-position":"center center","background-size":"auto","background-attachment":"scroll","background-type":"","background-media":"","overlay-type":"","overlay-color":"","overlay-opacity":"","overlay-gradient":""},"tablet":{"background-color":"var(--ast-global-color-5)","background-image":"","background-repeat":"repeat","background-position":"center center","background-size":"auto","background-attachment":"scroll","background-type":"","background-media":"","overlay-type":"","overlay-color":"","overlay-opacity":"","overlay-gradient":""},"mobile":{"background-color":"var(--ast-global-color-5)","background-image":"","background-repeat":"repeat","background-position":"center center","background-size":"auto","background-attachment":"scroll","background-type":"","background-media":"","overlay-type":"","overlay-color":"","overlay-opacity":"","overlay-gradient":""}}},"product_brand":[],"product_cat":[317,110],"product_tag":[802,803,804,806,807,2043,2730,2764,2760,2731,1523,837,2038,857,991,756,3373,2039,1030,2761,2047,956,2044,2041,759,1125,1390,1585,3031,2048,996,987,992,2733,379,755,1014,2734,760,2762,448,2046,757,2037,1553,1306,1307,1146],"class_list":{"0":"post-35292","1":"product","2":"type-product","3":"status-publish","4":"has-post-thumbnail","6":"product_cat-krippe-de","7":"product_cat-krippenfiguren-7-cm","8":"product_tag-4-cm-de","9":"product_tag-5-cm-de","10":"product_tag-7-cm-de","11":"product_tag-8-cm-de","12":"product_tag-9-cm-de","13":"product_tag-balthazard-de","14":"product_tag-borie-de","15":"product_tag-brunnen-de-2","16":"product_tag-brunnen-de","17":"product_tag-capitele-de","18":"product_tag-christkind-de","19":"product_tag-figur","20":"product_tag-figuren","21":"product_tag-franzosisch-santon","22":"product_tag-gaspard-de","23":"product_tag-geburt","24":"product_tag-heilige-familie","25":"product_tag-heiligen-konige","26":"product_tag-jesus-de","27":"product_tag-kabanon","28":"product_tag-kleine-krippenfigur-de","29":"product_tag-kleiner-heiliger","30":"product_tag-konig-de","31":"product_tag-konige","32":"product_tag-krippe","33":"product_tag-krippenfigur","34":"product_tag-krippenfiguren-set","35":"product_tag-krippenkollektion","36":"product_tag-krippenzubehor","37":"product_tag-kunsthandwerker","38":"product_tag-magier","39":"product_tag-magierkonig","40":"product_tag-melchior-de","41":"product_tag-pastorale-de","42":"product_tag-provence-de","43":"product_tag-santon-de","44":"product_tag-santon-tier-de","45":"product_tag-santon-zubehor-de","46":"product_tag-szene","47":"product_tag-taubenschlag-de","48":"product_tag-tier","49":"product_tag-tradition-de","50":"product_tag-weihnacht","51":"product_tag-weihnachten","52":"product_tag-weihnachtskrippe-de-3","53":"product_tag-weihnachtskrippe-de-2","54":"product_tag-weihnachtsszene","55":"product_tag-zubehor-de","56":"desktop-align-left","57":"tablet-align-left","58":"mobile-align-left","60":"first","61":"outofstock","62":"shipping-taxable","63":"purchasable","64":"product-type-simple"},"barcode":null,"atum_controlled":true,"out_stock_date":"2025-11-23 15:49:56","out_stock_threshold":null,"inheritable":false,"stock_on_hold":0,"sold_today":0,"sales_last_days":0,"reserved_stock":null,"customer_returns":null,"warehouse_damage":null,"lost_in_post":null,"other_logs":null,"out_stock_days":145,"lost_sales":0,"update_date":"2026-04-18T00:14:18","atum_locations":[],"atum_stock_status":"outofstock","restock_status":false,"low_stock_amount":0,"sales_update_date":"2026-04-18T00:14:18","calc_backorders":null,"aioseo_notices":[],"_links":{"self":[{"href":"https:\/\/provence-online.fr\/de\/wp-json\/wp\/v2\/product\/35292","targetHints":{"allow":["GET"]}}],"collection":[{"href":"https:\/\/provence-online.fr\/de\/wp-json\/wp\/v2\/product"}],"about":[{"href":"https:\/\/provence-online.fr\/de\/wp-json\/wp\/v2\/types\/product"}],"version-history":[{"count":3,"href":"https:\/\/provence-online.fr\/de\/wp-json\/wp\/v2\/product\/35292\/revisions"}],"predecessor-version":[{"id":51933,"href":"https:\/\/provence-online.fr\/de\/wp-json\/wp\/v2\/product\/35292\/revisions\/51933"}],"wp:featuredmedia":[{"embeddable":true,"href":"https:\/\/provence-online.fr\/de\/wp-json\/wp\/v2\/media\/52121"}],"wp:attachment":[{"href":"https:\/\/provence-online.fr\/de\/wp-json\/wp\/v2\/media?parent=35292"}],"wp:term":[{"taxonomy":"product_brand","embeddable":true,"href":"https:\/\/provence-online.fr\/de\/wp-json\/wp\/v2\/product_brand?post=35292"},{"taxonomy":"product_cat","embeddable":true,"href":"https:\/\/provence-online.fr\/de\/wp-json\/wp\/v2\/product_cat?post=35292"},{"taxonomy":"product_tag","embeddable":true,"href":"https:\/\/provence-online.fr\/de\/wp-json\/wp\/v2\/product_tag?post=35292"}],"curies":[{"name":"wp","href":"https:\/\/api.w.org\/{rel}","templated":true}]}}