{"id":35422,"date":"2019-01-23T17:22:51","date_gmt":"2019-01-23T16:22:51","guid":{"rendered":"http:\/\/provence-online.fr\/product\/tischkorbchen-oliviers\/"},"modified":"2025-05-18T23:29:15","modified_gmt":"2025-05-18T21:29:15","slug":"tischkorbchen-olivier","status":"publish","type":"product","link":"https:\/\/provence-online.fr\/de\/product\/tischkorbchen-olivier\/","title":{"rendered":"Tischk\u00f6rbchen &#8222;Olivier&#8220;"},"content":{"rendered":"<p><strong> Tischk\u00f6rbchen &#8222;Oliven&#8220; Gr\u00f6\u00dfe: 22 x 22 x 6 cm<\/strong><br \/>\n100% Baumwolle<br \/>\nReversibel<br \/>\nTischk\u00f6rbchen &#8222;Oliven&#8220; Handarbeit aus der Provence<br \/>\nWaschmaschinen geeignet<\/p>\n","protected":false},"excerpt":{"rendered":"<p>Tischk\u00f6rbchen &#8222;Oliven&#8220;<\/p>\n","protected":false},"featured_media":34118,"template":"","meta":{"om_disable_all_campaigns":false,"_monsterinsights_skip_tracking":false,"_monsterinsights_sitenote_active":false,"_monsterinsights_sitenote_note":"","_monsterinsights_sitenote_category":0,"site-sidebar-layout":"default","site-content-layout":"default","ast-site-content-layout":"default","site-content-style":"default","site-sidebar-style":"default","ast-global-header-display":"","ast-banner-title-visibility":"","ast-main-header-display":"","ast-hfb-above-header-display":"","ast-hfb-below-header-display":"","ast-hfb-mobile-header-display":"","site-post-title":"","ast-breadcrumbs-content":"","ast-featured-img":"","footer-sml-layout":"","ast-disable-related-posts":"","theme-transparent-header-meta":"default","adv-header-id-meta":"","stick-header-meta":"","header-above-stick-meta":"","header-main-stick-meta":"","header-below-stick-meta":"","astra-migrate-meta-layouts":"default","ast-page-background-enabled":"default","ast-page-background-meta":{"desktop":{"background-color":"","background-image":"","background-repeat":"repeat","background-position":"center center","background-size":"auto","background-attachment":"scroll","background-type":"","background-media":"","overlay-type":"","overlay-color":"","overlay-opacity":"","overlay-gradient":""},"tablet":{"background-color":"","background-image":"","background-repeat":"repeat","background-position":"center center","background-size":"auto","background-attachment":"scroll","background-type":"","background-media":"","overlay-type":"","overlay-color":"","overlay-opacity":"","overlay-gradient":""},"mobile":{"background-color":"","background-image":"","background-repeat":"repeat","background-position":"center center","background-size":"auto","background-attachment":"scroll","background-type":"","background-media":"","overlay-type":"","overlay-color":"","overlay-opacity":"","overlay-gradient":""}},"ast-content-background-meta":{"desktop":{"background-color":"var(--ast-global-color-5)","background-image":"","background-repeat":"repeat","background-position":"center center","background-size":"auto","background-attachment":"scroll","background-type":"","background-media":"","overlay-type":"","overlay-color":"","overlay-opacity":"","overlay-gradient":""},"tablet":{"background-color":"var(--ast-global-color-5)","background-image":"","background-repeat":"repeat","background-position":"center center","background-size":"auto","background-attachment":"scroll","background-type":"","background-media":"","overlay-type":"","overlay-color":"","overlay-opacity":"","overlay-gradient":""},"mobile":{"background-color":"var(--ast-global-color-5)","background-image":"","background-repeat":"repeat","background-position":"center center","background-size":"auto","background-attachment":"scroll","background-type":"","background-media":"","overlay-type":"","overlay-color":"","overlay-opacity":"","overlay-gradient":""}}},"product_brand":[],"product_cat":[122,128,135],"product_tag":[2681,2664,2682,2676,378,2691,2688,2678,2671,2674,2675,703,2686,2665,2685,706,2687,2670,2673,379,2683,2669,2690,2689,2668,2672,2666,475,2680,2684,2667,2677,471],"class_list":{"0":"post-35422","1":"product","2":"type-product","3":"status-publish","4":"has-post-thumbnail","6":"product_cat-dekoration","7":"product_cat-kuche","8":"product_cat-textile-de","9":"product_tag-apron-de","10":"product_tag-baskets-de","11":"product_tag-cloth-basket-de","12":"product_tag-cotton-de","13":"product_tag-deco-de","14":"product_tag-decoration-de","15":"product_tag-fabric-de","16":"product_tag-france-de","17":"product_tag-gloves-de","18":"product_tag-holder-de","19":"product_tag-kitchen-de","20":"product_tag-lavendel","21":"product_tag-lavender-de","22":"product_tag-linen-de","23":"product_tag-luggage-de","24":"product_tag-olive-de","25":"product_tag-oliviers-de","26":"product_tag-oven-de","27":"product_tag-pot-de","28":"product_tag-provence-de","29":"product_tag-purse-de","30":"product_tag-set-de","31":"product_tag-sewing-de","32":"product_tag-storage-de","33":"product_tag-table-de","34":"product_tag-tablecloth-de","35":"product_tag-tea-de","36":"product_tag-textile-de","37":"product_tag-textiles-de","38":"product_tag-toiletry-bag-de","39":"product_tag-towels-de","40":"product_tag-twill-de","41":"product_tag-valdrome-de","42":"desktop-align-left","43":"tablet-align-left","44":"mobile-align-left","46":"first","47":"instock","48":"shipping-taxable","49":"purchasable","50":"product-type-variable"},"barcode":null,"atum_controlled":true,"out_stock_date":"2019-02-04 09:32:15","out_stock_threshold":null,"inheritable":true,"stock_on_hold":0,"sold_today":0,"sales_last_days":0,"reserved_stock":null,"customer_returns":null,"warehouse_damage":null,"lost_in_post":null,"other_logs":null,"out_stock_days":2618,"lost_sales":0,"update_date":"2026-04-07T00:04:49","atum_locations":[],"atum_stock_status":"instock","restock_status":false,"low_stock_amount":"","sales_update_date":"2026-04-07T00:04:49","calc_backorders":null,"aioseo_notices":[],"_links":{"self":[{"href":"https:\/\/provence-online.fr\/de\/wp-json\/wp\/v2\/product\/35422","targetHints":{"allow":["GET"]}}],"collection":[{"href":"https:\/\/provence-online.fr\/de\/wp-json\/wp\/v2\/product"}],"about":[{"href":"https:\/\/provence-online.fr\/de\/wp-json\/wp\/v2\/types\/product"}],"version-history":[{"count":5,"href":"https:\/\/provence-online.fr\/de\/wp-json\/wp\/v2\/product\/35422\/revisions"}],"predecessor-version":[{"id":50176,"href":"https:\/\/provence-online.fr\/de\/wp-json\/wp\/v2\/product\/35422\/revisions\/50176"}],"wp:featuredmedia":[{"embeddable":true,"href":"https:\/\/provence-online.fr\/de\/wp-json\/wp\/v2\/media\/34118"}],"wp:attachment":[{"href":"https:\/\/provence-online.fr\/de\/wp-json\/wp\/v2\/media?parent=35422"}],"wp:term":[{"taxonomy":"product_brand","embeddable":true,"href":"https:\/\/provence-online.fr\/de\/wp-json\/wp\/v2\/product_brand?post=35422"},{"taxonomy":"product_cat","embeddable":true,"href":"https:\/\/provence-online.fr\/de\/wp-json\/wp\/v2\/product_cat?post=35422"},{"taxonomy":"product_tag","embeddable":true,"href":"https:\/\/provence-online.fr\/de\/wp-json\/wp\/v2\/product_tag?post=35422"}],"curies":[{"name":"wp","href":"https:\/\/api.w.org\/{rel}","templated":true}]}}