{"id":35433,"date":"2019-01-23T17:51:34","date_gmt":"2019-01-23T16:51:34","guid":{"rendered":"http:\/\/provence-online.fr\/product\/grose-make-up-tasche\/"},"modified":"2024-08-18T14:48:25","modified_gmt":"2024-08-18T12:48:25","slug":"grose-make-up-tasche","status":"publish","type":"product","link":"https:\/\/provence-online.fr\/de\/product\/grose-make-up-tasche\/","title":{"rendered":"Gro\u00dfe Make-up Tasche"},"content":{"rendered":"<p><em>Gro\u00dfe Make-up Tasche F\u00fcr die Frau die das Geschmackvolle zu sch\u00e4tzen weiss.<\/em><\/p>\n<p><strong>Gr\u00f6\u00dfe: 22 x 14 cm<\/strong><br \/>\n100% Baumwolle<br \/>\nHandarbeit aus der Provence<br \/>\nWaschmaschinen geeignet<\/p>\n<p><a href=\"https:\/\/provence-online.fr\/de\/textile\/\" title=\"Textile\">Erg\u00e4nzende Accessoires<\/a><\/p>\n","protected":false},"excerpt":{"rendered":"<p>Gro\u00dfe Make-up Tasche.<\/p>\n","protected":false},"featured_media":34158,"template":"","meta":{"om_disable_all_campaigns":false,"_monsterinsights_skip_tracking":false,"_monsterinsights_sitenote_active":false,"_monsterinsights_sitenote_note":"","_monsterinsights_sitenote_category":0,"site-sidebar-layout":"default","site-content-layout":"default","ast-site-content-layout":"default","site-content-style":"default","site-sidebar-style":"default","ast-global-header-display":"","ast-banner-title-visibility":"","ast-main-header-display":"","ast-hfb-above-header-display":"","ast-hfb-below-header-display":"","ast-hfb-mobile-header-display":"","site-post-title":"","ast-breadcrumbs-content":"","ast-featured-img":"","footer-sml-layout":"","ast-disable-related-posts":"","theme-transparent-header-meta":"default","adv-header-id-meta":"","stick-header-meta":"","header-above-stick-meta":"","header-main-stick-meta":"","header-below-stick-meta":"","astra-migrate-meta-layouts":"default","ast-page-background-enabled":"default","ast-page-background-meta":{"desktop":{"background-color":"","background-image":"","background-repeat":"repeat","background-position":"center center","background-size":"auto","background-attachment":"scroll","background-type":"","background-media":"","overlay-type":"","overlay-color":"","overlay-opacity":"","overlay-gradient":""},"tablet":{"background-color":"","background-image":"","background-repeat":"repeat","background-position":"center center","background-size":"auto","background-attachment":"scroll","background-type":"","background-media":"","overlay-type":"","overlay-color":"","overlay-opacity":"","overlay-gradient":""},"mobile":{"background-color":"","background-image":"","background-repeat":"repeat","background-position":"center center","background-size":"auto","background-attachment":"scroll","background-type":"","background-media":"","overlay-type":"","overlay-color":"","overlay-opacity":"","overlay-gradient":""}},"ast-content-background-meta":{"desktop":{"background-color":"var(--ast-global-color-5)","background-image":"","background-repeat":"repeat","background-position":"center center","background-size":"auto","background-attachment":"scroll","background-type":"","background-media":"","overlay-type":"","overlay-color":"","overlay-opacity":"","overlay-gradient":""},"tablet":{"background-color":"var(--ast-global-color-5)","background-image":"","background-repeat":"repeat","background-position":"center center","background-size":"auto","background-attachment":"scroll","background-type":"","background-media":"","overlay-type":"","overlay-color":"","overlay-opacity":"","overlay-gradient":""},"mobile":{"background-color":"var(--ast-global-color-5)","background-image":"","background-repeat":"repeat","background-position":"center center","background-size":"auto","background-attachment":"scroll","background-type":"","background-media":"","overlay-type":"","overlay-color":"","overlay-opacity":"","overlay-gradient":""}}},"product_brand":[],"product_cat":[135],"product_tag":[697,378,458,699,710,691,695,689,507,694,711,708,703,704,476,709,693,706,705,1866,379,701,698,707,702,690,475,700,557,692,555,696,471],"class_list":{"0":"post-35433","1":"product","2":"type-product","3":"status-publish","4":"has-post-thumbnail","6":"product_cat-textile-de","7":"product_tag-baumwolle","8":"product_tag-deco-de","9":"product_tag-dekoration","10":"product_tag-frankreich","11":"product_tag-gepack","12":"product_tag-geschirrtuch","13":"product_tag-kochtopf","14":"product_tag-korb-de","15":"product_tag-kuche","16":"product_tag-kuchenhandschuh-topfhandschuhe","17":"product_tag-kulturbeutel","18":"product_tag-lagerung","19":"product_tag-lavendel","20":"product_tag-lavendel-de","21":"product_tag-leinen","22":"product_tag-naharbeit","23":"product_tag-ofen","24":"product_tag-olive-de","25":"product_tag-olivenbaum","26":"product_tag-porte-monnaie-de","27":"product_tag-provence-de","28":"product_tag-schurze","29":"product_tag-serg-stoff","30":"product_tag-stoff","31":"product_tag-stoffkorb-de","32":"product_tag-tee","33":"product_tag-textile-de","34":"product_tag-textilien","35":"product_tag-tisch","36":"product_tag-tischset","37":"product_tag-tischtuch","38":"product_tag-topflappen","39":"product_tag-valdrome-de","40":"desktop-align-left","41":"tablet-align-left","42":"mobile-align-left","44":"first","45":"instock","46":"shipping-taxable","47":"purchasable","48":"product-type-variable"},"barcode":null,"atum_controlled":true,"out_stock_date":"2019-02-04 09:32:13","out_stock_threshold":null,"inheritable":true,"stock_on_hold":0,"sold_today":0,"sales_last_days":0,"reserved_stock":null,"customer_returns":null,"warehouse_damage":null,"lost_in_post":null,"other_logs":null,"out_stock_days":2630,"lost_sales":0,"update_date":"2026-04-19T00:14:40","atum_locations":[],"atum_stock_status":"instock","restock_status":false,"low_stock_amount":"","sales_update_date":"2026-04-19T00:14:40","calc_backorders":null,"aioseo_notices":[],"_links":{"self":[{"href":"https:\/\/provence-online.fr\/de\/wp-json\/wp\/v2\/product\/35433","targetHints":{"allow":["GET"]}}],"collection":[{"href":"https:\/\/provence-online.fr\/de\/wp-json\/wp\/v2\/product"}],"about":[{"href":"https:\/\/provence-online.fr\/de\/wp-json\/wp\/v2\/types\/product"}],"version-history":[{"count":7,"href":"https:\/\/provence-online.fr\/de\/wp-json\/wp\/v2\/product\/35433\/revisions"}],"predecessor-version":[{"id":49621,"href":"https:\/\/provence-online.fr\/de\/wp-json\/wp\/v2\/product\/35433\/revisions\/49621"}],"wp:featuredmedia":[{"embeddable":true,"href":"https:\/\/provence-online.fr\/de\/wp-json\/wp\/v2\/media\/34158"}],"wp:attachment":[{"href":"https:\/\/provence-online.fr\/de\/wp-json\/wp\/v2\/media?parent=35433"}],"wp:term":[{"taxonomy":"product_brand","embeddable":true,"href":"https:\/\/provence-online.fr\/de\/wp-json\/wp\/v2\/product_brand?post=35433"},{"taxonomy":"product_cat","embeddable":true,"href":"https:\/\/provence-online.fr\/de\/wp-json\/wp\/v2\/product_cat?post=35433"},{"taxonomy":"product_tag","embeddable":true,"href":"https:\/\/provence-online.fr\/de\/wp-json\/wp\/v2\/product_tag?post=35433"}],"curies":[{"name":"wp","href":"https:\/\/api.w.org\/{rel}","templated":true}]}}