{"id":35467,"date":"2019-01-20T15:26:22","date_gmt":"2019-01-20T14:26:22","guid":{"rendered":"http:\/\/provence-online.fr\/product\/zinn-sonne\/"},"modified":"2024-03-09T12:52:14","modified_gmt":"2024-03-09T11:52:14","slug":"zinn-sonne-deko","status":"publish","type":"product","link":"https:\/\/provence-online.fr\/de\/product\/zinn-sonne-deko\/","title":{"rendered":"Zinn-Sonne, deko"},"content":{"rendered":"<p>Diese dekorative Sonne ist aus Zinn und kann an der Wand aufgeh\u00e4ngt werden oder Ihre Servietten schm\u00fccken, die mit einem h\u00fcbschen B\u00e4ndchen befestigt sind.<\/p>\n<p>mit \u00d6se auf der R\u00fcckseite zum aufh\u00e4ngen<br \/>\nGr\u00f6\u00dfe: 100 mm<\/p>\n<p>Sie finden sie auf der <a href=\"https:\/\/provence-online.fr\/de\/schmuck\/\" title=\"Schmuck\">Schmuckseite<\/a> unserer Website.<\/p>\n","protected":false},"excerpt":{"rendered":"<p>Zinn-Sonne. Sie finden sie auf der Schmuckseite unserer Website.<\/p>\n","protected":false},"featured_media":33173,"template":"","meta":{"om_disable_all_campaigns":false,"_monsterinsights_skip_tracking":false,"_monsterinsights_sitenote_active":false,"_monsterinsights_sitenote_note":"","_monsterinsights_sitenote_category":0,"site-sidebar-layout":"default","site-content-layout":"default","ast-site-content-layout":"default","site-content-style":"default","site-sidebar-style":"default","ast-global-header-display":"","ast-banner-title-visibility":"","ast-main-header-display":"","ast-hfb-above-header-display":"","ast-hfb-below-header-display":"","ast-hfb-mobile-header-display":"","site-post-title":"","ast-breadcrumbs-content":"","ast-featured-img":"","footer-sml-layout":"","ast-disable-related-posts":"","theme-transparent-header-meta":"default","adv-header-id-meta":"","stick-header-meta":"","header-above-stick-meta":"","header-main-stick-meta":"","header-below-stick-meta":"","astra-migrate-meta-layouts":"set","ast-page-background-enabled":"default","ast-page-background-meta":{"desktop":{"background-color":"","background-image":"","background-repeat":"repeat","background-position":"center center","background-size":"auto","background-attachment":"scroll","background-type":"","background-media":"","overlay-type":"","overlay-color":"","overlay-opacity":"","overlay-gradient":""},"tablet":{"background-color":"","background-image":"","background-repeat":"repeat","background-position":"center center","background-size":"auto","background-attachment":"scroll","background-type":"","background-media":"","overlay-type":"","overlay-color":"","overlay-opacity":"","overlay-gradient":""},"mobile":{"background-color":"","background-image":"","background-repeat":"repeat","background-position":"center center","background-size":"auto","background-attachment":"scroll","background-type":"","background-media":"","overlay-type":"","overlay-color":"","overlay-opacity":"","overlay-gradient":""}},"ast-content-background-meta":{"desktop":{"background-color":"var(--ast-global-color-5)","background-image":"","background-repeat":"repeat","background-position":"center center","background-size":"auto","background-attachment":"scroll","background-type":"","background-media":"","overlay-type":"","overlay-color":"","overlay-opacity":"","overlay-gradient":""},"tablet":{"background-color":"var(--ast-global-color-5)","background-image":"","background-repeat":"repeat","background-position":"center center","background-size":"auto","background-attachment":"scroll","background-type":"","background-media":"","overlay-type":"","overlay-color":"","overlay-opacity":"","overlay-gradient":""},"mobile":{"background-color":"var(--ast-global-color-5)","background-image":"","background-repeat":"repeat","background-position":"center center","background-size":"auto","background-attachment":"scroll","background-type":"","background-media":"","overlay-type":"","overlay-color":"","overlay-opacity":"","overlay-gradient":""}}},"product_brand":[],"product_cat":[122,126],"product_tag":[1698,1690,1692,1693,1649,1654,1610,2691,1699,1701,1703,1702,1651,1705,3188,1706,1618,1655,1694,1697,1612,1650,411,1910,1704,1611],"class_list":{"0":"post-35467","1":"product","2":"type-product","3":"status-publish","4":"has-post-thumbnail","6":"product_cat-dekoration","7":"product_cat-schmuck","8":"product_tag-amethyst-de","9":"product_tag-anhanger-de","10":"product_tag-armbander","11":"product_tag-baltischer-bernstein-auf-925er-silber","12":"product_tag-bernstein","13":"product_tag-bernsteinanhanger-auf-silber","14":"product_tag-brosche","15":"product_tag-decoration-de","16":"product_tag-designer-schmuck","17":"product_tag-edelsteine","18":"product_tag-energetische-steine","19":"product_tag-feine-steine","20":"product_tag-halskette","21":"product_tag-kristalle","22":"product_tag-lithotherapie-de","23":"product_tag-mineralien","24":"product_tag-naturstein","25":"product_tag-natursteine","26":"product_tag-ohrringe","27":"product_tag-quarz","28":"product_tag-schmuck","29":"product_tag-silber","30":"product_tag-sonne","31":"product_tag-sterling-silber","32":"product_tag-wohlbefinden","33":"product_tag-zinn","34":"desktop-align-left","35":"tablet-align-left","36":"mobile-align-left","38":"first","39":"instock","40":"shipping-taxable","41":"purchasable","42":"product-type-simple"},"barcode":null,"atum_controlled":true,"out_stock_date":null,"out_stock_threshold":null,"inheritable":false,"stock_on_hold":0,"sold_today":0,"sales_last_days":0,"reserved_stock":0,"customer_returns":0,"warehouse_damage":0,"lost_in_post":0,"other_logs":0,"out_stock_days":0,"lost_sales":0,"update_date":"2026-04-18T00:13:03","atum_locations":[],"atum_stock_status":"instock","restock_status":false,"low_stock_amount":0,"sales_update_date":"2026-04-18T00:13:03","calc_backorders":null,"aioseo_notices":[],"_links":{"self":[{"href":"https:\/\/provence-online.fr\/de\/wp-json\/wp\/v2\/product\/35467","targetHints":{"allow":["GET"]}}],"collection":[{"href":"https:\/\/provence-online.fr\/de\/wp-json\/wp\/v2\/product"}],"about":[{"href":"https:\/\/provence-online.fr\/de\/wp-json\/wp\/v2\/types\/product"}],"version-history":[{"count":4,"href":"https:\/\/provence-online.fr\/de\/wp-json\/wp\/v2\/product\/35467\/revisions"}],"predecessor-version":[{"id":51637,"href":"https:\/\/provence-online.fr\/de\/wp-json\/wp\/v2\/product\/35467\/revisions\/51637"}],"wp:featuredmedia":[{"embeddable":true,"href":"https:\/\/provence-online.fr\/de\/wp-json\/wp\/v2\/media\/33173"}],"wp:attachment":[{"href":"https:\/\/provence-online.fr\/de\/wp-json\/wp\/v2\/media?parent=35467"}],"wp:term":[{"taxonomy":"product_brand","embeddable":true,"href":"https:\/\/provence-online.fr\/de\/wp-json\/wp\/v2\/product_brand?post=35467"},{"taxonomy":"product_cat","embeddable":true,"href":"https:\/\/provence-online.fr\/de\/wp-json\/wp\/v2\/product_cat?post=35467"},{"taxonomy":"product_tag","embeddable":true,"href":"https:\/\/provence-online.fr\/de\/wp-json\/wp\/v2\/product_tag?post=35467"}],"curies":[{"name":"wp","href":"https:\/\/api.w.org\/{rel}","templated":true}]}}