{"id":35832,"date":"2018-12-30T14:41:00","date_gmt":"2018-12-30T13:41:00","guid":{"rendered":"http:\/\/provence-online.fr\/product\/eau-de-toilette-spray-100-ml\/"},"modified":"2025-08-03T19:23:17","modified_gmt":"2025-08-03T17:23:17","slug":"eau-de-toilette-spray-100-ml","status":"publish","type":"product","link":"https:\/\/provence-online.fr\/de\/product\/eau-de-toilette-spray-100-ml\/","title":{"rendered":"Eau de Toilette Spray  100 ml"},"content":{"rendered":"<p>Eau de Toilette von <strong>&#8222;Provence et Nature&#8220;<\/strong><\/p>\n<p>Inhalt: 100 ml<\/p>\n<p><strong>Provence et Nature:<\/strong> Die D\u00fcfte der Eau de Toilette der Reihe &#8222;Classique&#8220; sind beeinflusst von Blumen, W\u00e4ldern und Gew\u00fcrzen. Unsere D\u00fcfte erz\u00e4hlen ihre Geschichte.<\/p>\n<p>Unsere Kosmetik ist von hoher Qualit\u00e4t und franz\u00f6sischem Know-how.<br \/>\nUnsere K\u00f6rperpflegeprodukte werden mit R\u00fccksicht auf Ihre Haut ausgew\u00e4hlt, um Ihnen die Wohltaten der Natur zu bieten, die sich aus einem Know-how ergeben, das nur der franz\u00f6sischen Parf\u00fcmerie geh\u00f6rt.<\/p>\n<p>Kontaktieren Sie uns, wenn das Eau de Toilette nicht vorr\u00e4tig ist.<\/p>\n<p>Alle unsere Produkte finden Sie auf unserer <a href=\"https:\/\/provence-online.fr\/de\/seife-und-parfums\/\" title=\"Seife und Parf\u00fcms\">Website<\/a>.<\/p>\n","protected":false},"excerpt":{"rendered":"<p>Eau de Toilette Spray  100 ml von Provence et Nature.<\/p>\n","protected":false},"featured_media":35833,"template":"","meta":{"om_disable_all_campaigns":false,"_monsterinsights_skip_tracking":false,"_monsterinsights_sitenote_active":false,"_monsterinsights_sitenote_note":"","_monsterinsights_sitenote_category":0,"site-sidebar-layout":"default","site-content-layout":"default","ast-site-content-layout":"default","site-content-style":"default","site-sidebar-style":"default","ast-global-header-display":"","ast-banner-title-visibility":"","ast-main-header-display":"","ast-hfb-above-header-display":"","ast-hfb-below-header-display":"","ast-hfb-mobile-header-display":"","site-post-title":"","ast-breadcrumbs-content":"","ast-featured-img":"","footer-sml-layout":"","ast-disable-related-posts":"","theme-transparent-header-meta":"default","adv-header-id-meta":"","stick-header-meta":"","header-above-stick-meta":"","header-main-stick-meta":"","header-below-stick-meta":"","astra-migrate-meta-layouts":"set","ast-page-background-enabled":"default","ast-page-background-meta":{"desktop":{"background-color":"","background-image":"","background-repeat":"repeat","background-position":"center center","background-size":"auto","background-attachment":"scroll","background-type":"","background-media":"","overlay-type":"","overlay-color":"","overlay-opacity":"","overlay-gradient":""},"tablet":{"background-color":"","background-image":"","background-repeat":"repeat","background-position":"center center","background-size":"auto","background-attachment":"scroll","background-type":"","background-media":"","overlay-type":"","overlay-color":"","overlay-opacity":"","overlay-gradient":""},"mobile":{"background-color":"","background-image":"","background-repeat":"repeat","background-position":"center center","background-size":"auto","background-attachment":"scroll","background-type":"","background-media":"","overlay-type":"","overlay-color":"","overlay-opacity":"","overlay-gradient":""}},"ast-content-background-meta":{"desktop":{"background-color":"var(--ast-global-color-5)","background-image":"","background-repeat":"repeat","background-position":"center center","background-size":"auto","background-attachment":"scroll","background-type":"","background-media":"","overlay-type":"","overlay-color":"","overlay-opacity":"","overlay-gradient":""},"tablet":{"background-color":"var(--ast-global-color-5)","background-image":"","background-repeat":"repeat","background-position":"center center","background-size":"auto","background-attachment":"scroll","background-type":"","background-media":"","overlay-type":"","overlay-color":"","overlay-opacity":"","overlay-gradient":""},"mobile":{"background-color":"var(--ast-global-color-5)","background-image":"","background-repeat":"repeat","background-position":"center center","background-size":"auto","background-attachment":"scroll","background-type":"","background-media":"","overlay-type":"","overlay-color":"","overlay-opacity":"","overlay-gradient":""}}},"product_brand":[],"product_cat":[124,114],"product_tag":[1513,2367,2470,2474,2471,2464,1514,2482,2463,1502,1509,2480,1017,1512,1541,2461,2678,2478,924,1505,2469,2479,1506,2465,2473,2483,638,2686,2435,2363,2466,2368,1504,706,2472,2365,2481,2460,2476,379,3427,1511,2468,1507,2475,106,2477,1503,2364,1510,488,2462,881,2467],"class_list":{"0":"post-35832","1":"product","2":"type-product","3":"status-publish","4":"has-post-thumbnail","6":"product_cat-geschenk","7":"product_cat-seife-parfum","8":"product_tag-100-ml-de","9":"product_tag-100-de","10":"product_tag-aloes-de","11":"product_tag-bad-de","12":"product_tag-bart-de","13":"product_tag-duft-de","14":"product_tag-duft-parfum","15":"product_tag-dufte","16":"product_tag-dusche-de","17":"product_tag-eau-de-toilette-de","18":"product_tag-eisenkraut","19":"product_tag-eisenkraut-verbenenkraut","20":"product_tag-esel","21":"product_tag-farn","22":"product_tag-flasche","23":"product_tag-flussig","24":"product_tag-france-de","25":"product_tag-gast-de","26":"product_tag-gasteseife","27":"product_tag-geisblatt","28":"product_tag-gruner-tee-gruntee","29":"product_tag-hergestellt-in-der-provence-de","30":"product_tag-jasmin-de","31":"product_tag-korper","32":"product_tag-korperprodukt","33":"product_tag-kosmetik-de","34":"product_tag-kosmetikum","35":"product_tag-lavender-de","36":"product_tag-maitre-savonitto-de","37":"product_tag-marseille-de","38":"product_tag-milch-de","39":"product_tag-natural-de","40":"product_tag-nature-de","41":"product_tag-olive-de","42":"product_tag-parfumerie-de","43":"product_tag-peeling-de","44":"product_tag-peeling-de-2","45":"product_tag-pflanzlich-de","46":"product_tag-pflegend","47":"product_tag-provence-de","48":"product_tag-provence-et-nature-de","49":"product_tag-rose-de","50":"product_tag-rosmarin-de","51":"product_tag-sandelholz","52":"product_tag-sanft-de","53":"product_tag-seife","54":"product_tag-seifenfabrik-de","55":"product_tag-spray-de","56":"product_tag-vanille-de-2","57":"product_tag-veilchen","58":"product_tag-wacholderholz-cade-wacholder","59":"product_tag-wurfel","60":"product_tag-ziege","61":"product_tag-zitrone-de","62":"desktop-align-left","63":"tablet-align-left","64":"mobile-align-left","66":"first","67":"instock","68":"shipping-taxable","69":"purchasable","70":"product-type-variable"},"barcode":null,"atum_controlled":true,"out_stock_date":null,"out_stock_threshold":null,"inheritable":true,"stock_on_hold":0,"sold_today":0,"sales_last_days":0,"reserved_stock":null,"customer_returns":null,"warehouse_damage":null,"lost_in_post":null,"other_logs":null,"out_stock_days":0,"lost_sales":0,"update_date":"2026-04-13T00:09:55","atum_locations":[],"atum_stock_status":"instock","restock_status":false,"low_stock_amount":"","sales_update_date":"2026-04-13T00:09:55","calc_backorders":null,"aioseo_notices":[],"_links":{"self":[{"href":"https:\/\/provence-online.fr\/de\/wp-json\/wp\/v2\/product\/35832","targetHints":{"allow":["GET"]}}],"collection":[{"href":"https:\/\/provence-online.fr\/de\/wp-json\/wp\/v2\/product"}],"about":[{"href":"https:\/\/provence-online.fr\/de\/wp-json\/wp\/v2\/types\/product"}],"version-history":[{"count":5,"href":"https:\/\/provence-online.fr\/de\/wp-json\/wp\/v2\/product\/35832\/revisions"}],"predecessor-version":[{"id":52402,"href":"https:\/\/provence-online.fr\/de\/wp-json\/wp\/v2\/product\/35832\/revisions\/52402"}],"wp:featuredmedia":[{"embeddable":true,"href":"https:\/\/provence-online.fr\/de\/wp-json\/wp\/v2\/media\/35833"}],"wp:attachment":[{"href":"https:\/\/provence-online.fr\/de\/wp-json\/wp\/v2\/media?parent=35832"}],"wp:term":[{"taxonomy":"product_brand","embeddable":true,"href":"https:\/\/provence-online.fr\/de\/wp-json\/wp\/v2\/product_brand?post=35832"},{"taxonomy":"product_cat","embeddable":true,"href":"https:\/\/provence-online.fr\/de\/wp-json\/wp\/v2\/product_cat?post=35832"},{"taxonomy":"product_tag","embeddable":true,"href":"https:\/\/provence-online.fr\/de\/wp-json\/wp\/v2\/product_tag?post=35832"}],"curies":[{"name":"wp","href":"https:\/\/api.w.org\/{rel}","templated":true}]}}