{"id":35938,"date":"2019-01-22T12:00:36","date_gmt":"2019-01-22T11:00:36","guid":{"rendered":"http:\/\/provence-online.fr\/product\/lavendelhonig-aus-der-provence\/"},"modified":"2024-10-17T13:22:33","modified_gmt":"2024-10-17T11:22:33","slug":"lavendelhonig-aus-der-provence","status":"publish","type":"product","link":"https:\/\/provence-online.fr\/de\/product\/lavendelhonig-aus-der-provence\/","title":{"rendered":"Lavendelhonig aus der Provence"},"content":{"rendered":"<p>Lavendelhonig aus der Provence 250g &#038; 500g<\/p>\n<p>Dieser Honig wird im Sommer geerntet, wenn der Lavendel auf dem Hochplateau von Valensole zwischen Mitte Juni und Mitte Juli seine \u00fcppige Bl\u00fctezeit hat.<\/p>\n<p>Er ist ein heller Honig, der mit der Zeit wei\u00df werden kann, ohne dass sein Geschmack beeintr\u00e4chtigt wird. Diese cremige Textur macht ihn zu einem au\u00dfergew\u00f6hnlichen Honig.<\/p>\n<p>Lavendelhonig ist reich an Antioxidantien, Vitaminen, Mineralien, Enzymen und Aminos\u00e4uren, die interessante medizinische Eigenschaften besitzen.<\/p>\n<p>Erntender Imker in Flayosc, Provence<\/p>\n<p>Nettogewicht: 250 g &#8211; 500 g<\/p>\n","protected":false},"excerpt":{"rendered":"<p>Lavendelhonig aus der Provence.<\/p>\n","protected":false},"featured_media":33821,"template":"","meta":{"om_disable_all_campaigns":false,"_monsterinsights_skip_tracking":false,"_monsterinsights_sitenote_active":false,"_monsterinsights_sitenote_note":"","_monsterinsights_sitenote_category":0,"site-sidebar-layout":"default","site-content-layout":"default","ast-site-content-layout":"default","site-content-style":"default","site-sidebar-style":"default","ast-global-header-display":"","ast-banner-title-visibility":"","ast-main-header-display":"","ast-hfb-above-header-display":"","ast-hfb-below-header-display":"","ast-hfb-mobile-header-display":"","site-post-title":"","ast-breadcrumbs-content":"","ast-featured-img":"","footer-sml-layout":"","ast-disable-related-posts":"","theme-transparent-header-meta":"default","adv-header-id-meta":"","stick-header-meta":"","header-above-stick-meta":"","header-main-stick-meta":"","header-below-stick-meta":"","astra-migrate-meta-layouts":"default","ast-page-background-enabled":"default","ast-page-background-meta":{"desktop":{"background-color":"","background-image":"","background-repeat":"repeat","background-position":"center center","background-size":"auto","background-attachment":"scroll","background-type":"","background-media":"","overlay-type":"","overlay-color":"","overlay-opacity":"","overlay-gradient":""},"tablet":{"background-color":"","background-image":"","background-repeat":"repeat","background-position":"center center","background-size":"auto","background-attachment":"scroll","background-type":"","background-media":"","overlay-type":"","overlay-color":"","overlay-opacity":"","overlay-gradient":""},"mobile":{"background-color":"","background-image":"","background-repeat":"repeat","background-position":"center center","background-size":"auto","background-attachment":"scroll","background-type":"","background-media":"","overlay-type":"","overlay-color":"","overlay-opacity":"","overlay-gradient":""}},"ast-content-background-meta":{"desktop":{"background-color":"var(--ast-global-color-5)","background-image":"","background-repeat":"repeat","background-position":"center center","background-size":"auto","background-attachment":"scroll","background-type":"","background-media":"","overlay-type":"","overlay-color":"","overlay-opacity":"","overlay-gradient":""},"tablet":{"background-color":"var(--ast-global-color-5)","background-image":"","background-repeat":"repeat","background-position":"center center","background-size":"auto","background-attachment":"scroll","background-type":"","background-media":"","overlay-type":"","overlay-color":"","overlay-opacity":"","overlay-gradient":""},"mobile":{"background-color":"var(--ast-global-color-5)","background-image":"","background-repeat":"repeat","background-position":"center center","background-size":"auto","background-attachment":"scroll","background-type":"","background-media":"","overlay-type":"","overlay-color":"","overlay-opacity":"","overlay-gradient":""}}},"product_brand":[],"product_cat":[124,128],"product_tag":[1173,1171,1159,1177,1174,1189,2686,379],"class_list":{"0":"post-35938","1":"product","2":"type-product","3":"status-publish","4":"has-post-thumbnail","6":"product_cat-geschenk","7":"product_cat-kuche","8":"product_tag-biene","9":"product_tag-franzosischer-honig","10":"product_tag-honig","11":"product_tag-honigbiene","12":"product_tag-imker","13":"product_tag-lavendelhonig","14":"product_tag-lavender-de","15":"product_tag-provence-de","16":"desktop-align-left","17":"tablet-align-left","18":"mobile-align-left","20":"first","21":"instock","22":"shipping-taxable","23":"purchasable","24":"product-type-variable"},"barcode":null,"atum_controlled":true,"out_stock_date":null,"out_stock_threshold":null,"inheritable":true,"stock_on_hold":0,"sold_today":0,"sales_last_days":0,"reserved_stock":0,"customer_returns":0,"warehouse_damage":0,"lost_in_post":0,"other_logs":0,"out_stock_days":0,"lost_sales":0,"update_date":"2026-04-09T00:07:31","atum_locations":[],"atum_stock_status":"instock","restock_status":false,"low_stock_amount":"","sales_update_date":"2026-04-09T00:07:31","calc_backorders":null,"aioseo_notices":[],"_links":{"self":[{"href":"https:\/\/provence-online.fr\/de\/wp-json\/wp\/v2\/product\/35938","targetHints":{"allow":["GET"]}}],"collection":[{"href":"https:\/\/provence-online.fr\/de\/wp-json\/wp\/v2\/product"}],"about":[{"href":"https:\/\/provence-online.fr\/de\/wp-json\/wp\/v2\/types\/product"}],"version-history":[{"count":7,"href":"https:\/\/provence-online.fr\/de\/wp-json\/wp\/v2\/product\/35938\/revisions"}],"predecessor-version":[{"id":48889,"href":"https:\/\/provence-online.fr\/de\/wp-json\/wp\/v2\/product\/35938\/revisions\/48889"}],"wp:featuredmedia":[{"embeddable":true,"href":"https:\/\/provence-online.fr\/de\/wp-json\/wp\/v2\/media\/33821"}],"wp:attachment":[{"href":"https:\/\/provence-online.fr\/de\/wp-json\/wp\/v2\/media?parent=35938"}],"wp:term":[{"taxonomy":"product_brand","embeddable":true,"href":"https:\/\/provence-online.fr\/de\/wp-json\/wp\/v2\/product_brand?post=35938"},{"taxonomy":"product_cat","embeddable":true,"href":"https:\/\/provence-online.fr\/de\/wp-json\/wp\/v2\/product_cat?post=35938"},{"taxonomy":"product_tag","embeddable":true,"href":"https:\/\/provence-online.fr\/de\/wp-json\/wp\/v2\/product_tag?post=35938"}],"curies":[{"name":"wp","href":"https:\/\/api.w.org\/{rel}","templated":true}]}}