{"id":37390,"date":"2019-03-10T18:50:50","date_gmt":"2019-03-10T17:50:50","guid":{"rendered":"http:\/\/provence-online.fr\/product\/santon-8-9-cm-2\/"},"modified":"2024-03-26T16:57:52","modified_gmt":"2024-03-26T15:57:52","slug":"santon-8-9-cm-provenzalische-musikantin","status":"publish","type":"product","link":"https:\/\/provence-online.fr\/de\/product\/santon-8-9-cm-provenzalische-musikantin\/","title":{"rendered":"Santon Figur 8 \/ 9 cm  Trommlerin"},"content":{"rendered":"<p><strong>Santon Trommlerin<\/strong> <\/p>\n<p>In der Provence ist der Tambourinaire ein Spieler des Galoubet (Fl\u00f6te) und des Tamburins. Er ist der Anf\u00fchrer der provenzalischen T\u00e4nze. Mit seiner Pfeife und seinem Tamburin ist er bei allen provenzalischen Festen dabei und gibt den Takt an.<\/p>\n<p>Die <a href=\"https:\/\/provence-online.fr\/de\/product\/santon-8-9-cm-provenzalischer-musikantin\/\" title=\"Santon 8 \/ 9 cm: Provenzalischer Musikantin, Tambourinaire\">trommelnde Frau<\/a> ist auch auf der Website erh\u00e4ltlich.<\/p>\n<p>Unsere Krippenfiguren werden in unseren Werkst\u00e4tten in der Provence nach alter Tradition von Hand hergestellt und bemalt.<\/p>\n<p>Sehen Sie sich unsere Kollektion von Santons an.<br \/>\n<a href=\"https:\/\/provence-online.fr\/de\/santon-4-5cm\/\" title=\"Santon 4\/5 cm\">4 \/ 5 cm<\/a><br \/>\n<a href=\"https:\/\/provence-online.fr\/de\/santon-7-cm\/\" title=\"Santon 7 cm\">7 cm<\/a><br \/>\n<a href=\"https:\/\/provence-online.fr\/de\/santon-8-9-cm-2\/\" title=\"Santon 8\/9 cm\">8 \/ 9 cm<\/a><\/p>\n","protected":false},"excerpt":{"rendered":"<p>Santon Krippenfigur 8 \/ 9 cm Provenzalische Musikantin. Santon Trommlerin.<\/p>\n","protected":false},"featured_media":37090,"template":"","meta":{"om_disable_all_campaigns":false,"_monsterinsights_skip_tracking":false,"_monsterinsights_sitenote_active":false,"_monsterinsights_sitenote_note":"","_monsterinsights_sitenote_category":0,"site-sidebar-layout":"default","site-content-layout":"default","ast-site-content-layout":"default","site-content-style":"default","site-sidebar-style":"default","ast-global-header-display":"","ast-banner-title-visibility":"","ast-main-header-display":"","ast-hfb-above-header-display":"","ast-hfb-below-header-display":"","ast-hfb-mobile-header-display":"","site-post-title":"","ast-breadcrumbs-content":"","ast-featured-img":"","footer-sml-layout":"","ast-disable-related-posts":"","theme-transparent-header-meta":"default","adv-header-id-meta":"","stick-header-meta":"","header-above-stick-meta":"","header-main-stick-meta":"","header-below-stick-meta":"","astra-migrate-meta-layouts":"default","ast-page-background-enabled":"default","ast-page-background-meta":{"desktop":{"background-color":"","background-image":"","background-repeat":"repeat","background-position":"center center","background-size":"auto","background-attachment":"scroll","background-type":"","background-media":"","overlay-type":"","overlay-color":"","overlay-opacity":"","overlay-gradient":""},"tablet":{"background-color":"","background-image":"","background-repeat":"repeat","background-position":"center center","background-size":"auto","background-attachment":"scroll","background-type":"","background-media":"","overlay-type":"","overlay-color":"","overlay-opacity":"","overlay-gradient":""},"mobile":{"background-color":"","background-image":"","background-repeat":"repeat","background-position":"center center","background-size":"auto","background-attachment":"scroll","background-type":"","background-media":"","overlay-type":"","overlay-color":"","overlay-opacity":"","overlay-gradient":""}},"ast-content-background-meta":{"desktop":{"background-color":"var(--ast-global-color-5)","background-image":"","background-repeat":"repeat","background-position":"center center","background-size":"auto","background-attachment":"scroll","background-type":"","background-media":"","overlay-type":"","overlay-color":"","overlay-opacity":"","overlay-gradient":""},"tablet":{"background-color":"var(--ast-global-color-5)","background-image":"","background-repeat":"repeat","background-position":"center center","background-size":"auto","background-attachment":"scroll","background-type":"","background-media":"","overlay-type":"","overlay-color":"","overlay-opacity":"","overlay-gradient":""},"mobile":{"background-color":"var(--ast-global-color-5)","background-image":"","background-repeat":"repeat","background-position":"center center","background-size":"auto","background-attachment":"scroll","background-type":"","background-media":"","overlay-type":"","overlay-color":"","overlay-opacity":"","overlay-gradient":""}}},"product_brand":[],"product_cat":[76],"product_tag":[802,803,804,768,806,769,807,2043,2730,2764,2760,2731,770,837,2038,857,853,772,2694,991,756,2039,2761,2047,956,3086,2044,2041,759,1125,1390,1585,3031,2048,996,987,992,1119,2733,379,1118,755,3084,1014,2734,1116,760,1115,2762,448,2046,3085,1117,757,2037,1008,801,800,1306,762,1553,1307,763,1146],"class_list":{"0":"post-37390","1":"product","2":"type-product","3":"status-publish","4":"has-post-thumbnail","6":"product_cat-santon-8-9-cm-de","7":"product_tag-4-cm-de","8":"product_tag-5-cm-de","9":"product_tag-7-cm-de","10":"product_tag-8-de","11":"product_tag-8-cm-de","12":"product_tag-9-de","13":"product_tag-9-cm-de","14":"product_tag-balthazard-de","15":"product_tag-borie-de","16":"product_tag-brunnen-de-2","17":"product_tag-brunnen-de","18":"product_tag-capitele-de","19":"product_tag-cm-de","20":"product_tag-figur","21":"product_tag-figuren","22":"product_tag-franzosisch-santon","23":"product_tag-franzosische-figur","24":"product_tag-franzosische-santons","25":"product_tag-french-manufacturing-de","26":"product_tag-gaspard-de","27":"product_tag-geburt","28":"product_tag-heiligen-konige","29":"product_tag-kabanon","30":"product_tag-kleine-krippenfigur-de","31":"product_tag-kleiner-heiliger","32":"product_tag-kleiner-heiliger-de","33":"product_tag-konig-de","34":"product_tag-konige","35":"product_tag-krippe","36":"product_tag-krippenfigur","37":"product_tag-krippenfiguren-set","38":"product_tag-krippenkollektion","39":"product_tag-krippenzubehor","40":"product_tag-kunsthandwerker","41":"product_tag-magier","42":"product_tag-magierkonig","43":"product_tag-melchior-de","44":"product_tag-musiker","45":"product_tag-pastorale-de","46":"product_tag-provence-de","47":"product_tag-provenzalisch","48":"product_tag-santon-de","49":"product_tag-santon-tamburin-spieler","50":"product_tag-santon-tier-de","51":"product_tag-santon-zubehor-de","52":"product_tag-spieler","53":"product_tag-szene","54":"product_tag-tamburin","55":"product_tag-taubenschlag-de","56":"product_tag-tier","57":"product_tag-tradition-de","58":"product_tag-trommelnde-frau-trommlerin","59":"product_tag-trommler","60":"product_tag-weihnacht","61":"product_tag-weihnachten","62":"product_tag-weihnachtsanton","63":"product_tag-weihnachtsdekoration","64":"product_tag-weihnachtsfiguren","65":"product_tag-weihnachtskrippe-de-2","66":"product_tag-weihnachtskrippe","67":"product_tag-weihnachtskrippe-de-3","68":"product_tag-weihnachtsszene","69":"product_tag-weinchtsumzug","70":"product_tag-zubehor-de","71":"desktop-align-left","72":"tablet-align-left","73":"mobile-align-left","75":"first","76":"instock","77":"shipping-taxable","78":"purchasable","79":"product-type-simple"},"barcode":null,"atum_controlled":true,"out_stock_date":null,"out_stock_threshold":null,"inheritable":false,"stock_on_hold":0,"sold_today":0,"sales_last_days":0,"reserved_stock":null,"customer_returns":null,"warehouse_damage":null,"lost_in_post":null,"other_logs":null,"out_stock_days":0,"lost_sales":0,"update_date":"2026-04-19T00:14:08","atum_locations":[],"atum_stock_status":"instock","restock_status":false,"low_stock_amount":"","sales_update_date":"2026-04-19T00:14:08","calc_backorders":null,"aioseo_notices":[],"_links":{"self":[{"href":"https:\/\/provence-online.fr\/de\/wp-json\/wp\/v2\/product\/37390","targetHints":{"allow":["GET"]}}],"collection":[{"href":"https:\/\/provence-online.fr\/de\/wp-json\/wp\/v2\/product"}],"about":[{"href":"https:\/\/provence-online.fr\/de\/wp-json\/wp\/v2\/types\/product"}],"version-history":[{"count":5,"href":"https:\/\/provence-online.fr\/de\/wp-json\/wp\/v2\/product\/37390\/revisions"}],"predecessor-version":[{"id":51060,"href":"https:\/\/provence-online.fr\/de\/wp-json\/wp\/v2\/product\/37390\/revisions\/51060"}],"wp:featuredmedia":[{"embeddable":true,"href":"https:\/\/provence-online.fr\/de\/wp-json\/wp\/v2\/media\/37090"}],"wp:attachment":[{"href":"https:\/\/provence-online.fr\/de\/wp-json\/wp\/v2\/media?parent=37390"}],"wp:term":[{"taxonomy":"product_brand","embeddable":true,"href":"https:\/\/provence-online.fr\/de\/wp-json\/wp\/v2\/product_brand?post=37390"},{"taxonomy":"product_cat","embeddable":true,"href":"https:\/\/provence-online.fr\/de\/wp-json\/wp\/v2\/product_cat?post=37390"},{"taxonomy":"product_tag","embeddable":true,"href":"https:\/\/provence-online.fr\/de\/wp-json\/wp\/v2\/product_tag?post=37390"}],"curies":[{"name":"wp","href":"https:\/\/api.w.org\/{rel}","templated":true}]}}