{"id":37904,"date":"2019-10-22T18:53:34","date_gmt":"2019-10-22T16:53:34","guid":{"rendered":"http:\/\/provence-online.fr\/product\/santon-4-5-cm-krippenfiguren-im-set\/"},"modified":"2023-11-30T12:13:58","modified_gmt":"2023-11-30T11:13:58","slug":"santon-figur-4-5-cm-krippenfiguren-im-set-die-geburt-christi","status":"publish","type":"product","link":"https:\/\/provence-online.fr\/de\/product\/santon-figur-4-5-cm-krippenfiguren-im-set-die-geburt-christi\/","title":{"rendered":"Santon Figur 4 \/ 5 cm Krippenfiguren im Set, Die Geburt Christi"},"content":{"rendered":"<p><strong>Geburt Christi,<\/strong><br \/>\nSet aus 5 Santons mit Maria, Josef, dem Jesuskind, dem Esel und dem Ochsen f\u00fcr die Weihnachtskrippe.<\/p>\n<p>Traditionell wird die Krippe durch einen Stall dargestellt, in dem das Jesuskind aufgenommen wird. Bis zum 24. Dezember um Mitternacht wird nur die Wiege oder Krippe in der Mitte der Krippe aufgestellt. Bei seiner Ankunft ist Jesus von Maria und Josef, einem Esel und einem Ochsen umgeben. Der Esel ist das Tier, das Maria zu dem Stall getragen hat, in dem sie geb\u00e4ren wird. Da Jesus in der Winterzeit geboren wurde, wird der Esel zu ihm gebracht, um ihn mit seinem Atem warm zu halten. \u00dcber der Krippe wird gew\u00f6hnlich ein Stern angebracht, der den drei Weisen aus dem Morgenland den Weg zum neugeborenen Jesuskind weisen soll.<\/p>\n<p>Die Weihnachtskrippe ist eine Inszenierung, in der die Heilige Familie an erster Stelle steht.<br \/>\nDanach kommen alle Bewohner des Dorfes, denn in der Provence ist es \u00fcblich, dass die Kinder in die Kirche kommen.<br \/>\nist es das ganze Dorf, das um die Geburt herum dargestellt wird.<\/p>\n<p>Erwachsene Santons sind etwa 4 bis 5 cm gro\u00df und alle Tiere und Accessoires haben eine kompatible Gr\u00f6\u00dfe.<br \/>\nSie sind wie wir, manche gr\u00f6\u00dfer, andere kleiner, manche dicker, andere d\u00fcnner!<br \/>\nSie sind daher mit anderen Sammlungen von 4 \/ 5 cm gro\u00dfen Krippenfiguren kompatibel.<\/p>\n<p>Alle unsere Santons und Zubeh\u00f6re werden in unseren Werkst\u00e4tten in der Provence auf traditionelle Weise aus Ton handgefertigt und von Hand bemalt.<br \/>\nFinden Sie unsere Kollektionen von Santons und Accessoires aus der Provence <a href=\"https:\/\/provence-online.fr\/de\/santon-4-5cm\/\" title=\"Santon 4\/5 cm\">4 cm bis 5 cm<\/a>, <a href=\"https:\/\/provence-online.fr\/de\/santon-7-cm\/\" title=\"Santon 7 cm\">7 cm<\/a> und <a href=\"https:\/\/provence-online.fr\/de\/santon-8-9-cm-2\/\" title=\"Santon 8\/9 cm\">8 cm bis 9 cm<\/a> auf unserer Website.<\/p>\n","protected":false},"excerpt":{"rendered":"<p>Santon 4 \/ 5 cm Die Geburt Christi. Krippenfiguren im Set F\u00fcr die Weihnachtskrippe.<\/p>\n","protected":false},"featured_media":37891,"template":"","meta":{"om_disable_all_campaigns":false,"_monsterinsights_skip_tracking":false,"_monsterinsights_sitenote_active":false,"_monsterinsights_sitenote_note":"","_monsterinsights_sitenote_category":0,"site-sidebar-layout":"default","site-content-layout":"default","ast-site-content-layout":"default","site-content-style":"default","site-sidebar-style":"default","ast-global-header-display":"","ast-banner-title-visibility":"","ast-main-header-display":"","ast-hfb-above-header-display":"","ast-hfb-below-header-display":"","ast-hfb-mobile-header-display":"","site-post-title":"","ast-breadcrumbs-content":"","ast-featured-img":"","footer-sml-layout":"","ast-disable-related-posts":"","theme-transparent-header-meta":"default","adv-header-id-meta":"","stick-header-meta":"","header-above-stick-meta":"","header-main-stick-meta":"","header-below-stick-meta":"","astra-migrate-meta-layouts":"set","ast-page-background-enabled":"default","ast-page-background-meta":{"desktop":{"background-color":"","background-image":"","background-repeat":"repeat","background-position":"center center","background-size":"auto","background-attachment":"scroll","background-type":"","background-media":"","overlay-type":"","overlay-color":"","overlay-opacity":"","overlay-gradient":""},"tablet":{"background-color":"","background-image":"","background-repeat":"repeat","background-position":"center center","background-size":"auto","background-attachment":"scroll","background-type":"","background-media":"","overlay-type":"","overlay-color":"","overlay-opacity":"","overlay-gradient":""},"mobile":{"background-color":"","background-image":"","background-repeat":"repeat","background-position":"center center","background-size":"auto","background-attachment":"scroll","background-type":"","background-media":"","overlay-type":"","overlay-color":"","overlay-opacity":"","overlay-gradient":""}},"ast-content-background-meta":{"desktop":{"background-color":"var(--ast-global-color-5)","background-image":"","background-repeat":"repeat","background-position":"center center","background-size":"auto","background-attachment":"scroll","background-type":"","background-media":"","overlay-type":"","overlay-color":"","overlay-opacity":"","overlay-gradient":""},"tablet":{"background-color":"var(--ast-global-color-5)","background-image":"","background-repeat":"repeat","background-position":"center center","background-size":"auto","background-attachment":"scroll","background-type":"","background-media":"","overlay-type":"","overlay-color":"","overlay-opacity":"","overlay-gradient":""},"mobile":{"background-color":"var(--ast-global-color-5)","background-image":"","background-repeat":"repeat","background-position":"center center","background-size":"auto","background-attachment":"scroll","background-type":"","background-media":"","overlay-type":"","overlay-color":"","overlay-opacity":"","overlay-gradient":""}}},"product_brand":[],"product_cat":[307,271],"product_tag":[802,803,804,806,807,2043,2730,2764,2760,2731,837,2038,857,991,756,2039,2761,990,2047,956,2044,2041,759,1125,764,1390,1585,3031,2048,996,987,992,2733,379,755,1014,2734,760,2762,448,2046,757,2037,800,762,1553,1306,864,1307,763,1146],"class_list":{"0":"post-37904","1":"product","2":"type-product","3":"status-publish","4":"has-post-thumbnail","6":"product_cat-krippen-santon-4-5-cm","7":"product_cat-santon-4-5-cm","8":"product_tag-4-cm-de","9":"product_tag-5-cm-de","10":"product_tag-7-cm-de","11":"product_tag-8-cm-de","12":"product_tag-9-cm-de","13":"product_tag-balthazard-de","14":"product_tag-borie-de","15":"product_tag-brunnen-de-2","16":"product_tag-brunnen-de","17":"product_tag-capitele-de","18":"product_tag-figur","19":"product_tag-figuren","20":"product_tag-franzosisch-santon","21":"product_tag-gaspard-de","22":"product_tag-geburt","23":"product_tag-heiligen-konige","24":"product_tag-kabanon","25":"product_tag-kleine-krippenfigur","26":"product_tag-kleine-krippenfigur-de","27":"product_tag-kleiner-heiliger","28":"product_tag-konig-de","29":"product_tag-konige","30":"product_tag-krippe","31":"product_tag-krippenfigur","32":"product_tag-krippenfiguren","33":"product_tag-krippenfiguren-set","34":"product_tag-krippenkollektion","35":"product_tag-krippenzubehor","36":"product_tag-kunsthandwerker","37":"product_tag-magier","38":"product_tag-magierkonig","39":"product_tag-melchior-de","40":"product_tag-pastorale-de","41":"product_tag-provence-de","42":"product_tag-santon-de","43":"product_tag-santon-tier-de","44":"product_tag-santon-zubehor-de","45":"product_tag-szene","46":"product_tag-taubenschlag-de","47":"product_tag-tier","48":"product_tag-tradition-de","49":"product_tag-weihnacht","50":"product_tag-weihnachten","51":"product_tag-weihnachtsfiguren","52":"product_tag-weihnachtskrippe","53":"product_tag-weihnachtskrippe-de-3","54":"product_tag-weihnachtskrippe-de-2","55":"product_tag-weihnachtsschmuck","56":"product_tag-weihnachtsszene","57":"product_tag-weinchtsumzug","58":"product_tag-zubehor-de","59":"desktop-align-left","60":"tablet-align-left","61":"mobile-align-left","63":"first","64":"instock","65":"shipping-taxable","66":"purchasable","67":"product-type-simple"},"barcode":null,"atum_controlled":true,"out_stock_date":null,"out_stock_threshold":null,"inheritable":false,"stock_on_hold":0,"sold_today":0,"sales_last_days":0,"reserved_stock":null,"customer_returns":null,"warehouse_damage":null,"lost_in_post":null,"other_logs":null,"out_stock_days":0,"lost_sales":0,"update_date":"2026-04-09T00:07:32","atum_locations":[],"atum_stock_status":"instock","restock_status":false,"low_stock_amount":"","sales_update_date":"2026-04-09T00:07:32","calc_backorders":null,"aioseo_notices":[],"_links":{"self":[{"href":"https:\/\/provence-online.fr\/de\/wp-json\/wp\/v2\/product\/37904","targetHints":{"allow":["GET"]}}],"collection":[{"href":"https:\/\/provence-online.fr\/de\/wp-json\/wp\/v2\/product"}],"about":[{"href":"https:\/\/provence-online.fr\/de\/wp-json\/wp\/v2\/types\/product"}],"version-history":[{"count":10,"href":"https:\/\/provence-online.fr\/de\/wp-json\/wp\/v2\/product\/37904\/revisions"}],"predecessor-version":[{"id":50961,"href":"https:\/\/provence-online.fr\/de\/wp-json\/wp\/v2\/product\/37904\/revisions\/50961"}],"wp:featuredmedia":[{"embeddable":true,"href":"https:\/\/provence-online.fr\/de\/wp-json\/wp\/v2\/media\/37891"}],"wp:attachment":[{"href":"https:\/\/provence-online.fr\/de\/wp-json\/wp\/v2\/media?parent=37904"}],"wp:term":[{"taxonomy":"product_brand","embeddable":true,"href":"https:\/\/provence-online.fr\/de\/wp-json\/wp\/v2\/product_brand?post=37904"},{"taxonomy":"product_cat","embeddable":true,"href":"https:\/\/provence-online.fr\/de\/wp-json\/wp\/v2\/product_cat?post=37904"},{"taxonomy":"product_tag","embeddable":true,"href":"https:\/\/provence-online.fr\/de\/wp-json\/wp\/v2\/product_tag?post=37904"}],"curies":[{"name":"wp","href":"https:\/\/api.w.org\/{rel}","templated":true}]}}