{"id":38366,"date":"2019-10-26T14:24:16","date_gmt":"2019-10-26T12:24:16","guid":{"rendered":"http:\/\/provence-online.fr\/product\/santon-animal-provence-4-5-cm-hund\/"},"modified":"2024-10-21T22:06:32","modified_gmt":"2024-10-21T20:06:32","slug":"santon-4-cm-5-cm-tier-der-hund","status":"publish","type":"product","link":"https:\/\/provence-online.fr\/de\/product\/santon-4-cm-5-cm-tier-der-hund\/","title":{"rendered":"Santon  4 cm &#038; 5 cm Tier, der Hund"},"content":{"rendered":"<p>Der Hund, ein treuer Begleiter.<br \/>\nEr ist das beliebteste Haustier in der provenzalischen Krippe. Er begleitet den Sch\u00e4fer, man findet ihn beim J\u00e4ger und er wird ein guter Begleiter f\u00fcr die Kinder sein.<\/p>\n<p>F\u00fcr die Weihnachtskrippe<br \/>\nUnsere Santons werden in unseren Werkst\u00e4tten in der Provence nach alter Tradition von Hand hergestellt und bemalt.<\/p>\n<p>Auf unserer Website finden Sie unsere Kollektionen von Santons und Zubeh\u00f6r f\u00fcr die Weihnachtskrippe.<br \/>\nSantons von <a href=\"https:\/\/provence-online.fr\/de\/santon-4-5cm\/\" title=\"Santon 4\/5 cm\">4 cm bis 5 cm<\/a>, Santons von <a href=\"https:\/\/provence-online.fr\/de\/santon-7-cm\/\" title=\"Santon 7 cm\">7 cm<\/a>, Santons von <a href=\"https:\/\/provence-online.fr\/de\/santon-8-9-cm-2\/\" title=\"Santon 8\/9 cm\">8 cm bis 9 cm<\/a>.<\/p>\n","protected":false},"excerpt":{"rendered":"<p>Santon  4 \/ 5 cm Tier: Hund F\u00fcr die Weihnachtskrippe, Krippenfiguren, Weihnachtsumzug.<\/p>\n","protected":false},"featured_media":38335,"template":"","meta":{"om_disable_all_campaigns":false,"_monsterinsights_skip_tracking":false,"_monsterinsights_sitenote_active":false,"_monsterinsights_sitenote_note":"","_monsterinsights_sitenote_category":0,"site-sidebar-layout":"default","site-content-layout":"default","ast-site-content-layout":"default","site-content-style":"default","site-sidebar-style":"default","ast-global-header-display":"","ast-banner-title-visibility":"","ast-main-header-display":"","ast-hfb-above-header-display":"","ast-hfb-below-header-display":"","ast-hfb-mobile-header-display":"","site-post-title":"","ast-breadcrumbs-content":"","ast-featured-img":"","footer-sml-layout":"","ast-disable-related-posts":"","theme-transparent-header-meta":"default","adv-header-id-meta":"","stick-header-meta":"","header-above-stick-meta":"","header-main-stick-meta":"","header-below-stick-meta":"","astra-migrate-meta-layouts":"set","ast-page-background-enabled":"default","ast-page-background-meta":{"desktop":{"background-color":"","background-image":"","background-repeat":"repeat","background-position":"center center","background-size":"auto","background-attachment":"scroll","background-type":"","background-media":"","overlay-type":"","overlay-color":"","overlay-opacity":"","overlay-gradient":""},"tablet":{"background-color":"","background-image":"","background-repeat":"repeat","background-position":"center center","background-size":"auto","background-attachment":"scroll","background-type":"","background-media":"","overlay-type":"","overlay-color":"","overlay-opacity":"","overlay-gradient":""},"mobile":{"background-color":"","background-image":"","background-repeat":"repeat","background-position":"center center","background-size":"auto","background-attachment":"scroll","background-type":"","background-media":"","overlay-type":"","overlay-color":"","overlay-opacity":"","overlay-gradient":""}},"ast-content-background-meta":{"desktop":{"background-color":"var(--ast-global-color-5)","background-image":"","background-repeat":"repeat","background-position":"center center","background-size":"auto","background-attachment":"scroll","background-type":"","background-media":"","overlay-type":"","overlay-color":"","overlay-opacity":"","overlay-gradient":""},"tablet":{"background-color":"var(--ast-global-color-5)","background-image":"","background-repeat":"repeat","background-position":"center center","background-size":"auto","background-attachment":"scroll","background-type":"","background-media":"","overlay-type":"","overlay-color":"","overlay-opacity":"","overlay-gradient":""},"mobile":{"background-color":"var(--ast-global-color-5)","background-image":"","background-repeat":"repeat","background-position":"center center","background-size":"auto","background-attachment":"scroll","background-type":"","background-media":"","overlay-type":"","overlay-color":"","overlay-opacity":"","overlay-gradient":""}}},"product_brand":[],"product_cat":[271,306],"product_tag":[802,803,804,806,807,2043,2730,2764,2760,2731,837,2038,857,853,772,991,756,2039,875,2761,2047,990,1578,956,2044,2041,759,1125,1390,1585,1574,3031,2048,996,987,992,2733,379,755,1014,2734,760,2762,448,393,2046,757,2037,801,758,800,1306,1553,1307,763,1146],"class_list":{"0":"post-38366","1":"product","2":"type-product","3":"status-publish","4":"has-post-thumbnail","6":"product_cat-santon-4-5-cm","7":"product_cat-tiere-santons-4-5-cm","8":"product_tag-4-cm-de","9":"product_tag-5-cm-de","10":"product_tag-7-cm-de","11":"product_tag-8-cm-de","12":"product_tag-9-cm-de","13":"product_tag-balthazard-de","14":"product_tag-borie-de","15":"product_tag-brunnen-de-2","16":"product_tag-brunnen-de","17":"product_tag-capitele-de","18":"product_tag-figur","19":"product_tag-figuren","20":"product_tag-franzosisch-santon","21":"product_tag-franzosische-figur","22":"product_tag-franzosische-santons","23":"product_tag-gaspard-de","24":"product_tag-geburt","25":"product_tag-heiligen-konige","26":"product_tag-hund","27":"product_tag-kabanon","28":"product_tag-kleine-krippenfigur-de","29":"product_tag-kleine-krippenfigur","30":"product_tag-kleine-santon-figur","31":"product_tag-kleiner-heiliger","32":"product_tag-konig-de","33":"product_tag-konige","34":"product_tag-krippe","35":"product_tag-krippenfigur","36":"product_tag-krippenfiguren-set","37":"product_tag-krippenkollektion","38":"product_tag-krippenszene","39":"product_tag-krippenzubehor","40":"product_tag-kunsthandwerker","41":"product_tag-magier","42":"product_tag-magierkonig","43":"product_tag-melchior-de","44":"product_tag-pastorale-de","45":"product_tag-provence-de","46":"product_tag-santon-de","47":"product_tag-santon-tier-de","48":"product_tag-santon-zubehor-de","49":"product_tag-szene","50":"product_tag-taubenschlag-de","51":"product_tag-tier","52":"product_tag-tiere","53":"product_tag-tradition-de","54":"product_tag-weihnacht","55":"product_tag-weihnachten","56":"product_tag-weihnachtsdekoration","57":"product_tag-weihnachtsfigur","58":"product_tag-weihnachtsfiguren","59":"product_tag-weihnachtskrippe-de-2","60":"product_tag-weihnachtskrippe-de-3","61":"product_tag-weihnachtsszene","62":"product_tag-weinchtsumzug","63":"product_tag-zubehor-de","64":"desktop-align-left","65":"tablet-align-left","66":"mobile-align-left","68":"first","69":"instock","70":"shipping-taxable","71":"purchasable","72":"product-type-simple"},"barcode":null,"atum_controlled":true,"out_stock_date":null,"out_stock_threshold":null,"inheritable":false,"stock_on_hold":0,"sold_today":0,"sales_last_days":0,"reserved_stock":null,"customer_returns":null,"warehouse_damage":null,"lost_in_post":null,"other_logs":null,"out_stock_days":0,"lost_sales":0,"update_date":"2026-04-11T00:09:25","atum_locations":[],"atum_stock_status":"instock","restock_status":false,"low_stock_amount":"","sales_update_date":"2026-04-11T00:09:25","calc_backorders":null,"aioseo_notices":[],"_links":{"self":[{"href":"https:\/\/provence-online.fr\/de\/wp-json\/wp\/v2\/product\/38366","targetHints":{"allow":["GET"]}}],"collection":[{"href":"https:\/\/provence-online.fr\/de\/wp-json\/wp\/v2\/product"}],"about":[{"href":"https:\/\/provence-online.fr\/de\/wp-json\/wp\/v2\/types\/product"}],"version-history":[{"count":6,"href":"https:\/\/provence-online.fr\/de\/wp-json\/wp\/v2\/product\/38366\/revisions"}],"predecessor-version":[{"id":51234,"href":"https:\/\/provence-online.fr\/de\/wp-json\/wp\/v2\/product\/38366\/revisions\/51234"}],"wp:featuredmedia":[{"embeddable":true,"href":"https:\/\/provence-online.fr\/de\/wp-json\/wp\/v2\/media\/38335"}],"wp:attachment":[{"href":"https:\/\/provence-online.fr\/de\/wp-json\/wp\/v2\/media?parent=38366"}],"wp:term":[{"taxonomy":"product_brand","embeddable":true,"href":"https:\/\/provence-online.fr\/de\/wp-json\/wp\/v2\/product_brand?post=38366"},{"taxonomy":"product_cat","embeddable":true,"href":"https:\/\/provence-online.fr\/de\/wp-json\/wp\/v2\/product_cat?post=38366"},{"taxonomy":"product_tag","embeddable":true,"href":"https:\/\/provence-online.fr\/de\/wp-json\/wp\/v2\/product_tag?post=38366"}],"curies":[{"name":"wp","href":"https:\/\/api.w.org\/{rel}","templated":true}]}}