{"id":38615,"date":"2019-10-26T15:43:45","date_gmt":"2019-10-26T13:43:45","guid":{"rendered":"http:\/\/provence-online.fr\/product\/santon-figur-4-5-cm-weisses-pferd\/"},"modified":"2023-07-25T12:16:21","modified_gmt":"2023-07-25T10:16:21","slug":"santon-4-5-cm-tier-weises-pferd","status":"publish","type":"product","link":"https:\/\/provence-online.fr\/de\/product\/santon-4-5-cm-tier-weises-pferd\/","title":{"rendered":"Santon 4 \/ 5 cm Tier: Wei\u00dfes Pferd"},"content":{"rendered":"<p><strong>Santon Wei\u00dfes Pferd<\/strong><\/p>\n<p>Traditionell wurden in der Provence Pferde immer eingespannt, um schwere Lasten zu transportieren oder um die Stiere von den Weiden in die Arena zu treiben. Bei der Durchquerung von D\u00f6rfern lie\u00dfen die Gardians sie im Galopp mit m\u00f6glichst hoher Geschwindigkeit durch das Dorf reiten, um die Gefahr zu verringern, dass die Stiere ihnen entwischen.<\/p>\n<p>Nur an Festtagen wurden sie geritten, um ihnen die Ehre zu erweisen.<\/p>\n<p>F\u00fcr die Weihnachtskrippe<br \/>\nUnsere Santons werden in unseren Werkst\u00e4tten in der Provence nach alter Tradition handgefertigt und handbemalt.<\/p>\n<p>Finden Sie unsere Sammlung von Santons auf der Website.<br \/>\n<a href=\"https:\/\/provence-online.fr\/de\/santon-4-5cm\/\" title=\"Santon 4\/5 cm\">4 \/ 5 cm<\/a><br \/>\n<a href=\"https:\/\/provence-online.fr\/de\/santon-7-cm\/\" title=\"Santon 7 cm\">7 cm<\/a><br \/>\n<a href=\"https:\/\/provence-online.fr\/de\/santon-8-9-cm-2\/\" title=\"Santon 8\/9 cm\">8 \/ 9 cm<\/a><\/p>\n","protected":false},"excerpt":{"rendered":"<p>Santon 4 \/ 5 cm Tier: Wei\u00dfes Pferd f\u00fcr die Weihnachtskrippe, Krippenfiguren.<\/p>\n","protected":false},"featured_media":38427,"template":"","meta":{"om_disable_all_campaigns":false,"_monsterinsights_skip_tracking":false,"_monsterinsights_sitenote_active":false,"_monsterinsights_sitenote_note":"","_monsterinsights_sitenote_category":0,"site-sidebar-layout":"default","site-content-layout":"default","ast-site-content-layout":"default","site-content-style":"default","site-sidebar-style":"default","ast-global-header-display":"","ast-banner-title-visibility":"","ast-main-header-display":"","ast-hfb-above-header-display":"","ast-hfb-below-header-display":"","ast-hfb-mobile-header-display":"","site-post-title":"","ast-breadcrumbs-content":"","ast-featured-img":"","footer-sml-layout":"","ast-disable-related-posts":"","theme-transparent-header-meta":"default","adv-header-id-meta":"","stick-header-meta":"","header-above-stick-meta":"","header-main-stick-meta":"","header-below-stick-meta":"","astra-migrate-meta-layouts":"default","ast-page-background-enabled":"default","ast-page-background-meta":{"desktop":{"background-color":"","background-image":"","background-repeat":"repeat","background-position":"center center","background-size":"auto","background-attachment":"scroll","background-type":"","background-media":"","overlay-type":"","overlay-color":"","overlay-opacity":"","overlay-gradient":""},"tablet":{"background-color":"","background-image":"","background-repeat":"repeat","background-position":"center center","background-size":"auto","background-attachment":"scroll","background-type":"","background-media":"","overlay-type":"","overlay-color":"","overlay-opacity":"","overlay-gradient":""},"mobile":{"background-color":"","background-image":"","background-repeat":"repeat","background-position":"center center","background-size":"auto","background-attachment":"scroll","background-type":"","background-media":"","overlay-type":"","overlay-color":"","overlay-opacity":"","overlay-gradient":""}},"ast-content-background-meta":{"desktop":{"background-color":"var(--ast-global-color-5)","background-image":"","background-repeat":"repeat","background-position":"center center","background-size":"auto","background-attachment":"scroll","background-type":"","background-media":"","overlay-type":"","overlay-color":"","overlay-opacity":"","overlay-gradient":""},"tablet":{"background-color":"var(--ast-global-color-5)","background-image":"","background-repeat":"repeat","background-position":"center center","background-size":"auto","background-attachment":"scroll","background-type":"","background-media":"","overlay-type":"","overlay-color":"","overlay-opacity":"","overlay-gradient":""},"mobile":{"background-color":"var(--ast-global-color-5)","background-image":"","background-repeat":"repeat","background-position":"center center","background-size":"auto","background-attachment":"scroll","background-type":"","background-media":"","overlay-type":"","overlay-color":"","overlay-opacity":"","overlay-gradient":""}}},"product_brand":[],"product_cat":[271,306],"product_tag":[802,803,806,807,458,756,990,911,759,1125,1763,379,755,822,773,896,800,1306,762,763],"class_list":{"0":"post-38615","1":"product","2":"type-product","3":"status-publish","4":"has-post-thumbnail","6":"product_cat-santon-4-5-cm","7":"product_cat-tiere-santons-4-5-cm","8":"product_tag-4-cm-de","9":"product_tag-5-cm-de","10":"product_tag-8-cm-de","11":"product_tag-9-cm-de","12":"product_tag-dekoration","13":"product_tag-geburt","14":"product_tag-kleine-krippenfigur","15":"product_tag-kleines-santon","16":"product_tag-krippe","17":"product_tag-krippenfigur","18":"product_tag-pferde","19":"product_tag-provence-de","20":"product_tag-santon-de","21":"product_tag-santon-pferd","22":"product_tag-santon-charakter","23":"product_tag-santons-figuren","24":"product_tag-weihnachtsfiguren","25":"product_tag-weihnachtskrippe-de-2","26":"product_tag-weihnachtskrippe","27":"product_tag-weinchtsumzug","28":"desktop-align-left","29":"tablet-align-left","30":"mobile-align-left","32":"first","33":"instock","34":"shipping-taxable","35":"purchasable","36":"product-type-simple"},"barcode":null,"atum_controlled":true,"out_stock_date":null,"out_stock_threshold":null,"inheritable":false,"stock_on_hold":0,"sold_today":0,"sales_last_days":0,"reserved_stock":null,"customer_returns":null,"warehouse_damage":null,"lost_in_post":null,"other_logs":null,"out_stock_days":0,"lost_sales":0,"update_date":"2026-04-14T00:09:53","atum_locations":[],"atum_stock_status":"instock","restock_status":false,"low_stock_amount":"","sales_update_date":"2026-04-14T00:09:53","calc_backorders":null,"aioseo_notices":[],"_links":{"self":[{"href":"https:\/\/provence-online.fr\/de\/wp-json\/wp\/v2\/product\/38615","targetHints":{"allow":["GET"]}}],"collection":[{"href":"https:\/\/provence-online.fr\/de\/wp-json\/wp\/v2\/product"}],"about":[{"href":"https:\/\/provence-online.fr\/de\/wp-json\/wp\/v2\/types\/product"}],"version-history":[{"count":6,"href":"https:\/\/provence-online.fr\/de\/wp-json\/wp\/v2\/product\/38615\/revisions"}],"predecessor-version":[{"id":49492,"href":"https:\/\/provence-online.fr\/de\/wp-json\/wp\/v2\/product\/38615\/revisions\/49492"}],"wp:featuredmedia":[{"embeddable":true,"href":"https:\/\/provence-online.fr\/de\/wp-json\/wp\/v2\/media\/38427"}],"wp:attachment":[{"href":"https:\/\/provence-online.fr\/de\/wp-json\/wp\/v2\/media?parent=38615"}],"wp:term":[{"taxonomy":"product_brand","embeddable":true,"href":"https:\/\/provence-online.fr\/de\/wp-json\/wp\/v2\/product_brand?post=38615"},{"taxonomy":"product_cat","embeddable":true,"href":"https:\/\/provence-online.fr\/de\/wp-json\/wp\/v2\/product_cat?post=38615"},{"taxonomy":"product_tag","embeddable":true,"href":"https:\/\/provence-online.fr\/de\/wp-json\/wp\/v2\/product_tag?post=38615"}],"curies":[{"name":"wp","href":"https:\/\/api.w.org\/{rel}","templated":true}]}}