{"id":38625,"date":"2019-10-26T15:03:47","date_gmt":"2019-10-26T13:03:47","guid":{"rendered":"http:\/\/provence-online.fr\/product\/santon-figur-4-5-cm-blumenverkauferin\/"},"modified":"2023-12-09T13:04:17","modified_gmt":"2023-12-09T12:04:17","slug":"santon-figur-4-5-cm-blumenverkauferin","status":"publish","type":"product","link":"https:\/\/provence-online.fr\/de\/product\/santon-figur-4-5-cm-blumenverkauferin\/","title":{"rendered":"Santon Figur 4 \/ 5 cm: Blumenverk\u00e4uferin"},"content":{"rendered":"<p><strong>Santon Blumenverk\u00e4uferin<\/strong><\/p>\n<p>Dieser santon fleuriste bietet Ihnen Blumen an, die ganz nat\u00fcrlich unter der Sonne der Provence wachsen.<br \/>\nDiese kleine Floristin stellt wunderbare Blumenstr\u00e4u\u00dfe her.<\/p>\n<p>Erwachsene Santons sind etwa 4 bis 5 cm gro\u00df, und alle Tiere und Accessoires sind auf die Gr\u00f6\u00dfe der Santons abgestimmt.<br \/>\nSie sind wie wir, manche gr\u00f6\u00dfer, andere kleiner, manche dicker, andere d\u00fcnner!<br \/>\nDaher passen sie auch zu anderen Sammlungen von Santons dieser Gr\u00f6\u00dfe.<\/p>\n<p>Alle unsere auf unserer Website verkauften Santons und Krippenzubeh\u00f6r werden in unseren Werkst\u00e4tten in der Provence auf traditionelle Weise aus Ton handgefertigt, gebrannt und handbemalt.<\/p>\n<p>Unsere Kollektion von Santons finden Sie auf der Website.<br \/>\n<a href=\"https:\/\/provence-online.fr\/de\/santon-4-5cm\/\" title=\"Santon 4\/5 cm\">4 \/ 5 cm<\/a><br \/>\n<a href=\"https:\/\/provence-online.fr\/de\/santon-7-cm\/\" title=\"Santon 7 cm\">7 cm<\/a><br \/>\n<a href=\"https:\/\/provence-online.fr\/de\/santon-8-9-cm-2\/\" title=\"Santon 8\/9 cm\">8 \/ 9 cm<\/a><\/p>\n","protected":false},"excerpt":{"rendered":"<p>Santon Figur 4 \/ 5 cm Blumenverk\u00e4uferin f\u00fcr die Weihnachtskrippe, Krippenfiguren.<\/p>\n","protected":false},"featured_media":38385,"template":"","meta":{"om_disable_all_campaigns":false,"_monsterinsights_skip_tracking":false,"_monsterinsights_sitenote_active":false,"_monsterinsights_sitenote_note":"","_monsterinsights_sitenote_category":0,"site-sidebar-layout":"default","site-content-layout":"default","ast-site-content-layout":"default","site-content-style":"default","site-sidebar-style":"default","ast-global-header-display":"","ast-banner-title-visibility":"","ast-main-header-display":"","ast-hfb-above-header-display":"","ast-hfb-below-header-display":"","ast-hfb-mobile-header-display":"","site-post-title":"","ast-breadcrumbs-content":"","ast-featured-img":"","footer-sml-layout":"","ast-disable-related-posts":"","theme-transparent-header-meta":"default","adv-header-id-meta":"","stick-header-meta":"","header-above-stick-meta":"","header-main-stick-meta":"","header-below-stick-meta":"","astra-migrate-meta-layouts":"set","ast-page-background-enabled":"default","ast-page-background-meta":{"desktop":{"background-color":"","background-image":"","background-repeat":"repeat","background-position":"center center","background-size":"auto","background-attachment":"scroll","background-type":"","background-media":"","overlay-type":"","overlay-color":"","overlay-opacity":"","overlay-gradient":""},"tablet":{"background-color":"","background-image":"","background-repeat":"repeat","background-position":"center center","background-size":"auto","background-attachment":"scroll","background-type":"","background-media":"","overlay-type":"","overlay-color":"","overlay-opacity":"","overlay-gradient":""},"mobile":{"background-color":"","background-image":"","background-repeat":"repeat","background-position":"center center","background-size":"auto","background-attachment":"scroll","background-type":"","background-media":"","overlay-type":"","overlay-color":"","overlay-opacity":"","overlay-gradient":""}},"ast-content-background-meta":{"desktop":{"background-color":"var(--ast-global-color-5)","background-image":"","background-repeat":"repeat","background-position":"center center","background-size":"auto","background-attachment":"scroll","background-type":"","background-media":"","overlay-type":"","overlay-color":"","overlay-opacity":"","overlay-gradient":""},"tablet":{"background-color":"var(--ast-global-color-5)","background-image":"","background-repeat":"repeat","background-position":"center center","background-size":"auto","background-attachment":"scroll","background-type":"","background-media":"","overlay-type":"","overlay-color":"","overlay-opacity":"","overlay-gradient":""},"mobile":{"background-color":"var(--ast-global-color-5)","background-image":"","background-repeat":"repeat","background-position":"center center","background-size":"auto","background-attachment":"scroll","background-type":"","background-media":"","overlay-type":"","overlay-color":"","overlay-opacity":"","overlay-gradient":""}}},"product_brand":[],"product_cat":[271],"product_tag":[802,803,804,806,807,2043,2730,2764,2760,2731,837,2038,838,857,991,756,2039,2761,2047,1578,956,911,2044,2041,759,1125,1390,1585,1574,3031,2048,996,987,992,2733,379,755,839,1014,2734,760,2762,448,2046,757,2037,825,1553,1306,762,771,1307,763,1146],"class_list":{"0":"post-38625","1":"product","2":"type-product","3":"status-publish","4":"has-post-thumbnail","6":"product_cat-santon-4-5-cm","7":"product_tag-4-cm-de","8":"product_tag-5-cm-de","9":"product_tag-7-cm-de","10":"product_tag-8-cm-de","11":"product_tag-9-cm-de","12":"product_tag-balthazard-de","13":"product_tag-borie-de","14":"product_tag-brunnen-de-2","15":"product_tag-brunnen-de","16":"product_tag-capitele-de","17":"product_tag-figur","18":"product_tag-figuren","19":"product_tag-figurine-de","20":"product_tag-franzosisch-santon","21":"product_tag-gaspard-de","22":"product_tag-geburt","23":"product_tag-heiligen-konige","24":"product_tag-kabanon","25":"product_tag-kleine-krippenfigur-de","26":"product_tag-kleine-santon-figur","27":"product_tag-kleiner-heiliger","28":"product_tag-kleines-santon","29":"product_tag-konig-de","30":"product_tag-konige","31":"product_tag-krippe","32":"product_tag-krippenfigur","33":"product_tag-krippenfiguren-set","34":"product_tag-krippenkollektion","35":"product_tag-krippenszene","36":"product_tag-krippenzubehor","37":"product_tag-kunsthandwerker","38":"product_tag-magier","39":"product_tag-magierkonig","40":"product_tag-melchior-de","41":"product_tag-pastorale-de","42":"product_tag-provence-de","43":"product_tag-santon-de","44":"product_tag-santon-blumenverkauferin","45":"product_tag-santon-tier-de","46":"product_tag-santon-zubehor-de","47":"product_tag-szene","48":"product_tag-taubenschlag-de","49":"product_tag-tier","50":"product_tag-tradition-de","51":"product_tag-weihnacht","52":"product_tag-weihnachten","53":"product_tag-weihnachtsdekoration-de","54":"product_tag-weihnachtskrippe-de-3","55":"product_tag-weihnachtskrippe-de-2","56":"product_tag-weihnachtskrippe","57":"product_tag-weihnachtssantons","58":"product_tag-weihnachtsszene","59":"product_tag-weinchtsumzug","60":"product_tag-zubehor-de","61":"desktop-align-left","62":"tablet-align-left","63":"mobile-align-left","65":"first","66":"instock","67":"shipping-taxable","68":"purchasable","69":"product-type-simple"},"barcode":null,"atum_controlled":true,"out_stock_date":null,"out_stock_threshold":null,"inheritable":false,"stock_on_hold":0,"sold_today":0,"sales_last_days":0,"reserved_stock":null,"customer_returns":null,"warehouse_damage":null,"lost_in_post":null,"other_logs":null,"out_stock_days":0,"lost_sales":0,"update_date":"2026-04-28T00:19:38","atum_locations":[],"atum_stock_status":"instock","restock_status":false,"low_stock_amount":"","sales_update_date":"2026-04-28T00:19:38","calc_backorders":null,"aioseo_notices":[],"_links":{"self":[{"href":"https:\/\/provence-online.fr\/de\/wp-json\/wp\/v2\/product\/38625","targetHints":{"allow":["GET"]}}],"collection":[{"href":"https:\/\/provence-online.fr\/de\/wp-json\/wp\/v2\/product"}],"about":[{"href":"https:\/\/provence-online.fr\/de\/wp-json\/wp\/v2\/types\/product"}],"version-history":[{"count":8,"href":"https:\/\/provence-online.fr\/de\/wp-json\/wp\/v2\/product\/38625\/revisions"}],"predecessor-version":[{"id":51109,"href":"https:\/\/provence-online.fr\/de\/wp-json\/wp\/v2\/product\/38625\/revisions\/51109"}],"wp:featuredmedia":[{"embeddable":true,"href":"https:\/\/provence-online.fr\/de\/wp-json\/wp\/v2\/media\/38385"}],"wp:attachment":[{"href":"https:\/\/provence-online.fr\/de\/wp-json\/wp\/v2\/media?parent=38625"}],"wp:term":[{"taxonomy":"product_brand","embeddable":true,"href":"https:\/\/provence-online.fr\/de\/wp-json\/wp\/v2\/product_brand?post=38625"},{"taxonomy":"product_cat","embeddable":true,"href":"https:\/\/provence-online.fr\/de\/wp-json\/wp\/v2\/product_cat?post=38625"},{"taxonomy":"product_tag","embeddable":true,"href":"https:\/\/provence-online.fr\/de\/wp-json\/wp\/v2\/product_tag?post=38625"}],"curies":[{"name":"wp","href":"https:\/\/api.w.org\/{rel}","templated":true}]}}