{"id":38636,"date":"2019-10-23T16:51:37","date_gmt":"2019-10-23T14:51:37","guid":{"rendered":"http:\/\/provence-online.fr\/product\/santon-4-5cm-tier-elefant\/"},"modified":"2024-11-27T19:15:03","modified_gmt":"2024-11-27T18:15:03","slug":"santon-4-5-cm-tier-elefant","status":"publish","type":"product","link":"https:\/\/provence-online.fr\/de\/product\/santon-4-5-cm-tier-elefant\/","title":{"rendered":"Santon 4 \/ 5 cm Tier Elefant"},"content":{"rendered":"<p>Kleiner handbemalter Elefant<\/p>\n<p>Der Santon-Elefant geh\u00f6rt ebenfalls zu den Tieren der provenzalischen Krippe.<br \/>\nDieser Elefant hat eine sehr lange Reise hinter sich und begleitete<br \/>\nbegleitete die drei heiligen K\u00f6nige bis zur Krippe, in der das Jesuskind liegt.<\/p>\n<p>Erwachsene Santons sind etwa 4 bis 5 cm gro\u00df und alle Tiere und Accessoires haben die gleiche Gr\u00f6\u00dfe.<br \/>\nUnsere Santons sind wie wir, manche gr\u00f6\u00dfer, manche kleiner, manche dicker und manche d\u00fcnner!<br \/>\nSie sind daher mit anderen Krippenfiguren-Sammlungen kompatibel.<\/p>\n<p>Alle unsere auf unserer Website verkauften Krippenfiguren und Krippenzubeh\u00f6r werden auf traditionelle Weise aus Ton hergestellt und in unseren Werkst\u00e4tten in der Provence von Hand bemalt.<\/p>\n<p>Finden Sie unsere Kollektionen von Krippenfiguren und Krippenzubeh\u00f6r aus der Provence <a href=\"https:\/\/provence-online.fr\/de\/santon-4-5cm\/\" title=\"Santon 4\/5 cm\">4 cm bis 5 cm<\/a>, <a href=\"https:\/\/provence-online.fr\/de\/santon-7-cm\/\" title=\"Santon 7 cm\">7 cm<\/a> und <a href=\"https:\/\/provence-online.fr\/de\/santon-8-9-cm-2\/\" title=\"Santon 8\/9 cm\">8 cm bis 9 cm<\/a> auf unserer Website.<\/p>\n","protected":false},"excerpt":{"rendered":"<p>Santon 4 \/ 5 cm Tier: Elefant F\u00fcr die Weihnachtskrippe, Krippenfiguren.<\/p>\n","protected":false},"featured_media":38186,"template":"","meta":{"om_disable_all_campaigns":false,"_monsterinsights_skip_tracking":false,"_monsterinsights_sitenote_active":false,"_monsterinsights_sitenote_note":"","_monsterinsights_sitenote_category":0,"site-sidebar-layout":"default","site-content-layout":"default","ast-site-content-layout":"default","site-content-style":"default","site-sidebar-style":"default","ast-global-header-display":"","ast-banner-title-visibility":"","ast-main-header-display":"","ast-hfb-above-header-display":"","ast-hfb-below-header-display":"","ast-hfb-mobile-header-display":"","site-post-title":"","ast-breadcrumbs-content":"","ast-featured-img":"","footer-sml-layout":"","ast-disable-related-posts":"","theme-transparent-header-meta":"default","adv-header-id-meta":"","stick-header-meta":"","header-above-stick-meta":"","header-main-stick-meta":"","header-below-stick-meta":"","astra-migrate-meta-layouts":"set","ast-page-background-enabled":"default","ast-page-background-meta":{"desktop":{"background-color":"","background-image":"","background-repeat":"repeat","background-position":"center center","background-size":"auto","background-attachment":"scroll","background-type":"","background-media":"","overlay-type":"","overlay-color":"","overlay-opacity":"","overlay-gradient":""},"tablet":{"background-color":"","background-image":"","background-repeat":"repeat","background-position":"center center","background-size":"auto","background-attachment":"scroll","background-type":"","background-media":"","overlay-type":"","overlay-color":"","overlay-opacity":"","overlay-gradient":""},"mobile":{"background-color":"","background-image":"","background-repeat":"repeat","background-position":"center center","background-size":"auto","background-attachment":"scroll","background-type":"","background-media":"","overlay-type":"","overlay-color":"","overlay-opacity":"","overlay-gradient":""}},"ast-content-background-meta":{"desktop":{"background-color":"var(--ast-global-color-5)","background-image":"","background-repeat":"repeat","background-position":"center center","background-size":"auto","background-attachment":"scroll","background-type":"","background-media":"","overlay-type":"","overlay-color":"","overlay-opacity":"","overlay-gradient":""},"tablet":{"background-color":"var(--ast-global-color-5)","background-image":"","background-repeat":"repeat","background-position":"center center","background-size":"auto","background-attachment":"scroll","background-type":"","background-media":"","overlay-type":"","overlay-color":"","overlay-opacity":"","overlay-gradient":""},"mobile":{"background-color":"var(--ast-global-color-5)","background-image":"","background-repeat":"repeat","background-position":"center center","background-size":"auto","background-attachment":"scroll","background-type":"","background-media":"","overlay-type":"","overlay-color":"","overlay-opacity":"","overlay-gradient":""}}},"product_brand":[],"product_cat":[271,306],"product_tag":[802,803,884,857,772,756,990,956,911,759,1125,1585,1574,379,755,801,800,762,1553,771,763],"class_list":{"0":"post-38636","1":"product","2":"type-product","3":"status-publish","4":"has-post-thumbnail","6":"product_cat-santon-4-5-cm","7":"product_cat-tiere-santons-4-5-cm","8":"product_tag-4-cm-de","9":"product_tag-5-cm-de","10":"product_tag-elefant","11":"product_tag-franzosisch-santon","12":"product_tag-franzosische-santons","13":"product_tag-geburt","14":"product_tag-kleine-krippenfigur","15":"product_tag-kleiner-heiliger","16":"product_tag-kleines-santon","17":"product_tag-krippe","18":"product_tag-krippenfigur","19":"product_tag-krippenkollektion","20":"product_tag-krippenszene","21":"product_tag-provence-de","22":"product_tag-santon-de","23":"product_tag-weihnachtsdekoration","24":"product_tag-weihnachtsfiguren","25":"product_tag-weihnachtskrippe","26":"product_tag-weihnachtskrippe-de-3","27":"product_tag-weihnachtssantons","28":"product_tag-weinchtsumzug","29":"desktop-align-left","30":"tablet-align-left","31":"mobile-align-left","33":"first","34":"instock","35":"shipping-taxable","36":"purchasable","37":"product-type-simple"},"barcode":null,"atum_controlled":true,"out_stock_date":null,"out_stock_threshold":null,"inheritable":false,"stock_on_hold":0,"sold_today":0,"sales_last_days":0,"reserved_stock":null,"customer_returns":null,"warehouse_damage":null,"lost_in_post":null,"other_logs":null,"out_stock_days":0,"lost_sales":0,"update_date":"2026-05-01T00:20:34","atum_locations":[],"atum_stock_status":"instock","restock_status":false,"low_stock_amount":"","sales_update_date":"2026-05-01T00:20:34","calc_backorders":null,"aioseo_notices":[],"_links":{"self":[{"href":"https:\/\/provence-online.fr\/de\/wp-json\/wp\/v2\/product\/38636","targetHints":{"allow":["GET"]}}],"collection":[{"href":"https:\/\/provence-online.fr\/de\/wp-json\/wp\/v2\/product"}],"about":[{"href":"https:\/\/provence-online.fr\/de\/wp-json\/wp\/v2\/types\/product"}],"version-history":[{"count":5,"href":"https:\/\/provence-online.fr\/de\/wp-json\/wp\/v2\/product\/38636\/revisions"}],"predecessor-version":[{"id":52196,"href":"https:\/\/provence-online.fr\/de\/wp-json\/wp\/v2\/product\/38636\/revisions\/52196"}],"wp:featuredmedia":[{"embeddable":true,"href":"https:\/\/provence-online.fr\/de\/wp-json\/wp\/v2\/media\/38186"}],"wp:attachment":[{"href":"https:\/\/provence-online.fr\/de\/wp-json\/wp\/v2\/media?parent=38636"}],"wp:term":[{"taxonomy":"product_brand","embeddable":true,"href":"https:\/\/provence-online.fr\/de\/wp-json\/wp\/v2\/product_brand?post=38636"},{"taxonomy":"product_cat","embeddable":true,"href":"https:\/\/provence-online.fr\/de\/wp-json\/wp\/v2\/product_cat?post=38636"},{"taxonomy":"product_tag","embeddable":true,"href":"https:\/\/provence-online.fr\/de\/wp-json\/wp\/v2\/product_tag?post=38636"}],"curies":[{"name":"wp","href":"https:\/\/api.w.org\/{rel}","templated":true}]}}