{"id":38644,"date":"2019-10-22T21:50:27","date_gmt":"2019-10-22T19:50:27","guid":{"rendered":"http:\/\/provence-online.fr\/product\/santon-figur-4-5-cm-mann-mit-reisigbundel\/"},"modified":"2022-11-17T18:34:09","modified_gmt":"2022-11-17T17:34:09","slug":"santon-figur-4-5-cm-mann-mit-reisigbundel","status":"publish","type":"product","link":"https:\/\/provence-online.fr\/de\/product\/santon-figur-4-5-cm-mann-mit-reisigbundel\/","title":{"rendered":"Santon Figur 4 \/ 5 cm: Mann mit Reisigb\u00fcndel"},"content":{"rendered":"<p>Die kleine Figur &#8222;Mann mit B\u00fcndel&#8220; geh\u00f6rt zu den Santons in der Weihnachtskrippe.<\/p>\n<p>Der Mann mit dem B\u00fcndel geht in den Wald, um sein Holz zu sammeln. In der Provence ist der Winter k\u00e4lter als man denkt.<\/p>\n<p>F\u00fcr die Weihnachtskrippe<br \/>\nUnsere Santons werden in unseren Werkst\u00e4tten in der Provence nach alter Tradition von Hand gefertigt und bemalt.<\/p>\n","protected":false},"excerpt":{"rendered":"<p>Santon Figur 4 \/ 5 cm: Mann mit Reisigb\u00fcndel, Krippenfiguren F\u00fcr die Weihnachtskrippe, Weihnachtsumzug.<\/p>\n","protected":false},"featured_media":38014,"template":"","meta":{"om_disable_all_campaigns":false,"_monsterinsights_skip_tracking":false,"_monsterinsights_sitenote_active":false,"_monsterinsights_sitenote_note":"","_monsterinsights_sitenote_category":0,"site-sidebar-layout":"default","site-content-layout":"default","ast-site-content-layout":"default","site-content-style":"default","site-sidebar-style":"default","ast-global-header-display":"","ast-banner-title-visibility":"","ast-main-header-display":"","ast-hfb-above-header-display":"","ast-hfb-below-header-display":"","ast-hfb-mobile-header-display":"","site-post-title":"","ast-breadcrumbs-content":"","ast-featured-img":"","footer-sml-layout":"","ast-disable-related-posts":"","theme-transparent-header-meta":"default","adv-header-id-meta":"","stick-header-meta":"","header-above-stick-meta":"","header-main-stick-meta":"","header-below-stick-meta":"","astra-migrate-meta-layouts":"default","ast-page-background-enabled":"default","ast-page-background-meta":{"desktop":{"background-color":"","background-image":"","background-repeat":"repeat","background-position":"center center","background-size":"auto","background-attachment":"scroll","background-type":"","background-media":"","overlay-type":"","overlay-color":"","overlay-opacity":"","overlay-gradient":""},"tablet":{"background-color":"","background-image":"","background-repeat":"repeat","background-position":"center center","background-size":"auto","background-attachment":"scroll","background-type":"","background-media":"","overlay-type":"","overlay-color":"","overlay-opacity":"","overlay-gradient":""},"mobile":{"background-color":"","background-image":"","background-repeat":"repeat","background-position":"center center","background-size":"auto","background-attachment":"scroll","background-type":"","background-media":"","overlay-type":"","overlay-color":"","overlay-opacity":"","overlay-gradient":""}},"ast-content-background-meta":{"desktop":{"background-color":"var(--ast-global-color-5)","background-image":"","background-repeat":"repeat","background-position":"center center","background-size":"auto","background-attachment":"scroll","background-type":"","background-media":"","overlay-type":"","overlay-color":"","overlay-opacity":"","overlay-gradient":""},"tablet":{"background-color":"var(--ast-global-color-5)","background-image":"","background-repeat":"repeat","background-position":"center center","background-size":"auto","background-attachment":"scroll","background-type":"","background-media":"","overlay-type":"","overlay-color":"","overlay-opacity":"","overlay-gradient":""},"mobile":{"background-color":"var(--ast-global-color-5)","background-image":"","background-repeat":"repeat","background-position":"center center","background-size":"auto","background-attachment":"scroll","background-type":"","background-media":"","overlay-type":"","overlay-color":"","overlay-opacity":"","overlay-gradient":""}}},"product_brand":[],"product_cat":[271],"product_tag":[765,766,767,768,769,770,857,756,956,911,759,1125,764,1574,379,755,1008,758,904,1306,1553,1561,763],"class_list":{"0":"post-38644","1":"product","2":"type-product","3":"status-publish","4":"has-post-thumbnail","6":"product_cat-santon-4-5-cm","7":"product_tag-4-de","8":"product_tag-5-de","9":"product_tag-7-de","10":"product_tag-8-de","11":"product_tag-9-de","12":"product_tag-cm-de","13":"product_tag-franzosisch-santon","14":"product_tag-geburt","15":"product_tag-kleiner-heiliger","16":"product_tag-kleines-santon","17":"product_tag-krippe","18":"product_tag-krippenfigur","19":"product_tag-krippenfiguren","20":"product_tag-krippenszene","21":"product_tag-provence-de","22":"product_tag-santon-de","23":"product_tag-weihnachtsanton","24":"product_tag-weihnachtsfigur","25":"product_tag-weihnachtskrippe-de","26":"product_tag-weihnachtskrippe-de-2","27":"product_tag-weihnachtskrippe-de-3","28":"product_tag-weihnachtskrippenfigur","29":"product_tag-weinchtsumzug","30":"desktop-align-left","31":"tablet-align-left","32":"mobile-align-left","34":"first","35":"instock","36":"shipping-taxable","37":"purchasable","38":"product-type-simple"},"barcode":null,"atum_controlled":true,"out_stock_date":null,"out_stock_threshold":null,"inheritable":false,"stock_on_hold":0,"sold_today":0,"sales_last_days":0,"reserved_stock":null,"customer_returns":null,"warehouse_damage":null,"lost_in_post":null,"other_logs":null,"out_stock_days":0,"lost_sales":0,"update_date":"2026-04-15T00:12:32","atum_locations":[],"atum_stock_status":"instock","restock_status":false,"low_stock_amount":"","sales_update_date":"2026-04-15T00:12:32","calc_backorders":null,"aioseo_notices":[],"_links":{"self":[{"href":"https:\/\/provence-online.fr\/de\/wp-json\/wp\/v2\/product\/38644","targetHints":{"allow":["GET"]}}],"collection":[{"href":"https:\/\/provence-online.fr\/de\/wp-json\/wp\/v2\/product"}],"about":[{"href":"https:\/\/provence-online.fr\/de\/wp-json\/wp\/v2\/types\/product"}],"version-history":[{"count":3,"href":"https:\/\/provence-online.fr\/de\/wp-json\/wp\/v2\/product\/38644\/revisions"}],"predecessor-version":[{"id":46218,"href":"https:\/\/provence-online.fr\/de\/wp-json\/wp\/v2\/product\/38644\/revisions\/46218"}],"wp:featuredmedia":[{"embeddable":true,"href":"https:\/\/provence-online.fr\/de\/wp-json\/wp\/v2\/media\/38014"}],"wp:attachment":[{"href":"https:\/\/provence-online.fr\/de\/wp-json\/wp\/v2\/media?parent=38644"}],"wp:term":[{"taxonomy":"product_brand","embeddable":true,"href":"https:\/\/provence-online.fr\/de\/wp-json\/wp\/v2\/product_brand?post=38644"},{"taxonomy":"product_cat","embeddable":true,"href":"https:\/\/provence-online.fr\/de\/wp-json\/wp\/v2\/product_cat?post=38644"},{"taxonomy":"product_tag","embeddable":true,"href":"https:\/\/provence-online.fr\/de\/wp-json\/wp\/v2\/product_tag?post=38644"}],"curies":[{"name":"wp","href":"https:\/\/api.w.org\/{rel}","templated":true}]}}