{"id":38686,"date":"2019-03-20T11:12:58","date_gmt":"2019-03-20T10:12:58","guid":{"rendered":"http:\/\/provence-online.fr\/product\/lavandinol-30-ml\/"},"modified":"2022-05-25T10:44:41","modified_gmt":"2022-05-25T08:44:41","slug":"lavandinol-30-ml","status":"publish","type":"product","link":"https:\/\/provence-online.fr\/de\/product\/lavandinol-30-ml\/","title":{"rendered":"Lavandin\u00f6l 30 ml"},"content":{"rendered":"<p>Lavandin \u00e4therisches \u00d6l 30 ml<\/p>\n<p>Lavandula hybrida grosso<\/p>\n<p>Analgetikum, Entz\u00fcndungshemmend, Anti-L\u00e4use, Spasmodisch, Muskelrelaxans, Beruhigend, Infekti\u00f6se Dermatosen, Narbenbildung, Dekubitus, beruhigend, Nervensystem entspannend, Antiseptikum, Heilung.<\/p>\n<p>Lavandin ist eine Kreuzung zwischen &#8222;feinem Lavendel&#8220; und &#8222;Lavendel-Aspik&#8220;.<\/p>\n<p>Diese Hybride produziert viele Blumen, sie w\u00e4chst leicht in den G\u00e4rten der Provence.<br \/>\nEs braucht 40 kg Blumen, um 1 Liter \u00e4therisches Lavandin\u00f6l zu erhalten. <\/p>\n<p>Teil der verwendeten Pflanze: bl\u00fchende Spitzen Get\u00f6nte<\/p>\n<p>Flasche mit Pipette.<br \/>\n30 ml im Gla\u00dffl\u00e4schchen<\/p>\n","protected":false},"excerpt":{"rendered":"<p>Lavandin \u00e4therisches \u00d6l 30 ml, Lavandin\u00f6l <\/p>\n","protected":false},"featured_media":37464,"template":"","meta":{"om_disable_all_campaigns":false,"_monsterinsights_skip_tracking":false,"_monsterinsights_sitenote_active":false,"_monsterinsights_sitenote_note":"","_monsterinsights_sitenote_category":0,"site-sidebar-layout":"default","site-content-layout":"default","ast-site-content-layout":"default","site-content-style":"default","site-sidebar-style":"default","ast-global-header-display":"","ast-banner-title-visibility":"","ast-main-header-display":"","ast-hfb-above-header-display":"","ast-hfb-below-header-display":"","ast-hfb-mobile-header-display":"","site-post-title":"","ast-breadcrumbs-content":"","ast-featured-img":"","footer-sml-layout":"","ast-disable-related-posts":"","theme-transparent-header-meta":"default","adv-header-id-meta":"","stick-header-meta":"","header-above-stick-meta":"","header-main-stick-meta":"","header-below-stick-meta":"","astra-migrate-meta-layouts":"default","ast-page-background-enabled":"default","ast-page-background-meta":{"desktop":{"background-color":"","background-image":"","background-repeat":"repeat","background-position":"center center","background-size":"auto","background-attachment":"scroll","background-type":"","background-media":"","overlay-type":"","overlay-color":"","overlay-opacity":"","overlay-gradient":""},"tablet":{"background-color":"","background-image":"","background-repeat":"repeat","background-position":"center center","background-size":"auto","background-attachment":"scroll","background-type":"","background-media":"","overlay-type":"","overlay-color":"","overlay-opacity":"","overlay-gradient":""},"mobile":{"background-color":"","background-image":"","background-repeat":"repeat","background-position":"center center","background-size":"auto","background-attachment":"scroll","background-type":"","background-media":"","overlay-type":"","overlay-color":"","overlay-opacity":"","overlay-gradient":""}},"ast-content-background-meta":{"desktop":{"background-color":"var(--ast-global-color-5)","background-image":"","background-repeat":"repeat","background-position":"center center","background-size":"auto","background-attachment":"scroll","background-type":"","background-media":"","overlay-type":"","overlay-color":"","overlay-opacity":"","overlay-gradient":""},"tablet":{"background-color":"var(--ast-global-color-5)","background-image":"","background-repeat":"repeat","background-position":"center center","background-size":"auto","background-attachment":"scroll","background-type":"","background-media":"","overlay-type":"","overlay-color":"","overlay-opacity":"","overlay-gradient":""},"mobile":{"background-color":"var(--ast-global-color-5)","background-image":"","background-repeat":"repeat","background-position":"center center","background-size":"auto","background-attachment":"scroll","background-type":"","background-media":"","overlay-type":"","overlay-color":"","overlay-opacity":"","overlay-gradient":""}}},"product_brand":[],"product_cat":[74],"product_tag":[],"class_list":{"0":"post-38686","1":"product","2":"type-product","3":"status-publish","4":"has-post-thumbnail","6":"product_cat-kraeuter-cade-lavendel","7":"desktop-align-left","8":"tablet-align-left","9":"mobile-align-left","11":"first","12":"instock","13":"shipping-taxable","14":"purchasable","15":"product-type-simple"},"barcode":null,"atum_controlled":true,"out_stock_date":null,"out_stock_threshold":null,"inheritable":false,"stock_on_hold":0,"sold_today":0,"sales_last_days":0,"reserved_stock":0,"customer_returns":0,"warehouse_damage":0,"lost_in_post":0,"other_logs":0,"out_stock_days":0,"lost_sales":0,"update_date":"2026-04-09T00:07:49","atum_locations":[],"atum_stock_status":"instock","restock_status":false,"low_stock_amount":"","sales_update_date":"2026-04-09T00:07:49","calc_backorders":null,"aioseo_notices":[],"_links":{"self":[{"href":"https:\/\/provence-online.fr\/de\/wp-json\/wp\/v2\/product\/38686","targetHints":{"allow":["GET"]}}],"collection":[{"href":"https:\/\/provence-online.fr\/de\/wp-json\/wp\/v2\/product"}],"about":[{"href":"https:\/\/provence-online.fr\/de\/wp-json\/wp\/v2\/types\/product"}],"version-history":[{"count":2,"href":"https:\/\/provence-online.fr\/de\/wp-json\/wp\/v2\/product\/38686\/revisions"}],"predecessor-version":[{"id":45422,"href":"https:\/\/provence-online.fr\/de\/wp-json\/wp\/v2\/product\/38686\/revisions\/45422"}],"wp:featuredmedia":[{"embeddable":true,"href":"https:\/\/provence-online.fr\/de\/wp-json\/wp\/v2\/media\/37464"}],"wp:attachment":[{"href":"https:\/\/provence-online.fr\/de\/wp-json\/wp\/v2\/media?parent=38686"}],"wp:term":[{"taxonomy":"product_brand","embeddable":true,"href":"https:\/\/provence-online.fr\/de\/wp-json\/wp\/v2\/product_brand?post=38686"},{"taxonomy":"product_cat","embeddable":true,"href":"https:\/\/provence-online.fr\/de\/wp-json\/wp\/v2\/product_cat?post=38686"},{"taxonomy":"product_tag","embeddable":true,"href":"https:\/\/provence-online.fr\/de\/wp-json\/wp\/v2\/product_tag?post=38686"}],"curies":[{"name":"wp","href":"https:\/\/api.w.org\/{rel}","templated":true}]}}