{"id":39620,"date":"2020-06-12T16:52:28","date_gmt":"2020-06-12T14:52:28","guid":{"rendered":"http:\/\/provence-online.fr\/product\/seife-aloes-vera\/"},"modified":"2023-07-14T12:17:14","modified_gmt":"2023-07-14T10:17:14","slug":"seife-aloe-vera-100g","status":"publish","type":"product","link":"https:\/\/provence-online.fr\/de\/product\/seife-aloe-vera-100g\/","title":{"rendered":"Seife Aloe Vera 100g"},"content":{"rendered":"<p><strong>Seife Aloe Vera mit Lavendel<\/strong><\/p>\n<p><span lang=\"de-DE\">Die Aloe-Vera hilft, laut wissenschaftlicher Studien, auch bei Hautirritationen und Hautproblemen. Es wird erst nach der haupts\u00e4chlichen Verseifung von uns zugef\u00fcgt und beh\u00e4lt so seine einzigartigen pflegenden Eigenschaften. So kann die Seife durchaus f\u00f6rdernd bei der Regeneration von empfindlicher Haut beitragen. <\/span><span lang=\"de-DE\">Lavendel<\/span><span lang=\"de-DE\"> sorgt f\u00fcr erfrischenden Duft.<\/span><\/p>\n<p>Finden Sie unsere anderen <a href=\"https:\/\/provence-online.fr\/de\/seife-und-parfums\/\" title=\"Seife und Parf\u00fcms\">Kosmetika<\/a> auf der Website.<\/p>\n<p>&nbsp;<\/p>\n","protected":false},"excerpt":{"rendered":"<p>Seife Aloe Vera mit Lavendel 100g.<\/p>\n<p><span lang=\"de-DE\">Die Aloe-Vera hilft, laut wissenschaftlicher Studien, auch bei Hautirritationen und Hautproblemen.<\/span><\/p>\n<p>&nbsp;<\/p>\n<p>Made in Provence from 100% natural vegetable ingedients.<\/p>\n","protected":false},"featured_media":39614,"template":"","meta":{"om_disable_all_campaigns":false,"_monsterinsights_skip_tracking":false,"_monsterinsights_sitenote_active":false,"_monsterinsights_sitenote_note":"","_monsterinsights_sitenote_category":0,"site-sidebar-layout":"default","site-content-layout":"default","ast-site-content-layout":"default","site-content-style":"default","site-sidebar-style":"default","ast-global-header-display":"","ast-banner-title-visibility":"","ast-main-header-display":"","ast-hfb-above-header-display":"","ast-hfb-below-header-display":"","ast-hfb-mobile-header-display":"","site-post-title":"","ast-breadcrumbs-content":"","ast-featured-img":"","footer-sml-layout":"","ast-disable-related-posts":"","theme-transparent-header-meta":"default","adv-header-id-meta":"","stick-header-meta":"","header-above-stick-meta":"","header-main-stick-meta":"","header-below-stick-meta":"","astra-migrate-meta-layouts":"default","ast-page-background-enabled":"default","ast-page-background-meta":{"desktop":{"background-color":"","background-image":"","background-repeat":"repeat","background-position":"center center","background-size":"auto","background-attachment":"scroll","background-type":"","background-media":"","overlay-type":"","overlay-color":"","overlay-opacity":"","overlay-gradient":""},"tablet":{"background-color":"","background-image":"","background-repeat":"repeat","background-position":"center center","background-size":"auto","background-attachment":"scroll","background-type":"","background-media":"","overlay-type":"","overlay-color":"","overlay-opacity":"","overlay-gradient":""},"mobile":{"background-color":"","background-image":"","background-repeat":"repeat","background-position":"center center","background-size":"auto","background-attachment":"scroll","background-type":"","background-media":"","overlay-type":"","overlay-color":"","overlay-opacity":"","overlay-gradient":""}},"ast-content-background-meta":{"desktop":{"background-color":"var(--ast-global-color-5)","background-image":"","background-repeat":"repeat","background-position":"center center","background-size":"auto","background-attachment":"scroll","background-type":"","background-media":"","overlay-type":"","overlay-color":"","overlay-opacity":"","overlay-gradient":""},"tablet":{"background-color":"var(--ast-global-color-5)","background-image":"","background-repeat":"repeat","background-position":"center center","background-size":"auto","background-attachment":"scroll","background-type":"","background-media":"","overlay-type":"","overlay-color":"","overlay-opacity":"","overlay-gradient":""},"mobile":{"background-color":"var(--ast-global-color-5)","background-image":"","background-repeat":"repeat","background-position":"center center","background-size":"auto","background-attachment":"scroll","background-type":"","background-media":"","overlay-type":"","overlay-color":"","overlay-opacity":"","overlay-gradient":""}}},"product_brand":[],"product_cat":[114],"product_tag":[2367,1502,1509,1017,1541,699,924,1506,638,704,2435,2363,2368,706,2365,379,1511,1507,106,1503,2364,1510,488,881],"class_list":{"0":"post-39620","1":"product","2":"type-product","3":"status-publish","4":"has-post-thumbnail","6":"product_cat-seife-parfum","7":"product_tag-100-de","8":"product_tag-eau-de-toilette-de","9":"product_tag-eisenkraut","10":"product_tag-esel","11":"product_tag-flasche","12":"product_tag-frankreich","13":"product_tag-gasteseife","14":"product_tag-jasmin-de","15":"product_tag-kosmetikum","16":"product_tag-lavendel-de","17":"product_tag-maitre-savonitto-de","18":"product_tag-marseille-de","19":"product_tag-natural-de","20":"product_tag-olive-de","21":"product_tag-peeling-de","22":"product_tag-provence-de","23":"product_tag-rose-de","24":"product_tag-sandelholz","25":"product_tag-seife","26":"product_tag-spray-de","27":"product_tag-vanille-de-2","28":"product_tag-veilchen","29":"product_tag-wacholderholz-cade-wacholder","30":"product_tag-ziege","31":"desktop-align-left","32":"tablet-align-left","33":"mobile-align-left","35":"first","36":"instock","37":"shipping-taxable","38":"purchasable","39":"product-type-simple"},"barcode":null,"atum_controlled":true,"out_stock_date":null,"out_stock_threshold":null,"inheritable":false,"stock_on_hold":0,"sold_today":0,"sales_last_days":0,"reserved_stock":null,"customer_returns":null,"warehouse_damage":null,"lost_in_post":null,"other_logs":null,"out_stock_days":0,"lost_sales":0,"update_date":"2026-04-18T00:13:17","atum_locations":[],"atum_stock_status":"instock","restock_status":false,"low_stock_amount":"","sales_update_date":"2026-04-18T00:13:17","calc_backorders":null,"aioseo_notices":[],"_links":{"self":[{"href":"https:\/\/provence-online.fr\/de\/wp-json\/wp\/v2\/product\/39620","targetHints":{"allow":["GET"]}}],"collection":[{"href":"https:\/\/provence-online.fr\/de\/wp-json\/wp\/v2\/product"}],"about":[{"href":"https:\/\/provence-online.fr\/de\/wp-json\/wp\/v2\/types\/product"}],"version-history":[{"count":5,"href":"https:\/\/provence-online.fr\/de\/wp-json\/wp\/v2\/product\/39620\/revisions"}],"predecessor-version":[{"id":49388,"href":"https:\/\/provence-online.fr\/de\/wp-json\/wp\/v2\/product\/39620\/revisions\/49388"}],"wp:featuredmedia":[{"embeddable":true,"href":"https:\/\/provence-online.fr\/de\/wp-json\/wp\/v2\/media\/39614"}],"wp:attachment":[{"href":"https:\/\/provence-online.fr\/de\/wp-json\/wp\/v2\/media?parent=39620"}],"wp:term":[{"taxonomy":"product_brand","embeddable":true,"href":"https:\/\/provence-online.fr\/de\/wp-json\/wp\/v2\/product_brand?post=39620"},{"taxonomy":"product_cat","embeddable":true,"href":"https:\/\/provence-online.fr\/de\/wp-json\/wp\/v2\/product_cat?post=39620"},{"taxonomy":"product_tag","embeddable":true,"href":"https:\/\/provence-online.fr\/de\/wp-json\/wp\/v2\/product_tag?post=39620"}],"curies":[{"name":"wp","href":"https:\/\/api.w.org\/{rel}","templated":true}]}}