{"id":39929,"date":"2020-07-15T17:56:02","date_gmt":"2020-07-15T15:56:02","guid":{"rendered":"http:\/\/provence-online.fr\/product\/geschirrhandtucher-pastis\/"},"modified":"2023-09-14T15:42:02","modified_gmt":"2023-09-14T13:42:02","slug":"geschirrhandtucher-pastis","status":"publish","type":"product","link":"https:\/\/provence-online.fr\/de\/product\/geschirrhandtucher-pastis\/","title":{"rendered":"Handt\u00fccher f\u00fcr Geschirr &#8222;Pastis&#8220;"},"content":{"rendered":"<p><strong>Handt\u00fccher f\u00fcr Geschirr<br \/>\n<\/strong><\/p>\n<p>Hergestellt in Frankreich von hochwertigem Stoff<\/p>\n<p>Geschirrhandt\u00fccher 100% Twill Baumwolle, 220g\/m\u00b2<br \/>\nWaschmaschinen geeignet<br \/>\nGr\u00f6\u00dfe: 70 x 50 cm<\/p>\n","protected":false},"excerpt":{"rendered":"<p>Handt\u00fccher f\u00fcr Geschirr &#8222;Pastis&#8220;.<\/p>\n","protected":false},"featured_media":39925,"template":"","meta":{"om_disable_all_campaigns":false,"_monsterinsights_skip_tracking":false,"_monsterinsights_sitenote_active":false,"_monsterinsights_sitenote_note":"","_monsterinsights_sitenote_category":0,"site-sidebar-layout":"default","site-content-layout":"default","ast-site-content-layout":"default","site-content-style":"default","site-sidebar-style":"default","ast-global-header-display":"","ast-banner-title-visibility":"","ast-main-header-display":"","ast-hfb-above-header-display":"","ast-hfb-below-header-display":"","ast-hfb-mobile-header-display":"","site-post-title":"","ast-breadcrumbs-content":"","ast-featured-img":"","footer-sml-layout":"","ast-disable-related-posts":"","theme-transparent-header-meta":"default","adv-header-id-meta":"","stick-header-meta":"","header-above-stick-meta":"","header-main-stick-meta":"","header-below-stick-meta":"","astra-migrate-meta-layouts":"default","ast-page-background-enabled":"default","ast-page-background-meta":{"desktop":{"background-color":"","background-image":"","background-repeat":"repeat","background-position":"center center","background-size":"auto","background-attachment":"scroll","background-type":"","background-media":"","overlay-type":"","overlay-color":"","overlay-opacity":"","overlay-gradient":""},"tablet":{"background-color":"","background-image":"","background-repeat":"repeat","background-position":"center center","background-size":"auto","background-attachment":"scroll","background-type":"","background-media":"","overlay-type":"","overlay-color":"","overlay-opacity":"","overlay-gradient":""},"mobile":{"background-color":"","background-image":"","background-repeat":"repeat","background-position":"center center","background-size":"auto","background-attachment":"scroll","background-type":"","background-media":"","overlay-type":"","overlay-color":"","overlay-opacity":"","overlay-gradient":""}},"ast-content-background-meta":{"desktop":{"background-color":"var(--ast-global-color-5)","background-image":"","background-repeat":"repeat","background-position":"center center","background-size":"auto","background-attachment":"scroll","background-type":"","background-media":"","overlay-type":"","overlay-color":"","overlay-opacity":"","overlay-gradient":""},"tablet":{"background-color":"var(--ast-global-color-5)","background-image":"","background-repeat":"repeat","background-position":"center center","background-size":"auto","background-attachment":"scroll","background-type":"","background-media":"","overlay-type":"","overlay-color":"","overlay-opacity":"","overlay-gradient":""},"mobile":{"background-color":"var(--ast-global-color-5)","background-image":"","background-repeat":"repeat","background-position":"center center","background-size":"auto","background-attachment":"scroll","background-type":"","background-media":"","overlay-type":"","overlay-color":"","overlay-opacity":"","overlay-gradient":""}}},"product_brand":[],"product_cat":[135],"product_tag":[2681,2664,2682,2676,378,2691,2688,2678,2671,2674,2675,3496,703,2686,2665,706,2687,2670,1339,2673,379,2669,2690,2689,2668,2672,2666,475,2680,2667,2677,471],"class_list":{"0":"post-39929","1":"product","2":"type-product","3":"status-publish","4":"has-post-thumbnail","6":"product_cat-textile-de","7":"product_tag-apron-de","8":"product_tag-baskets-de","9":"product_tag-cloth-basket-de","10":"product_tag-cotton-de","11":"product_tag-deco-de","12":"product_tag-decoration-de","13":"product_tag-fabric-de","14":"product_tag-france-de","15":"product_tag-gloves-de","16":"product_tag-holder-de","17":"product_tag-kitchen-de","18":"product_tag-kuchentuch","19":"product_tag-lavendel","20":"product_tag-lavender-de","21":"product_tag-linen-de","22":"product_tag-olive-de","23":"product_tag-oliviers-de","24":"product_tag-oven-de","25":"product_tag-pastis-de","26":"product_tag-pot-de","27":"product_tag-provence-de","28":"product_tag-set-de","29":"product_tag-sewing-de","30":"product_tag-storage-de","31":"product_tag-table-de","32":"product_tag-tablecloth-de","33":"product_tag-tea-de","34":"product_tag-textile-de","35":"product_tag-textiles-de","36":"product_tag-towels-de","37":"product_tag-twill-de","38":"product_tag-valdrome-de","39":"desktop-align-left","40":"tablet-align-left","41":"mobile-align-left","43":"first","44":"instock","45":"shipping-taxable","46":"purchasable","47":"product-type-simple"},"barcode":null,"atum_controlled":true,"out_stock_date":null,"out_stock_threshold":null,"inheritable":false,"stock_on_hold":0,"sold_today":0,"sales_last_days":0,"reserved_stock":null,"customer_returns":null,"warehouse_damage":null,"lost_in_post":null,"other_logs":null,"out_stock_days":0,"lost_sales":0,"update_date":"2026-04-19T00:14:10","atum_locations":[],"atum_stock_status":"instock","restock_status":false,"low_stock_amount":"","sales_update_date":"2026-04-19T00:14:10","calc_backorders":null,"aioseo_notices":[],"_links":{"self":[{"href":"https:\/\/provence-online.fr\/de\/wp-json\/wp\/v2\/product\/39929","targetHints":{"allow":["GET"]}}],"collection":[{"href":"https:\/\/provence-online.fr\/de\/wp-json\/wp\/v2\/product"}],"about":[{"href":"https:\/\/provence-online.fr\/de\/wp-json\/wp\/v2\/types\/product"}],"version-history":[{"count":6,"href":"https:\/\/provence-online.fr\/de\/wp-json\/wp\/v2\/product\/39929\/revisions"}],"predecessor-version":[{"id":49752,"href":"https:\/\/provence-online.fr\/de\/wp-json\/wp\/v2\/product\/39929\/revisions\/49752"}],"wp:featuredmedia":[{"embeddable":true,"href":"https:\/\/provence-online.fr\/de\/wp-json\/wp\/v2\/media\/39925"}],"wp:attachment":[{"href":"https:\/\/provence-online.fr\/de\/wp-json\/wp\/v2\/media?parent=39929"}],"wp:term":[{"taxonomy":"product_brand","embeddable":true,"href":"https:\/\/provence-online.fr\/de\/wp-json\/wp\/v2\/product_brand?post=39929"},{"taxonomy":"product_cat","embeddable":true,"href":"https:\/\/provence-online.fr\/de\/wp-json\/wp\/v2\/product_cat?post=39929"},{"taxonomy":"product_tag","embeddable":true,"href":"https:\/\/provence-online.fr\/de\/wp-json\/wp\/v2\/product_tag?post=39929"}],"curies":[{"name":"wp","href":"https:\/\/api.w.org\/{rel}","templated":true}]}}