{"id":41507,"date":"2021-05-10T15:36:09","date_gmt":"2021-05-10T13:36:09","guid":{"rendered":"http:\/\/provence-online.fr\/product\/cade-raucher-lampe-keramik\/"},"modified":"2024-01-03T11:54:36","modified_gmt":"2024-01-03T10:54:36","slug":"cade-raucher-lampe-turkis","status":"publish","type":"product","link":"https:\/\/provence-online.fr\/de\/product\/cade-raucher-lampe-turkis\/","title":{"rendered":"Cade R\u00e4ucher-Lampe, T\u00fcrkis"},"content":{"rendered":"<p><del datetime=\"2023-07-05T14:01:12+00:00\"><\/p>\n<div class=\"elementor-element elementor-element-b9e2a61 elementor-widget elementor-widget-woocommerce-product-title elementor-page-title elementor-widget-heading\" data-id=\"b9e2a61\" data-element_type=\"widget\" data-widget_type=\"woocommerce-product-title.default\">\n<div class=\"elementor-widget-container\">\n<h1 class=\"product_title entry-title elementor-heading-title elementor-size-medium\"> Cade R\u00e4ucher-Lampe, Keramik, T\u00fcrkis<\/h1>\n<\/div>\n<\/div>\n<div class=\"elementor-element elementor-element-32ed48b elementor-widget elementor-widget-woocommerce-product-content\" data-id=\"32ed48b\" data-element_type=\"widget\" data-widget_type=\"woocommerce-product-content.default\">\n<div class=\"elementor-widget-container\">\n<div class=\"elementor-element elementor-element-32ed48b elementor-widget elementor-widget-woocommerce-product-content\" data-id=\"32ed48b\" data-element_type=\"widget\" data-widget_type=\"woocommerce-product-content.default\">\n<div class=\"elementor-widget-container\">\n<p>Hergestellt in der Provence<br \/>\nGr\u00f6\u00dfen:<br \/>\n\u2013 Mini \u00d8 7 cm, H: 5.5 cm<br \/>\n\u2013 Normal \u00d8 12 cm, H: 8.5 cm<br \/>\nVerschiedene Farben<br \/>\nNUR bei Provence Online Shopping erh\u00e4ltlich. Jedes Modell ist einzigartig.<br \/>\nGebrauchsanweisung siehe oben. Die \u201eMini\u201c R\u00e4ucher-Lampe ist ideal f\u00fcrs B\u00fcro oder f\u00fcr die Reise.<\/p>\n<p>W\u00e4hrend es langsam in der Lampe brennt, gibt das wilde Wacholder-Holzpulver 100% nat\u00fcrlichen Weihrauch, einen leichten, reinigenden wei\u00dfen Rauch ab. Der, w\u00e4hrend er die Raumluft reinigt und parf\u00fcmiert, gleichzeitig Insekten vertreibt.<\/p>\n<p>Brenner f\u00fcr R\u00e4ucherst\u00e4bchen und Wacholderpulver von Cade.<br \/>\nDer Mini-Brenner f\u00fcr Wacholderpulver und Weihrauch ist ideal f\u00fcr das B\u00fcro oder auf Reisen. Er eignet sich auch als originelles Geschenk.<\/p>\n<p>Nutzen Sie die Vorteile von Wacholderpulver. Als nat\u00fcrliches R\u00e4uchermittel reinigt Cade die Atmosph\u00e4re und h\u00e4lt Insekten durch R\u00e4uchern fern.<br \/>\nEs ist ein nat\u00fcrlicher Mottenschutz und ein Repellent.<br \/>\nWacholderpulver wird aus dem Cadeholz, dem Juniperus Oxycedrus, gewonnen.<br \/>\nVerschiedene D\u00fcfte von Wacholderpulver, Brenner, Cadalithen &#8211; Kieselsteine und Sp\u00e4ne aus Cade, Cade-Seife sind auf der <a href=\"https:\/\/provence-online.fr\/de\/krauter-lavendel-cade\/\" title=\"Kr\u00e4uter, Lavendel, Cade\">Website<\/a> erh\u00e4ltlich.  <\/p>\n<\/div>\n<\/div>\n<\/div>\n<\/div>\n","protected":false},"excerpt":{"rendered":"<p>Cade R\u00e4ucher-Lampe. R\u00e4ucherlampen f\u00fcr Cade Wacholder-Pulver. Verschiedene D\u00fcfte. W\u00e4hrend in der Lampe brennt, gibt das wilde Wacholder-Holzpulver 100% nat\u00fcrlichen Weihrauch<\/p>\n","protected":false},"featured_media":34252,"template":"","meta":{"om_disable_all_campaigns":false,"_monsterinsights_skip_tracking":false,"_monsterinsights_sitenote_active":false,"_monsterinsights_sitenote_note":"","_monsterinsights_sitenote_category":0,"site-sidebar-layout":"default","site-content-layout":"default","ast-site-content-layout":"default","site-content-style":"default","site-sidebar-style":"default","ast-global-header-display":"","ast-banner-title-visibility":"","ast-main-header-display":"","ast-hfb-above-header-display":"","ast-hfb-below-header-display":"","ast-hfb-mobile-header-display":"","site-post-title":"","ast-breadcrumbs-content":"","ast-featured-img":"","footer-sml-layout":"","ast-disable-related-posts":"","theme-transparent-header-meta":"default","adv-header-id-meta":"","stick-header-meta":"","header-above-stick-meta":"","header-main-stick-meta":"","header-below-stick-meta":"","astra-migrate-meta-layouts":"set","ast-page-background-enabled":"default","ast-page-background-meta":{"desktop":{"background-color":"","background-image":"","background-repeat":"repeat","background-position":"center center","background-size":"auto","background-attachment":"scroll","background-type":"","background-media":"","overlay-type":"","overlay-color":"","overlay-opacity":"","overlay-gradient":""},"tablet":{"background-color":"","background-image":"","background-repeat":"repeat","background-position":"center center","background-size":"auto","background-attachment":"scroll","background-type":"","background-media":"","overlay-type":"","overlay-color":"","overlay-opacity":"","overlay-gradient":""},"mobile":{"background-color":"","background-image":"","background-repeat":"repeat","background-position":"center center","background-size":"auto","background-attachment":"scroll","background-type":"","background-media":"","overlay-type":"","overlay-color":"","overlay-opacity":"","overlay-gradient":""}},"ast-content-background-meta":{"desktop":{"background-color":"var(--ast-global-color-5)","background-image":"","background-repeat":"repeat","background-position":"center center","background-size":"auto","background-attachment":"scroll","background-type":"","background-media":"","overlay-type":"","overlay-color":"","overlay-opacity":"","overlay-gradient":""},"tablet":{"background-color":"var(--ast-global-color-5)","background-image":"","background-repeat":"repeat","background-position":"center center","background-size":"auto","background-attachment":"scroll","background-type":"","background-media":"","overlay-type":"","overlay-color":"","overlay-opacity":"","overlay-gradient":""},"mobile":{"background-color":"var(--ast-global-color-5)","background-image":"","background-repeat":"repeat","background-position":"center center","background-size":"auto","background-attachment":"scroll","background-type":"","background-media":"","overlay-type":"","overlay-color":"","overlay-opacity":"","overlay-gradient":""}}},"product_brand":[],"product_cat":[74],"product_tag":[612,3119,2870,2863,1052,3116,3118,102,3114,529,3122,2867,530,609,3123,1053,1072,372,2866,1044,2871,3117,1045,2368,1066,2869,2868,379,3115,101,3124,2864,3120,488,483,1054,543,3121,1083,1065],"class_list":{"0":"post-41507","1":"product","2":"type-product","3":"status-publish","4":"has-post-thumbnail","6":"product_cat-kraeuter-cade-lavendel","7":"product_tag-atherisches-ol","8":"product_tag-brenner-de","9":"product_tag-burner-de","10":"product_tag-cadalith-de","11":"product_tag-cade-brenner","12":"product_tag-cade-span","13":"product_tag-cade-wacholderholz-kiesel","14":"product_tag-cade-wacholder-pulver","15":"product_tag-cadeholz-de","16":"product_tag-desinfektion-begasung","17":"product_tag-dufte-de","18":"product_tag-eisala-de","19":"product_tag-gegen-motten","20":"product_tag-holz","21":"product_tag-holzpulver-de","22":"product_tag-insektenabwehrmittel","23":"product_tag-juniperus-oxycedrus-de","24":"product_tag-keramik","25":"product_tag-merlin-de","26":"product_tag-moskitoschutz","27":"product_tag-moth-de","28":"product_tag-motten-de","29":"product_tag-muckenabwehrmittel","30":"product_tag-natural-de","31":"product_tag-naturbrenner","32":"product_tag-pebbles-de","33":"product_tag-powder-de","34":"product_tag-provence-de","35":"product_tag-rauchen","36":"product_tag-raucher-lampe","37":"product_tag-repellent-de-2","38":"product_tag-repellent-de","39":"product_tag-wacholder-de","40":"product_tag-wacholderholz-cade-wacholder","41":"product_tag-weihrauch","42":"product_tag-weihrauch-de","43":"product_tag-weihrauch-cade","44":"product_tag-weihrauchbrenner-de-2","45":"product_tag-weihrauchbrenner-de","46":"product_tag-weihrauchbrenner","47":"desktop-align-left","48":"tablet-align-left","49":"mobile-align-left","51":"first","52":"instock","53":"shipping-taxable","54":"purchasable","55":"product-type-variable"},"barcode":null,"atum_controlled":true,"out_stock_date":null,"out_stock_threshold":null,"inheritable":true,"stock_on_hold":0,"sold_today":0,"sales_last_days":0,"reserved_stock":null,"customer_returns":null,"warehouse_damage":null,"lost_in_post":null,"other_logs":null,"out_stock_days":0,"lost_sales":0,"update_date":"2026-04-18T00:14:44","atum_locations":[],"atum_stock_status":"instock","restock_status":false,"low_stock_amount":"","sales_update_date":"2026-04-18T00:14:44","calc_backorders":null,"aioseo_notices":[],"_links":{"self":[{"href":"https:\/\/provence-online.fr\/de\/wp-json\/wp\/v2\/product\/41507","targetHints":{"allow":["GET"]}}],"collection":[{"href":"https:\/\/provence-online.fr\/de\/wp-json\/wp\/v2\/product"}],"about":[{"href":"https:\/\/provence-online.fr\/de\/wp-json\/wp\/v2\/types\/product"}],"version-history":[{"count":5,"href":"https:\/\/provence-online.fr\/de\/wp-json\/wp\/v2\/product\/41507\/revisions"}],"predecessor-version":[{"id":51157,"href":"https:\/\/provence-online.fr\/de\/wp-json\/wp\/v2\/product\/41507\/revisions\/51157"}],"wp:featuredmedia":[{"embeddable":true,"href":"https:\/\/provence-online.fr\/de\/wp-json\/wp\/v2\/media\/34252"}],"wp:attachment":[{"href":"https:\/\/provence-online.fr\/de\/wp-json\/wp\/v2\/media?parent=41507"}],"wp:term":[{"taxonomy":"product_brand","embeddable":true,"href":"https:\/\/provence-online.fr\/de\/wp-json\/wp\/v2\/product_brand?post=41507"},{"taxonomy":"product_cat","embeddable":true,"href":"https:\/\/provence-online.fr\/de\/wp-json\/wp\/v2\/product_cat?post=41507"},{"taxonomy":"product_tag","embeddable":true,"href":"https:\/\/provence-online.fr\/de\/wp-json\/wp\/v2\/product_tag?post=41507"}],"curies":[{"name":"wp","href":"https:\/\/api.w.org\/{rel}","templated":true}]}}