{"id":41781,"date":"2021-06-12T10:45:56","date_gmt":"2021-06-12T08:45:56","guid":{"rendered":"http:\/\/provence-online.fr\/product\/keramik-kiesel-fur-atherisches-ol\/"},"modified":"2023-07-12T10:44:45","modified_gmt":"2023-07-12T08:44:45","slug":"keramikrolle-fuer-aetherische-oele","status":"publish","type":"product","link":"https:\/\/provence-online.fr\/de\/product\/keramikrolle-fuer-aetherische-oele\/","title":{"rendered":"Keramikrolle f\u00fcr \u00e4therische \u00d6le"},"content":{"rendered":"<p>Jeder Keramikrolle f\u00fcr \u00e4therische \u00d6le ist ein Unikat und ein minimalistisches<br \/>\nWerk der Keramikkunst, da er von Hand gefertigt wird.<\/p>\n<p>Gr\u00f6\u00dfe: ca. \u00d8 3,5cm H. 1cm<\/p>\n<p>Geben Sie einen oder zwei Tropfen \u00e4therisches \u00d6l auf Ihren Keramikrolle,<br \/>\ndamit er Ihnen den ausgew\u00e4hlten Duft verleiht.<\/p>\n<p>Die wei\u00dfe Keramik bewahrt die Qualit\u00e4ten und Eigenschaften Ihres \u00e4therischen \u00d6ls.<\/p>\n<p>Vermeiden Sie Mischungen, verwenden Sie immer denselben Keramikrolle f\u00fcr dasselbe \u00e4therische \u00d6l.<\/p>\n<p>Nicht geeignet f\u00fcr pflanzliche \u00d6le (Aprikosen\u00f6l, Mandel\u00f6l usw. &#8230;.).<\/p>\n<p>Dieser Keramikrolle wird Ihnen \u00fcberall hin folgen und kann \u00fcberall deponiert werden: Nachttisch, B\u00fcro, Auto, K\u00fcche, Kleiderschrank, Gep\u00e4ck, etc, um nach Ihren Bed\u00fcrfnissen und W\u00fcnschen zu parf\u00fcmieren.<\/p>\n","protected":false},"excerpt":{"rendered":"<p>Keramikrolle f\u00fcr \u00e4therische \u00d6le. Geben Sie einen oder zwei Tropfen \u00e4therisches \u00d6l auf Ihren Keramikrolle,<br \/>\ndamit er Ihnen den ausgew\u00e4hlten Duft verleiht.<\/p>\n","protected":false},"featured_media":41768,"template":"","meta":{"om_disable_all_campaigns":false,"_monsterinsights_skip_tracking":false,"_monsterinsights_sitenote_active":false,"_monsterinsights_sitenote_note":"","_monsterinsights_sitenote_category":0,"site-sidebar-layout":"default","site-content-layout":"default","ast-site-content-layout":"default","site-content-style":"default","site-sidebar-style":"default","ast-global-header-display":"","ast-banner-title-visibility":"","ast-main-header-display":"","ast-hfb-above-header-display":"","ast-hfb-below-header-display":"","ast-hfb-mobile-header-display":"","site-post-title":"","ast-breadcrumbs-content":"","ast-featured-img":"","footer-sml-layout":"","ast-disable-related-posts":"","theme-transparent-header-meta":"default","adv-header-id-meta":"","stick-header-meta":"","header-above-stick-meta":"","header-main-stick-meta":"","header-below-stick-meta":"","astra-migrate-meta-layouts":"default","ast-page-background-enabled":"default","ast-page-background-meta":{"desktop":{"background-color":"","background-image":"","background-repeat":"repeat","background-position":"center center","background-size":"auto","background-attachment":"scroll","background-type":"","background-media":"","overlay-type":"","overlay-color":"","overlay-opacity":"","overlay-gradient":""},"tablet":{"background-color":"","background-image":"","background-repeat":"repeat","background-position":"center center","background-size":"auto","background-attachment":"scroll","background-type":"","background-media":"","overlay-type":"","overlay-color":"","overlay-opacity":"","overlay-gradient":""},"mobile":{"background-color":"","background-image":"","background-repeat":"repeat","background-position":"center center","background-size":"auto","background-attachment":"scroll","background-type":"","background-media":"","overlay-type":"","overlay-color":"","overlay-opacity":"","overlay-gradient":""}},"ast-content-background-meta":{"desktop":{"background-color":"var(--ast-global-color-5)","background-image":"","background-repeat":"repeat","background-position":"center center","background-size":"auto","background-attachment":"scroll","background-type":"","background-media":"","overlay-type":"","overlay-color":"","overlay-opacity":"","overlay-gradient":""},"tablet":{"background-color":"var(--ast-global-color-5)","background-image":"","background-repeat":"repeat","background-position":"center center","background-size":"auto","background-attachment":"scroll","background-type":"","background-media":"","overlay-type":"","overlay-color":"","overlay-opacity":"","overlay-gradient":""},"mobile":{"background-color":"var(--ast-global-color-5)","background-image":"","background-repeat":"repeat","background-position":"center center","background-size":"auto","background-attachment":"scroll","background-type":"","background-media":"","overlay-type":"","overlay-color":"","overlay-opacity":"","overlay-gradient":""}}},"product_brand":[],"product_cat":[122,124,74],"product_tag":[612,530,1053,1059,1060,1044,379,1043,488],"class_list":{"0":"post-41781","1":"product","2":"type-product","3":"status-publish","4":"has-post-thumbnail","6":"product_cat-dekoration","7":"product_cat-geschenk","8":"product_cat-kraeuter-cade-lavendel","9":"product_tag-atherisches-ol","10":"product_tag-gegen-motten","11":"product_tag-insektenabwehrmittel","12":"product_tag-kieselstein","13":"product_tag-kieselstein-cade","14":"product_tag-moskitoschutz","15":"product_tag-provence-de","16":"product_tag-repulsiv","17":"product_tag-wacholderholz-cade-wacholder","18":"desktop-align-left","19":"tablet-align-left","20":"mobile-align-left","22":"first","23":"instock","24":"shipping-taxable","25":"purchasable","26":"product-type-variable"},"barcode":null,"atum_controlled":true,"out_stock_date":null,"out_stock_threshold":null,"inheritable":true,"stock_on_hold":0,"sold_today":0,"sales_last_days":0,"reserved_stock":null,"customer_returns":null,"warehouse_damage":null,"lost_in_post":null,"other_logs":null,"out_stock_days":0,"lost_sales":0,"update_date":"2026-04-13T00:09:57","atum_locations":[],"atum_stock_status":"instock","restock_status":false,"low_stock_amount":"","sales_update_date":"2026-04-13T00:09:57","calc_backorders":null,"aioseo_notices":[],"_links":{"self":[{"href":"https:\/\/provence-online.fr\/de\/wp-json\/wp\/v2\/product\/41781","targetHints":{"allow":["GET"]}}],"collection":[{"href":"https:\/\/provence-online.fr\/de\/wp-json\/wp\/v2\/product"}],"about":[{"href":"https:\/\/provence-online.fr\/de\/wp-json\/wp\/v2\/types\/product"}],"version-history":[{"count":6,"href":"https:\/\/provence-online.fr\/de\/wp-json\/wp\/v2\/product\/41781\/revisions"}],"predecessor-version":[{"id":46923,"href":"https:\/\/provence-online.fr\/de\/wp-json\/wp\/v2\/product\/41781\/revisions\/46923"}],"wp:featuredmedia":[{"embeddable":true,"href":"https:\/\/provence-online.fr\/de\/wp-json\/wp\/v2\/media\/41768"}],"wp:attachment":[{"href":"https:\/\/provence-online.fr\/de\/wp-json\/wp\/v2\/media?parent=41781"}],"wp:term":[{"taxonomy":"product_brand","embeddable":true,"href":"https:\/\/provence-online.fr\/de\/wp-json\/wp\/v2\/product_brand?post=41781"},{"taxonomy":"product_cat","embeddable":true,"href":"https:\/\/provence-online.fr\/de\/wp-json\/wp\/v2\/product_cat?post=41781"},{"taxonomy":"product_tag","embeddable":true,"href":"https:\/\/provence-online.fr\/de\/wp-json\/wp\/v2\/product_tag?post=41781"}],"curies":[{"name":"wp","href":"https:\/\/api.w.org\/{rel}","templated":true}]}}