{"id":41830,"date":"2021-06-14T12:04:25","date_gmt":"2021-06-14T10:04:25","guid":{"rendered":"http:\/\/provence-online.fr\/product\/cade-raucher-lampe-braun\/"},"modified":"2024-11-30T16:20:51","modified_gmt":"2024-11-30T15:20:51","slug":"cade-raeucher-lampe-schokolade","status":"publish","type":"product","link":"https:\/\/provence-online.fr\/de\/product\/cade-raeucher-lampe-schokolade\/","title":{"rendered":"Cade R\u00e4ucher-Lampe, Schokolade"},"content":{"rendered":"<p>Cade R\u00e4ucher-Lampe, Weihrauch-Brenner<\/p>\n<p>Hergestellt in der Provence<br \/>\nGr\u00f6\u00dfen:<br \/>\n\u2013 Mini \u00d8 7 cm, H: 5.5 cm<br \/>\n\u2013 Normal \u00d8 12 cm, H: 8.5 cm<\/p>\n<p>Verschiedene Farben<br \/>\nNUR bei Provence Online Shopping erh\u00e4ltlich. Jedes Modell ist einzigartig.<br \/>\nGebrauchsanweisung siehe oben. Die \u201eMini\u201c R\u00e4ucher-Lampe ist ideal f\u00fcrs B\u00fcro oder f\u00fcr die Reise.<\/p>\n<p>W\u00e4hrend es langsam in der Lampe brennt, gibt das wilde Wacholder-Holzpulver,<br \/>\n100% nat\u00fcrlichen Weihrauch, einen leichten, reinigenden wei\u00dfen Rauch ab. Der,<br \/>\nw\u00e4hrend er die Raumluft reinigt und parf\u00fcmiert,<br \/>\ngleichzeitig Insekten vertreibt.<\/p>\n<p>Verschiedene Lampen zum Verbrennnen des R\u00e4ucherpulvers.<\/p>\n<p>Das Wacholder\/Cade-Puder\/Pulver ist 100% Natur.<br \/>\nEs gibt R\u00e4ucherpulver Natur oder mit verschiedenen andered Ger\u00fcchen.<\/p>\n<p>Finden Sie unsere anderen <a href=\"https:\/\/provence-online.fr\/de\/krauter-lavendel-cade\/\" title=\"Kr\u00e4uter, Lavendel, Cade\">Cade produkte<\/a> auf unserer Website.<\/p>\n","protected":false},"excerpt":{"rendered":"<p>Cade R\u00e4ucher-Lampe, Keramik Brenner f\u00fcr Weihrauch.<\/p>\n","protected":false},"featured_media":41819,"template":"","meta":{"om_disable_all_campaigns":false,"_monsterinsights_skip_tracking":false,"_monsterinsights_sitenote_active":false,"_monsterinsights_sitenote_note":"","_monsterinsights_sitenote_category":0,"site-sidebar-layout":"default","site-content-layout":"default","ast-site-content-layout":"default","site-content-style":"default","site-sidebar-style":"default","ast-global-header-display":"","ast-banner-title-visibility":"","ast-main-header-display":"","ast-hfb-above-header-display":"","ast-hfb-below-header-display":"","ast-hfb-mobile-header-display":"","site-post-title":"","ast-breadcrumbs-content":"","ast-featured-img":"","footer-sml-layout":"","ast-disable-related-posts":"","theme-transparent-header-meta":"default","adv-header-id-meta":"","stick-header-meta":"","header-above-stick-meta":"","header-main-stick-meta":"","header-below-stick-meta":"","astra-migrate-meta-layouts":"set","ast-page-background-enabled":"default","ast-page-background-meta":{"desktop":{"background-color":"","background-image":"","background-repeat":"repeat","background-position":"center center","background-size":"auto","background-attachment":"scroll","background-type":"","background-media":"","overlay-type":"","overlay-color":"","overlay-opacity":"","overlay-gradient":""},"tablet":{"background-color":"","background-image":"","background-repeat":"repeat","background-position":"center center","background-size":"auto","background-attachment":"scroll","background-type":"","background-media":"","overlay-type":"","overlay-color":"","overlay-opacity":"","overlay-gradient":""},"mobile":{"background-color":"","background-image":"","background-repeat":"repeat","background-position":"center center","background-size":"auto","background-attachment":"scroll","background-type":"","background-media":"","overlay-type":"","overlay-color":"","overlay-opacity":"","overlay-gradient":""}},"ast-content-background-meta":{"desktop":{"background-color":"var(--ast-global-color-5)","background-image":"","background-repeat":"repeat","background-position":"center center","background-size":"auto","background-attachment":"scroll","background-type":"","background-media":"","overlay-type":"","overlay-color":"","overlay-opacity":"","overlay-gradient":""},"tablet":{"background-color":"var(--ast-global-color-5)","background-image":"","background-repeat":"repeat","background-position":"center center","background-size":"auto","background-attachment":"scroll","background-type":"","background-media":"","overlay-type":"","overlay-color":"","overlay-opacity":"","overlay-gradient":""},"mobile":{"background-color":"var(--ast-global-color-5)","background-image":"","background-repeat":"repeat","background-position":"center center","background-size":"auto","background-attachment":"scroll","background-type":"","background-media":"","overlay-type":"","overlay-color":"","overlay-opacity":"","overlay-gradient":""}}},"product_brand":[],"product_cat":[74],"product_tag":[2870,102,378,2691,449,372,1044,1045,2368,2868,379,101,2864,488,483,1054,543],"class_list":{"0":"post-41830","1":"product","2":"type-product","3":"status-publish","4":"has-post-thumbnail","6":"product_cat-kraeuter-cade-lavendel","7":"product_tag-burner-de","8":"product_tag-cade-wacholder-pulver","9":"product_tag-deco-de","10":"product_tag-decoration-de","11":"product_tag-handgemacht","12":"product_tag-keramik","13":"product_tag-moskitoschutz","14":"product_tag-muckenabwehrmittel","15":"product_tag-natural-de","16":"product_tag-powder-de","17":"product_tag-provence-de","18":"product_tag-raucher-lampe","19":"product_tag-repellent-de","20":"product_tag-wacholderholz-cade-wacholder","21":"product_tag-weihrauch","22":"product_tag-weihrauch-de","23":"product_tag-weihrauch-cade","24":"desktop-align-left","25":"tablet-align-left","26":"mobile-align-left","28":"first","29":"instock","30":"shipping-taxable","31":"purchasable","32":"product-type-variable"},"barcode":null,"atum_controlled":true,"out_stock_date":null,"out_stock_threshold":null,"inheritable":true,"stock_on_hold":0,"sold_today":0,"sales_last_days":0,"reserved_stock":null,"customer_returns":null,"warehouse_damage":null,"lost_in_post":null,"other_logs":null,"out_stock_days":0,"lost_sales":0,"update_date":"2026-04-30T00:20:05","atum_locations":[],"atum_stock_status":"instock","restock_status":false,"low_stock_amount":"","sales_update_date":"2026-04-30T00:20:05","calc_backorders":null,"aioseo_notices":[],"_links":{"self":[{"href":"https:\/\/provence-online.fr\/de\/wp-json\/wp\/v2\/product\/41830","targetHints":{"allow":["GET"]}}],"collection":[{"href":"https:\/\/provence-online.fr\/de\/wp-json\/wp\/v2\/product"}],"about":[{"href":"https:\/\/provence-online.fr\/de\/wp-json\/wp\/v2\/types\/product"}],"version-history":[{"count":7,"href":"https:\/\/provence-online.fr\/de\/wp-json\/wp\/v2\/product\/41830\/revisions"}],"predecessor-version":[{"id":51122,"href":"https:\/\/provence-online.fr\/de\/wp-json\/wp\/v2\/product\/41830\/revisions\/51122"}],"wp:featuredmedia":[{"embeddable":true,"href":"https:\/\/provence-online.fr\/de\/wp-json\/wp\/v2\/media\/41819"}],"wp:attachment":[{"href":"https:\/\/provence-online.fr\/de\/wp-json\/wp\/v2\/media?parent=41830"}],"wp:term":[{"taxonomy":"product_brand","embeddable":true,"href":"https:\/\/provence-online.fr\/de\/wp-json\/wp\/v2\/product_brand?post=41830"},{"taxonomy":"product_cat","embeddable":true,"href":"https:\/\/provence-online.fr\/de\/wp-json\/wp\/v2\/product_cat?post=41830"},{"taxonomy":"product_tag","embeddable":true,"href":"https:\/\/provence-online.fr\/de\/wp-json\/wp\/v2\/product_tag?post=41830"}],"curies":[{"name":"wp","href":"https:\/\/api.w.org\/{rel}","templated":true}]}}