{"id":43463,"date":"2022-02-25T18:47:36","date_gmt":"2022-02-25T17:47:36","guid":{"rendered":"https:\/\/provence-online.fr\/product\/santon-8-9-cm-schafer-mit-seiner-herde\/"},"modified":"2024-10-12T18:08:21","modified_gmt":"2024-10-12T16:08:21","slug":"santon-8-9-cm-schafer-mit-seiner-herde","status":"publish","type":"product","link":"https:\/\/provence-online.fr\/de\/product\/santon-8-9-cm-schafer-mit-seiner-herde\/","title":{"rendered":"Santon 8 \/ 9 cm Sch\u00e4fer mit seiner Herde"},"content":{"rendered":"<p><strong>Santon Sch\u00e4fer mit seiner Herde<\/strong><\/p>\n<p>Sch\u00e4fer mit 3 Schafe, 1 Rammbock, 1 Hund<\/p>\n<p>Was w\u00e4re der Sch\u00e4fer ohne seine Herde?<br \/>\nDiese besteht aus drei Schafen, einem Widder und seinem Hund.<br \/>\nAber was h\u00e4lt Sie davon ab, diese sch\u00f6ne Herde mit weiteren Schafen zu vergr\u00f6\u00dfern und warum nicht auch mit Ziegen, wie in der Provence?<\/p>\n<p>Unsere Krippenfiguren werden in unseren Werkst\u00e4tten in der Provence nach alter Tradition handgefertigt und handbemalt.<\/p>\n<p>Hier finden Sie unsere Krippenfiguren-Kollektion.<br \/>\n<a href=\"https:\/\/provence-online.fr\/de\/santon-4-5cm\/\" title=\"Santon 4\/5 cm\">4 \/ 5 cm<\/a><br \/>\n<a href=\"https:\/\/provence-online.fr\/de\/santon-7-cm\/\" title=\"Santon 7 cm\">7 cm<\/a><br \/>\n<a href=\"https:\/\/provence-online.fr\/de\/santon-8-9-cm-2\/\" title=\"Santon 8\/9 cm\">8 \/ 9 cm<\/a><\/p>\n<p>F\u00fcr die Weihnachtskrippe. Franz\u00f6sische Santonfigur aus der Provence<\/p>\n","protected":false},"excerpt":{"rendered":"<p>Santon 8 \/ 9 cm Sch\u00e4fer mit seiner Herde. Sch\u00e4fer mit 3 Schafe, 1 Rammbock, 1 Hund f\u00fcr die Weihnachtskrippe .<\/p>\n","protected":false},"featured_media":43460,"template":"","meta":{"om_disable_all_campaigns":false,"_monsterinsights_skip_tracking":false,"_monsterinsights_sitenote_active":false,"_monsterinsights_sitenote_note":"","_monsterinsights_sitenote_category":0,"site-sidebar-layout":"default","site-content-layout":"default","ast-site-content-layout":"default","site-content-style":"default","site-sidebar-style":"default","ast-global-header-display":"","ast-banner-title-visibility":"","ast-main-header-display":"","ast-hfb-above-header-display":"","ast-hfb-below-header-display":"","ast-hfb-mobile-header-display":"","site-post-title":"","ast-breadcrumbs-content":"","ast-featured-img":"","footer-sml-layout":"","ast-disable-related-posts":"","theme-transparent-header-meta":"default","adv-header-id-meta":"","stick-header-meta":"","header-above-stick-meta":"","header-main-stick-meta":"","header-below-stick-meta":"","astra-migrate-meta-layouts":"default","ast-page-background-enabled":"default","ast-page-background-meta":{"desktop":{"background-color":"","background-image":"","background-repeat":"repeat","background-position":"center center","background-size":"auto","background-attachment":"scroll","background-type":"","background-media":"","overlay-type":"","overlay-color":"","overlay-opacity":"","overlay-gradient":""},"tablet":{"background-color":"","background-image":"","background-repeat":"repeat","background-position":"center center","background-size":"auto","background-attachment":"scroll","background-type":"","background-media":"","overlay-type":"","overlay-color":"","overlay-opacity":"","overlay-gradient":""},"mobile":{"background-color":"","background-image":"","background-repeat":"repeat","background-position":"center center","background-size":"auto","background-attachment":"scroll","background-type":"","background-media":"","overlay-type":"","overlay-color":"","overlay-opacity":"","overlay-gradient":""}},"ast-content-background-meta":{"desktop":{"background-color":"var(--ast-global-color-5)","background-image":"","background-repeat":"repeat","background-position":"center center","background-size":"auto","background-attachment":"scroll","background-type":"","background-media":"","overlay-type":"","overlay-color":"","overlay-opacity":"","overlay-gradient":""},"tablet":{"background-color":"var(--ast-global-color-5)","background-image":"","background-repeat":"repeat","background-position":"center center","background-size":"auto","background-attachment":"scroll","background-type":"","background-media":"","overlay-type":"","overlay-color":"","overlay-opacity":"","overlay-gradient":""},"mobile":{"background-color":"var(--ast-global-color-5)","background-image":"","background-repeat":"repeat","background-position":"center center","background-size":"auto","background-attachment":"scroll","background-type":"","background-media":"","overlay-type":"","overlay-color":"","overlay-opacity":"","overlay-gradient":""}}},"product_brand":[],"product_cat":[76],"product_tag":[765,802,766,803,767,804,768,806,769,807,2043,2730,2764,2760,2731,770,837,2038,857,991,756,2039,2761,2047,956,2044,2041,759,1125,955,1390,1585,3031,2048,996,987,992,2733,379,755,1292,1291,1289,1288,1290,3353,1014,2734,3352,760,2762,448,2046,757,2037,1008,801,800,1553,762,1306,1307,763,1146],"class_list":{"0":"post-43463","1":"product","2":"type-product","3":"status-publish","4":"has-post-thumbnail","6":"product_cat-santon-8-9-cm-de","7":"product_tag-4-de","8":"product_tag-4-cm-de","9":"product_tag-5-de","10":"product_tag-5-cm-de","11":"product_tag-7-de","12":"product_tag-7-cm-de","13":"product_tag-8-de","14":"product_tag-8-cm-de","15":"product_tag-9-de","16":"product_tag-9-cm-de","17":"product_tag-balthazard-de","18":"product_tag-borie-de","19":"product_tag-brunnen-de-2","20":"product_tag-brunnen-de","21":"product_tag-capitele-de","22":"product_tag-cm-de","23":"product_tag-figur","24":"product_tag-figuren","25":"product_tag-franzosisch-santon","26":"product_tag-gaspard-de","27":"product_tag-geburt","28":"product_tag-heiligen-konige","29":"product_tag-kabanon","30":"product_tag-kleine-krippenfigur-de","31":"product_tag-kleiner-heiliger","32":"product_tag-konig-de","33":"product_tag-konige","34":"product_tag-krippe","35":"product_tag-krippenfigur","36":"product_tag-krippenfigur-von-weihnachten","37":"product_tag-krippenfiguren-set","38":"product_tag-krippenkollektion","39":"product_tag-krippenzubehor","40":"product_tag-kunsthandwerker","41":"product_tag-magier","42":"product_tag-magierkonig","43":"product_tag-melchior-de","44":"product_tag-pastorale-de","45":"product_tag-provence-de","46":"product_tag-santon-de","47":"product_tag-santon-figur-de","48":"product_tag-santon-krippenfigur-hund","49":"product_tag-santon-krippenfigur-schaf","50":"product_tag-santon-krippenfigur-schafer","51":"product_tag-santon-krippenfigur-widder","52":"product_tag-santon-schafer-mit-seiner-herde","53":"product_tag-santon-tier-de","54":"product_tag-santon-zubehor-de","55":"product_tag-schafer-mit-seiner-herde","56":"product_tag-szene","57":"product_tag-taubenschlag-de","58":"product_tag-tier","59":"product_tag-tradition-de","60":"product_tag-weihnacht","61":"product_tag-weihnachten","62":"product_tag-weihnachtsanton","63":"product_tag-weihnachtsdekoration","64":"product_tag-weihnachtsfiguren","65":"product_tag-weihnachtskrippe-de-3","66":"product_tag-weihnachtskrippe","67":"product_tag-weihnachtskrippe-de-2","68":"product_tag-weihnachtsszene","69":"product_tag-weinchtsumzug","70":"product_tag-zubehor-de","71":"desktop-align-left","72":"tablet-align-left","73":"mobile-align-left","75":"first","76":"outofstock","77":"shipping-taxable","78":"purchasable","79":"product-type-simple"},"barcode":null,"atum_controlled":true,"out_stock_date":"2025-11-26 17:00:22","out_stock_threshold":null,"inheritable":false,"stock_on_hold":0,"sold_today":0,"sales_last_days":0,"reserved_stock":null,"customer_returns":null,"warehouse_damage":null,"lost_in_post":null,"other_logs":null,"out_stock_days":165,"lost_sales":0,"update_date":"2026-05-11T00:25:16","atum_locations":[],"atum_stock_status":"outofstock","restock_status":false,"low_stock_amount":"","sales_update_date":"2026-05-11T00:25:16","calc_backorders":null,"aioseo_notices":[],"_links":{"self":[{"href":"https:\/\/provence-online.fr\/de\/wp-json\/wp\/v2\/product\/43463","targetHints":{"allow":["GET"]}}],"collection":[{"href":"https:\/\/provence-online.fr\/de\/wp-json\/wp\/v2\/product"}],"about":[{"href":"https:\/\/provence-online.fr\/de\/wp-json\/wp\/v2\/types\/product"}],"version-history":[{"count":5,"href":"https:\/\/provence-online.fr\/de\/wp-json\/wp\/v2\/product\/43463\/revisions"}],"predecessor-version":[{"id":51720,"href":"https:\/\/provence-online.fr\/de\/wp-json\/wp\/v2\/product\/43463\/revisions\/51720"}],"wp:featuredmedia":[{"embeddable":true,"href":"https:\/\/provence-online.fr\/de\/wp-json\/wp\/v2\/media\/43460"}],"wp:attachment":[{"href":"https:\/\/provence-online.fr\/de\/wp-json\/wp\/v2\/media?parent=43463"}],"wp:term":[{"taxonomy":"product_brand","embeddable":true,"href":"https:\/\/provence-online.fr\/de\/wp-json\/wp\/v2\/product_brand?post=43463"},{"taxonomy":"product_cat","embeddable":true,"href":"https:\/\/provence-online.fr\/de\/wp-json\/wp\/v2\/product_cat?post=43463"},{"taxonomy":"product_tag","embeddable":true,"href":"https:\/\/provence-online.fr\/de\/wp-json\/wp\/v2\/product_tag?post=43463"}],"curies":[{"name":"wp","href":"https:\/\/api.w.org\/{rel}","templated":true}]}}