{"id":43535,"date":"2022-02-26T18:17:38","date_gmt":"2022-02-26T17:17:38","guid":{"rendered":"https:\/\/provence-online.fr\/product\/santon-8-9-cm-lavandinpflanzen\/"},"modified":"2024-10-26T16:00:05","modified_gmt":"2024-10-26T14:00:05","slug":"santon-krippenfigur-zubehoer-7-9-cm-lavandinpflanzen","status":"publish","type":"product","link":"https:\/\/provence-online.fr\/de\/product\/santon-krippenfigur-zubehoer-7-9-cm-lavandinpflanzen\/","title":{"rendered":"Santon Krippenfigur zubeh\u00f6r 7 \/ 9 cm Lavandinpflanzen"},"content":{"rendered":"<p><strong>Lavandinpflanzen<\/strong><\/p>\n<p>Platzieren Sie diesen Lavendelfu\u00df zusammen mit unseren Lavendelfiguren und schaffen Sie so ein sch\u00f6nes Lavendelfeld, indem Sie so viele Lavendelf\u00fc\u00dfe hinzuf\u00fcgen, wie Sie m\u00f6chten.<\/p>\n<p>Geeignet f\u00fcr Figuren mit einer Gr\u00f6\u00dfe von 7 und 9 Zentimetern.<\/p>\n<p>Handgefertigt in unserem Atelier in der Provence.<\/p>\n<p>Hier finden Sie unsere Krippenfiguren-Kollektion.<br \/>\n<a href=\"https:\/\/provence-online.fr\/de\/santon-4-5cm\/\" title=\"Santon 4\/5 cm\">4 \/ 5 cm<\/a><br \/>\n<a href=\"https:\/\/provence-online.fr\/de\/santon-7-cm\/\" title=\"Santon 7 cm\">7 cm<\/a><br \/>\n<a href=\"https:\/\/provence-online.fr\/de\/santon-8-9-cm-2\/\" title=\"Santon 8\/9 cm\">8 \/ 9 cm<\/a><\/p>\n<p>F\u00fcr die Weihnachtskrippe. Franz\u00f6sische Santonfigur aus der Provence<\/p>\n","protected":false},"excerpt":{"rendered":"<p>Santon 7 \/ 9 cm: Lavandinpflanzen, f\u00fcr die Weihnachtskrippe.<\/p>\n","protected":false},"featured_media":43663,"template":"","meta":{"om_disable_all_campaigns":false,"_monsterinsights_skip_tracking":false,"_monsterinsights_sitenote_active":false,"_monsterinsights_sitenote_note":"","_monsterinsights_sitenote_category":0,"site-sidebar-layout":"default","site-content-layout":"default","ast-site-content-layout":"default","site-content-style":"default","site-sidebar-style":"default","ast-global-header-display":"","ast-banner-title-visibility":"","ast-main-header-display":"","ast-hfb-above-header-display":"","ast-hfb-below-header-display":"","ast-hfb-mobile-header-display":"","site-post-title":"","ast-breadcrumbs-content":"","ast-featured-img":"","footer-sml-layout":"","ast-disable-related-posts":"","theme-transparent-header-meta":"default","adv-header-id-meta":"","stick-header-meta":"","header-above-stick-meta":"","header-main-stick-meta":"","header-below-stick-meta":"","astra-migrate-meta-layouts":"set","ast-page-background-enabled":"default","ast-page-background-meta":{"desktop":{"background-color":"","background-image":"","background-repeat":"repeat","background-position":"center center","background-size":"auto","background-attachment":"scroll","background-type":"","background-media":"","overlay-type":"","overlay-color":"","overlay-opacity":"","overlay-gradient":""},"tablet":{"background-color":"","background-image":"","background-repeat":"repeat","background-position":"center center","background-size":"auto","background-attachment":"scroll","background-type":"","background-media":"","overlay-type":"","overlay-color":"","overlay-opacity":"","overlay-gradient":""},"mobile":{"background-color":"","background-image":"","background-repeat":"repeat","background-position":"center center","background-size":"auto","background-attachment":"scroll","background-type":"","background-media":"","overlay-type":"","overlay-color":"","overlay-opacity":"","overlay-gradient":""}},"ast-content-background-meta":{"desktop":{"background-color":"var(--ast-global-color-5)","background-image":"","background-repeat":"repeat","background-position":"center center","background-size":"auto","background-attachment":"scroll","background-type":"","background-media":"","overlay-type":"","overlay-color":"","overlay-opacity":"","overlay-gradient":""},"tablet":{"background-color":"var(--ast-global-color-5)","background-image":"","background-repeat":"repeat","background-position":"center center","background-size":"auto","background-attachment":"scroll","background-type":"","background-media":"","overlay-type":"","overlay-color":"","overlay-opacity":"","overlay-gradient":""},"mobile":{"background-color":"var(--ast-global-color-5)","background-image":"","background-repeat":"repeat","background-position":"center center","background-size":"auto","background-attachment":"scroll","background-type":"","background-media":"","overlay-type":"","overlay-color":"","overlay-opacity":"","overlay-gradient":""}}},"product_brand":[],"product_cat":[110,76,107,111],"product_tag":[768,769,770,1402,857,756,1196,990,911,759,1150,1198,1197,2686,755,946,1223,801,1306],"class_list":{"0":"post-43535","1":"product","2":"type-product","3":"status-publish","4":"has-post-thumbnail","6":"product_cat-krippenfiguren-7-cm","7":"product_cat-santon-8-9-cm-de","8":"product_cat-zubehor","9":"product_cat-zubehor-de","10":"product_tag-8-de","11":"product_tag-9-de","12":"product_tag-cm-de","13":"product_tag-figuren-fur-die-weihnachtskrippe-de","14":"product_tag-franzosisch-santon","15":"product_tag-geburt","16":"product_tag-hecke","17":"product_tag-kleine-krippenfigur","18":"product_tag-kleines-santon","19":"product_tag-krippe","20":"product_tag-krippendekoration","21":"product_tag-lavandinpflanzen","22":"product_tag-lavendelfus","23":"product_tag-lavender-de","24":"product_tag-santon-de","25":"product_tag-santon-provence-de","26":"product_tag-santon-zubehor","27":"product_tag-weihnachtsdekoration","28":"product_tag-weihnachtskrippe-de-2","29":"desktop-align-left","30":"tablet-align-left","31":"mobile-align-left","33":"first","34":"instock","35":"shipping-taxable","36":"purchasable","37":"product-type-simple"},"barcode":null,"atum_controlled":true,"out_stock_date":null,"out_stock_threshold":null,"inheritable":false,"stock_on_hold":0,"sold_today":0,"sales_last_days":0,"reserved_stock":null,"customer_returns":null,"warehouse_damage":null,"lost_in_post":null,"other_logs":null,"out_stock_days":0,"lost_sales":0,"update_date":"2026-04-21T00:15:31","atum_locations":[],"atum_stock_status":"instock","restock_status":false,"low_stock_amount":"","sales_update_date":"2026-04-21T00:15:31","calc_backorders":null,"aioseo_notices":[],"_links":{"self":[{"href":"https:\/\/provence-online.fr\/de\/wp-json\/wp\/v2\/product\/43535","targetHints":{"allow":["GET"]}}],"collection":[{"href":"https:\/\/provence-online.fr\/de\/wp-json\/wp\/v2\/product"}],"about":[{"href":"https:\/\/provence-online.fr\/de\/wp-json\/wp\/v2\/types\/product"}],"version-history":[{"count":7,"href":"https:\/\/provence-online.fr\/de\/wp-json\/wp\/v2\/product\/43535\/revisions"}],"predecessor-version":[{"id":51876,"href":"https:\/\/provence-online.fr\/de\/wp-json\/wp\/v2\/product\/43535\/revisions\/51876"}],"wp:featuredmedia":[{"embeddable":true,"href":"https:\/\/provence-online.fr\/de\/wp-json\/wp\/v2\/media\/43663"}],"wp:attachment":[{"href":"https:\/\/provence-online.fr\/de\/wp-json\/wp\/v2\/media?parent=43535"}],"wp:term":[{"taxonomy":"product_brand","embeddable":true,"href":"https:\/\/provence-online.fr\/de\/wp-json\/wp\/v2\/product_brand?post=43535"},{"taxonomy":"product_cat","embeddable":true,"href":"https:\/\/provence-online.fr\/de\/wp-json\/wp\/v2\/product_cat?post=43535"},{"taxonomy":"product_tag","embeddable":true,"href":"https:\/\/provence-online.fr\/de\/wp-json\/wp\/v2\/product_tag?post=43535"}],"curies":[{"name":"wp","href":"https:\/\/api.w.org\/{rel}","templated":true}]}}