{"id":43684,"date":"2022-02-28T11:38:21","date_gmt":"2022-02-28T10:38:21","guid":{"rendered":"https:\/\/provence-online.fr\/product\/santon-8-9-cm-winzer-mittraubenstock\/"},"modified":"2023-08-13T11:30:17","modified_gmt":"2023-08-13T09:30:17","slug":"santon-8-9-cm-winzer-mittraubenstock","status":"publish","type":"product","link":"https:\/\/provence-online.fr\/de\/product\/santon-8-9-cm-winzer-mittraubenstock\/","title":{"rendered":"Santon 8 \/ 9 cm: Winzer mit Traubenstock"},"content":{"rendered":"<p><strong>Santon Winzer mit Traubenstock, Rebstock<\/strong><\/p>\n<p>Der Winzer ist ein Landwirt, der seinen Weinberg bewirtschaftet, um die Trauben zu ernten.<br \/>\ndie zu dem ber\u00fchmten Wein der Provence werden.<br \/>\nUnser Winzer hat einen weiteren Weinberg, aber du kannst noch weitere hinzuf\u00fcgen, die du auf unserer Website bestellen kannst. <\/p>\n<p>Alle hier verkauften santons de Provence werden in der Provence hergestellt. Nach einer althergebrachten Tradition und von einem lokalen Handwerker.<br \/>\nSie werden aus Ton hergestellt und gebrannt, bevor sie von Hand bemalt werden.<br \/>\nDie erwachsenen Santons sind etwa 8 &#8211; 9 cm hoch. Alle Tiere und Accessoires sind gleich gro\u00df.<br \/>\nSie sind wie wir: gr\u00f6\u00dfer, kleiner, dicker, d\u00fcnner!<br \/>\nUnsere Krippenfiguren sind daher mit anderen Kollektionen von 8 &#8211; 9 cm gro\u00dfen Krippenfiguren sowie mit den verschiedenen Accessoires kompatibel.<\/p>\n<p>Unsere Kollektion von Santons finden Sie auf der Website.<br \/>\n<a href=\"https:\/\/provence-online.fr\/de\/santon-4-5cm\/\" title=\"Santon 4\/5 cm\">4 \/ 5 cm<\/a><br \/>\n<a href=\"https:\/\/provence-online.fr\/de\/santon-7-cm\/\" title=\"Santon 7 cm\">7 cm<\/a><br \/>\n<a href=\"https:\/\/provence-online.fr\/de\/santon-8-9-cm-2\/\" title=\"Santon 8\/9 cm\">8 \/ 9 cm<\/a><\/p>\n","protected":false},"excerpt":{"rendered":"<p>Santon 8 \/ 9 cm: Winzer mit Traubenstock, Rebstock.<\/p>\n","protected":false},"featured_media":43681,"template":"","meta":{"om_disable_all_campaigns":false,"_monsterinsights_skip_tracking":false,"_monsterinsights_sitenote_active":false,"_monsterinsights_sitenote_note":"","_monsterinsights_sitenote_category":0,"site-sidebar-layout":"default","site-content-layout":"default","ast-site-content-layout":"default","site-content-style":"default","site-sidebar-style":"default","ast-global-header-display":"","ast-banner-title-visibility":"","ast-main-header-display":"","ast-hfb-above-header-display":"","ast-hfb-below-header-display":"","ast-hfb-mobile-header-display":"","site-post-title":"","ast-breadcrumbs-content":"","ast-featured-img":"","footer-sml-layout":"","ast-disable-related-posts":"","theme-transparent-header-meta":"default","adv-header-id-meta":"","stick-header-meta":"","header-above-stick-meta":"","header-main-stick-meta":"","header-below-stick-meta":"","astra-migrate-meta-layouts":"default","ast-page-background-enabled":"default","ast-page-background-meta":{"desktop":{"background-color":"","background-image":"","background-repeat":"repeat","background-position":"center center","background-size":"auto","background-attachment":"scroll","background-type":"","background-media":"","overlay-type":"","overlay-color":"","overlay-opacity":"","overlay-gradient":""},"tablet":{"background-color":"","background-image":"","background-repeat":"repeat","background-position":"center center","background-size":"auto","background-attachment":"scroll","background-type":"","background-media":"","overlay-type":"","overlay-color":"","overlay-opacity":"","overlay-gradient":""},"mobile":{"background-color":"","background-image":"","background-repeat":"repeat","background-position":"center center","background-size":"auto","background-attachment":"scroll","background-type":"","background-media":"","overlay-type":"","overlay-color":"","overlay-opacity":"","overlay-gradient":""}},"ast-content-background-meta":{"desktop":{"background-color":"var(--ast-global-color-5)","background-image":"","background-repeat":"repeat","background-position":"center center","background-size":"auto","background-attachment":"scroll","background-type":"","background-media":"","overlay-type":"","overlay-color":"","overlay-opacity":"","overlay-gradient":""},"tablet":{"background-color":"var(--ast-global-color-5)","background-image":"","background-repeat":"repeat","background-position":"center center","background-size":"auto","background-attachment":"scroll","background-type":"","background-media":"","overlay-type":"","overlay-color":"","overlay-opacity":"","overlay-gradient":""},"mobile":{"background-color":"var(--ast-global-color-5)","background-image":"","background-repeat":"repeat","background-position":"center center","background-size":"auto","background-attachment":"scroll","background-type":"","background-media":"","overlay-type":"","overlay-color":"","overlay-opacity":"","overlay-gradient":""}}},"product_brand":[],"product_cat":[76],"product_tag":[2040,765,766,767,768,769,2043,770,837,2038,857,853,772,991,756,2039,2047,956,2044,2041,2051,759,2052,1222,1125,1233,1390,1585,2048,996,987,992,1119,379,1224,755,1234,1116,760,1115,448,2036,2046,2049,757,2037,800,1306,1553,1307,1232,1146],"class_list":{"0":"post-43684","1":"product","2":"type-product","3":"status-publish","4":"has-post-thumbnail","6":"product_cat-santon-8-9-cm-de","7":"product_tag-3-de","8":"product_tag-4-de","9":"product_tag-5-de","10":"product_tag-7-de","11":"product_tag-8-de","12":"product_tag-9-de","13":"product_tag-balthazard-de","14":"product_tag-cm-de","15":"product_tag-figur","16":"product_tag-figuren","17":"product_tag-franzosisch-santon","18":"product_tag-franzosische-figur","19":"product_tag-franzosische-santons","20":"product_tag-gaspard-de","21":"product_tag-geburt","22":"product_tag-heiligen-konige","23":"product_tag-kleine-krippenfigur-de","24":"product_tag-kleiner-heiliger","25":"product_tag-konig-de","26":"product_tag-konige","27":"product_tag-krippe-de-2","28":"product_tag-krippe","29":"product_tag-krippe-de-3","30":"product_tag-krippenfigur-de","31":"product_tag-krippenfigur","32":"product_tag-krippenfigur-de-2","33":"product_tag-krippenfiguren-set","34":"product_tag-krippenkollektion","35":"product_tag-kunsthandwerker","36":"product_tag-magier","37":"product_tag-magierkonig","38":"product_tag-melchior-de","39":"product_tag-musiker","40":"product_tag-provence-de","41":"product_tag-rebstock","42":"product_tag-santon-de","43":"product_tag-santon-winzer","44":"product_tag-spieler","45":"product_tag-szene","46":"product_tag-tamburin","47":"product_tag-tier","48":"product_tag-ton","49":"product_tag-tradition-de","50":"product_tag-trommlerin","51":"product_tag-weihnacht","52":"product_tag-weihnachten","53":"product_tag-weihnachtsfiguren","54":"product_tag-weihnachtskrippe-de-2","55":"product_tag-weihnachtskrippe-de-3","56":"product_tag-weihnachtsszene","57":"product_tag-winzer","58":"product_tag-zubehor-de","59":"desktop-align-left","60":"tablet-align-left","61":"mobile-align-left","63":"first","64":"instock","65":"shipping-taxable","66":"purchasable","67":"product-type-simple"},"barcode":null,"atum_controlled":true,"out_stock_date":null,"out_stock_threshold":null,"inheritable":false,"stock_on_hold":0,"sold_today":0,"sales_last_days":0,"reserved_stock":null,"customer_returns":null,"warehouse_damage":null,"lost_in_post":null,"other_logs":null,"out_stock_days":0,"lost_sales":0,"update_date":"2026-04-21T00:14:39","atum_locations":[],"atum_stock_status":"instock","restock_status":false,"low_stock_amount":"","sales_update_date":"2026-04-21T00:14:39","calc_backorders":null,"aioseo_notices":[],"_links":{"self":[{"href":"https:\/\/provence-online.fr\/de\/wp-json\/wp\/v2\/product\/43684","targetHints":{"allow":["GET"]}}],"collection":[{"href":"https:\/\/provence-online.fr\/de\/wp-json\/wp\/v2\/product"}],"about":[{"href":"https:\/\/provence-online.fr\/de\/wp-json\/wp\/v2\/types\/product"}],"version-history":[{"count":4,"href":"https:\/\/provence-online.fr\/de\/wp-json\/wp\/v2\/product\/43684\/revisions"}],"predecessor-version":[{"id":49538,"href":"https:\/\/provence-online.fr\/de\/wp-json\/wp\/v2\/product\/43684\/revisions\/49538"}],"wp:featuredmedia":[{"embeddable":true,"href":"https:\/\/provence-online.fr\/de\/wp-json\/wp\/v2\/media\/43681"}],"wp:attachment":[{"href":"https:\/\/provence-online.fr\/de\/wp-json\/wp\/v2\/media?parent=43684"}],"wp:term":[{"taxonomy":"product_brand","embeddable":true,"href":"https:\/\/provence-online.fr\/de\/wp-json\/wp\/v2\/product_brand?post=43684"},{"taxonomy":"product_cat","embeddable":true,"href":"https:\/\/provence-online.fr\/de\/wp-json\/wp\/v2\/product_cat?post=43684"},{"taxonomy":"product_tag","embeddable":true,"href":"https:\/\/provence-online.fr\/de\/wp-json\/wp\/v2\/product_tag?post=43684"}],"curies":[{"name":"wp","href":"https:\/\/api.w.org\/{rel}","templated":true}]}}