{"id":43740,"date":"2022-02-28T16:28:55","date_gmt":"2022-02-28T15:28:55","guid":{"rendered":"https:\/\/provence-online.fr\/product\/santon-figur-4-5-cm\/"},"modified":"2023-07-21T10:56:15","modified_gmt":"2023-07-21T08:56:15","slug":"santon-figur-4-5-cm-backer-mit-ofen-boulanger-au-four","status":"publish","type":"product","link":"https:\/\/provence-online.fr\/de\/product\/santon-figur-4-5-cm-backer-mit-ofen-boulanger-au-four\/","title":{"rendered":"Santon Figur 4 \/ 5 cm: B\u00e4cker mit Ofen (Boulanger au four)"},"content":{"rendered":"<p><strong>Santon Figur B\u00e4cker mit Ofen<\/strong><\/p>\n<p>Diese kleine, 4-5 cm gro\u00dfe Figur wird ihren Platz in Ihrer Weihnachtskrippe zusammen mit den anderen Santons aus der Provence einnehmen. Die B\u00e4ckerfigur ist eine der wichtigsten Figuren im Leben eines provenzalischen Dorfes. Denn der B\u00e4cker steht sehr fr\u00fch auf, um seinen Ofen anzuheizen und das Brot zu kneten.<br \/>\nOhne eine Minute zu verlieren, schiebt diese kleine B\u00e4ckerfigur die ersten Laibe Brot in den Ofen.<br \/>\nEin Santon, der eine gro\u00dfe Bedeutung hat.<\/p>\n<p>F\u00fcr die Weihnachtskrippe<br \/>\nUnsere Santons werden in unseren Werkst\u00e4tten in der Provence nach alter Tradition von Hand gefertigt und bemalt.<\/p>\n<p>Finden Sie unsere Kollektion von Santons<br \/>\n<a href=\"https:\/\/provence-online.fr\/de\/santon-4-5cm\/\" title=\"Santon 4\/5 cm\">4 \/ 5 cm<\/a><br \/>\n<a href=\"https:\/\/provence-online.fr\/de\/santon-7-cm\/\" title=\"Santon 7 cm\">7 cm<\/a><br \/>\n<a href=\"https:\/\/provence-online.fr\/de\/santon-8-9-cm-2\/\" title=\"Santon 8\/9 cm\">8 \/ 9 cm<\/a><\/p>\n","protected":false},"excerpt":{"rendered":"<p>Santon Figur 4 \/ 5 cm: B\u00e4cker mit Ofen F\u00fcr die Weihnachtskrippe, Krippenfiguren.<\/p>\n","protected":false},"featured_media":43737,"template":"","meta":{"om_disable_all_campaigns":false,"_monsterinsights_skip_tracking":false,"_monsterinsights_sitenote_active":false,"_monsterinsights_sitenote_note":"","_monsterinsights_sitenote_category":0,"site-sidebar-layout":"default","site-content-layout":"default","ast-site-content-layout":"default","site-content-style":"default","site-sidebar-style":"default","ast-global-header-display":"","ast-banner-title-visibility":"","ast-main-header-display":"","ast-hfb-above-header-display":"","ast-hfb-below-header-display":"","ast-hfb-mobile-header-display":"","site-post-title":"","ast-breadcrumbs-content":"","ast-featured-img":"","footer-sml-layout":"","ast-disable-related-posts":"","theme-transparent-header-meta":"default","adv-header-id-meta":"","stick-header-meta":"","header-above-stick-meta":"","header-main-stick-meta":"","header-below-stick-meta":"","astra-migrate-meta-layouts":"default","ast-page-background-enabled":"default","ast-page-background-meta":{"desktop":{"background-color":"","background-image":"","background-repeat":"repeat","background-position":"center center","background-size":"auto","background-attachment":"scroll","background-type":"","background-media":"","overlay-type":"","overlay-color":"","overlay-opacity":"","overlay-gradient":""},"tablet":{"background-color":"","background-image":"","background-repeat":"repeat","background-position":"center center","background-size":"auto","background-attachment":"scroll","background-type":"","background-media":"","overlay-type":"","overlay-color":"","overlay-opacity":"","overlay-gradient":""},"mobile":{"background-color":"","background-image":"","background-repeat":"repeat","background-position":"center center","background-size":"auto","background-attachment":"scroll","background-type":"","background-media":"","overlay-type":"","overlay-color":"","overlay-opacity":"","overlay-gradient":""}},"ast-content-background-meta":{"desktop":{"background-color":"var(--ast-global-color-5)","background-image":"","background-repeat":"repeat","background-position":"center center","background-size":"auto","background-attachment":"scroll","background-type":"","background-media":"","overlay-type":"","overlay-color":"","overlay-opacity":"","overlay-gradient":""},"tablet":{"background-color":"var(--ast-global-color-5)","background-image":"","background-repeat":"repeat","background-position":"center center","background-size":"auto","background-attachment":"scroll","background-type":"","background-media":"","overlay-type":"","overlay-color":"","overlay-opacity":"","overlay-gradient":""},"mobile":{"background-color":"var(--ast-global-color-5)","background-image":"","background-repeat":"repeat","background-position":"center center","background-size":"auto","background-attachment":"scroll","background-type":"","background-media":"","overlay-type":"","overlay-color":"","overlay-opacity":"","overlay-gradient":""}}},"product_brand":[],"product_cat":[271],"product_tag":[802,803,804,806,807,772,756,1578,956,911,799,1574,379,755,805,773,393,757,801,800,1553,762,1306,1561,771,763,556],"class_list":{"0":"post-43740","1":"product","2":"type-product","3":"status-publish","4":"has-post-thumbnail","6":"product_cat-santon-4-5-cm","7":"product_tag-4-cm-de","8":"product_tag-5-cm-de","9":"product_tag-7-cm-de","10":"product_tag-8-cm-de","11":"product_tag-9-cm-de","12":"product_tag-franzosische-santons","13":"product_tag-geburt","14":"product_tag-kleine-santon-figur","15":"product_tag-kleiner-heiliger","16":"product_tag-kleines-santon","17":"product_tag-krippe-de","18":"product_tag-krippenszene","19":"product_tag-provence-de","20":"product_tag-santon-de","21":"product_tag-santon-baker-de","22":"product_tag-santon-charakter","23":"product_tag-tiere","24":"product_tag-weihnacht","25":"product_tag-weihnachtsdekoration","26":"product_tag-weihnachtsfiguren","27":"product_tag-weihnachtskrippe-de-3","28":"product_tag-weihnachtskrippe","29":"product_tag-weihnachtskrippe-de-2","30":"product_tag-weihnachtskrippenfigur","31":"product_tag-weihnachtssantons","32":"product_tag-weinchtsumzug","33":"product_tag-zubehor","34":"desktop-align-left","35":"tablet-align-left","36":"mobile-align-left","38":"first","39":"instock","40":"shipping-taxable","41":"purchasable","42":"product-type-simple"},"barcode":null,"atum_controlled":true,"out_stock_date":null,"out_stock_threshold":null,"inheritable":false,"stock_on_hold":0,"sold_today":0,"sales_last_days":0,"reserved_stock":null,"customer_returns":null,"warehouse_damage":null,"lost_in_post":null,"other_logs":null,"out_stock_days":0,"lost_sales":0,"update_date":"2026-04-19T00:14:45","atum_locations":[],"atum_stock_status":"instock","restock_status":false,"low_stock_amount":"","sales_update_date":"2026-04-19T00:14:45","calc_backorders":null,"aioseo_notices":[],"_links":{"self":[{"href":"https:\/\/provence-online.fr\/de\/wp-json\/wp\/v2\/product\/43740","targetHints":{"allow":["GET"]}}],"collection":[{"href":"https:\/\/provence-online.fr\/de\/wp-json\/wp\/v2\/product"}],"about":[{"href":"https:\/\/provence-online.fr\/de\/wp-json\/wp\/v2\/types\/product"}],"version-history":[{"count":4,"href":"https:\/\/provence-online.fr\/de\/wp-json\/wp\/v2\/product\/43740\/revisions"}],"predecessor-version":[{"id":49468,"href":"https:\/\/provence-online.fr\/de\/wp-json\/wp\/v2\/product\/43740\/revisions\/49468"}],"wp:featuredmedia":[{"embeddable":true,"href":"https:\/\/provence-online.fr\/de\/wp-json\/wp\/v2\/media\/43737"}],"wp:attachment":[{"href":"https:\/\/provence-online.fr\/de\/wp-json\/wp\/v2\/media?parent=43740"}],"wp:term":[{"taxonomy":"product_brand","embeddable":true,"href":"https:\/\/provence-online.fr\/de\/wp-json\/wp\/v2\/product_brand?post=43740"},{"taxonomy":"product_cat","embeddable":true,"href":"https:\/\/provence-online.fr\/de\/wp-json\/wp\/v2\/product_cat?post=43740"},{"taxonomy":"product_tag","embeddable":true,"href":"https:\/\/provence-online.fr\/de\/wp-json\/wp\/v2\/product_tag?post=43740"}],"curies":[{"name":"wp","href":"https:\/\/api.w.org\/{rel}","templated":true}]}}