{"id":43748,"date":"2022-02-28T16:47:00","date_gmt":"2022-02-28T15:47:00","guid":{"rendered":"https:\/\/provence-online.fr\/product\/santon-figur-4-5-cm-2\/"},"modified":"2024-12-01T14:44:15","modified_gmt":"2024-12-01T13:44:15","slug":"santon-figur-4-5-cm-schafer-mit-seiner-herde","status":"publish","type":"product","link":"https:\/\/provence-online.fr\/de\/product\/santon-figur-4-5-cm-schafer-mit-seiner-herde\/","title":{"rendered":"Santon Figur 4 \/ 5 cm Sch\u00e4fer mit seiner Herde"},"content":{"rendered":"<p><strong>Santon Sch\u00e4fer mit seiner Herde<\/strong><\/p>\n<p>Was w\u00e4re dieser santon Hirte ohne seine kleine Herde?<br \/>\nDiese besteht aus zwei Schafen, einer Ziege aus der Provence und ihrem Hund.<br \/>\nAber was h\u00e4lt Sie davon ab, diese sch\u00f6ne Herde mit mehr Schafen und warum nicht auch mit mehr Ziegen zu vergr\u00f6\u00dfern, wie die Herden, die man in der Provence antrifft?<\/p>\n<p>F\u00fcr die Weihnachtskrippe<br \/>\nUnsere Santons werden in unseren Werkst\u00e4tten in der Provence nach alter Tradition von Hand hergestellt und bemalt.<\/p>\n<p>Finden Sie unsere Kollektion von Santons<br \/>\n<a href=\"https:\/\/provence-online.fr\/de\/santon-4-5cm\/\" title=\"Santon 4\/5 cm\">4 \/ 5 cm<\/a><br \/>\n<a href=\"https:\/\/provence-online.fr\/de\/santon-7-cm\/\" title=\"Santon 7 cm\">7 cm<\/a><br \/>\n<a href=\"https:\/\/provence-online.fr\/de\/santon-8-9-cm-2\/\" title=\"Santon 8\/9 cm\">8 \/ 9 cm<\/a><\/p>\n","protected":false},"excerpt":{"rendered":"<p>Santon Krippenfigur 4 \/ 5 cm Sch\u00e4fer mit seiner Herde.<\/p>\n","protected":false},"featured_media":43744,"template":"","meta":{"om_disable_all_campaigns":false,"_monsterinsights_skip_tracking":false,"_monsterinsights_sitenote_active":false,"_monsterinsights_sitenote_note":"","_monsterinsights_sitenote_category":0,"site-sidebar-layout":"default","site-content-layout":"default","ast-site-content-layout":"default","site-content-style":"default","site-sidebar-style":"default","ast-global-header-display":"","ast-banner-title-visibility":"","ast-main-header-display":"","ast-hfb-above-header-display":"","ast-hfb-below-header-display":"","ast-hfb-mobile-header-display":"","site-post-title":"","ast-breadcrumbs-content":"","ast-featured-img":"","footer-sml-layout":"","ast-disable-related-posts":"","theme-transparent-header-meta":"default","adv-header-id-meta":"","stick-header-meta":"","header-above-stick-meta":"","header-main-stick-meta":"","header-below-stick-meta":"","astra-migrate-meta-layouts":"set","ast-page-background-enabled":"default","ast-page-background-meta":{"desktop":{"background-color":"","background-image":"","background-repeat":"repeat","background-position":"center center","background-size":"auto","background-attachment":"scroll","background-type":"","background-media":"","overlay-type":"","overlay-color":"","overlay-opacity":"","overlay-gradient":""},"tablet":{"background-color":"","background-image":"","background-repeat":"repeat","background-position":"center center","background-size":"auto","background-attachment":"scroll","background-type":"","background-media":"","overlay-type":"","overlay-color":"","overlay-opacity":"","overlay-gradient":""},"mobile":{"background-color":"","background-image":"","background-repeat":"repeat","background-position":"center center","background-size":"auto","background-attachment":"scroll","background-type":"","background-media":"","overlay-type":"","overlay-color":"","overlay-opacity":"","overlay-gradient":""}},"ast-content-background-meta":{"desktop":{"background-color":"var(--ast-global-color-5)","background-image":"","background-repeat":"repeat","background-position":"center center","background-size":"auto","background-attachment":"scroll","background-type":"","background-media":"","overlay-type":"","overlay-color":"","overlay-opacity":"","overlay-gradient":""},"tablet":{"background-color":"var(--ast-global-color-5)","background-image":"","background-repeat":"repeat","background-position":"center center","background-size":"auto","background-attachment":"scroll","background-type":"","background-media":"","overlay-type":"","overlay-color":"","overlay-opacity":"","overlay-gradient":""},"mobile":{"background-color":"var(--ast-global-color-5)","background-image":"","background-repeat":"repeat","background-position":"center center","background-size":"auto","background-attachment":"scroll","background-type":"","background-media":"","overlay-type":"","overlay-color":"","overlay-opacity":"","overlay-gradient":""}}},"product_brand":[],"product_cat":[271],"product_tag":[802,803,804,806,807,2043,2730,2764,2760,2731,2691,837,2038,857,772,1587,991,756,2039,2761,2047,956,2044,2041,759,1125,764,1390,1585,761,3031,2048,996,987,992,2733,379,755,2561,1288,1014,2734,760,2762,448,774,2046,757,2037,758,1306,762,1553,771,1307,763,1146],"class_list":{"0":"post-43748","1":"product","2":"type-product","3":"status-publish","4":"has-post-thumbnail","6":"product_cat-santon-4-5-cm","7":"product_tag-4-cm-de","8":"product_tag-5-cm-de","9":"product_tag-7-cm-de","10":"product_tag-8-cm-de","11":"product_tag-9-cm-de","12":"product_tag-balthazard-de","13":"product_tag-borie-de","14":"product_tag-brunnen-de-2","15":"product_tag-brunnen-de","16":"product_tag-capitele-de","17":"product_tag-decoration-de","18":"product_tag-figur","19":"product_tag-figuren","20":"product_tag-franzosisch-santon","21":"product_tag-franzosische-santons","22":"product_tag-franzosischer-santon-kleiner-heiliger","23":"product_tag-gaspard-de","24":"product_tag-geburt","25":"product_tag-heiligen-konige","26":"product_tag-kabanon","27":"product_tag-kleine-krippenfigur-de","28":"product_tag-kleiner-heiliger","29":"product_tag-konig-de","30":"product_tag-konige","31":"product_tag-krippe","32":"product_tag-krippenfigur","33":"product_tag-krippenfiguren","34":"product_tag-krippenfiguren-set","35":"product_tag-krippenkollektion","36":"product_tag-krippentiere","37":"product_tag-krippenzubehor","38":"product_tag-kunsthandwerker","39":"product_tag-magier","40":"product_tag-magierkonig","41":"product_tag-melchior-de","42":"product_tag-pastorale-de","43":"product_tag-provence-de","44":"product_tag-santon-de","45":"product_tag-santon-figure-de","46":"product_tag-santon-krippenfigur-schafer","47":"product_tag-santon-tier-de","48":"product_tag-santon-zubehor-de","49":"product_tag-szene","50":"product_tag-taubenschlag-de","51":"product_tag-tier","52":"product_tag-tonfigur","53":"product_tag-tradition-de","54":"product_tag-weihnacht","55":"product_tag-weihnachten","56":"product_tag-weihnachtsfigur","57":"product_tag-weihnachtskrippe-de-2","58":"product_tag-weihnachtskrippe","59":"product_tag-weihnachtskrippe-de-3","60":"product_tag-weihnachtssantons","61":"product_tag-weihnachtsszene","62":"product_tag-weinchtsumzug","63":"product_tag-zubehor-de","64":"desktop-align-left","65":"tablet-align-left","66":"mobile-align-left","68":"first","69":"outofstock","70":"shipping-taxable","71":"purchasable","72":"product-type-simple"},"barcode":null,"atum_controlled":true,"out_stock_date":"2024-12-01 14:44:15","out_stock_threshold":null,"inheritable":false,"stock_on_hold":0,"sold_today":0,"sales_last_days":0,"reserved_stock":null,"customer_returns":null,"warehouse_damage":null,"lost_in_post":null,"other_logs":null,"out_stock_days":497,"lost_sales":0,"update_date":"2026-04-13T00:09:54","atum_locations":[],"atum_stock_status":"outofstock","restock_status":false,"low_stock_amount":"","sales_update_date":"2026-04-13T00:09:54","calc_backorders":null,"aioseo_notices":[],"_links":{"self":[{"href":"https:\/\/provence-online.fr\/de\/wp-json\/wp\/v2\/product\/43748","targetHints":{"allow":["GET"]}}],"collection":[{"href":"https:\/\/provence-online.fr\/de\/wp-json\/wp\/v2\/product"}],"about":[{"href":"https:\/\/provence-online.fr\/de\/wp-json\/wp\/v2\/types\/product"}],"version-history":[{"count":5,"href":"https:\/\/provence-online.fr\/de\/wp-json\/wp\/v2\/product\/43748\/revisions"}],"predecessor-version":[{"id":51104,"href":"https:\/\/provence-online.fr\/de\/wp-json\/wp\/v2\/product\/43748\/revisions\/51104"}],"wp:featuredmedia":[{"embeddable":true,"href":"https:\/\/provence-online.fr\/de\/wp-json\/wp\/v2\/media\/43744"}],"wp:attachment":[{"href":"https:\/\/provence-online.fr\/de\/wp-json\/wp\/v2\/media?parent=43748"}],"wp:term":[{"taxonomy":"product_brand","embeddable":true,"href":"https:\/\/provence-online.fr\/de\/wp-json\/wp\/v2\/product_brand?post=43748"},{"taxonomy":"product_cat","embeddable":true,"href":"https:\/\/provence-online.fr\/de\/wp-json\/wp\/v2\/product_cat?post=43748"},{"taxonomy":"product_tag","embeddable":true,"href":"https:\/\/provence-online.fr\/de\/wp-json\/wp\/v2\/product_tag?post=43748"}],"curies":[{"name":"wp","href":"https:\/\/api.w.org\/{rel}","templated":true}]}}